{"id":8717,"date":"2023-04-11T16:08:50","date_gmt":"2023-04-11T16:08:50","guid":{"rendered":"https:\/\/tsvline.com\/?page_id=8717"},"modified":"2024-03-22T07:24:55","modified_gmt":"2024-03-22T07:24:55","slug":"useful-informations","status":"publish","type":"page","link":"https:\/\/tsvline.com\/tr\/useful-informations\/","title":{"rendered":"Useful Informations (TR)"},"content":{"rendered":"\n<style type=\"text\/css\" data-created_by=\"avia_inline_auto\" id=\"style-css-av-71lvm-2a6e51d1281c123fb63422e0d2088e3a\">\n.avia-section.av-71lvm-2a6e51d1281c123fb63422e0d2088e3a .av-parallax .av-parallax-inner{\nbackground-repeat:no-repeat;\nbackground-image:url(https:\/\/tsvline.com\/wp-content\/uploads\/2022\/01\/2.-Bloc-Culoare-TSV-fara-schita-2-300x225.jpg);\nbackground-position:100% 50%;\nbackground-attachment:scroll;\n}\n.avia-section.av-71lvm-2a6e51d1281c123fb63422e0d2088e3a .av-section-color-overlay{\nopacity:0.9;\nbackground-color:#0a0a0a;\n}\n<\/style>\n<div id='av_section_1'  class='avia-section av-71lvm-2a6e51d1281c123fb63422e0d2088e3a alternate_color avia-section-small avia-no-border-styling  avia-builder-el-0  el_before_av_section  avia-builder-el-first  avia-full-stretch av-parallax-section avia-bg-style-parallax av-section-color-overlay-active  av-medium-hide av-small-hide av-mini-hide container_wrap fullsize'  data-section-bg-repeat='stretch'><div class='av-parallax' data-avia-parallax-ratio='0.3' ><div class='av-parallax-inner alternate_color avia-full-stretch'><\/div><\/div><div class='av-section-color-overlay-wrap'><div class=\"av-section-color-overlay\"><\/div><div class='container av-section-cont-open' ><main  role=\"main\" itemprop=\"mainContentOfPage\"  class='template-page content  av-content-full alpha units'><div class='post-entry post-entry-type-page post-entry-8717'><div class='entry-content-wrapper clearfix'>\n<\/div><\/div><\/main><!-- close content main element --><\/div><\/div><\/div><div id='av_section_2'  class='avia-section av-2jub96-0e744cd0635ec3f44a05efa420f87a9e main_color avia-section-default avia-no-border-styling  avia-builder-el-1  el_after_av_section  avia-builder-el-last  avia-bg-style-scroll  container_wrap fullsize'  ><div class='container av-section-cont-open' ><div class='template-page content  av-content-full alpha units'><div class='post-entry post-entry-type-page post-entry-8717'><div class='entry-content-wrapper clearfix'>\n<div class='flex_column av-2gkvmq-a9cc5642dff76de398889959702efc20 av_one_fifth  avia-builder-el-2  el_before_av_three_fifth  avia-builder-el-first  first flex_column_div '   ><\/div><div class='flex_column av-27sube-83a35b56ddae469d7ff10b6b152f5e2e av_three_fifth  avia-builder-el-3  el_after_av_one_fifth  el_before_av_one_fifth  flex_column_div '   ><p>\n<style type=\"text\/css\" data-created_by=\"avia_inline_auto\" id=\"style-css-av-kz2eeq7p-037cc57b0d7f2bdc12cf1bd1d0b60dad\">\n.avia-image-container.av-kz2eeq7p-037cc57b0d7f2bdc12cf1bd1d0b60dad .av-image-caption-overlay-center{\ncolor:#ffffff;\n}\n<\/style>\n<div  class='avia-image-container av-kz2eeq7p-037cc57b0d7f2bdc12cf1bd1d0b60dad av-styling- avia-align-center  avia-builder-el-4  el_before_av_button  avia-builder-el-first  '  itemprop=\"image\" itemscope=\"itemscope\" itemtype=\"https:\/\/schema.org\/ImageObject\" ><div class=\"avia-image-container-inner\"><div class=\"avia-image-overlay-wrap\"><img decoding=\"async\" class='wp-image-8299 avia-img-lazy-loading-not-8299 avia_image' src=\"https:\/\/tsvline.com\/wp-content\/uploads\/2022\/01\/Instructiuni-de-Intretinere-1.1-1500x630.jpg\" alt='' title='Instructiuni de Intretinere (1.1)'  height=\"630\" width=\"1500\"  itemprop=\"thumbnailUrl\"  \/><\/div><\/div><\/div><br \/>\n<div  class='avia-button-wrap avia-button-left  avia-builder-el-5  el_after_av_image  el_before_av_textblock ' ><a href=''  class='avia-button av-kz2eicb5-5300fdd93c63ac0cadca36abbcba0f6e avia-icon_select-yes-right-icon avia-size-medium avia-position-left av-icon-on-hover avia-color-theme-color ' ><span class='avia_iconbox_title' >Bakim tali\u0307matlari<\/span><span class='avia_button_icon avia_button_icon_right' aria-hidden='true' data-av_icon='\ue87d' data-av_iconfont='entypo-fontello'><\/span><\/a><\/div><br \/>\n<section  class='av_textblock_section av-23wdzm-688ca54dea156e1bf3afe56f1f55a63a '  itemscope=\"itemscope\" itemtype=\"https:\/\/schema.org\/CreativeWork\" ><div class='avia_textblock '  itemprop=\"text\" ><p style=\"font-weight: 600; font-size: 18px;\">Bak\u0131mlar\u0131 nas\u0131l yap\u0131l\u0131r?<\/p>\n<p>TSV al\u00fcminyum komple denizlik sistemi, hem yeni in\u015faat hemde yenileme projelerinde \u00f6m\u00fcrl\u00fck bir yat\u0131r\u0131md\u0131r.<\/p>\n<p>Al\u00fcminyum denizlik ve kapaklar\u0131n her zaman m\u00fckemmel durumda kalmas\u0131 i\u00e7in periyodik bakim yap\u0131lmas\u0131 gerekmektedir.<\/p>\n<p>Karakteristik parlakl\u0131\u011f\u0131 tekrar geri getirmek i\u00e7in al\u00fcminyum denizlik ve kapaklar\u0131n zamanla toz veya di\u011fer birikintilerden su ve temiz bir bezle temizlenmesini \u00f6neririz. Ayr\u0131ca cam temizleme sol\u00fcsyonlar\u0131 da sorunsuz bir \u015fekilde kullan\u0131labilmektedir.<\/p>\n<\/div><\/section><br \/>\n\n<style type=\"text\/css\" data-created_by=\"avia_inline_auto\" id=\"style-css-av-1fiuxu-6d4711f7e246b1a1973b538b9fe6aaf5\">\n.avia-image-container.av-1fiuxu-6d4711f7e246b1a1973b538b9fe6aaf5 .av-image-caption-overlay-center{\ncolor:#ffffff;\n}\n<\/style>\n<div  class='avia-image-container av-1fiuxu-6d4711f7e246b1a1973b538b9fe6aaf5 av-styling- avia-align-center  avia-builder-el-7  el_after_av_textblock  el_before_av_textblock  '  itemprop=\"image\" itemscope=\"itemscope\" itemtype=\"https:\/\/schema.org\/ImageObject\" ><div class=\"avia-image-container-inner\"><div class=\"avia-image-overlay-wrap\"><img decoding=\"async\" class='wp-image-8297 avia-img-lazy-loading-not-8297 avia_image' src=\"https:\/\/tsvline.com\/wp-content\/uploads\/2022\/01\/Instructiuni-de-Intretinere-2-1500x844.jpg\" alt='' title='Instructiuni de Intretinere (2)'  height=\"844\" width=\"1500\"  itemprop=\"thumbnailUrl\" srcset=\"https:\/\/tsvline.com\/wp-content\/uploads\/2022\/01\/Instructiuni-de-Intretinere-2-1500x844.jpg 1500w, https:\/\/tsvline.com\/wp-content\/uploads\/2022\/01\/Instructiuni-de-Intretinere-2-300x169.jpg 300w, https:\/\/tsvline.com\/wp-content\/uploads\/2022\/01\/Instructiuni-de-Intretinere-2-1030x580.jpg 1030w, https:\/\/tsvline.com\/wp-content\/uploads\/2022\/01\/Instructiuni-de-Intretinere-2-768x432.jpg 768w, https:\/\/tsvline.com\/wp-content\/uploads\/2022\/01\/Instructiuni-de-Intretinere-2-1536x864.jpg 1536w, https:\/\/tsvline.com\/wp-content\/uploads\/2022\/01\/Instructiuni-de-Intretinere-2-2048x1152.jpg 2048w, https:\/\/tsvline.com\/wp-content\/uploads\/2022\/01\/Instructiuni-de-Intretinere-2-705x397.jpg 705w\" sizes=\"(max-width: 1500px) 100vw, 1500px\" \/><\/div><\/div><\/div><br \/>\n<section  class='av_textblock_section av-15levu-3783081253643ece45de49a72c9bc446 '  itemscope=\"itemscope\" itemtype=\"https:\/\/schema.org\/CreativeWork\" ><div class='avia_textblock '  itemprop=\"text\" ><p style=\"font-weight: 600; font-size: 18px;\">Hat\u0131rlatma!<\/p>\n<p>TSV al\u00fcminyum denizlik ve kapaklar\u0131, yeni in\u015faat veya yenileme i\u015flemlerinden kaynaklanan al\u00e7\u0131, kire\u00e7 ve \u00e7imentoya kar\u015f\u0131 dayan\u0131kl\u0131d\u0131r.<\/p>\n<p>Nitrosel\u00fcloz vernikler, vernik incelticiler ve \u00e7\u00f6z\u00fcc\u00fcler (aseton, etil asetat, benzen, klorlu hidrokarbonlar, dib\u00fctilftalat, toluen, xilen, metanol, diklorometan, fenoller, Tetrahidrofuran, yumu\u015fat\u0131c\u0131 katk\u0131 maddeleri) ile temizlenmelerine izin verilmez.<\/p>\n<\/div><\/section><br \/>\n\n<style type=\"text\/css\" data-created_by=\"avia_inline_auto\" id=\"style-css-av-93cyy-1e1a7f1ef989f92b86ecbe99f9cfc0c2\">\n.avia-image-container.av-93cyy-1e1a7f1ef989f92b86ecbe99f9cfc0c2 .av-image-caption-overlay-center{\ncolor:#ffffff;\n}\n<\/style>\n<div  class='avia-image-container av-93cyy-1e1a7f1ef989f92b86ecbe99f9cfc0c2 av-styling- avia-align-center  avia-builder-el-9  el_after_av_textblock  el_before_av_button  '  itemprop=\"image\" itemscope=\"itemscope\" itemtype=\"https:\/\/schema.org\/ImageObject\" ><div class=\"avia-image-container-inner\"><div class=\"avia-image-overlay-wrap\"><img decoding=\"async\" class='wp-image-8392 avia-img-lazy-loading-not-8392 avia_image' src=\"https:\/\/tsvline.com\/wp-content\/uploads\/2023\/04\/TECHNICAL-SUPPORT-2048x826-1.jpg\" alt='' title='TECHNICAL-SUPPORT-2048x826'  height=\"826\" width=\"2048\"  itemprop=\"thumbnailUrl\" srcset=\"https:\/\/tsvline.com\/wp-content\/uploads\/2023\/04\/TECHNICAL-SUPPORT-2048x826-1.jpg 2048w, https:\/\/tsvline.com\/wp-content\/uploads\/2023\/04\/TECHNICAL-SUPPORT-2048x826-1-300x121.jpg 300w, https:\/\/tsvline.com\/wp-content\/uploads\/2023\/04\/TECHNICAL-SUPPORT-2048x826-1-1030x415.jpg 1030w, https:\/\/tsvline.com\/wp-content\/uploads\/2023\/04\/TECHNICAL-SUPPORT-2048x826-1-80x32.jpg 80w, https:\/\/tsvline.com\/wp-content\/uploads\/2023\/04\/TECHNICAL-SUPPORT-2048x826-1-768x310.jpg 768w, https:\/\/tsvline.com\/wp-content\/uploads\/2023\/04\/TECHNICAL-SUPPORT-2048x826-1-1536x620.jpg 1536w, https:\/\/tsvline.com\/wp-content\/uploads\/2023\/04\/TECHNICAL-SUPPORT-2048x826-1-1500x605.jpg 1500w, https:\/\/tsvline.com\/wp-content\/uploads\/2023\/04\/TECHNICAL-SUPPORT-2048x826-1-705x284.jpg 705w\" sizes=\"(max-width: 2048px) 100vw, 2048px\" \/><\/div><\/div><\/div><br \/>\n<div  class='avia-button-wrap avia-button-left  avia-builder-el-10  el_after_av_image  el_before_av_textblock ' ><a href=''  class='avia-button av-kz2eor5n-3d97064386a16ddd6958a8f80bf1c881 avia-icon_select-yes-right-icon avia-size-medium avia-position-left av-icon-on-hover avia-color-theme-color ' ><span class='avia_iconbox_title' >\u29bf TEKN\u0130K DESTEK - Genel \u00f6neriler<\/span><span class='avia_button_icon avia_button_icon_right' aria-hidden='true' data-av_icon='\ue87d' data-av_iconfont='entypo-fontello'><\/span><\/a><\/div><br \/>\n<section  class='av_textblock_section av-jepsq-fa2d775b8df7a540addfd7185efa1fac '  itemscope=\"itemscope\" itemtype=\"https:\/\/schema.org\/CreativeWork\" ><div class='avia_textblock '  itemprop=\"text\" ><p><strong>TSV<\/strong>, profesyonel bir montaj uygulanmas\u0131n\u0131 \u00f6nerir; bu, al\u00fcminyum denizlik sistemini kurarken a\u015fa\u011f\u0131daki basit prosed\u00fcrlere uygunluk anlam\u0131na gelir, b\u00f6ylece:<\/p>\n<p><strong><span style=\"color: #993300;\">x<\/span><\/strong> Pencere denizliklerinin e\u011fimi 5\u00b0 den az olmamal\u0131;<\/p>\n<p><strong><span style=\"color: #993300;\">x<\/span><\/strong> Al\u00fcminyum pencere denizliklerinin damlal\u0131\u011f\u0131 bitmi\u015f cepheden uzakl\u0131\u011f\u0131 yakla\u015f\u0131k 30-40 mm olmal\u0131d\u0131r;<strong><span style=\"color: #993300;\">x<\/span><\/strong> Pencere denizlik sistemlerinin s\u0131zd\u0131rmazl\u0131\u011f\u0131, pencere denizli\u011finin arkas\u0131ndaki orta conta, paslanmaz \u00e7elik vidalar ve maskeleme kapaklar\u0131 kullan\u0131larak k\u00f6r kasa profiline uygun \u015fekilde sabitlenmeyi i\u00e7erir;<\/p>\n<p><strong><span style=\"color: #993300;\">x<\/span><\/strong> Bir ses ge\u00e7irmezlik band\u0131n\u0131n al\u00fcminyum denizli\u011fin alt y\u00fczeyine uygulanmas\u0131n\u0131 i\u00e7eren ses ge\u00e7irmezlik \u00f6nlemlerinin benimsenmesi dikkate al\u0131n\u0131r &#8211; y\u00fczeyin en az %50\u2019sine uygulanmas\u0131 \u00f6nerilir;<\/p>\n<p><strong><span style=\"color: #993300;\">x<\/span><\/strong> 3000 mm\u2019den b\u00fcy\u00fck uzunluklara sahip al\u00fcminyum pencere denizliklerini monte ederken, termal de\u011fi\u015fiklikler nedeniyle pencere denizlik sisteminin geni\u015flemesini telafi etmeye yard\u0131mc\u0131 olan bir birle\u015ftirme par\u00e7as\u0131 (180\u00b0) kullan\u0131lmas\u0131 \u00f6nerilir.<\/p>\n<\/div><\/section><\/p><\/div><div class='flex_column av-1ys61m-61001238a4d828dfe9c9c120deda2bbe av_one_fifth  avia-builder-el-12  el_after_av_three_fifth  avia-builder-el-last  flex_column_div '   ><\/div>\n","protected":false},"excerpt":{"rendered":"","protected":false},"author":3,"featured_media":0,"parent":0,"menu_order":0,"comment_status":"closed","ping_status":"closed","template":"","meta":{"footnotes":""},"class_list":["post-8717","page","type-page","status-publish","hentry"],"yoast_head":"<!-- This site is optimized with the Yoast SEO plugin v19.9 - https:\/\/yoast.com\/wordpress\/plugins\/seo\/ -->\n<title>Useful Informations (TR) | TSV\u00ae<\/title>\n<meta name=\"robots\" content=\"index, follow, max-snippet:-1, max-image-preview:large, max-video-preview:-1\" \/>\n<link rel=\"canonical\" href=\"https:\/\/tsvline.com\/tr\/useful-informations\/\" \/>\n<meta property=\"og:locale\" content=\"tr_TR\" \/>\n<meta property=\"og:type\" content=\"article\" \/>\n<meta property=\"og:title\" content=\"Useful Informations (TR) | TSV\u00ae\" \/>\n<meta property=\"og:url\" content=\"https:\/\/tsvline.com\/tr\/useful-informations\/\" \/>\n<meta property=\"og:site_name\" content=\"TSV\u00ae\" \/>\n<meta property=\"article:modified_time\" content=\"2024-03-22T07:24:55+00:00\" \/>\n<meta name=\"twitter:card\" content=\"summary_large_image\" \/>\n<meta name=\"twitter:label1\" content=\"Tahmini okuma s\u00fcresi\" \/>\n\t<meta name=\"twitter:data1\" content=\"12 dakika\" \/>\n<script type=\"application\/ld+json\" class=\"yoast-schema-graph\">{\"@context\":\"https:\/\/schema.org\",\"@graph\":[{\"@type\":\"WebPage\",\"@id\":\"https:\/\/tsvline.com\/tr\/useful-informations\/\",\"url\":\"https:\/\/tsvline.com\/tr\/useful-informations\/\",\"name\":\"Useful Informations (TR) | TSV\u00ae\",\"isPartOf\":{\"@id\":\"https:\/\/tsvline.com\/tr\/#website\"},\"datePublished\":\"2023-04-11T16:08:50+00:00\",\"dateModified\":\"2024-03-22T07:24:55+00:00\",\"breadcrumb\":{\"@id\":\"https:\/\/tsvline.com\/tr\/useful-informations\/#breadcrumb\"},\"inLanguage\":\"tr\",\"potentialAction\":[{\"@type\":\"ReadAction\",\"target\":[\"https:\/\/tsvline.com\/tr\/useful-informations\/\"]}]},{\"@type\":\"BreadcrumbList\",\"@id\":\"https:\/\/tsvline.com\/tr\/useful-informations\/#breadcrumb\",\"itemListElement\":[{\"@type\":\"ListItem\",\"position\":1,\"name\":\"Home\",\"item\":\"https:\/\/tsvline.com\/tr\/\"},{\"@type\":\"ListItem\",\"position\":2,\"name\":\"Useful Informations (TR)\"}]},{\"@type\":\"WebSite\",\"@id\":\"https:\/\/tsvline.com\/tr\/#website\",\"url\":\"https:\/\/tsvline.com\/tr\/\",\"name\":\"TSV Line - Parte din PM Aluminium Line\",\"description\":\"Sistem de Glafuri din Aluminiu\",\"publisher\":{\"@id\":\"https:\/\/tsvline.com\/tr\/#organization\"},\"alternateName\":\"TSV\",\"potentialAction\":[{\"@type\":\"SearchAction\",\"target\":{\"@type\":\"EntryPoint\",\"urlTemplate\":\"https:\/\/tsvline.com\/tr\/?s={search_term_string}\"},\"query-input\":\"required name=search_term_string\"}],\"inLanguage\":\"tr\"},{\"@type\":\"Organization\",\"@id\":\"https:\/\/tsvline.com\/tr\/#organization\",\"name\":\"TSV - PM Aluminium Line\",\"alternateName\":\"TSV\",\"url\":\"https:\/\/tsvline.com\/tr\/\",\"logo\":{\"@type\":\"ImageObject\",\"inLanguage\":\"tr\",\"@id\":\"https:\/\/tsvline.com\/tr\/#\/schema\/logo\/image\/\",\"url\":\"https:\/\/tsvline.ro\/wp-content\/uploads\/2022\/10\/logo-v2.png\",\"contentUrl\":\"https:\/\/tsvline.ro\/wp-content\/uploads\/2022\/10\/logo-v2.png\",\"width\":1668,\"height\":1856,\"caption\":\"TSV - PM Aluminium Line\"},\"image\":{\"@id\":\"https:\/\/tsvline.com\/tr\/#\/schema\/logo\/image\/\"}}]}<\/script>\n<!-- \/ Yoast SEO plugin. -->","yoast_head_json":{"title":"Useful Informations (TR) | TSV\u00ae","robots":{"index":"index","follow":"follow","max-snippet":"max-snippet:-1","max-image-preview":"max-image-preview:large","max-video-preview":"max-video-preview:-1"},"canonical":"https:\/\/tsvline.com\/tr\/useful-informations\/","og_locale":"tr_TR","og_type":"article","og_title":"Useful Informations (TR) | TSV\u00ae","og_url":"https:\/\/tsvline.com\/tr\/useful-informations\/","og_site_name":"TSV\u00ae","article_modified_time":"2024-03-22T07:24:55+00:00","twitter_card":"summary_large_image","twitter_misc":{"Tahmini okuma s\u00fcresi":"12 dakika"},"schema":{"@context":"https:\/\/schema.org","@graph":[{"@type":"WebPage","@id":"https:\/\/tsvline.com\/tr\/useful-informations\/","url":"https:\/\/tsvline.com\/tr\/useful-informations\/","name":"Useful Informations (TR) | TSV\u00ae","isPartOf":{"@id":"https:\/\/tsvline.com\/tr\/#website"},"datePublished":"2023-04-11T16:08:50+00:00","dateModified":"2024-03-22T07:24:55+00:00","breadcrumb":{"@id":"https:\/\/tsvline.com\/tr\/useful-informations\/#breadcrumb"},"inLanguage":"tr","potentialAction":[{"@type":"ReadAction","target":["https:\/\/tsvline.com\/tr\/useful-informations\/"]}]},{"@type":"BreadcrumbList","@id":"https:\/\/tsvline.com\/tr\/useful-informations\/#breadcrumb","itemListElement":[{"@type":"ListItem","position":1,"name":"Home","item":"https:\/\/tsvline.com\/tr\/"},{"@type":"ListItem","position":2,"name":"Useful Informations (TR)"}]},{"@type":"WebSite","@id":"https:\/\/tsvline.com\/tr\/#website","url":"https:\/\/tsvline.com\/tr\/","name":"TSV Line - Parte din PM Aluminium Line","description":"Sistem de Glafuri din Aluminiu","publisher":{"@id":"https:\/\/tsvline.com\/tr\/#organization"},"alternateName":"TSV","potentialAction":[{"@type":"SearchAction","target":{"@type":"EntryPoint","urlTemplate":"https:\/\/tsvline.com\/tr\/?s={search_term_string}"},"query-input":"required name=search_term_string"}],"inLanguage":"tr"},{"@type":"Organization","@id":"https:\/\/tsvline.com\/tr\/#organization","name":"TSV - PM Aluminium Line","alternateName":"TSV","url":"https:\/\/tsvline.com\/tr\/","logo":{"@type":"ImageObject","inLanguage":"tr","@id":"https:\/\/tsvline.com\/tr\/#\/schema\/logo\/image\/","url":"https:\/\/tsvline.ro\/wp-content\/uploads\/2022\/10\/logo-v2.png","contentUrl":"https:\/\/tsvline.ro\/wp-content\/uploads\/2022\/10\/logo-v2.png","width":1668,"height":1856,"caption":"TSV - PM Aluminium Line"},"image":{"@id":"https:\/\/tsvline.com\/tr\/#\/schema\/logo\/image\/"}}]}},"_links":{"self":[{"href":"https:\/\/tsvline.com\/tr\/wp-json\/wp\/v2\/pages\/8717","targetHints":{"allow":["GET"]}}],"collection":[{"href":"https:\/\/tsvline.com\/tr\/wp-json\/wp\/v2\/pages"}],"about":[{"href":"https:\/\/tsvline.com\/tr\/wp-json\/wp\/v2\/types\/page"}],"author":[{"embeddable":true,"href":"https:\/\/tsvline.com\/tr\/wp-json\/wp\/v2\/users\/3"}],"replies":[{"embeddable":true,"href":"https:\/\/tsvline.com\/tr\/wp-json\/wp\/v2\/comments?post=8717"}],"version-history":[{"count":5,"href":"https:\/\/tsvline.com\/tr\/wp-json\/wp\/v2\/pages\/8717\/revisions"}],"predecessor-version":[{"id":8757,"href":"https:\/\/tsvline.com\/tr\/wp-json\/wp\/v2\/pages\/8717\/revisions\/8757"}],"wp:attachment":[{"href":"https:\/\/tsvline.com\/tr\/wp-json\/wp\/v2\/media?parent=8717"}],"curies":[{"name":"wp","href":"https:\/\/api.w.org\/{rel}","templated":true}]}}