{"id":8611,"date":"2023-04-11T16:00:59","date_gmt":"2023-04-11T16:00:59","guid":{"rendered":"https:\/\/tsvline.com\/?page_id=8611"},"modified":"2024-03-21T07:27:48","modified_gmt":"2024-03-21T07:27:48","slug":"hakkimizda","status":"publish","type":"page","link":"https:\/\/tsvline.com\/tr\/hakkimizda\/","title":{"rendered":"About us (TR)"},"content":{"rendered":"\n<style type=\"text\/css\" data-created_by=\"avia_inline_auto\" id=\"style-css-av-94sj4-507bed36fda755ffcfa12bfa61e0fe67\">\n.avia-section.av-94sj4-507bed36fda755ffcfa12bfa61e0fe67 .av-parallax .av-parallax-inner{\nbackground-repeat:no-repeat;\nbackground-image:url(https:\/\/tsvline.com\/wp-content\/uploads\/2022\/01\/2.-Bloc-Culoare-TSV-fara-schita-2-300x225.jpg);\nbackground-position:100% 50%;\nbackground-attachment:scroll;\n}\n.avia-section.av-94sj4-507bed36fda755ffcfa12bfa61e0fe67 .av-section-color-overlay{\nopacity:0.9;\nbackground-color:#0a0a0a;\n}\n<\/style>\n<div id='av_section_1'  class='avia-section av-94sj4-507bed36fda755ffcfa12bfa61e0fe67 alternate_color avia-section-small avia-no-border-styling  avia-builder-el-0  el_before_av_section  avia-builder-el-first  avia-full-stretch av-parallax-section avia-bg-style-parallax av-section-color-overlay-active  av-medium-hide av-small-hide av-mini-hide container_wrap fullsize'  data-section-bg-repeat='stretch'><div class='av-parallax' data-avia-parallax-ratio='0.3' ><div class='av-parallax-inner alternate_color avia-full-stretch'><\/div><\/div><div class='av-section-color-overlay-wrap'><div class=\"av-section-color-overlay\"><\/div><div class='container av-section-cont-open' ><main  role=\"main\" itemprop=\"mainContentOfPage\"  class='template-page content  av-content-full alpha units'><div class='post-entry post-entry-type-page post-entry-8611'><div class='entry-content-wrapper clearfix'>\n<\/div><\/div><\/main><!-- close content main element --><\/div><\/div><\/div><div id='av_section_2'  class='avia-section av-2q694w-0c3dcfe8f3e54e9e1f5666f675b8a663 main_color avia-section-default avia-no-border-styling  avia-builder-el-1  el_after_av_section  avia-builder-el-last  avia-bg-style-scroll  container_wrap fullsize'  ><div class='container av-section-cont-open' ><div class='template-page content  av-content-full alpha units'><div class='post-entry post-entry-type-page post-entry-8611'><div class='entry-content-wrapper clearfix'>\n<div class='flex_column av-gfbx4-69d8c84164ba5c9e023ad3bca238e73f av_one_fifth  avia-builder-el-2  el_before_av_three_fifth  avia-builder-el-first  first flex_column_div '   ><\/div><div class='flex_column av-2etxag-b244d94f88953806c887bafcc61073e2 av_three_fifth  avia-builder-el-3  el_after_av_one_fifth  el_before_av_one_fifth  flex_column_div '   ><p>\n<style type=\"text\/css\" data-created_by=\"avia_inline_auto\" id=\"style-css-av-27por4-137e494913a9f0bb63875c79de554090\">\n.avia-image-container.av-27por4-137e494913a9f0bb63875c79de554090 .av-image-caption-overlay-center{\ncolor:#ffffff;\n}\n<\/style>\n<div  class='avia-image-container av-27por4-137e494913a9f0bb63875c79de554090 av-styling- avia-align-center  avia-builder-el-4  el_before_av_textblock  avia-builder-el-first  '  itemprop=\"image\" itemscope=\"itemscope\" itemtype=\"https:\/\/schema.org\/ImageObject\" ><div class=\"avia-image-container-inner\"><div class=\"avia-image-overlay-wrap\"><img decoding=\"async\" class='wp-image-8302 avia-img-lazy-loading-not-8302 avia_image' src=\"https:\/\/tsvline.com\/wp-content\/uploads\/2022\/02\/COPERTA-2-FINAL-TSV-1030x579.jpg\" alt='' title='COPERTA (2) FINAL TSV'  height=\"579\" width=\"1030\"  itemprop=\"thumbnailUrl\" srcset=\"https:\/\/tsvline.com\/wp-content\/uploads\/2022\/02\/COPERTA-2-FINAL-TSV-1030x579.jpg 1030w, https:\/\/tsvline.com\/wp-content\/uploads\/2022\/02\/COPERTA-2-FINAL-TSV-300x169.jpg 300w, https:\/\/tsvline.com\/wp-content\/uploads\/2022\/02\/COPERTA-2-FINAL-TSV-768x432.jpg 768w, https:\/\/tsvline.com\/wp-content\/uploads\/2022\/02\/COPERTA-2-FINAL-TSV-1536x864.jpg 1536w, https:\/\/tsvline.com\/wp-content\/uploads\/2022\/02\/COPERTA-2-FINAL-TSV-2048x1152.jpg 2048w, https:\/\/tsvline.com\/wp-content\/uploads\/2022\/02\/COPERTA-2-FINAL-TSV-1500x844.jpg 1500w, https:\/\/tsvline.com\/wp-content\/uploads\/2022\/02\/COPERTA-2-FINAL-TSV-705x397.jpg 705w\" sizes=\"(max-width: 1030px) 100vw, 1030px\" \/><\/div><\/div><\/div><br \/>\n<section  class='av_textblock_section av-22rfbc-75f5ebc51c54becc8a3e3c5a45bd9da5 '  itemscope=\"itemscope\" itemtype=\"https:\/\/schema.org\/CreativeWork\" ><div class='avia_textblock '  itemprop=\"text\" ><p style=\"font-size: 24px; font-weight: bold; color: red; font-family: Raleway, sans-serif; margin-bottom: 5px;\">GRUP PM<\/p>\n<p style=\"font-size: 18px; font-weight: 600; margin-top: 5px; font-family: Raleway, sans-serif;\">Ahsap ve PVC do\u011frama aksesuarlar\u0131 \u00fcreticisi ve distrib\u00fct\u00f6r\u00fc<\/p>\n<p>PM gurubu, ahsap ve PVC aksesuar pazar\u0131nda 20 y\u0131l\u0131 a\u015fk\u0131n bir deneyime sahiptir. PM Technic Elements ve PM Aluminium Line \u015eirketlerimiz arac\u0131l\u0131\u011f\u0131yla iki \u00fcr\u00fcn b\u00f6l\u00fcm\u00fc ile k\u00fcresel pazarda yer al\u0131yoruz: Lojistik olarak, depolar\u0131m\u0131z Romanya, italya ve Macaristan gibi \u00fclkelerde bulunmakla birlikte PM Grubu s\u00fcrekli geni\u015flemektedir.<\/p>\n<\/div><\/section><\/p><\/div><div class='flex_column av-3axs-78c5eb14a3b2dcad96322f1877603919 av_one_fifth  avia-builder-el-6  el_after_av_three_fifth  el_before_av_one_fifth  flex_column_div '   ><\/div><div class='flex_column av-e08w0-bbdfcdea06416e44fd83347e5e42ee1c av_one_fifth  avia-builder-el-7  el_after_av_one_fifth  el_before_av_three_fifth  first flex_column_div column-top-margin'   ><\/div>\n<style type=\"text\/css\" data-created_by=\"avia_inline_auto\" id=\"style-css-av-1j7um0-2157c92df05624bea85faff9471dce8f\">\n.flex_column.av-1j7um0-2157c92df05624bea85faff9471dce8f{\npadding:0 0 100px 0;\n}\n<\/style>\n<div class='flex_column av-1j7um0-2157c92df05624bea85faff9471dce8f av_three_fifth  avia-builder-el-8  el_after_av_one_fifth  el_before_av_one_fifth  flex_column_div column-top-margin'   ><p>\n<style type=\"text\/css\" data-created_by=\"avia_inline_auto\" id=\"style-css-av-1frzi8-9495249e34f91e8a3074d09571db8d37\">\n.avia-image-container.av-1frzi8-9495249e34f91e8a3074d09571db8d37 .av-image-caption-overlay-center{\ncolor:#ffffff;\n}\n<\/style>\n<div  class='avia-image-container av-1frzi8-9495249e34f91e8a3074d09571db8d37 av-styling- avia-align-center  avia-builder-el-9  el_before_av_textblock  avia-builder-el-first  '  itemprop=\"image\" itemscope=\"itemscope\" itemtype=\"https:\/\/schema.org\/ImageObject\" ><div class=\"avia-image-container-inner\"><div class=\"avia-image-overlay-wrap\"><img decoding=\"async\" class='wp-image-8117 avia-img-lazy-loading-not-8117 avia_image' src=\"https:\/\/tsvline.com\/wp-content\/uploads\/2022\/01\/1.-Bloc-Culoare-TSV-Schitat-1-1335x630.jpg\" alt='' title='1. Bloc Culoare TSV Schitat (1)'  height=\"630\" width=\"1335\"  itemprop=\"thumbnailUrl\"  \/><\/div><\/div><\/div><br \/>\n<section  class='av_textblock_section av-11kl0g-6a899dd0f05bab3c980bf83efa3158b2 '  itemscope=\"itemscope\" itemtype=\"https:\/\/schema.org\/CreativeWork\" ><div class='avia_textblock '  itemprop=\"text\" ><p><strong>Portf\u00f6y\u00fcnde 7 \u00fclkede 5.000\u2019in \u00fczerinde m\u00fc\u015fteriye hizmet veren 2.000\u2019in \u00fczerinde \u00fcr\u00fcn<\/strong> ile T\u00fcrkiye\u2019deki PM fabrikas\u0131nda \u00fcretilen PM \u00fcr\u00fcnleri, kalite ve yenilik\u00e7i \u00f6zellikleriyle pazarda farkl\u0131la\u015farak m\u00fc\u015fterilerine kaliteli ve uygulanmas\u0131 kolay \u00fcr\u00fcnlerle fayda sa\u011fl\u0131yor.<\/p>\n<p>PM \u00fcr\u00fcn yelpazesi, kap\u0131 ve pencere ile ilgili binan\u0131n t\u00fcm a\u015famalar\u0131n\u0131 kapsayan \u00e7e\u015fitlili\u011fe sahiptir. \u00dcr\u00fcnlerimiz, kaliteli h\u0131zl\u0131 ve kolay montaj ile ay\u0131rt edilir ve, montaj i\u00e7in gerekli t\u00fcm aksesuarlarla birlikte gelir.<\/p>\n<p>Birinci s\u0131n\u0131f al\u00fcminyum d\u0131\u015f mekan DEN\u0130ZL\u0130K sisteminin kimli\u011fini temsil eden, hem teknik hem de estetik olarak performans g\u00f6steren TSV line markas\u0131n\u0131 2022 y\u0131l\u0131nda m\u00fc\u015fterilerimizle bulu\u015fturduk. Ve sahada tespit edilen ihtiya\u00e7lar i\u00e7in s\u00fcrekli olarak yeni ve kal\u0131c\u0131 \u00e7\u00f6z\u00fcmler \u00fcretmeye devam ediyoruz.<\/p>\n<\/div><\/section><\/p><\/div><div class='flex_column av-7ud8g-4d8bc691e197820c772710f8792c4eaf av_one_fifth  avia-builder-el-11  el_after_av_three_fifth  avia-builder-el-last  flex_column_div column-top-margin'   ><\/div>\n","protected":false},"excerpt":{"rendered":"","protected":false},"author":3,"featured_media":0,"parent":0,"menu_order":0,"comment_status":"closed","ping_status":"closed","template":"","meta":{"footnotes":""},"class_list":["post-8611","page","type-page","status-publish","hentry"],"yoast_head":"<!-- This site is optimized with the Yoast SEO plugin v19.9 - https:\/\/yoast.com\/wordpress\/plugins\/seo\/ -->\n<title>Hakk\u0131m\u0131zda | TSV\u00ae<\/title>\n<meta name=\"robots\" content=\"index, follow, max-snippet:-1, max-image-preview:large, max-video-preview:-1\" \/>\n<link rel=\"canonical\" href=\"https:\/\/tsvline.com\/tr\/hakkimizda\/\" \/>\n<meta property=\"og:locale\" content=\"tr_TR\" \/>\n<meta property=\"og:type\" content=\"article\" \/>\n<meta property=\"og:title\" content=\"Hakk\u0131m\u0131zda | TSV\u00ae\" \/>\n<meta property=\"og:url\" content=\"https:\/\/tsvline.com\/tr\/hakkimizda\/\" \/>\n<meta property=\"og:site_name\" content=\"TSV\u00ae\" \/>\n<meta property=\"article:modified_time\" content=\"2024-03-21T07:27:48+00:00\" \/>\n<meta name=\"twitter:card\" content=\"summary_large_image\" \/>\n<meta name=\"twitter:label1\" content=\"Tahmini okuma s\u00fcresi\" \/>\n\t<meta name=\"twitter:data1\" content=\"12 dakika\" \/>\n<script type=\"application\/ld+json\" class=\"yoast-schema-graph\">{\"@context\":\"https:\/\/schema.org\",\"@graph\":[{\"@type\":\"WebPage\",\"@id\":\"https:\/\/tsvline.com\/tr\/hakkimizda\/\",\"url\":\"https:\/\/tsvline.com\/tr\/hakkimizda\/\",\"name\":\"Hakk\u0131m\u0131zda | TSV\u00ae\",\"isPartOf\":{\"@id\":\"https:\/\/tsvline.com\/tr\/#website\"},\"datePublished\":\"2023-04-11T16:00:59+00:00\",\"dateModified\":\"2024-03-21T07:27:48+00:00\",\"breadcrumb\":{\"@id\":\"https:\/\/tsvline.com\/tr\/hakkimizda\/#breadcrumb\"},\"inLanguage\":\"tr\",\"potentialAction\":[{\"@type\":\"ReadAction\",\"target\":[\"https:\/\/tsvline.com\/tr\/hakkimizda\/\"]}]},{\"@type\":\"BreadcrumbList\",\"@id\":\"https:\/\/tsvline.com\/tr\/hakkimizda\/#breadcrumb\",\"itemListElement\":[{\"@type\":\"ListItem\",\"position\":1,\"name\":\"Home\",\"item\":\"https:\/\/tsvline.com\/tr\/\"},{\"@type\":\"ListItem\",\"position\":2,\"name\":\"About us (TR)\"}]},{\"@type\":\"WebSite\",\"@id\":\"https:\/\/tsvline.com\/tr\/#website\",\"url\":\"https:\/\/tsvline.com\/tr\/\",\"name\":\"TSV Line - Parte din PM Aluminium Line\",\"description\":\"Sistem de Glafuri din Aluminiu\",\"publisher\":{\"@id\":\"https:\/\/tsvline.com\/tr\/#organization\"},\"alternateName\":\"TSV\",\"potentialAction\":[{\"@type\":\"SearchAction\",\"target\":{\"@type\":\"EntryPoint\",\"urlTemplate\":\"https:\/\/tsvline.com\/tr\/?s={search_term_string}\"},\"query-input\":\"required name=search_term_string\"}],\"inLanguage\":\"tr\"},{\"@type\":\"Organization\",\"@id\":\"https:\/\/tsvline.com\/tr\/#organization\",\"name\":\"TSV - PM Aluminium Line\",\"alternateName\":\"TSV\",\"url\":\"https:\/\/tsvline.com\/tr\/\",\"logo\":{\"@type\":\"ImageObject\",\"inLanguage\":\"tr\",\"@id\":\"https:\/\/tsvline.com\/tr\/#\/schema\/logo\/image\/\",\"url\":\"https:\/\/tsvline.ro\/wp-content\/uploads\/2022\/10\/logo-v2.png\",\"contentUrl\":\"https:\/\/tsvline.ro\/wp-content\/uploads\/2022\/10\/logo-v2.png\",\"width\":1668,\"height\":1856,\"caption\":\"TSV - PM Aluminium Line\"},\"image\":{\"@id\":\"https:\/\/tsvline.com\/tr\/#\/schema\/logo\/image\/\"}}]}<\/script>\n<!-- \/ Yoast SEO plugin. -->","yoast_head_json":{"title":"Hakk\u0131m\u0131zda | TSV\u00ae","robots":{"index":"index","follow":"follow","max-snippet":"max-snippet:-1","max-image-preview":"max-image-preview:large","max-video-preview":"max-video-preview:-1"},"canonical":"https:\/\/tsvline.com\/tr\/hakkimizda\/","og_locale":"tr_TR","og_type":"article","og_title":"Hakk\u0131m\u0131zda | TSV\u00ae","og_url":"https:\/\/tsvline.com\/tr\/hakkimizda\/","og_site_name":"TSV\u00ae","article_modified_time":"2024-03-21T07:27:48+00:00","twitter_card":"summary_large_image","twitter_misc":{"Tahmini okuma s\u00fcresi":"12 dakika"},"schema":{"@context":"https:\/\/schema.org","@graph":[{"@type":"WebPage","@id":"https:\/\/tsvline.com\/tr\/hakkimizda\/","url":"https:\/\/tsvline.com\/tr\/hakkimizda\/","name":"Hakk\u0131m\u0131zda | TSV\u00ae","isPartOf":{"@id":"https:\/\/tsvline.com\/tr\/#website"},"datePublished":"2023-04-11T16:00:59+00:00","dateModified":"2024-03-21T07:27:48+00:00","breadcrumb":{"@id":"https:\/\/tsvline.com\/tr\/hakkimizda\/#breadcrumb"},"inLanguage":"tr","potentialAction":[{"@type":"ReadAction","target":["https:\/\/tsvline.com\/tr\/hakkimizda\/"]}]},{"@type":"BreadcrumbList","@id":"https:\/\/tsvline.com\/tr\/hakkimizda\/#breadcrumb","itemListElement":[{"@type":"ListItem","position":1,"name":"Home","item":"https:\/\/tsvline.com\/tr\/"},{"@type":"ListItem","position":2,"name":"About us (TR)"}]},{"@type":"WebSite","@id":"https:\/\/tsvline.com\/tr\/#website","url":"https:\/\/tsvline.com\/tr\/","name":"TSV Line - Parte din PM Aluminium Line","description":"Sistem de Glafuri din Aluminiu","publisher":{"@id":"https:\/\/tsvline.com\/tr\/#organization"},"alternateName":"TSV","potentialAction":[{"@type":"SearchAction","target":{"@type":"EntryPoint","urlTemplate":"https:\/\/tsvline.com\/tr\/?s={search_term_string}"},"query-input":"required name=search_term_string"}],"inLanguage":"tr"},{"@type":"Organization","@id":"https:\/\/tsvline.com\/tr\/#organization","name":"TSV - PM Aluminium Line","alternateName":"TSV","url":"https:\/\/tsvline.com\/tr\/","logo":{"@type":"ImageObject","inLanguage":"tr","@id":"https:\/\/tsvline.com\/tr\/#\/schema\/logo\/image\/","url":"https:\/\/tsvline.ro\/wp-content\/uploads\/2022\/10\/logo-v2.png","contentUrl":"https:\/\/tsvline.ro\/wp-content\/uploads\/2022\/10\/logo-v2.png","width":1668,"height":1856,"caption":"TSV - PM Aluminium Line"},"image":{"@id":"https:\/\/tsvline.com\/tr\/#\/schema\/logo\/image\/"}}]}},"_links":{"self":[{"href":"https:\/\/tsvline.com\/tr\/wp-json\/wp\/v2\/pages\/8611","targetHints":{"allow":["GET"]}}],"collection":[{"href":"https:\/\/tsvline.com\/tr\/wp-json\/wp\/v2\/pages"}],"about":[{"href":"https:\/\/tsvline.com\/tr\/wp-json\/wp\/v2\/types\/page"}],"author":[{"embeddable":true,"href":"https:\/\/tsvline.com\/tr\/wp-json\/wp\/v2\/users\/3"}],"replies":[{"embeddable":true,"href":"https:\/\/tsvline.com\/tr\/wp-json\/wp\/v2\/comments?post=8611"}],"version-history":[{"count":6,"href":"https:\/\/tsvline.com\/tr\/wp-json\/wp\/v2\/pages\/8611\/revisions"}],"predecessor-version":[{"id":8613,"href":"https:\/\/tsvline.com\/tr\/wp-json\/wp\/v2\/pages\/8611\/revisions\/8613"}],"wp:attachment":[{"href":"https:\/\/tsvline.com\/tr\/wp-json\/wp\/v2\/media?parent=8611"}],"curies":[{"name":"wp","href":"https:\/\/api.w.org\/{rel}","templated":true}]}}