{"id":10299,"date":"2025-02-24T17:28:46","date_gmt":"2025-02-24T17:28:46","guid":{"rendered":"https:\/\/tsvline.com\/?page_id=10299"},"modified":"2025-12-03T21:02:09","modified_gmt":"2025-12-03T21:02:09","slug":"sertifikalar","status":"publish","type":"page","link":"https:\/\/tsvline.com\/tr\/sertifikalar\/","title":{"rendered":"Sertifikalar"},"content":{"rendered":"\t\t<div data-elementor-type=\"wp-page\" data-elementor-id=\"10299\" class=\"elementor elementor-10299 elementor-10142\">\n\t\t\t\t\t\t\t\t\t<section class=\"elementor-section elementor-top-section elementor-element elementor-element-c368234 elementor-section-boxed elementor-section-height-default elementor-section-height-default\" data-id=\"c368234\" data-element_type=\"section\">\n\t\t\t\t\t\t<div class=\"elementor-container elementor-column-gap-default\">\n\t\t\t\t\t<div class=\"elementor-column elementor-col-50 elementor-top-column elementor-element elementor-element-7228f24\" data-id=\"7228f24\" data-element_type=\"column\">\n\t\t\t<div class=\"elementor-widget-wrap elementor-element-populated\">\n\t\t\t\t\t\t\t\t<div class=\"elementor-element elementor-element-6d86f0e elementor-widget__width-initial elementor-hidden-desktop elementor-widget elementor-widget-image\" data-id=\"6d86f0e\" data-element_type=\"widget\" data-widget_type=\"image.default\">\n\t\t\t\t<div class=\"elementor-widget-container\">\n\t\t\t<style>\/*! elementor - v3.11.5 - 14-03-2023 *\/\n.elementor-widget-image{text-align:center}.elementor-widget-image a{display:inline-block}.elementor-widget-image a img[src$=\".svg\"]{width:48px}.elementor-widget-image img{vertical-align:middle;display:inline-block}<\/style>\t\t\t\t\t\t\t\t\t\t\t\t<img loading=\"lazy\" decoding=\"async\" width=\"128\" height=\"128\" src=\"https:\/\/tsvline.com\/wp-content\/uploads\/2025\/02\/folders.png\" class=\"attachment-full size-full wp-image-10156\" alt=\"\" srcset=\"https:\/\/tsvline.com\/wp-content\/uploads\/2025\/02\/folders.png 128w, https:\/\/tsvline.com\/wp-content\/uploads\/2025\/02\/folders-80x80.png 80w, https:\/\/tsvline.com\/wp-content\/uploads\/2025\/02\/folders-36x36.png 36w\" sizes=\"auto, (max-width: 128px) 100vw, 128px\" \/>\t\t\t\t\t\t\t\t\t\t\t\t\t\t\t<\/div>\n\t\t\t\t<\/div>\n\t\t\t\t<div class=\"elementor-element elementor-element-69c8d33 elementor-widget__width-inherit elementor-widget elementor-widget-heading\" data-id=\"69c8d33\" data-element_type=\"widget\" data-widget_type=\"heading.default\">\n\t\t\t\t<div class=\"elementor-widget-container\">\n\t\t\t<style>\/*! elementor - v3.11.5 - 14-03-2023 *\/\n.elementor-heading-title{padding:0;margin:0;line-height:1}.elementor-widget-heading .elementor-heading-title[class*=elementor-size-]>a{color:inherit;font-size:inherit;line-height:inherit}.elementor-widget-heading .elementor-heading-title.elementor-size-small{font-size:15px}.elementor-widget-heading .elementor-heading-title.elementor-size-medium{font-size:19px}.elementor-widget-heading .elementor-heading-title.elementor-size-large{font-size:29px}.elementor-widget-heading .elementor-heading-title.elementor-size-xl{font-size:39px}.elementor-widget-heading .elementor-heading-title.elementor-size-xxl{font-size:59px}<\/style><div class=\"elementor-heading-title elementor-size-default\">Sertifikalar<\/div>\t\t<\/div>\n\t\t\t\t<\/div>\n\t\t\t\t<div class=\"elementor-element elementor-element-c48e0e0 elementor-widget__width-initial elementor-widget elementor-widget-text-editor\" data-id=\"c48e0e0\" data-element_type=\"widget\" data-widget_type=\"text-editor.default\">\n\t\t\t\t<div class=\"elementor-widget-container\">\n\t\t\t<style>\/*! elementor - v3.11.5 - 14-03-2023 *\/\n.elementor-widget-text-editor.elementor-drop-cap-view-stacked .elementor-drop-cap{background-color:#818a91;color:#fff}.elementor-widget-text-editor.elementor-drop-cap-view-framed .elementor-drop-cap{color:#818a91;border:3px solid;background-color:transparent}.elementor-widget-text-editor:not(.elementor-drop-cap-view-default) .elementor-drop-cap{margin-top:8px}.elementor-widget-text-editor:not(.elementor-drop-cap-view-default) .elementor-drop-cap-letter{width:1em;height:1em}.elementor-widget-text-editor .elementor-drop-cap{float:left;text-align:center;line-height:1;font-size:50px}.elementor-widget-text-editor .elementor-drop-cap-letter{display:inline-block}<\/style>\t\t\t\tTSV markal\u0131 \u00fcr\u00fcnler test edilmi\u015f ve sertifikaland\u0131r\u0131lm\u0131\u015f olup, en y\u00fcksek Avrupa kalite, g\u00fcvenlik ve dayan\u0131kl\u0131l\u0131k standartlar\u0131na uygunlu\u011fu do\u011frulamaktad\u0131r. Bu, in\u015faat sekt\u00f6r\u00fc i\u00e7in yenilik\u00e7i ve s\u00fcrd\u00fcr\u00fclebilir \u00e7\u00f6z\u00fcmler sunma konusundaki s\u00fcrekli taahh\u00fcd\u00fcm\u00fcz\u00fc teyit etmektedir. TSV \u00fcr\u00fcnlerinin en kat\u0131 teknik ve performans gereksinimlerini kar\u015f\u0131lad\u0131\u011f\u0131na dair bir ba\u015fka g\u00fcven g\u00f6stergesidir.\t\t\t\t\t\t<\/div>\n\t\t\t\t<\/div>\n\t\t\t\t\t<\/div>\n\t\t<\/div>\n\t\t\t\t<div class=\"elementor-column elementor-col-50 elementor-top-column elementor-element elementor-element-dbf2921 elementor-hidden-mobile\" data-id=\"dbf2921\" data-element_type=\"column\">\n\t\t\t<div class=\"elementor-widget-wrap elementor-element-populated\">\n\t\t\t\t\t\t\t\t<div class=\"elementor-element elementor-element-68589ac elementor-widget__width-initial elementor-absolute elementor-hidden-mobile elementor-widget elementor-widget-image\" data-id=\"68589ac\" data-element_type=\"widget\" data-settings=\"{&quot;_position&quot;:&quot;absolute&quot;}\" data-widget_type=\"image.default\">\n\t\t\t\t<div class=\"elementor-widget-container\">\n\t\t\t\t\t\t\t\t\t\t\t\t\t\t\t<img loading=\"lazy\" decoding=\"async\" width=\"128\" height=\"128\" src=\"https:\/\/tsvline.com\/wp-content\/uploads\/2025\/02\/folders.png\" class=\"attachment-full size-full wp-image-10156\" alt=\"\" srcset=\"https:\/\/tsvline.com\/wp-content\/uploads\/2025\/02\/folders.png 128w, https:\/\/tsvline.com\/wp-content\/uploads\/2025\/02\/folders-80x80.png 80w, https:\/\/tsvline.com\/wp-content\/uploads\/2025\/02\/folders-36x36.png 36w\" sizes=\"auto, (max-width: 128px) 100vw, 128px\" \/>\t\t\t\t\t\t\t\t\t\t\t\t\t\t\t<\/div>\n\t\t\t\t<\/div>\n\t\t\t\t\t<\/div>\n\t\t<\/div>\n\t\t\t\t\t\t\t<\/div>\n\t\t<\/section>\n\t\t\t\t<section class=\"elementor-section elementor-top-section elementor-element elementor-element-0d12af1 elementor-section-boxed elementor-section-height-default elementor-section-height-default\" data-id=\"0d12af1\" data-element_type=\"section\">\n\t\t\t\t\t\t<div class=\"elementor-container elementor-column-gap-default\">\n\t\t\t\t\t<div class=\"elementor-column elementor-col-100 elementor-top-column elementor-element elementor-element-b50583e\" data-id=\"b50583e\" data-element_type=\"column\">\n\t\t\t<div class=\"elementor-widget-wrap elementor-element-populated\">\n\t\t\t\t\t\t\t\t<div class=\"elementor-element elementor-element-8221a10 elementor-widget-divider--view-line elementor-widget elementor-widget-divider\" data-id=\"8221a10\" data-element_type=\"widget\" data-widget_type=\"divider.default\">\n\t\t\t\t<div class=\"elementor-widget-container\">\n\t\t\t<style>\/*! elementor - v3.11.5 - 14-03-2023 *\/\n.elementor-widget-divider{--divider-border-style:none;--divider-border-width:1px;--divider-color:#2c2c2c;--divider-icon-size:20px;--divider-element-spacing:10px;--divider-pattern-height:24px;--divider-pattern-size:20px;--divider-pattern-url:none;--divider-pattern-repeat:repeat-x}.elementor-widget-divider .elementor-divider{display:flex}.elementor-widget-divider .elementor-divider__text{font-size:15px;line-height:1;max-width:95%}.elementor-widget-divider .elementor-divider__element{margin:0 var(--divider-element-spacing);flex-shrink:0}.elementor-widget-divider .elementor-icon{font-size:var(--divider-icon-size)}.elementor-widget-divider .elementor-divider-separator{display:flex;margin:0;direction:ltr}.elementor-widget-divider--view-line_icon .elementor-divider-separator,.elementor-widget-divider--view-line_text .elementor-divider-separator{align-items:center}.elementor-widget-divider--view-line_icon .elementor-divider-separator:after,.elementor-widget-divider--view-line_icon .elementor-divider-separator:before,.elementor-widget-divider--view-line_text .elementor-divider-separator:after,.elementor-widget-divider--view-line_text .elementor-divider-separator:before{display:block;content:\"\";border-bottom:0;flex-grow:1;border-top:var(--divider-border-width) var(--divider-border-style) var(--divider-color)}.elementor-widget-divider--element-align-left .elementor-divider .elementor-divider-separator>.elementor-divider__svg:first-of-type{flex-grow:0;flex-shrink:100}.elementor-widget-divider--element-align-left .elementor-divider-separator:before{content:none}.elementor-widget-divider--element-align-left .elementor-divider__element{margin-left:0}.elementor-widget-divider--element-align-right .elementor-divider .elementor-divider-separator>.elementor-divider__svg:last-of-type{flex-grow:0;flex-shrink:100}.elementor-widget-divider--element-align-right .elementor-divider-separator:after{content:none}.elementor-widget-divider--element-align-right .elementor-divider__element{margin-right:0}.elementor-widget-divider:not(.elementor-widget-divider--view-line_text):not(.elementor-widget-divider--view-line_icon) .elementor-divider-separator{border-top:var(--divider-border-width) var(--divider-border-style) var(--divider-color)}.elementor-widget-divider--separator-type-pattern{--divider-border-style:none}.elementor-widget-divider--separator-type-pattern.elementor-widget-divider--view-line .elementor-divider-separator,.elementor-widget-divider--separator-type-pattern:not(.elementor-widget-divider--view-line) .elementor-divider-separator:after,.elementor-widget-divider--separator-type-pattern:not(.elementor-widget-divider--view-line) .elementor-divider-separator:before,.elementor-widget-divider--separator-type-pattern:not([class*=elementor-widget-divider--view]) .elementor-divider-separator{width:100%;min-height:var(--divider-pattern-height);-webkit-mask-size:var(--divider-pattern-size) 100%;mask-size:var(--divider-pattern-size) 100%;-webkit-mask-repeat:var(--divider-pattern-repeat);mask-repeat:var(--divider-pattern-repeat);background-color:var(--divider-color);-webkit-mask-image:var(--divider-pattern-url);mask-image:var(--divider-pattern-url)}.elementor-widget-divider--no-spacing{--divider-pattern-size:auto}.elementor-widget-divider--bg-round{--divider-pattern-repeat:round}.rtl .elementor-widget-divider .elementor-divider__text{direction:rtl}.e-con-inner>.elementor-widget-divider,.e-con>.elementor-widget-divider{width:var(--container-widget-width,100%);--flex-grow:var(--container-widget-flex-grow)}<\/style>\t\t<div class=\"elementor-divider\">\n\t\t\t<span class=\"elementor-divider-separator\">\n\t\t\t\t\t\t<\/span>\n\t\t<\/div>\n\t\t\t\t<\/div>\n\t\t\t\t<\/div>\n\t\t\t\t\t<\/div>\n\t\t<\/div>\n\t\t\t\t\t\t\t<\/div>\n\t\t<\/section>\n\t\t\t\t<section class=\"elementor-section elementor-top-section elementor-element elementor-element-ab9f550 elementor-section-boxed elementor-section-height-default elementor-section-height-default\" data-id=\"ab9f550\" data-element_type=\"section\">\n\t\t\t\t\t\t<div class=\"elementor-container elementor-column-gap-default\">\n\t\t\t\t\t<div class=\"elementor-column elementor-col-100 elementor-top-column elementor-element elementor-element-a4c20f1\" data-id=\"a4c20f1\" data-element_type=\"column\">\n\t\t\t<div class=\"elementor-widget-wrap elementor-element-populated\">\n\t\t\t\t\t\t\t\t<div class=\"elementor-element elementor-element-4f24e6d elementor-widget elementor-widget-html\" data-id=\"4f24e6d\" data-element_type=\"widget\" data-widget_type=\"html.default\">\n\t\t\t\t<div class=\"elementor-widget-container\">\n\t\t\t<div id=\"certificates\">\n    <div>\n        <a href=\"https:\/\/tsvline.com\/wp-content\/uploads\/2025\/03\/pm-technic-elements_tsv-thermo-green.pdf\" target=\"_blank\"><img decoding=\"async\" src=\"https:\/\/tsvline.com\/wp-content\/uploads\/2025\/03\/pm-technic-elements_tsv-thermo-green-pages_page-0001-1.jpg\" \/><\/a>\n        <p>TSV Thermo Green i\u00e7in \u0131s\u0131 verimlili\u011fi sertifikas\u0131<\/p>\n    <\/div>\n    <div>\n        <a href=\"https:\/\/tsvline.com\/wp-content\/uploads\/2025\/03\/CertificatCapacC-Rosenheim.jpg\" target=\"_blank\"><img decoding=\"async\" src=\"https:\/\/tsvline.com\/wp-content\/uploads\/2025\/03\/CertificatCapacC-Rosenheim.jpg\" \/><\/a>\n        <p>TSV denizlik sistemi i\u00e7in kalite sertifikas\u0131 - premium C tipi kapak<\/p>\n    <\/div>\n    <div>\n        <a href=\"https:\/\/tsvline.com\/wp-content\/uploads\/2025\/07\/Certificat-Elemente-Rosenheim.jpg\" target=\"_blank\"><img decoding=\"async\" src=\"https:\/\/tsvline.com\/wp-content\/uploads\/2025\/07\/Certificat-Elemente-Rosenheim.jpg\" \/><\/a>\n        <p>TSV denizlik sistemi i\u00e7in kalite sertifikas\u0131 - premium L tipi kapak, 180\u00b0 birle\u015ftirme eleman\u0131 ve standart C tipi kapak<\/p>\n    <\/div>\n    <div>\n        <a href=\"https:\/\/tsvline.com\/wp-content\/uploads\/2025\/08\/Rosenheim-90.png\" target=\"_blank\"><img decoding=\"async\" src=\"https:\/\/tsvline.com\/wp-content\/uploads\/2025\/08\/Rosenheim-90.png\" \/><\/a>\n        <p>TSV denizlik sistemi i\u00e7in kalite sertifikas\u0131 \u2013 standart L tipi kapak, 90\u00b0 i\u00e7\/d\u0131\u015f k\u00f6\u015fe birle\u015ftirme elemanlar\u0131<\/p>\n    <\/div>\n    <div>\n        <a href=\"https:\/\/tsvline.com\/wp-content\/uploads\/2025\/12\/CertificareTSV-135.png\" target=\"_blank\"><img decoding=\"async\" src=\"https:\/\/tsvline.com\/wp-content\/uploads\/2025\/12\/CertificareTSV-135.png\" \/><\/a>\n        <p>TSV denizlik sistemi i\u00e7in Kalite Sertifikas\u0131 \u2013 135\u00b0 i\u00e7\/d\u0131\u015f k\u00f6\u015fe birle\u015ftirme elemanlar\u0131<\/p>\n    <\/div>\n    <div>\n        <a href=\"https:\/\/tsvline.com\/wp-content\/uploads\/2025\/02\/QUALANOD_2025-1.jpg\" target=\"_blank\"><img decoding=\"async\" src=\"https:\/\/tsvline.com\/wp-content\/uploads\/2025\/02\/QUALANOD_2025-1.jpg\" \/><\/a>\n        <p>Anodize boya sertifikas\u0131<\/p>\n    <\/div>\n    <div>\n        <a href=\"https:\/\/tsvline.com\/wp-content\/uploads\/2025\/02\/Qualicoat-Seaside_ING_2025.jpg\" target=\"_blank\"><img decoding=\"async\" src=\"https:\/\/tsvline.com\/wp-content\/uploads\/2025\/02\/Qualicoat-Seaside_ING_2025.jpg\" \/><\/a>\n        <p>Boya kalite sertifikas\u0131<\/p>\n    <\/div>\n<\/div>\n<style>\n    @media screen and (min-width: 851px) {\n        #certificates {\n            display: grid;\n            grid-template-columns: 33.3% 33.3% 33.3%;\n            grid-gap: 60px;\n            width: calc(100% - 120px);\n        }\n        \n        #certificates img {\n            width: 100%;\n            border: 2px solid #DADE58;\n            border-radius: 0px;\n            padding: 15px;\n            height: 300px;\n            object-fit: contain;\n            margin: display: block;\n        }\n        \n        #certificates p {\n            margin: 0;\n            font-weight: 600;\n            font-size: 18px;\n            line-height: 1.2;\n        }\n    }\n    \n    @media screen and (max-width: 850px) and (min-width: 700px) {\n        #certificates {\n            display: grid;\n            grid-template-columns: 33.3% 33.3% 33.3%;\n            grid-gap: 60px;\n            width: calc(100% - 120px);\n        }\n        \n        #certificates img {\n            width: 100%;\n            border: 2px solid #DADE58;\n            border-radius: 0px;\n            padding: 15px;\n            height: 220px;\n            object-fit: contain;\n            margin: display: block;\n        }\n        \n        #certificates p {\n            margin: 0;\n            font-weight: 600;\n            font-size: 18px;\n            line-height: 1.2;\n        }\n    }\n    \n    @media screen and (max-width: 699px) and (min-width: 450px){\n        #certificates {\n            display: grid;\n            grid-template-columns: 50% 50%;\n            grid-gap: 40px;\n            width: calc(100% - 40px);\n        }\n        \n        #certificates img {\n            width: 100%;\n            border: 2px solid #DADE58;\n            border-radius: 0px;\n            padding: 15px;\n            height: 200px;\n            object-fit: contain;\n            margin: display: block;\n        }\n        \n        #certificates p {\n            margin: 0;\n            font-weight: 600;\n            font-size: 15px;\n            line-height: 1.2;\n        }\n    }\n    \n    @media screen and (max-width: 449px) {\n        #certificates {\n            display: grid;\n            grid-template-columns: 50% 50%;\n            grid-gap: 20px;\n            width: calc(100% - 20px);\n        }\n        \n        #certificates img {\n            width: 100%;\n            border: 2px solid #DADE58;\n            border-radius: 0px;\n            padding: 15px;\n            height: 200px;\n            object-fit: contain;\n            margin: display: block;\n        }\n        \n        #certificates p {\n            margin: 0;\n            font-weight: 600;\n            font-size: 15px;\n            line-height: 1.2;\n        }\n    }\n<\/style>\t\t<\/div>\n\t\t\t\t<\/div>\n\t\t\t\t\t<\/div>\n\t\t<\/div>\n\t\t\t\t\t\t\t<\/div>\n\t\t<\/section>\n\t\t\t\t\t\t\t<\/div>\n\t\t","protected":false},"excerpt":{"rendered":"<p>Sertifikalar TSV markal\u0131 \u00fcr\u00fcnler test edilmi\u015f ve sertifikaland\u0131r\u0131lm\u0131\u015f olup, en y\u00fcksek Avrupa kalite, g\u00fcvenlik ve dayan\u0131kl\u0131l\u0131k standartlar\u0131na uygunlu\u011fu do\u011frulamaktad\u0131r. Bu, in\u015faat sekt\u00f6r\u00fc i\u00e7in yenilik\u00e7i ve s\u00fcrd\u00fcr\u00fclebilir \u00e7\u00f6z\u00fcmler sunma konusundaki s\u00fcrekli taahh\u00fcd\u00fcm\u00fcz\u00fc teyit etmektedir. TSV \u00fcr\u00fcnlerinin en kat\u0131 teknik ve performans gereksinimlerini kar\u015f\u0131lad\u0131\u011f\u0131na dair bir ba\u015fka g\u00fcven g\u00f6stergesidir. TSV Thermo Green i\u00e7in \u0131s\u0131 verimlili\u011fi sertifikas\u0131 TSV [&hellip;]<\/p>\n","protected":false},"author":3,"featured_media":0,"parent":0,"menu_order":0,"comment_status":"closed","ping_status":"closed","template":"","meta":{"footnotes":""},"class_list":["post-10299","page","type-page","status-publish","hentry"],"yoast_head":"<!-- This site is optimized with the Yoast SEO plugin v19.9 - https:\/\/yoast.com\/wordpress\/plugins\/seo\/ -->\n<title>Sertifikalar | TSV\u00ae<\/title>\n<meta name=\"robots\" content=\"index, follow, max-snippet:-1, max-image-preview:large, max-video-preview:-1\" \/>\n<link rel=\"canonical\" href=\"https:\/\/tsvline.com\/tr\/sertifikalar\/\" \/>\n<meta property=\"og:locale\" content=\"tr_TR\" \/>\n<meta property=\"og:type\" content=\"article\" \/>\n<meta property=\"og:title\" content=\"Sertifikalar | TSV\u00ae\" \/>\n<meta property=\"og:description\" content=\"Sertifikalar TSV markal\u0131 \u00fcr\u00fcnler test edilmi\u015f ve sertifikaland\u0131r\u0131lm\u0131\u015f olup, en y\u00fcksek Avrupa kalite, g\u00fcvenlik ve dayan\u0131kl\u0131l\u0131k standartlar\u0131na uygunlu\u011fu do\u011frulamaktad\u0131r. Bu, in\u015faat sekt\u00f6r\u00fc i\u00e7in yenilik\u00e7i ve s\u00fcrd\u00fcr\u00fclebilir \u00e7\u00f6z\u00fcmler sunma konusundaki s\u00fcrekli taahh\u00fcd\u00fcm\u00fcz\u00fc teyit etmektedir. TSV \u00fcr\u00fcnlerinin en kat\u0131 teknik ve performans gereksinimlerini kar\u015f\u0131lad\u0131\u011f\u0131na dair bir ba\u015fka g\u00fcven g\u00f6stergesidir. TSV Thermo Green i\u00e7in \u0131s\u0131 verimlili\u011fi sertifikas\u0131 TSV [&hellip;]\" \/>\n<meta property=\"og:url\" content=\"https:\/\/tsvline.com\/tr\/sertifikalar\/\" \/>\n<meta property=\"og:site_name\" content=\"TSV\u00ae\" \/>\n<meta property=\"article:modified_time\" content=\"2025-12-03T21:02:09+00:00\" \/>\n<meta property=\"og:image\" content=\"https:\/\/tsvline.com\/wp-content\/uploads\/2025\/02\/folders.png\" \/>\n<meta name=\"twitter:card\" content=\"summary_large_image\" \/>\n<meta name=\"twitter:label1\" content=\"Tahmini okuma s\u00fcresi\" \/>\n\t<meta name=\"twitter:data1\" content=\"4 dakika\" \/>\n<script type=\"application\/ld+json\" class=\"yoast-schema-graph\">{\"@context\":\"https:\/\/schema.org\",\"@graph\":[{\"@type\":\"WebPage\",\"@id\":\"https:\/\/tsvline.com\/tr\/sertifikalar\/\",\"url\":\"https:\/\/tsvline.com\/tr\/sertifikalar\/\",\"name\":\"Sertifikalar | TSV\u00ae\",\"isPartOf\":{\"@id\":\"https:\/\/tsvline.com\/tr\/#website\"},\"datePublished\":\"2025-02-24T17:28:46+00:00\",\"dateModified\":\"2025-12-03T21:02:09+00:00\",\"breadcrumb\":{\"@id\":\"https:\/\/tsvline.com\/tr\/sertifikalar\/#breadcrumb\"},\"inLanguage\":\"tr\",\"potentialAction\":[{\"@type\":\"ReadAction\",\"target\":[\"https:\/\/tsvline.com\/tr\/sertifikalar\/\"]}]},{\"@type\":\"BreadcrumbList\",\"@id\":\"https:\/\/tsvline.com\/tr\/sertifikalar\/#breadcrumb\",\"itemListElement\":[{\"@type\":\"ListItem\",\"position\":1,\"name\":\"Home\",\"item\":\"https:\/\/tsvline.com\/tr\/\"},{\"@type\":\"ListItem\",\"position\":2,\"name\":\"Sertifikalar\"}]},{\"@type\":\"WebSite\",\"@id\":\"https:\/\/tsvline.com\/tr\/#website\",\"url\":\"https:\/\/tsvline.com\/tr\/\",\"name\":\"TSV Line - Parte din PM Aluminium Line\",\"description\":\"Sistem de Glafuri din Aluminiu\",\"publisher\":{\"@id\":\"https:\/\/tsvline.com\/tr\/#organization\"},\"alternateName\":\"TSV\",\"potentialAction\":[{\"@type\":\"SearchAction\",\"target\":{\"@type\":\"EntryPoint\",\"urlTemplate\":\"https:\/\/tsvline.com\/tr\/?s={search_term_string}\"},\"query-input\":\"required name=search_term_string\"}],\"inLanguage\":\"tr\"},{\"@type\":\"Organization\",\"@id\":\"https:\/\/tsvline.com\/tr\/#organization\",\"name\":\"TSV - PM Aluminium Line\",\"alternateName\":\"TSV\",\"url\":\"https:\/\/tsvline.com\/tr\/\",\"logo\":{\"@type\":\"ImageObject\",\"inLanguage\":\"tr\",\"@id\":\"https:\/\/tsvline.com\/tr\/#\/schema\/logo\/image\/\",\"url\":\"https:\/\/tsvline.ro\/wp-content\/uploads\/2022\/10\/logo-v2.png\",\"contentUrl\":\"https:\/\/tsvline.ro\/wp-content\/uploads\/2022\/10\/logo-v2.png\",\"width\":1668,\"height\":1856,\"caption\":\"TSV - PM Aluminium Line\"},\"image\":{\"@id\":\"https:\/\/tsvline.com\/tr\/#\/schema\/logo\/image\/\"}}]}<\/script>\n<!-- \/ Yoast SEO plugin. -->","yoast_head_json":{"title":"Sertifikalar | TSV\u00ae","robots":{"index":"index","follow":"follow","max-snippet":"max-snippet:-1","max-image-preview":"max-image-preview:large","max-video-preview":"max-video-preview:-1"},"canonical":"https:\/\/tsvline.com\/tr\/sertifikalar\/","og_locale":"tr_TR","og_type":"article","og_title":"Sertifikalar | TSV\u00ae","og_description":"Sertifikalar TSV markal\u0131 \u00fcr\u00fcnler test edilmi\u015f ve sertifikaland\u0131r\u0131lm\u0131\u015f olup, en y\u00fcksek Avrupa kalite, g\u00fcvenlik ve dayan\u0131kl\u0131l\u0131k standartlar\u0131na uygunlu\u011fu do\u011frulamaktad\u0131r. Bu, in\u015faat sekt\u00f6r\u00fc i\u00e7in yenilik\u00e7i ve s\u00fcrd\u00fcr\u00fclebilir \u00e7\u00f6z\u00fcmler sunma konusundaki s\u00fcrekli taahh\u00fcd\u00fcm\u00fcz\u00fc teyit etmektedir. TSV \u00fcr\u00fcnlerinin en kat\u0131 teknik ve performans gereksinimlerini kar\u015f\u0131lad\u0131\u011f\u0131na dair bir ba\u015fka g\u00fcven g\u00f6stergesidir. TSV Thermo Green i\u00e7in \u0131s\u0131 verimlili\u011fi sertifikas\u0131 TSV [&hellip;]","og_url":"https:\/\/tsvline.com\/tr\/sertifikalar\/","og_site_name":"TSV\u00ae","article_modified_time":"2025-12-03T21:02:09+00:00","og_image":[{"url":"https:\/\/tsvline.com\/wp-content\/uploads\/2025\/02\/folders.png"}],"twitter_card":"summary_large_image","twitter_misc":{"Tahmini okuma s\u00fcresi":"4 dakika"},"schema":{"@context":"https:\/\/schema.org","@graph":[{"@type":"WebPage","@id":"https:\/\/tsvline.com\/tr\/sertifikalar\/","url":"https:\/\/tsvline.com\/tr\/sertifikalar\/","name":"Sertifikalar | TSV\u00ae","isPartOf":{"@id":"https:\/\/tsvline.com\/tr\/#website"},"datePublished":"2025-02-24T17:28:46+00:00","dateModified":"2025-12-03T21:02:09+00:00","breadcrumb":{"@id":"https:\/\/tsvline.com\/tr\/sertifikalar\/#breadcrumb"},"inLanguage":"tr","potentialAction":[{"@type":"ReadAction","target":["https:\/\/tsvline.com\/tr\/sertifikalar\/"]}]},{"@type":"BreadcrumbList","@id":"https:\/\/tsvline.com\/tr\/sertifikalar\/#breadcrumb","itemListElement":[{"@type":"ListItem","position":1,"name":"Home","item":"https:\/\/tsvline.com\/tr\/"},{"@type":"ListItem","position":2,"name":"Sertifikalar"}]},{"@type":"WebSite","@id":"https:\/\/tsvline.com\/tr\/#website","url":"https:\/\/tsvline.com\/tr\/","name":"TSV Line - Parte din PM Aluminium Line","description":"Sistem de Glafuri din Aluminiu","publisher":{"@id":"https:\/\/tsvline.com\/tr\/#organization"},"alternateName":"TSV","potentialAction":[{"@type":"SearchAction","target":{"@type":"EntryPoint","urlTemplate":"https:\/\/tsvline.com\/tr\/?s={search_term_string}"},"query-input":"required name=search_term_string"}],"inLanguage":"tr"},{"@type":"Organization","@id":"https:\/\/tsvline.com\/tr\/#organization","name":"TSV - PM Aluminium Line","alternateName":"TSV","url":"https:\/\/tsvline.com\/tr\/","logo":{"@type":"ImageObject","inLanguage":"tr","@id":"https:\/\/tsvline.com\/tr\/#\/schema\/logo\/image\/","url":"https:\/\/tsvline.ro\/wp-content\/uploads\/2022\/10\/logo-v2.png","contentUrl":"https:\/\/tsvline.ro\/wp-content\/uploads\/2022\/10\/logo-v2.png","width":1668,"height":1856,"caption":"TSV - PM Aluminium Line"},"image":{"@id":"https:\/\/tsvline.com\/tr\/#\/schema\/logo\/image\/"}}]}},"_links":{"self":[{"href":"https:\/\/tsvline.com\/tr\/wp-json\/wp\/v2\/pages\/10299","targetHints":{"allow":["GET"]}}],"collection":[{"href":"https:\/\/tsvline.com\/tr\/wp-json\/wp\/v2\/pages"}],"about":[{"href":"https:\/\/tsvline.com\/tr\/wp-json\/wp\/v2\/types\/page"}],"author":[{"embeddable":true,"href":"https:\/\/tsvline.com\/tr\/wp-json\/wp\/v2\/users\/3"}],"replies":[{"embeddable":true,"href":"https:\/\/tsvline.com\/tr\/wp-json\/wp\/v2\/comments?post=10299"}],"version-history":[{"count":16,"href":"https:\/\/tsvline.com\/tr\/wp-json\/wp\/v2\/pages\/10299\/revisions"}],"predecessor-version":[{"id":11728,"href":"https:\/\/tsvline.com\/tr\/wp-json\/wp\/v2\/pages\/10299\/revisions\/11728"}],"wp:attachment":[{"href":"https:\/\/tsvline.com\/tr\/wp-json\/wp\/v2\/media?parent=10299"}],"curies":[{"name":"wp","href":"https:\/\/api.w.org\/{rel}","templated":true}]}}