{"id":3440,"date":"2023-03-28T07:27:15","date_gmt":"2023-03-28T07:27:15","guid":{"rendered":"https:\/\/tsvline.com\/?page_id=3440"},"modified":"2026-04-03T08:51:23","modified_gmt":"2026-04-03T08:51:23","slug":"operator-date","status":"publish","type":"page","link":"https:\/\/tsvline.com\/ro\/cariere\/operator-date\/","title":{"rendered":"Operator Date"},"content":{"rendered":"\t\t<div data-elementor-type=\"wp-page\" data-elementor-id=\"3440\" class=\"elementor elementor-3440\">\n\t\t\t\t\t\t\t\t\t<section class=\"elementor-section elementor-top-section elementor-element elementor-element-9985a0b elementor-section-full_width elementor-section-stretched elementor-section-height-default elementor-section-height-default\" data-id=\"9985a0b\" data-element_type=\"section\" data-settings=\"{&quot;stretch_section&quot;:&quot;section-stretched&quot;,&quot;background_background&quot;:&quot;classic&quot;}\">\n\t\t\t\t\t\t<div class=\"elementor-container elementor-column-gap-default\">\n\t\t\t\t\t<div class=\"elementor-column elementor-col-100 elementor-top-column elementor-element elementor-element-991d07b\" data-id=\"991d07b\" data-element_type=\"column\">\n\t\t\t<div class=\"elementor-widget-wrap\">\n\t\t\t\t\t\t\t\t\t<\/div>\n\t\t<\/div>\n\t\t\t\t\t\t\t<\/div>\n\t\t<\/section>\n\t\t\t\t<section class=\"elementor-section elementor-top-section elementor-element elementor-element-e7a4860 elementor-section-boxed elementor-section-height-default elementor-section-height-default\" data-id=\"e7a4860\" data-element_type=\"section\">\n\t\t\t\t\t\t<div class=\"elementor-container elementor-column-gap-default\">\n\t\t\t\t\t<div class=\"elementor-column elementor-col-66 elementor-top-column elementor-element elementor-element-5e7fc71\" data-id=\"5e7fc71\" data-element_type=\"column\">\n\t\t\t<div class=\"elementor-widget-wrap elementor-element-populated\">\n\t\t\t\t\t\t\t\t<div class=\"elementor-element elementor-element-823106c elementor-widget__width-inherit elementor-widget elementor-widget-text-editor\" data-id=\"823106c\" data-element_type=\"widget\" data-widget_type=\"text-editor.default\">\n\t\t\t\t<div class=\"elementor-widget-container\">\n\t\t\t<style>\/*! elementor - v3.11.5 - 14-03-2023 *\/\n.elementor-widget-text-editor.elementor-drop-cap-view-stacked .elementor-drop-cap{background-color:#818a91;color:#fff}.elementor-widget-text-editor.elementor-drop-cap-view-framed .elementor-drop-cap{color:#818a91;border:3px solid;background-color:transparent}.elementor-widget-text-editor:not(.elementor-drop-cap-view-default) .elementor-drop-cap{margin-top:8px}.elementor-widget-text-editor:not(.elementor-drop-cap-view-default) .elementor-drop-cap-letter{width:1em;height:1em}.elementor-widget-text-editor .elementor-drop-cap{float:left;text-align:center;line-height:1;font-size:50px}.elementor-widget-text-editor .elementor-drop-cap-letter{display:inline-block}<\/style>\t\t\t\t<h2><strong>Operator introducere date<\/strong><\/h2><p>Compania noastr\u0103, activ\u0103 \u00een domeniul produc\u021biei \u0219i distribu\u021biei de accesorii pentru t\u00e2mpl\u0103rie, \u00ee\u0219i extinde echipa \u0219i caut\u0103 un coleg organizat \u0219i atent la detalii pentru pozi\u021bia de Operator introducere date.<\/p><p>\u00a0<\/p><p><strong>Loca\u021bie:<\/strong> Bucure\u0219ti \u2013 activitate la sediul companiei zona Chitila -Buftea &#8211; Eli Park 3<\/p><p style=\"mso-margin-top-alt: auto; mso-margin-bottom-alt: auto; text-align: justify; line-height: normal;\">\u00a0<\/p>\t\t\t\t\t\t<\/div>\n\t\t\t\t<\/div>\n\t\t\t\t<div class=\"elementor-element elementor-element-b867f10 elementor-widget__width-inherit elementor-widget elementor-widget-heading\" data-id=\"b867f10\" data-element_type=\"widget\" data-widget_type=\"heading.default\">\n\t\t\t\t<div class=\"elementor-widget-container\">\n\t\t\t<style>\/*! elementor - v3.11.5 - 14-03-2023 *\/\n.elementor-heading-title{padding:0;margin:0;line-height:1}.elementor-widget-heading .elementor-heading-title[class*=elementor-size-]>a{color:inherit;font-size:inherit;line-height:inherit}.elementor-widget-heading .elementor-heading-title.elementor-size-small{font-size:15px}.elementor-widget-heading .elementor-heading-title.elementor-size-medium{font-size:19px}.elementor-widget-heading .elementor-heading-title.elementor-size-large{font-size:29px}.elementor-widget-heading .elementor-heading-title.elementor-size-xl{font-size:39px}.elementor-widget-heading .elementor-heading-title.elementor-size-xxl{font-size:59px}<\/style><p class=\"elementor-heading-title elementor-size-default\">Responsabilitatile principale sunt urmatoarele:<\/p>\t\t<\/div>\n\t\t\t\t<\/div>\n\t\t\t\t<div class=\"elementor-element elementor-element-3f8dd82 elementor-widget elementor-widget-text-editor\" data-id=\"3f8dd82\" data-element_type=\"widget\" data-widget_type=\"text-editor.default\">\n\t\t\t\t<div class=\"elementor-widget-container\">\n\t\t\t\t\t\t\t<p>\u00cen calitate de Operator introducere date la PM vei avea un rol care presupune mai mult dec\u00e2t introducerea de date, vei fi implicat activ \u00een men\u021binerea unui flux de comenzi corect \u0219i eficient.<br \/>\u2022 Introducerea comenzilor \u00een sistem (produse, cantit\u0103\u021bi, coduri) <br \/>\u2022 Verificarea corectitudinii datelor introduse <br \/>\u2022 Operarea \u0219i actualizarea stocurilor \u00een sistem <br \/>\u2022 Emiterea \u0219i gestionarea documentelor (facturi, avize, comenzi) <br \/>\u2022 Colaborarea cu departamentele de v\u00e2nz\u0103ri \u0219i depozit <br \/>\u2022 Arhivarea \u0219i organizarea documentelor <\/p>\t\t\t\t\t\t<\/div>\n\t\t\t\t<\/div>\n\t\t\t\t<div class=\"elementor-element elementor-element-f9bc8e7 elementor-widget__width-inherit elementor-widget elementor-widget-heading\" data-id=\"f9bc8e7\" data-element_type=\"widget\" data-widget_type=\"heading.default\">\n\t\t\t\t<div class=\"elementor-widget-container\">\n\t\t\t<p class=\"elementor-heading-title elementor-size-default\">Ne-ar pl\u0103cea s\u0103 ai:<\/p>\t\t<\/div>\n\t\t\t\t<\/div>\n\t\t\t\t<div class=\"elementor-element elementor-element-6acc114 elementor-widget elementor-widget-text-editor\" data-id=\"6acc114\" data-element_type=\"widget\" data-widget_type=\"text-editor.default\">\n\t\t\t\t<div class=\"elementor-widget-container\">\n\t\t\t\t\t\t\t<p>\u2022 Studii superioare <br \/>\u2022 Experien\u021b\u0103 pe un post similar (minim 1 an);<br \/>\u2022 Cuno\u0219tin\u021be operare PC (Excel, Word) <br \/>\u2022 Aten\u021bie ridicat\u0103 la detalii \u0219i acurate\u021be <br \/>\u2022 Capacitate bun\u0103 de organizare <br \/>\u2022 Seriozitate \u0219i responsabilitate <br \/>\u2022 Experien\u021ba \u00eentr-un rol similar constituie avantaj <\/p>\t\t\t\t\t\t<\/div>\n\t\t\t\t<\/div>\n\t\t\t\t<div class=\"elementor-element elementor-element-e468c95 elementor-widget__width-inherit elementor-widget elementor-widget-heading\" data-id=\"e468c95\" data-element_type=\"widget\" data-widget_type=\"heading.default\">\n\t\t\t\t<div class=\"elementor-widget-container\">\n\t\t\t<p class=\"elementor-heading-title elementor-size-default\">Beneficii:<\/p>\t\t<\/div>\n\t\t\t\t<\/div>\n\t\t\t\t<div class=\"elementor-element elementor-element-8fea205 elementor-widget elementor-widget-text-editor\" data-id=\"8fea205\" data-element_type=\"widget\" data-widget_type=\"text-editor.default\">\n\t\t\t\t<div class=\"elementor-widget-container\">\n\t\t\t\t\t\t\t<ul><li>Salariu motivant + stabilitate<\/li><li>Bonuri de masa<\/li><li>Asigurare medical\u0103<\/li><li>Mediu de lucru organizat \u0219i predictibil<\/li><li>Posibilitate de dezvoltare \u00een cadrul firmei<\/li><\/ul>\t\t\t\t\t\t<\/div>\n\t\t\t\t<\/div>\n\t\t\t\t\t<\/div>\n\t\t<\/div>\n\t\t\t\t<div class=\"elementor-column elementor-col-33 elementor-top-column elementor-element elementor-element-e7a4d3b\" data-id=\"e7a4d3b\" data-element_type=\"column\">\n\t\t\t<div class=\"elementor-widget-wrap elementor-element-populated\">\n\t\t\t\t\t\t\t\t<section class=\"elementor-section elementor-inner-section elementor-element elementor-element-aca1832 elementor-section-boxed elementor-section-height-default elementor-section-height-default\" data-id=\"aca1832\" data-element_type=\"section\" data-settings=\"{&quot;background_background&quot;:&quot;classic&quot;}\">\n\t\t\t\t\t\t<div class=\"elementor-container elementor-column-gap-default\">\n\t\t\t\t\t<div class=\"elementor-column elementor-col-100 elementor-inner-column elementor-element elementor-element-297100c\" data-id=\"297100c\" data-element_type=\"column\">\n\t\t\t<div class=\"elementor-widget-wrap elementor-element-populated\">\n\t\t\t\t\t\t\t\t<div class=\"elementor-element elementor-element-d8788cb elementor-widget__width-inherit elementor-widget elementor-widget-heading\" data-id=\"d8788cb\" data-element_type=\"widget\" data-widget_type=\"heading.default\">\n\t\t\t\t<div class=\"elementor-widget-container\">\n\t\t\t<div class=\"elementor-heading-title elementor-size-default\">Formular<\/div>\t\t<\/div>\n\t\t\t\t<\/div>\n\t\t\t\t<div class=\"elementor-element elementor-element-d750ee4 elementor-widget__width-auto elementor-widget elementor-widget-text-editor\" data-id=\"d750ee4\" data-element_type=\"widget\" data-widget_type=\"text-editor.default\">\n\t\t\t\t<div class=\"elementor-widget-container\">\n\t\t\t\t\t\t\t<p>Aplic\u0103 p\u00e2n\u0103 in 15 aprilie<\/p>\t\t\t\t\t\t<\/div>\n\t\t\t\t<\/div>\n\t\t\t\t<div class=\"elementor-element elementor-element-1e217a2 cf7-form elementor-widget elementor-widget-shortcode\" data-id=\"1e217a2\" data-element_type=\"widget\" data-widget_type=\"shortcode.default\">\n\t\t\t\t<div class=\"elementor-widget-container\">\n\t\t\t\t\t<div class=\"elementor-shortcode\"><div role=\"form\" class=\"wpcf7\" id=\"wpcf7-f2123-o1\" lang=\"ro-RO\" dir=\"ltr\">\n<div class=\"screen-reader-response\"><p role=\"status\" aria-live=\"polite\" aria-atomic=\"true\"><\/p> <ul><\/ul><\/div>\n<form action=\"\/ro\/wp-json\/wp\/v2\/pages\/3440#wpcf7-f2123-o1\" method=\"post\" class=\"wpcf7-form init wpcf7-acceptance-as-validation\" enctype=\"multipart\/form-data\" novalidate=\"novalidate\" data-status=\"init\">\n<div style=\"display: none;\">\n<input type=\"hidden\" name=\"_wpcf7\" value=\"2123\" \/>\n<input type=\"hidden\" name=\"_wpcf7_version\" value=\"5.6.4\" \/>\n<input type=\"hidden\" name=\"_wpcf7_locale\" value=\"ro_RO\" \/>\n<input type=\"hidden\" name=\"_wpcf7_unit_tag\" value=\"wpcf7-f2123-o1\" \/>\n<input type=\"hidden\" name=\"_wpcf7_container_post\" value=\"0\" \/>\n<input type=\"hidden\" name=\"_wpcf7_posted_data_hash\" value=\"\" \/>\n<\/div>\n<p><label> Nume<br \/>\n    <span class=\"wpcf7-form-control-wrap\" data-name=\"nume\"><input type=\"text\" name=\"nume\" value=\"\" size=\"40\" class=\"wpcf7-form-control wpcf7-text wpcf7-validates-as-required\" aria-required=\"true\" aria-invalid=\"false\" \/><\/span> <\/label><\/p>\n<p><label> E-mail<br \/>\n    <span class=\"wpcf7-form-control-wrap\" data-name=\"adresa-mail\"><input type=\"text\" name=\"adresa-mail\" value=\"\" size=\"40\" class=\"wpcf7-form-control wpcf7-text wpcf7-validates-as-required\" aria-required=\"true\" aria-invalid=\"false\" \/><\/span> <\/label><\/p>\n<p><label> Telefon<br \/>\n    <span class=\"wpcf7-form-control-wrap\" data-name=\"telefon\"><input type=\"text\" name=\"telefon\" value=\"\" size=\"40\" class=\"wpcf7-form-control wpcf7-text wpcf7-validates-as-required\" aria-required=\"true\" aria-invalid=\"false\" \/><\/span> <\/label><\/p>\n<p><label> \u00cencarc\u0103 CV-ul t\u0103u \u00een format pdf sau word<br \/>\n<span class=\"wpcf7-form-control-wrap\" data-name=\"cv\"><input type=\"file\" name=\"cv\" size=\"40\" class=\"wpcf7-form-control wpcf7-file wpcf7-validates-as-required\" accept=\".docx,.pdf,.doc,.odt,.png,.jpg,.jpeg\" aria-required=\"true\" aria-invalid=\"false\" \/><\/span> <\/label><\/p>\n<p><label> Spune-ne c\u00e2teva cuvinte despre tine \u0219i ce te motiveaz\u0103<br \/>\n    <span class=\"wpcf7-form-control-wrap\" data-name=\"motivatie\"><textarea name=\"motivatie\" cols=\"40\" rows=\"10\" class=\"wpcf7-form-control wpcf7-textarea wpcf7-validates-as-required\" aria-required=\"true\" aria-invalid=\"false\"><\/textarea><\/span> <\/label><\/p>\n<p><span class=\"wpcf7-form-control-wrap\" data-name=\"termeni\"><span class=\"wpcf7-form-control wpcf7-acceptance\"><span class=\"wpcf7-list-item\"><label><input type=\"checkbox\" name=\"termeni\" value=\"1\" aria-invalid=\"false\" \/><span class=\"wpcf7-list-item-label\">Am citit \u0219i accept <a href=\"\/politica-prelucrare-date\" style=\"text-decoration:underline;text-decoration-thickness:3px;text-decoration-color:#DADE58 !important\">politica de prelucrare a datelor<\/a> \u0219i <a href=\"termeni-si-conditii\" style=\"text-decoration:underline;text-decoration-thickness:3px;text-decoration-color:#DADE58 !important\">termenii \u0219i condi\u021biile<\/a> site-ului.<\/span><\/label><\/span><\/span><\/span><\/p>\n<p><input type=\"submit\" value=\"Trimite CV-ul\" class=\"wpcf7-form-control has-spinner wpcf7-submit\" \/><\/p>\n<div class=\"wpcf7-response-output\" aria-hidden=\"true\"><\/div><\/form><\/div><\/div>\n\t\t\t\t<\/div>\n\t\t\t\t<\/div>\n\t\t\t\t\t<\/div>\n\t\t<\/div>\n\t\t\t\t\t\t\t<\/div>\n\t\t<\/section>\n\t\t\t\t\t<\/div>\n\t\t<\/div>\n\t\t\t\t\t\t\t<\/div>\n\t\t<\/section>\n\t\t\t\t<section class=\"elementor-section elementor-top-section elementor-element elementor-element-e627dec elementor-section-stretched elementor-section-boxed elementor-section-height-default elementor-section-height-default\" data-id=\"e627dec\" data-element_type=\"section\" data-settings=\"{&quot;stretch_section&quot;:&quot;section-stretched&quot;,&quot;background_background&quot;:&quot;classic&quot;}\">\n\t\t\t\t\t\t<div class=\"elementor-container elementor-column-gap-default\">\n\t\t\t\t\t<div class=\"elementor-column elementor-col-100 elementor-top-column elementor-element elementor-element-2d93b89\" data-id=\"2d93b89\" data-element_type=\"column\">\n\t\t\t<div class=\"elementor-widget-wrap elementor-element-populated\">\n\t\t\t\t\t\t\t\t<div class=\"elementor-element elementor-element-bc20b0e elementor-widget__width-inherit elementor-widget elementor-widget-heading\" data-id=\"bc20b0e\" data-element_type=\"widget\" data-widget_type=\"heading.default\">\n\t\t\t\t<div class=\"elementor-widget-container\">\n\t\t\t<div class=\"elementor-heading-title elementor-size-default\">Despre Grupul PM<\/div>\t\t<\/div>\n\t\t\t\t<\/div>\n\t\t\t\t<div class=\"elementor-element elementor-element-a524a82 elementor-widget__width-initial elementor-widget elementor-widget-text-editor\" data-id=\"a524a82\" data-element_type=\"widget\" data-widget_type=\"text-editor.default\">\n\t\t\t\t<div class=\"elementor-widget-container\">\n\t\t\t\t\t\t\t<p>Cu peste dou\u0103 decenii de experien\u021b\u0103 interna\u021bional\u0103, PM Group este un lider global pe pia\u021ba accesoriilor pentru t\u00e2mpl\u0103ria din lemn \u0219i PVC. Sub umbrela celor dou\u0103 divizii &#8211; PM Technic Elements \u0219i PM Aluminium Line, compania ofer\u0103 peste 2.000 de produse inovatoare pentru 5.000 de clien\u021bi din 7 \u021b\u0103ri. Logistic, PM Group opereaz\u0103 depozite \u00een Rom\u00e2nia, Italia \u0219i Ungaria, fiind \u00eentr-o continu\u0103 expansiune.<\/p><p>Una dintre valorile PM este crearea unei culturi care ii integreaza pe toti membrii echipei, indiferent din ce generatie, categorie sociala sau mediu provin.<\/p>\t\t\t\t\t\t<\/div>\n\t\t\t\t<\/div>\n\t\t\t\t<div class=\"elementor-element elementor-element-8288a9b elementor-widget__width-initial elementor-widget elementor-widget-text-editor\" data-id=\"8288a9b\" data-element_type=\"widget\" data-widget_type=\"text-editor.default\">\n\t\t\t\t<div class=\"elementor-widget-container\">\n\t\t\t\t\t\t\tHai sa modelam impreuna viitorul, intr-un mod activ!\u00a0De abia asteptam sa te cunoastem!\t\t\t\t\t\t<\/div>\n\t\t\t\t<\/div>\n\t\t\t\t\t<\/div>\n\t\t<\/div>\n\t\t\t\t\t\t\t<\/div>\n\t\t<\/section>\n\t\t\t\t\t\t\t<\/div>\n\t\t","protected":false},"excerpt":{"rendered":"<p>Operator introducere date Compania noastr\u0103, activ\u0103 \u00een domeniul produc\u021biei \u0219i distribu\u021biei de accesorii pentru t\u00e2mpl\u0103rie, \u00ee\u0219i extinde echipa \u0219i caut\u0103 un coleg organizat \u0219i atent la detalii pentru pozi\u021bia de Operator introducere date. Loca\u021bie: Bucure\u0219ti \u2013 activitate la sediul companiei zona Chitila -Buftea &#8211; Eli Park 3 Responsabilitatile principale sunt urmatoarele: \u00cen calitate de Operator [&hellip;]<\/p>\n","protected":false},"author":3,"featured_media":0,"parent":2070,"menu_order":0,"comment_status":"closed","ping_status":"closed","template":"","meta":{"footnotes":""},"class_list":["post-3440","page","type-page","status-publish","hentry"],"yoast_head":"<!-- This site is optimized with the Yoast SEO plugin v19.9 - https:\/\/yoast.com\/wordpress\/plugins\/seo\/ -->\n<title>Operator Date | TSV\u00ae<\/title>\n<meta name=\"robots\" content=\"index, follow, max-snippet:-1, max-image-preview:large, max-video-preview:-1\" \/>\n<link rel=\"canonical\" href=\"https:\/\/tsvline.com\/ro\/cariere\/operator-date\/\" \/>\n<meta property=\"og:locale\" content=\"ro_RO\" \/>\n<meta property=\"og:type\" content=\"article\" \/>\n<meta property=\"og:title\" content=\"Operator Date | TSV\u00ae\" \/>\n<meta property=\"og:description\" content=\"Operator introducere date Compania noastr\u0103, activ\u0103 \u00een domeniul produc\u021biei \u0219i distribu\u021biei de accesorii pentru t\u00e2mpl\u0103rie, \u00ee\u0219i extinde echipa \u0219i caut\u0103 un coleg organizat \u0219i atent la detalii pentru pozi\u021bia de Operator introducere date. Loca\u021bie: Bucure\u0219ti \u2013 activitate la sediul companiei zona Chitila -Buftea &#8211; Eli Park 3 Responsabilitatile principale sunt urmatoarele: \u00cen calitate de Operator [&hellip;]\" \/>\n<meta property=\"og:url\" content=\"https:\/\/tsvline.com\/ro\/cariere\/operator-date\/\" \/>\n<meta property=\"og:site_name\" content=\"TSV\u00ae\" \/>\n<meta property=\"article:modified_time\" content=\"2026-04-03T08:51:23+00:00\" \/>\n<meta name=\"twitter:card\" content=\"summary_large_image\" \/>\n<meta name=\"twitter:label1\" content=\"Timp estimat pentru citire\" \/>\n\t<meta name=\"twitter:data1\" content=\"2 minute\" \/>\n<script type=\"application\/ld+json\" class=\"yoast-schema-graph\">{\"@context\":\"https:\/\/schema.org\",\"@graph\":[{\"@type\":\"WebPage\",\"@id\":\"https:\/\/tsvline.com\/ro\/cariere\/operator-date\/\",\"url\":\"https:\/\/tsvline.com\/ro\/cariere\/operator-date\/\",\"name\":\"Operator Date | TSV\u00ae\",\"isPartOf\":{\"@id\":\"https:\/\/tsvline.com\/ro\/#website\"},\"datePublished\":\"2023-03-28T07:27:15+00:00\",\"dateModified\":\"2026-04-03T08:51:23+00:00\",\"breadcrumb\":{\"@id\":\"https:\/\/tsvline.com\/ro\/cariere\/operator-date\/#breadcrumb\"},\"inLanguage\":\"ro-RO\",\"potentialAction\":[{\"@type\":\"ReadAction\",\"target\":[\"https:\/\/tsvline.com\/ro\/cariere\/operator-date\/\"]}]},{\"@type\":\"BreadcrumbList\",\"@id\":\"https:\/\/tsvline.com\/ro\/cariere\/operator-date\/#breadcrumb\",\"itemListElement\":[{\"@type\":\"ListItem\",\"position\":1,\"name\":\"Home\",\"item\":\"https:\/\/tsvline.com\/ro\/\"},{\"@type\":\"ListItem\",\"position\":2,\"name\":\"Cariere\",\"item\":\"https:\/\/tsvline.com\/ro\/cariere\/\"},{\"@type\":\"ListItem\",\"position\":3,\"name\":\"Operator Date\"}]},{\"@type\":\"WebSite\",\"@id\":\"https:\/\/tsvline.com\/ro\/#website\",\"url\":\"https:\/\/tsvline.com\/ro\/\",\"name\":\"TSV Line - Parte din PM Aluminium Line\",\"description\":\"Sistem de Glafuri din Aluminiu\",\"publisher\":{\"@id\":\"https:\/\/tsvline.com\/ro\/#organization\"},\"alternateName\":\"TSV\",\"potentialAction\":[{\"@type\":\"SearchAction\",\"target\":{\"@type\":\"EntryPoint\",\"urlTemplate\":\"https:\/\/tsvline.com\/ro\/?s={search_term_string}\"},\"query-input\":\"required name=search_term_string\"}],\"inLanguage\":\"ro-RO\"},{\"@type\":\"Organization\",\"@id\":\"https:\/\/tsvline.com\/ro\/#organization\",\"name\":\"TSV - PM Aluminium Line\",\"alternateName\":\"TSV\",\"url\":\"https:\/\/tsvline.com\/ro\/\",\"logo\":{\"@type\":\"ImageObject\",\"inLanguage\":\"ro-RO\",\"@id\":\"https:\/\/tsvline.com\/ro\/#\/schema\/logo\/image\/\",\"url\":\"https:\/\/tsvline.ro\/wp-content\/uploads\/2022\/10\/logo-v2.png\",\"contentUrl\":\"https:\/\/tsvline.ro\/wp-content\/uploads\/2022\/10\/logo-v2.png\",\"width\":1668,\"height\":1856,\"caption\":\"TSV - PM Aluminium Line\"},\"image\":{\"@id\":\"https:\/\/tsvline.com\/ro\/#\/schema\/logo\/image\/\"}}]}<\/script>\n<!-- \/ Yoast SEO plugin. -->","yoast_head_json":{"title":"Operator Date | TSV\u00ae","robots":{"index":"index","follow":"follow","max-snippet":"max-snippet:-1","max-image-preview":"max-image-preview:large","max-video-preview":"max-video-preview:-1"},"canonical":"https:\/\/tsvline.com\/ro\/cariere\/operator-date\/","og_locale":"ro_RO","og_type":"article","og_title":"Operator Date | TSV\u00ae","og_description":"Operator introducere date Compania noastr\u0103, activ\u0103 \u00een domeniul produc\u021biei \u0219i distribu\u021biei de accesorii pentru t\u00e2mpl\u0103rie, \u00ee\u0219i extinde echipa \u0219i caut\u0103 un coleg organizat \u0219i atent la detalii pentru pozi\u021bia de Operator introducere date. Loca\u021bie: Bucure\u0219ti \u2013 activitate la sediul companiei zona Chitila -Buftea &#8211; Eli Park 3 Responsabilitatile principale sunt urmatoarele: \u00cen calitate de Operator [&hellip;]","og_url":"https:\/\/tsvline.com\/ro\/cariere\/operator-date\/","og_site_name":"TSV\u00ae","article_modified_time":"2026-04-03T08:51:23+00:00","twitter_card":"summary_large_image","twitter_misc":{"Timp estimat pentru citire":"2 minute"},"schema":{"@context":"https:\/\/schema.org","@graph":[{"@type":"WebPage","@id":"https:\/\/tsvline.com\/ro\/cariere\/operator-date\/","url":"https:\/\/tsvline.com\/ro\/cariere\/operator-date\/","name":"Operator Date | TSV\u00ae","isPartOf":{"@id":"https:\/\/tsvline.com\/ro\/#website"},"datePublished":"2023-03-28T07:27:15+00:00","dateModified":"2026-04-03T08:51:23+00:00","breadcrumb":{"@id":"https:\/\/tsvline.com\/ro\/cariere\/operator-date\/#breadcrumb"},"inLanguage":"ro-RO","potentialAction":[{"@type":"ReadAction","target":["https:\/\/tsvline.com\/ro\/cariere\/operator-date\/"]}]},{"@type":"BreadcrumbList","@id":"https:\/\/tsvline.com\/ro\/cariere\/operator-date\/#breadcrumb","itemListElement":[{"@type":"ListItem","position":1,"name":"Home","item":"https:\/\/tsvline.com\/ro\/"},{"@type":"ListItem","position":2,"name":"Cariere","item":"https:\/\/tsvline.com\/ro\/cariere\/"},{"@type":"ListItem","position":3,"name":"Operator Date"}]},{"@type":"WebSite","@id":"https:\/\/tsvline.com\/ro\/#website","url":"https:\/\/tsvline.com\/ro\/","name":"TSV Line - Parte din PM Aluminium Line","description":"Sistem de Glafuri din Aluminiu","publisher":{"@id":"https:\/\/tsvline.com\/ro\/#organization"},"alternateName":"TSV","potentialAction":[{"@type":"SearchAction","target":{"@type":"EntryPoint","urlTemplate":"https:\/\/tsvline.com\/ro\/?s={search_term_string}"},"query-input":"required name=search_term_string"}],"inLanguage":"ro-RO"},{"@type":"Organization","@id":"https:\/\/tsvline.com\/ro\/#organization","name":"TSV - PM Aluminium Line","alternateName":"TSV","url":"https:\/\/tsvline.com\/ro\/","logo":{"@type":"ImageObject","inLanguage":"ro-RO","@id":"https:\/\/tsvline.com\/ro\/#\/schema\/logo\/image\/","url":"https:\/\/tsvline.ro\/wp-content\/uploads\/2022\/10\/logo-v2.png","contentUrl":"https:\/\/tsvline.ro\/wp-content\/uploads\/2022\/10\/logo-v2.png","width":1668,"height":1856,"caption":"TSV - PM Aluminium Line"},"image":{"@id":"https:\/\/tsvline.com\/ro\/#\/schema\/logo\/image\/"}}]}},"_links":{"self":[{"href":"https:\/\/tsvline.com\/ro\/wp-json\/wp\/v2\/pages\/3440","targetHints":{"allow":["GET"]}}],"collection":[{"href":"https:\/\/tsvline.com\/ro\/wp-json\/wp\/v2\/pages"}],"about":[{"href":"https:\/\/tsvline.com\/ro\/wp-json\/wp\/v2\/types\/page"}],"author":[{"embeddable":true,"href":"https:\/\/tsvline.com\/ro\/wp-json\/wp\/v2\/users\/3"}],"replies":[{"embeddable":true,"href":"https:\/\/tsvline.com\/ro\/wp-json\/wp\/v2\/comments?post=3440"}],"version-history":[{"count":36,"href":"https:\/\/tsvline.com\/ro\/wp-json\/wp\/v2\/pages\/3440\/revisions"}],"predecessor-version":[{"id":11803,"href":"https:\/\/tsvline.com\/ro\/wp-json\/wp\/v2\/pages\/3440\/revisions\/11803"}],"up":[{"embeddable":true,"href":"https:\/\/tsvline.com\/ro\/wp-json\/wp\/v2\/pages\/2070"}],"wp:attachment":[{"href":"https:\/\/tsvline.com\/ro\/wp-json\/wp\/v2\/media?parent=3440"}],"curies":[{"name":"wp","href":"https:\/\/api.w.org\/{rel}","templated":true}]}}