{"id":2218,"date":"2022-11-03T03:42:13","date_gmt":"2022-11-03T03:42:13","guid":{"rendered":"https:\/\/tsvline.com\/?page_id=2218"},"modified":"2022-11-04T21:34:20","modified_gmt":"2022-11-04T21:34:20","slug":"termeni-si-conditii","status":"publish","type":"page","link":"https:\/\/tsvline.com\/ro\/termeni-si-conditii\/","title":{"rendered":"Termeni \u0219i condi\u021bii"},"content":{"rendered":"\t\t<div data-elementor-type=\"wp-page\" data-elementor-id=\"2218\" class=\"elementor elementor-2218\">\n\t\t\t\t\t\t\t\t\t<section class=\"elementor-section elementor-top-section elementor-element elementor-element-e4aa4f1 elementor-section-boxed elementor-section-height-default elementor-section-height-default\" data-id=\"e4aa4f1\" data-element_type=\"section\">\n\t\t\t\t\t\t<div class=\"elementor-container elementor-column-gap-default\">\n\t\t\t\t\t<div class=\"elementor-column elementor-col-100 elementor-top-column elementor-element elementor-element-68f2975\" data-id=\"68f2975\" data-element_type=\"column\">\n\t\t\t<div class=\"elementor-widget-wrap elementor-element-populated\">\n\t\t\t\t\t\t\t\t<div class=\"elementor-element elementor-element-11c3213 elementor-widget__width-inherit elementor-widget elementor-widget-heading\" data-id=\"11c3213\" data-element_type=\"widget\" data-widget_type=\"heading.default\">\n\t\t\t\t<div class=\"elementor-widget-container\">\n\t\t\t<style>\/*! elementor - v3.11.5 - 14-03-2023 *\/\n.elementor-heading-title{padding:0;margin:0;line-height:1}.elementor-widget-heading .elementor-heading-title[class*=elementor-size-]>a{color:inherit;font-size:inherit;line-height:inherit}.elementor-widget-heading .elementor-heading-title.elementor-size-small{font-size:15px}.elementor-widget-heading .elementor-heading-title.elementor-size-medium{font-size:19px}.elementor-widget-heading .elementor-heading-title.elementor-size-large{font-size:29px}.elementor-widget-heading .elementor-heading-title.elementor-size-xl{font-size:39px}.elementor-widget-heading .elementor-heading-title.elementor-size-xxl{font-size:59px}<\/style><div class=\"elementor-heading-title elementor-size-default\">Termeni \u0219i condi\u021bii<\/div>\t\t<\/div>\n\t\t\t\t<\/div>\n\t\t\t\t<div class=\"elementor-element elementor-element-2dab44a elementor-widget__width-inherit elementor-widget elementor-widget-heading\" data-id=\"2dab44a\" data-element_type=\"widget\" data-widget_type=\"heading.default\">\n\t\t\t\t<div class=\"elementor-widget-container\">\n\t\t\t<p class=\"elementor-heading-title elementor-size-default\">1. CONSIDERA\u0162II PRELIMINARE<\/p>\t\t<\/div>\n\t\t\t\t<\/div>\n\t\t\t\t<div class=\"elementor-element elementor-element-86bd097 elementor-widget__width-inherit elementor-widget elementor-widget-text-editor\" data-id=\"86bd097\" data-element_type=\"widget\" data-widget_type=\"text-editor.default\">\n\t\t\t\t<div class=\"elementor-widget-container\">\n\t\t\t<style>\/*! elementor - v3.11.5 - 14-03-2023 *\/\n.elementor-widget-text-editor.elementor-drop-cap-view-stacked .elementor-drop-cap{background-color:#818a91;color:#fff}.elementor-widget-text-editor.elementor-drop-cap-view-framed .elementor-drop-cap{color:#818a91;border:3px solid;background-color:transparent}.elementor-widget-text-editor:not(.elementor-drop-cap-view-default) .elementor-drop-cap{margin-top:8px}.elementor-widget-text-editor:not(.elementor-drop-cap-view-default) .elementor-drop-cap-letter{width:1em;height:1em}.elementor-widget-text-editor .elementor-drop-cap{float:left;text-align:center;line-height:1;font-size:50px}.elementor-widget-text-editor .elementor-drop-cap-letter{display:inline-block}<\/style>\t\t\t\t1.1 Acces\u00e2nd \u0219i utiliz\u00e2nd website-ul www.tsvline.ro, accepta\u021bi aceste condi\u021bii, f\u0103r\u0103 limit\u0103ri sau calific\u0103ri, \u0219i lua\u021bi la cuno\u015ftin\u0163\u0103 c\u0103 orice acorduri \u00eentre dumneavoastr\u0103 \u015fi PM ALUMINIUM LINE (\u00een continuare, PM Line) se supun \u00een totalitate acestor Termeni \u0219i Condi\u021bii.\t\t\t\t\t\t<\/div>\n\t\t\t\t<\/div>\n\t\t\t\t<div class=\"elementor-element elementor-element-f39a148 elementor-widget__width-inherit elementor-widget elementor-widget-text-editor\" data-id=\"f39a148\" data-element_type=\"widget\" data-widget_type=\"text-editor.default\">\n\t\t\t\t<div class=\"elementor-widget-container\">\n\t\t\t\t\t\t\t1.2 PM \u0219i partenerii acestuia de\u0163in drepturile de proprietate intelectual\u0103 (inclusiv drepturile asupra bazei de date) privind logo-urile \u015fi toate celelalte materiale prezentate \u00een acest website, precum \u015fi \u00een orice subcategorie sau orice sec\u0163iune distinct\u0103 a website-ului.\t\t\t\t\t\t<\/div>\n\t\t\t\t<\/div>\n\t\t\t\t<div class=\"elementor-element elementor-element-ae862d4 elementor-widget__width-inherit elementor-widget elementor-widget-text-editor\" data-id=\"ae862d4\" data-element_type=\"widget\" data-widget_type=\"text-editor.default\">\n\t\t\t\t<div class=\"elementor-widget-container\">\n\t\t\t\t\t\t\t1.3 Termenii \u015fi condi\u0163iile pot fi modificate oric\u00e2nd, f\u0103r\u0103 a fi necesar\u0103 o notificare prealabil\u0103. Modific\u0103rile \u015fi informa\u0163iile privind valabilitatea acestora vor fi postate pe acest site, \u00een vederea inform\u0103rii tuturor persoanelor interesate (incluz\u00e2nd, dar f\u0103r\u0103 a se limita la: utilizatorii site-ului, persoanele selectate \u00een diferite apeluri organizate \u00een site, participan\u0163i la o anumit\u0103 campanie). Prin urmare, este recomandat s\u0103 v\u0103 raporta\u0163i \u00een mod regulat la aceast\u0103 politic\u0103 pentru a verifica con\u0163inutul actualizat al acesteia.\t\t\t\t\t\t<\/div>\n\t\t\t\t<\/div>\n\t\t\t\t<div class=\"elementor-element elementor-element-9fc824a elementor-widget__width-inherit elementor-widget elementor-widget-text-editor\" data-id=\"9fc824a\" data-element_type=\"widget\" data-widget_type=\"text-editor.default\">\n\t\t\t\t<div class=\"elementor-widget-container\">\n\t\t\t\t\t\t\t1.4 Prezentul Document se completeaz\u0103 cu celelalte Politici incluse pe site-ul www.tsvline.ro, precum \u015fi cu legisla\u0163ia aplicabil\u0103 \u00een aceast\u0103 materie.\t\t\t\t\t\t<\/div>\n\t\t\t\t<\/div>\n\t\t\t\t<div class=\"elementor-element elementor-element-86a6d85 elementor-widget__width-inherit elementor-widget elementor-widget-heading\" data-id=\"86a6d85\" data-element_type=\"widget\" data-widget_type=\"heading.default\">\n\t\t\t\t<div class=\"elementor-widget-container\">\n\t\t\t<p class=\"elementor-heading-title elementor-size-default\">2. DEFINIREA UNOR TERMENI<\/p>\t\t<\/div>\n\t\t\t\t<\/div>\n\t\t\t\t<div class=\"elementor-element elementor-element-2f73f85 elementor-widget__width-inherit elementor-widget elementor-widget-text-editor\" data-id=\"2f73f85\" data-element_type=\"widget\" data-widget_type=\"text-editor.default\">\n\t\t\t\t<div class=\"elementor-widget-container\">\n\t\t\t\t\t\t\t2.1 PM Line \u2013 se refer\u0103 la PM ALUMINIUM LINE S.R.L. cu sediul social in Str. Corneliu Coposu, Nr.167, Birou 2, Et.2, ClujNapoca, Judet: Cluj, CUI: RO40082972;\t\t\t\t\t\t<\/div>\n\t\t\t\t<\/div>\n\t\t\t\t<div class=\"elementor-element elementor-element-2c43748 elementor-widget__width-inherit elementor-widget elementor-widget-text-editor\" data-id=\"2c43748\" data-element_type=\"widget\" data-widget_type=\"text-editor.default\">\n\t\t\t\t<div class=\"elementor-widget-container\">\n\t\t\t\t\t\t\t2.2 Document \u2013 prezenta Politic\u0103 privind Termenii \u015fi Condi\u0163iile, care va guverna raportul dintre toate persoanele care acceseaz\u0103 ori utilizeaz\u0103 site-ul (sau orice subcategorie a site-ului) \u015fi care va fi interpretat\u0103 \u00een conformitate cu legea rom\u00e2n\u0103. Orice neconformitate sau nevalabilitate a unei p\u0103r\u0163i sau clauze din prezentul Document cu alte prevederi legale aplicabile nu are efecte asupra valabilit\u0103\u0163ii \u015fi legalit\u0103\u0163ii celorlalte prevederi din prezentul Document;\t\t\t\t\t\t<\/div>\n\t\t\t\t<\/div>\n\t\t\t\t<div class=\"elementor-element elementor-element-f747da1 elementor-widget__width-inherit elementor-widget elementor-widget-text-editor\" data-id=\"f747da1\" data-element_type=\"widget\" data-widget_type=\"text-editor.default\">\n\t\t\t\t<div class=\"elementor-widget-container\">\n\t\t\t\t\t\t\t2.3 Campanie \u2013 reprezint\u0103 denumirea generic\u0103 prin care ne referim la orice proiect \/ actiune pe care PM ALUMINIUM LINE \u00eel dezvolt\u0103 prin intermediul sau cu ajutorul site-ului www.tsvline.ro.\t\t\t\t\t\t<\/div>\n\t\t\t\t<\/div>\n\t\t\t\t<div class=\"elementor-element elementor-element-f687bb6 elementor-widget__width-inherit elementor-widget elementor-widget-text-editor\" data-id=\"f687bb6\" data-element_type=\"widget\" data-widget_type=\"text-editor.default\">\n\t\t\t\t<div class=\"elementor-widget-container\">\n\t\t\t\t\t\t\t2.4 Prelucrarea datelor cu caracter personal \u2013 a se vedea Politica privind prelucrarea datelor cu caracter personal\t\t\t\t\t\t<\/div>\n\t\t\t\t<\/div>\n\t\t\t\t<div class=\"elementor-element elementor-element-b6870e7 elementor-widget__width-inherit elementor-widget elementor-widget-text-editor\" data-id=\"b6870e7\" data-element_type=\"widget\" data-widget_type=\"text-editor.default\">\n\t\t\t\t<div class=\"elementor-widget-container\">\n\t\t\t\t\t\t\t2.5 Utilizator \/ vizitator \u2013 persoana care acceseaz\u0103 website-ul www.tsvline.ro\t\t\t\t\t\t<\/div>\n\t\t\t\t<\/div>\n\t\t\t\t<div class=\"elementor-element elementor-element-4831c2f elementor-widget__width-inherit elementor-widget elementor-widget-text-editor\" data-id=\"4831c2f\" data-element_type=\"widget\" data-widget_type=\"text-editor.default\">\n\t\t\t\t<div class=\"elementor-widget-container\">\n\t\t\t\t\t\t\t2.6 Partener \/ Parteneri \u2013 reprezint\u0103 firmele partenere ale PM Line\t\t\t\t\t\t<\/div>\n\t\t\t\t<\/div>\n\t\t\t\t<div class=\"elementor-element elementor-element-836f127 elementor-widget__width-inherit elementor-widget elementor-widget-text-editor\" data-id=\"836f127\" data-element_type=\"widget\" data-widget_type=\"text-editor.default\">\n\t\t\t\t<div class=\"elementor-widget-container\">\n\t\t\t\t\t\t\t2.7 Subcategorie \u2013 orice element ori submeniu care face parte din structura site-ului www.tsvline.ro.\t\t\t\t\t\t<\/div>\n\t\t\t\t<\/div>\n\t\t\t\t<div class=\"elementor-element elementor-element-13eb10d elementor-widget__width-inherit elementor-widget elementor-widget-heading\" data-id=\"13eb10d\" data-element_type=\"widget\" data-widget_type=\"heading.default\">\n\t\t\t\t<div class=\"elementor-widget-container\">\n\t\t\t<p class=\"elementor-heading-title elementor-size-default\">3. CONDI\u0162II DE UTILIZARE<\/p>\t\t<\/div>\n\t\t\t\t<\/div>\n\t\t\t\t<div class=\"elementor-element elementor-element-1375b20 elementor-widget__width-inherit elementor-widget elementor-widget-text-editor\" data-id=\"1375b20\" data-element_type=\"widget\" data-widget_type=\"text-editor.default\">\n\t\t\t\t<div class=\"elementor-widget-container\">\n\t\t\t\t\t\t\t3.1 PM ALUMINIUM LINE nu garanteaz\u0103 c\u0103 informa\u0163iile care apar pe acest site nu con\u0163in erori. PM ALUMINIUM LINE \u015fi partenerii acestuia nu pot fi responsabili pentru niciun fel de daune produse utilizatorului site-ului pentru orice eroare material\u0103 ori de redactare a informa\u0163iilor ce poate ap\u0103rea pe interfa\u0163a site-ului.\t\t\t\t\t\t<\/div>\n\t\t\t\t<\/div>\n\t\t\t\t<div class=\"elementor-element elementor-element-47231de elementor-widget__width-inherit elementor-widget elementor-widget-text-editor\" data-id=\"47231de\" data-element_type=\"widget\" data-widget_type=\"text-editor.default\">\n\t\t\t\t<div class=\"elementor-widget-container\">\n\t\t\t\t\t\t\t3.2 Alte servicii care vor fi implementate, \u00een timp, \u00een cadrul site-ului sunt supuse acestor termeni \u015fi condi\u0163ii, \u00een afar\u0103 de cazul \u00een care acestea nu au condi\u0163ii de folosire distinct formulate sau nu au fost men\u0163ionate \u00eentr-o categorie distinct\u0103 a prezentului document.\t\t\t\t\t\t<\/div>\n\t\t\t\t<\/div>\n\t\t\t\t<div class=\"elementor-element elementor-element-5630b5f elementor-widget__width-inherit elementor-widget elementor-widget-text-editor\" data-id=\"5630b5f\" data-element_type=\"widget\" data-widget_type=\"text-editor.default\">\n\t\t\t\t<div class=\"elementor-widget-container\">\n\t\t\t\t\t\t\t3.3 PM Line \u00ee\u015fi rezerv\u0103 dreptul de a \u00eentrerupe furnizarea site-ului (integral sau par\u0163ial), \u00een orice moment, f\u0103r\u0103 obligativitatea notific\u0103rii prealabile.\t\t\t\t\t\t<\/div>\n\t\t\t\t<\/div>\n\t\t\t\t<div class=\"elementor-element elementor-element-08995b0 elementor-widget__width-inherit elementor-widget elementor-widget-heading\" data-id=\"08995b0\" data-element_type=\"widget\" data-widget_type=\"heading.default\">\n\t\t\t\t<div class=\"elementor-widget-container\">\n\t\t\t<p class=\"elementor-heading-title elementor-size-default\">4. DREPTURI DE AUTOR<\/p>\t\t<\/div>\n\t\t\t\t<\/div>\n\t\t\t\t<div class=\"elementor-element elementor-element-ca2f2b4 elementor-widget__width-inherit elementor-widget elementor-widget-text-editor\" data-id=\"ca2f2b4\" data-element_type=\"widget\" data-widget_type=\"text-editor.default\">\n\t\t\t\t<div class=\"elementor-widget-container\">\n\t\t\t\t\t\t\t4.1 Este interzis\u0103 reproducerea, distribuirea sau publicarea sub orice form\u0103 a con\u0163inutului materialelor prezentate pe acest site de c\u0103tre orice persoan\u0103 f\u0103r\u0103 acordul scris al PM ALUMINIUM LINE.\t\t\t\t\t\t<\/div>\n\t\t\t\t<\/div>\n\t\t\t\t<div class=\"elementor-element elementor-element-60e6c21 elementor-widget__width-inherit elementor-widget elementor-widget-text-editor\" data-id=\"60e6c21\" data-element_type=\"widget\" data-widget_type=\"text-editor.default\">\n\t\t\t\t<div class=\"elementor-widget-container\">\n\t\t\t\t\t\t\t4.2 PM ALUMINIUM LINE de\u021bine titlul deplin \u0219i complet asupra fi\u0219ierelor, pozelor \u0219i materialelor publicate pe website, precum \u0219i toate drepturile de proprietate intelectual\u0103 ce decurg din acestea. Nu ave\u021bi permisiunea s\u0103 comercializati, redistribui\u021bi sau reproduce\u021bi aceste materiale, nici s\u0103 le decompila\u021bi sau modifica\u021bi structura f\u0103r\u0103 acceptul scris \u015fi prealabil al PM LINE. \t\t\t\t\t\t<\/div>\n\t\t\t\t<\/div>\n\t\t\t\t<div class=\"elementor-element elementor-element-702670b elementor-widget__width-inherit elementor-widget elementor-widget-heading\" data-id=\"702670b\" data-element_type=\"widget\" data-widget_type=\"heading.default\">\n\t\t\t\t<div class=\"elementor-widget-container\">\n\t\t\t<p class=\"elementor-heading-title elementor-size-default\">5. CONFIDEN\u0162IALITATE<\/p>\t\t<\/div>\n\t\t\t\t<\/div>\n\t\t\t\t<div class=\"elementor-element elementor-element-e2b02f0 elementor-widget__width-inherit elementor-widget elementor-widget-text-editor\" data-id=\"e2b02f0\" data-element_type=\"widget\" data-widget_type=\"text-editor.default\">\n\t\t\t\t<div class=\"elementor-widget-container\">\n\t\t\t\t\t\t\t5.1 PM LINE va p\u0103stra confiden\u021bialitatea informa\u021biilor de orice natur\u0103 pe care utilizatorii\/vizitatorii le vor furniza folosind website-ul www.tsvline.ro. Dezv\u0103luirea informa\u021biilor furnizate se va putea face doar \u00een condi\u021biile stricte prev\u0103zute \u00een Politica privind prelucrarea datelor cu caracter personal.\t\t\t\t\t\t<\/div>\n\t\t\t\t<\/div>\n\t\t\t\t<div class=\"elementor-element elementor-element-8dec7ef elementor-widget__width-inherit elementor-widget elementor-widget-text-editor\" data-id=\"8dec7ef\" data-element_type=\"widget\" data-widget_type=\"text-editor.default\">\n\t\t\t\t<div class=\"elementor-widget-container\">\n\t\t\t\t\t\t\t5.2 Mai multe detalii referitoare la confiden\u0163ialitatea datelor, precum \u015fi referitoare la prelucrarea datelor cu caracter personal pot fi reg\u0103site aici.\t\t\t\t\t\t<\/div>\n\t\t\t\t<\/div>\n\t\t\t\t<div class=\"elementor-element elementor-element-9834a97 elementor-widget__width-inherit elementor-widget elementor-widget-heading\" data-id=\"9834a97\" data-element_type=\"widget\" data-widget_type=\"heading.default\">\n\t\t\t\t<div class=\"elementor-widget-container\">\n\t\t\t<p class=\"elementor-heading-title elementor-size-default\">6. LEGISLA\u021aIE APLICABIL\u0102 \u0218I JURISDIC\u021aIE<\/p>\t\t<\/div>\n\t\t\t\t<\/div>\n\t\t\t\t<div class=\"elementor-element elementor-element-8c71c67 elementor-widget__width-inherit elementor-widget elementor-widget-text-editor\" data-id=\"8c71c67\" data-element_type=\"widget\" data-widget_type=\"text-editor.default\">\n\t\t\t\t<div class=\"elementor-widget-container\">\n\t\t\t\t\t\t\t6.1 Ace\u0219ti Termeni \u0219i Condi\u021bii, precum \u0219i utilizarea site-ului www.tsvline.ro sunt guvernate de legile aflate \u00een vigoare din Rom\u00e2nia. \u00cen caz de apari\u0163ie a oric\u0103rui litigiu referitor la raportul contractual sau rezultat din sau \u00een leg\u0103tur\u0103 cu \u00eencheierea, interpretarea, executarea ori \u00eencetarea acestuia, acesta va fi solu\u0163ionat fie prin cereri adresate instan\u0163elor judec\u0103tore\u015fti competente material, fie prin arbitrajul Cur\u0163ii de Arbitraj de pe l\u00e2ng\u0103 Camera de Comer\u0163 \u015fi Industrie Cluj, conform procedurii acesteia \u015fi de c\u0103tre un singur arbitru. Oric\u0103rei p\u0103r\u0163i \u00eei este recunoscut\u0103 posibilitatea alegerii uneia dintre cele dou\u0103 modalit\u0103\u0163i de solu\u0163ionare a litigiilor.\t\t\t\t\t\t<\/div>\n\t\t\t\t<\/div>\n\t\t\t\t\t<\/div>\n\t\t<\/div>\n\t\t\t\t\t\t\t<\/div>\n\t\t<\/section>\n\t\t\t\t\t\t\t<\/div>\n\t\t","protected":false},"excerpt":{"rendered":"<p>Termeni \u0219i condi\u021bii 1. CONSIDERA\u0162II PRELIMINARE 1.1 Acces\u00e2nd \u0219i utiliz\u00e2nd website-ul www.tsvline.ro, accepta\u021bi aceste condi\u021bii, f\u0103r\u0103 limit\u0103ri sau calific\u0103ri, \u0219i lua\u021bi la cuno\u015ftin\u0163\u0103 c\u0103 orice acorduri \u00eentre dumneavoastr\u0103 \u015fi PM ALUMINIUM LINE (\u00een continuare, PM Line) se supun \u00een totalitate acestor Termeni \u0219i Condi\u021bii.1.2 PM \u0219i partenerii acestuia de\u0163in drepturile de proprietate intelectual\u0103 (inclusiv drepturile [&hellip;]<\/p>\n","protected":false},"author":3,"featured_media":0,"parent":0,"menu_order":0,"comment_status":"closed","ping_status":"closed","template":"","meta":{"footnotes":""},"class_list":["post-2218","page","type-page","status-publish","hentry"],"yoast_head":"<!-- This site is optimized with the Yoast SEO plugin v19.9 - https:\/\/yoast.com\/wordpress\/plugins\/seo\/ -->\n<title>Termeni \u0219i condi\u021bii | TSV\u00ae<\/title>\n<meta name=\"robots\" content=\"noindex, follow\" \/>\n<meta property=\"og:locale\" content=\"ro_RO\" \/>\n<meta property=\"og:type\" content=\"article\" \/>\n<meta property=\"og:title\" content=\"Termeni \u0219i condi\u021bii | TSV\u00ae\" \/>\n<meta property=\"og:description\" content=\"Termeni \u0219i condi\u021bii 1. CONSIDERA\u0162II PRELIMINARE 1.1 Acces\u00e2nd \u0219i utiliz\u00e2nd website-ul www.tsvline.ro, accepta\u021bi aceste condi\u021bii, f\u0103r\u0103 limit\u0103ri sau calific\u0103ri, \u0219i lua\u021bi la cuno\u015ftin\u0163\u0103 c\u0103 orice acorduri \u00eentre dumneavoastr\u0103 \u015fi PM ALUMINIUM LINE (\u00een continuare, PM Line) se supun \u00een totalitate acestor Termeni \u0219i Condi\u021bii.1.2 PM \u0219i partenerii acestuia de\u0163in drepturile de proprietate intelectual\u0103 (inclusiv drepturile [&hellip;]\" \/>\n<meta property=\"og:url\" content=\"https:\/\/tsvline.com\/ro\/termeni-si-conditii\/\" \/>\n<meta property=\"og:site_name\" content=\"TSV\u00ae\" \/>\n<meta property=\"article:modified_time\" content=\"2022-11-04T21:34:20+00:00\" \/>\n<meta name=\"twitter:card\" content=\"summary_large_image\" \/>\n<meta name=\"twitter:label1\" content=\"Timp estimat pentru citire\" \/>\n\t<meta name=\"twitter:data1\" content=\"4 minute\" \/>\n<script type=\"application\/ld+json\" class=\"yoast-schema-graph\">{\"@context\":\"https:\/\/schema.org\",\"@graph\":[{\"@type\":\"WebPage\",\"@id\":\"https:\/\/tsvline.com\/ro\/termeni-si-conditii\/\",\"url\":\"https:\/\/tsvline.com\/ro\/termeni-si-conditii\/\",\"name\":\"Termeni \u0219i condi\u021bii | TSV\u00ae\",\"isPartOf\":{\"@id\":\"https:\/\/tsvline.com\/ro\/#website\"},\"datePublished\":\"2022-11-03T03:42:13+00:00\",\"dateModified\":\"2022-11-04T21:34:20+00:00\",\"breadcrumb\":{\"@id\":\"https:\/\/tsvline.com\/ro\/termeni-si-conditii\/#breadcrumb\"},\"inLanguage\":\"ro-RO\",\"potentialAction\":[{\"@type\":\"ReadAction\",\"target\":[\"https:\/\/tsvline.com\/ro\/termeni-si-conditii\/\"]}]},{\"@type\":\"BreadcrumbList\",\"@id\":\"https:\/\/tsvline.com\/ro\/termeni-si-conditii\/#breadcrumb\",\"itemListElement\":[{\"@type\":\"ListItem\",\"position\":1,\"name\":\"Home\",\"item\":\"https:\/\/tsvline.com\/ro\/\"},{\"@type\":\"ListItem\",\"position\":2,\"name\":\"Termeni \u0219i condi\u021bii\"}]},{\"@type\":\"WebSite\",\"@id\":\"https:\/\/tsvline.com\/ro\/#website\",\"url\":\"https:\/\/tsvline.com\/ro\/\",\"name\":\"TSV Line - Parte din PM Aluminium Line\",\"description\":\"Sistem de Glafuri din Aluminiu\",\"publisher\":{\"@id\":\"https:\/\/tsvline.com\/ro\/#organization\"},\"alternateName\":\"TSV\",\"potentialAction\":[{\"@type\":\"SearchAction\",\"target\":{\"@type\":\"EntryPoint\",\"urlTemplate\":\"https:\/\/tsvline.com\/ro\/?s={search_term_string}\"},\"query-input\":\"required name=search_term_string\"}],\"inLanguage\":\"ro-RO\"},{\"@type\":\"Organization\",\"@id\":\"https:\/\/tsvline.com\/ro\/#organization\",\"name\":\"TSV - PM Aluminium Line\",\"alternateName\":\"TSV\",\"url\":\"https:\/\/tsvline.com\/ro\/\",\"logo\":{\"@type\":\"ImageObject\",\"inLanguage\":\"ro-RO\",\"@id\":\"https:\/\/tsvline.com\/ro\/#\/schema\/logo\/image\/\",\"url\":\"https:\/\/tsvline.ro\/wp-content\/uploads\/2022\/10\/logo-v2.png\",\"contentUrl\":\"https:\/\/tsvline.ro\/wp-content\/uploads\/2022\/10\/logo-v2.png\",\"width\":1668,\"height\":1856,\"caption\":\"TSV - PM Aluminium Line\"},\"image\":{\"@id\":\"https:\/\/tsvline.com\/ro\/#\/schema\/logo\/image\/\"}}]}<\/script>\n<!-- \/ Yoast SEO plugin. -->","yoast_head_json":{"title":"Termeni \u0219i condi\u021bii | TSV\u00ae","robots":{"index":"noindex","follow":"follow"},"og_locale":"ro_RO","og_type":"article","og_title":"Termeni \u0219i condi\u021bii | TSV\u00ae","og_description":"Termeni \u0219i condi\u021bii 1. CONSIDERA\u0162II PRELIMINARE 1.1 Acces\u00e2nd \u0219i utiliz\u00e2nd website-ul www.tsvline.ro, accepta\u021bi aceste condi\u021bii, f\u0103r\u0103 limit\u0103ri sau calific\u0103ri, \u0219i lua\u021bi la cuno\u015ftin\u0163\u0103 c\u0103 orice acorduri \u00eentre dumneavoastr\u0103 \u015fi PM ALUMINIUM LINE (\u00een continuare, PM Line) se supun \u00een totalitate acestor Termeni \u0219i Condi\u021bii.1.2 PM \u0219i partenerii acestuia de\u0163in drepturile de proprietate intelectual\u0103 (inclusiv drepturile [&hellip;]","og_url":"https:\/\/tsvline.com\/ro\/termeni-si-conditii\/","og_site_name":"TSV\u00ae","article_modified_time":"2022-11-04T21:34:20+00:00","twitter_card":"summary_large_image","twitter_misc":{"Timp estimat pentru citire":"4 minute"},"schema":{"@context":"https:\/\/schema.org","@graph":[{"@type":"WebPage","@id":"https:\/\/tsvline.com\/ro\/termeni-si-conditii\/","url":"https:\/\/tsvline.com\/ro\/termeni-si-conditii\/","name":"Termeni \u0219i condi\u021bii | TSV\u00ae","isPartOf":{"@id":"https:\/\/tsvline.com\/ro\/#website"},"datePublished":"2022-11-03T03:42:13+00:00","dateModified":"2022-11-04T21:34:20+00:00","breadcrumb":{"@id":"https:\/\/tsvline.com\/ro\/termeni-si-conditii\/#breadcrumb"},"inLanguage":"ro-RO","potentialAction":[{"@type":"ReadAction","target":["https:\/\/tsvline.com\/ro\/termeni-si-conditii\/"]}]},{"@type":"BreadcrumbList","@id":"https:\/\/tsvline.com\/ro\/termeni-si-conditii\/#breadcrumb","itemListElement":[{"@type":"ListItem","position":1,"name":"Home","item":"https:\/\/tsvline.com\/ro\/"},{"@type":"ListItem","position":2,"name":"Termeni \u0219i condi\u021bii"}]},{"@type":"WebSite","@id":"https:\/\/tsvline.com\/ro\/#website","url":"https:\/\/tsvline.com\/ro\/","name":"TSV Line - Parte din PM Aluminium Line","description":"Sistem de Glafuri din Aluminiu","publisher":{"@id":"https:\/\/tsvline.com\/ro\/#organization"},"alternateName":"TSV","potentialAction":[{"@type":"SearchAction","target":{"@type":"EntryPoint","urlTemplate":"https:\/\/tsvline.com\/ro\/?s={search_term_string}"},"query-input":"required name=search_term_string"}],"inLanguage":"ro-RO"},{"@type":"Organization","@id":"https:\/\/tsvline.com\/ro\/#organization","name":"TSV - PM Aluminium Line","alternateName":"TSV","url":"https:\/\/tsvline.com\/ro\/","logo":{"@type":"ImageObject","inLanguage":"ro-RO","@id":"https:\/\/tsvline.com\/ro\/#\/schema\/logo\/image\/","url":"https:\/\/tsvline.ro\/wp-content\/uploads\/2022\/10\/logo-v2.png","contentUrl":"https:\/\/tsvline.ro\/wp-content\/uploads\/2022\/10\/logo-v2.png","width":1668,"height":1856,"caption":"TSV - PM Aluminium Line"},"image":{"@id":"https:\/\/tsvline.com\/ro\/#\/schema\/logo\/image\/"}}]}},"_links":{"self":[{"href":"https:\/\/tsvline.com\/ro\/wp-json\/wp\/v2\/pages\/2218","targetHints":{"allow":["GET"]}}],"collection":[{"href":"https:\/\/tsvline.com\/ro\/wp-json\/wp\/v2\/pages"}],"about":[{"href":"https:\/\/tsvline.com\/ro\/wp-json\/wp\/v2\/types\/page"}],"author":[{"embeddable":true,"href":"https:\/\/tsvline.com\/ro\/wp-json\/wp\/v2\/users\/3"}],"replies":[{"embeddable":true,"href":"https:\/\/tsvline.com\/ro\/wp-json\/wp\/v2\/comments?post=2218"}],"version-history":[{"count":8,"href":"https:\/\/tsvline.com\/ro\/wp-json\/wp\/v2\/pages\/2218\/revisions"}],"predecessor-version":[{"id":2398,"href":"https:\/\/tsvline.com\/ro\/wp-json\/wp\/v2\/pages\/2218\/revisions\/2398"}],"wp:attachment":[{"href":"https:\/\/tsvline.com\/ro\/wp-json\/wp\/v2\/media?parent=2218"}],"curies":[{"name":"wp","href":"https:\/\/api.w.org\/{rel}","templated":true}]}}