{"id":2212,"date":"2022-11-03T03:36:06","date_gmt":"2022-11-03T03:36:06","guid":{"rendered":"https:\/\/tsvline.com\/?page_id=2212"},"modified":"2022-11-04T21:27:32","modified_gmt":"2022-11-04T21:27:32","slug":"politica-cookies","status":"publish","type":"page","link":"https:\/\/tsvline.com\/ro\/politica-cookies\/","title":{"rendered":"Politic\u0103 cookies"},"content":{"rendered":"\t\t<div data-elementor-type=\"wp-page\" data-elementor-id=\"2212\" class=\"elementor elementor-2212\">\n\t\t\t\t\t\t\t\t\t<section class=\"elementor-section elementor-top-section elementor-element elementor-element-db51ccb elementor-section-boxed elementor-section-height-default elementor-section-height-default\" data-id=\"db51ccb\" data-element_type=\"section\">\n\t\t\t\t\t\t<div class=\"elementor-container elementor-column-gap-default\">\n\t\t\t\t\t<div class=\"elementor-column elementor-col-100 elementor-top-column elementor-element elementor-element-549d324\" data-id=\"549d324\" data-element_type=\"column\">\n\t\t\t<div class=\"elementor-widget-wrap elementor-element-populated\">\n\t\t\t\t\t\t\t\t<div class=\"elementor-element elementor-element-7e6d241 elementor-widget__width-inherit elementor-widget elementor-widget-heading\" data-id=\"7e6d241\" data-element_type=\"widget\" data-widget_type=\"heading.default\">\n\t\t\t\t<div class=\"elementor-widget-container\">\n\t\t\t<style>\/*! elementor - v3.11.5 - 14-03-2023 *\/\n.elementor-heading-title{padding:0;margin:0;line-height:1}.elementor-widget-heading .elementor-heading-title[class*=elementor-size-]>a{color:inherit;font-size:inherit;line-height:inherit}.elementor-widget-heading .elementor-heading-title.elementor-size-small{font-size:15px}.elementor-widget-heading .elementor-heading-title.elementor-size-medium{font-size:19px}.elementor-widget-heading .elementor-heading-title.elementor-size-large{font-size:29px}.elementor-widget-heading .elementor-heading-title.elementor-size-xl{font-size:39px}.elementor-widget-heading .elementor-heading-title.elementor-size-xxl{font-size:59px}<\/style><div class=\"elementor-heading-title elementor-size-default\">Politic\u0103 cookies<\/div>\t\t<\/div>\n\t\t\t\t<\/div>\n\t\t\t\t<div class=\"elementor-element elementor-element-fe177b3 elementor-widget__width-inherit elementor-widget elementor-widget-heading\" data-id=\"fe177b3\" data-element_type=\"widget\" data-widget_type=\"heading.default\">\n\t\t\t\t<div class=\"elementor-widget-container\">\n\t\t\t<p class=\"elementor-heading-title elementor-size-default\">1. PRELIMINARII<\/p>\t\t<\/div>\n\t\t\t\t<\/div>\n\t\t\t\t<div class=\"elementor-element elementor-element-59cfeee elementor-widget__width-inherit elementor-widget elementor-widget-text-editor\" data-id=\"59cfeee\" data-element_type=\"widget\" data-widget_type=\"text-editor.default\">\n\t\t\t\t<div class=\"elementor-widget-container\">\n\t\t\t<style>\/*! elementor - v3.11.5 - 14-03-2023 *\/\n.elementor-widget-text-editor.elementor-drop-cap-view-stacked .elementor-drop-cap{background-color:#818a91;color:#fff}.elementor-widget-text-editor.elementor-drop-cap-view-framed .elementor-drop-cap{color:#818a91;border:3px solid;background-color:transparent}.elementor-widget-text-editor:not(.elementor-drop-cap-view-default) .elementor-drop-cap{margin-top:8px}.elementor-widget-text-editor:not(.elementor-drop-cap-view-default) .elementor-drop-cap-letter{width:1em;height:1em}.elementor-widget-text-editor .elementor-drop-cap{float:left;text-align:center;line-height:1;font-size:50px}.elementor-widget-text-editor .elementor-drop-cap-letter{display:inline-block}<\/style>\t\t\t\t1.1 Aceast\u0103 politic\u0103 se refer\u0103 la cookie-urile utilizate pe website-ul www.tsvline.ro de\u0163inut de PM ALUMINIUM LINE S.R.L. cu sediul social in Str. Corneliu Coposu, Nr.167, Birou 2, Et.2, ClujNapoca, Judet: Cluj, CUI: RO40082972.\t\t\t\t\t\t<\/div>\n\t\t\t\t<\/div>\n\t\t\t\t<div class=\"elementor-element elementor-element-cd9ea8a elementor-widget__width-inherit elementor-widget elementor-widget-heading\" data-id=\"cd9ea8a\" data-element_type=\"widget\" data-widget_type=\"heading.default\">\n\t\t\t\t<div class=\"elementor-widget-container\">\n\t\t\t<p class=\"elementor-heading-title elementor-size-default\">2. CE SUNT COOKIE-URILE?<\/p>\t\t<\/div>\n\t\t\t\t<\/div>\n\t\t\t\t<div class=\"elementor-element elementor-element-e4d6371 elementor-widget__width-inherit elementor-widget elementor-widget-text-editor\" data-id=\"e4d6371\" data-element_type=\"widget\" data-widget_type=\"text-editor.default\">\n\t\t\t\t<div class=\"elementor-widget-container\">\n\t\t\t\t\t\t\t2.1 Site-ul web www.tsvline.ro  folose\u0219te module cookie pentru a oferi utilizatorului o experien\u0163\u0103 online intuitiv\u0103, interactiv\u0103 \u015fi adaptat\u0103 nevoilor \u015fi cerin\u0163elor sale.\t\t\t\t\t\t<\/div>\n\t\t\t\t<\/div>\n\t\t\t\t<div class=\"elementor-element elementor-element-176eabe elementor-widget__width-inherit elementor-widget elementor-widget-text-editor\" data-id=\"176eabe\" data-element_type=\"widget\" data-widget_type=\"text-editor.default\">\n\t\t\t\t<div class=\"elementor-widget-container\">\n\t\t\t\t\t\t\t2.2 Cookie-urile sunt fragmente de text plasate \u00een dispozitivul de pe care se acceseaz\u0103 site-ul www.tsvline.ro. Aceast\u0103 tehnologie de stocare automat\u0103 a datelor este foarte r\u0103sp\u00e2ndit\u0103 \u0219i se folose\u0219te pentru a colecta informa\u021bii precum tipul de browser \u0219i sistemul de operare, pagina surs\u0103, denumirea domeniului din care vizitatorul s-a conectat la site-ul www.tsvline.ro etc., cu scopul de a \u00een\u021belege cum folosesc vizitatorii aceast\u0103 pagina web. Modulele Cookies ne ajut\u0103 s\u0103 adapt\u0103m con\u021binutul website-ului \u00een func\u021bie de nevoile utilizatorilor \u015fi ne ajut\u0103 s\u0103 men\u0163inem site-ul func\u0163ional.\t\t\t\t\t\t<\/div>\n\t\t\t\t<\/div>\n\t\t\t\t<div class=\"elementor-element elementor-element-25a0958 elementor-widget__width-inherit elementor-widget elementor-widget-text-editor\" data-id=\"25a0958\" data-element_type=\"widget\" data-widget_type=\"text-editor.default\">\n\t\t\t\t<div class=\"elementor-widget-container\">\n\t\t\t\t\t\t\t2.3 Un modul cookie nu con\u0163ine \u015fi nu este alc\u0103tuit din fragmente de cod. Cookie-ul nu poate fi replicat sau duplicat \u015fi nu poate produce nicio modificare \u00een dispozitivul pe care este stocat, motiv pentru care nu poate reprezenta nicio amenin\u0163are pentru securitatea informa\u0163iilor stocate \u00een dispozitivul utilizatorului.\t\t\t\t\t\t<\/div>\n\t\t\t\t<\/div>\n\t\t\t\t<div class=\"elementor-element elementor-element-71f90e2 elementor-widget__width-inherit elementor-widget elementor-widget-heading\" data-id=\"71f90e2\" data-element_type=\"widget\" data-widget_type=\"heading.default\">\n\t\t\t\t<div class=\"elementor-widget-container\">\n\t\t\t<p class=\"elementor-heading-title elementor-size-default\">3. LA CE SUNT FOLOSITE COOKIE-URILE?<\/p>\t\t<\/div>\n\t\t\t\t<\/div>\n\t\t\t\t<div class=\"elementor-element elementor-element-811e2b2 elementor-widget__width-inherit elementor-widget elementor-widget-text-editor\" data-id=\"811e2b2\" data-element_type=\"widget\" data-widget_type=\"text-editor.default\">\n\t\t\t\t<div class=\"elementor-widget-container\">\n\t\t\t\t\t\t\t3.1 Majoritatea browserelor web, telefoanelor smart \u0219i alte dispozitive adaptate navig\u0103rii pe Internet sunt, \u00een mod normal, setate s\u0103 accepte module cookie.\t\t\t\t\t\t<\/div>\n\t\t\t\t<\/div>\n\t\t\t\t<div class=\"elementor-element elementor-element-37395ba elementor-widget__width-inherit elementor-widget elementor-widget-text-editor\" data-id=\"37395ba\" data-element_type=\"widget\" data-widget_type=\"text-editor.default\">\n\t\t\t\t<div class=\"elementor-widget-container\">\n\t\t\t\t\t\t\t3.2 Cookie-urile folosite de site-ul www.tsvline.ro nu solicit\u0103 informa\u021bii cu caracter personal \u0219i nici nu identific\u0103 personal utilizatorii de internet. Datele colectate prin intermediul cookie-urilor au un caracter pur statistic \u015fi obiectiv, scopul lor fiind acela de a \u00eembun\u0103t\u0103\u0163i experien\u0163a utilizatorului site-ului nostru.\t\t\t\t\t\t<\/div>\n\t\t\t\t<\/div>\n\t\t\t\t<div class=\"elementor-element elementor-element-ee9a343 elementor-widget__width-inherit elementor-widget elementor-widget-text-editor\" data-id=\"ee9a343\" data-element_type=\"widget\" data-widget_type=\"text-editor.default\">\n\t\t\t\t<div class=\"elementor-widget-container\">\n\t\t\t\t\t\t\t3.3 Utilizatorul are la dispozi\u0163ie mai multe posibilit\u0103\u021bi de administrare a modulelor cookie stocate pe dispozitivul de pe care acceseaz\u0103 un site web. Se pot modifica set\u0103rile browserului astfel \u00eenc\u00e2t s\u0103 nu accepte module cookie sau, depinz\u00e2nd de browserul folosit, utilizatorul poate fi avertizat dac\u0103 un website \u00eencearc\u0103 s\u0103 plaseze un modul cookie.\t\t\t\t\t\t<\/div>\n\t\t\t\t<\/div>\n\t\t\t\t<div class=\"elementor-element elementor-element-b64e872 elementor-widget__width-inherit elementor-widget elementor-widget-heading\" data-id=\"b64e872\" data-element_type=\"widget\" data-widget_type=\"heading.default\">\n\t\t\t\t<div class=\"elementor-widget-container\">\n\t\t\t<p class=\"elementor-heading-title elementor-size-default\">4. CE COOKIE-URI FOLOSIM?<\/p>\t\t<\/div>\n\t\t\t\t<\/div>\n\t\t\t\t<div class=\"elementor-element elementor-element-fd36422 elementor-widget__width-inherit elementor-widget elementor-widget-text-editor\" data-id=\"fd36422\" data-element_type=\"widget\" data-widget_type=\"text-editor.default\">\n\t\t\t\t<div class=\"elementor-widget-container\">\n\t\t\t\t\t\t\t4.1 Pe site-ul www.tsvline.ro sunt folosite urm\u0103toarele tipuri de cookie-uri:\t\t\t\t\t\t<\/div>\n\t\t\t\t<\/div>\n\t\t\t\t<div class=\"elementor-element elementor-element-254f2e5 elementor-widget__width-inherit elementor-widget elementor-widget-text-editor\" data-id=\"254f2e5\" data-element_type=\"widget\" data-widget_type=\"text-editor.default\">\n\t\t\t\t<div class=\"elementor-widget-container\">\n\t\t\t\t\t\t\tA. pentru func\u021bionarea site-ului \u00een mai multe limbi (multilanguage), pentru ultimei limbi accesate de ultilizator\t\t\t\t\t\t<\/div>\n\t\t\t\t<\/div>\n\t\t\t\t<div class=\"elementor-element elementor-element-a05c0e0 elementor-widget__width-inherit elementor-widget elementor-widget-text-editor\" data-id=\"a05c0e0\" data-element_type=\"widget\" data-widget_type=\"text-editor.default\">\n\t\t\t\t<div class=\"elementor-widget-container\">\n\t\t\t\t\t\t\tB. cookie-uri Google Analytics care permit PM LINE stocarea statisticilor cu privire la folosirea site-ului de c\u0103tre utilizatori.\t\t\t\t\t\t<\/div>\n\t\t\t\t<\/div>\n\t\t\t\t<div class=\"elementor-element elementor-element-793b6ee elementor-widget__width-inherit elementor-widget elementor-widget-heading\" data-id=\"793b6ee\" data-element_type=\"widget\" data-widget_type=\"heading.default\">\n\t\t\t\t<div class=\"elementor-widget-container\">\n\t\t\t<p class=\"elementor-heading-title elementor-size-default\">5. RECOMANDAREA NOASTR\u0102<\/p>\t\t<\/div>\n\t\t\t\t<\/div>\n\t\t\t\t<div class=\"elementor-element elementor-element-7f64b49 elementor-widget__width-inherit elementor-widget elementor-widget-text-editor\" data-id=\"7f64b49\" data-element_type=\"widget\" data-widget_type=\"text-editor.default\">\n\t\t\t\t<div class=\"elementor-widget-container\">\n\t\t\t\t\t\t\t5.1 Pentru ca website-ul www.tsvline.ro s\u0103 func\u0163ioneze la capacitate maxim\u0103 este necesar s\u0103 fie permis\u0103 utilizarea \/ stocarea modulelor cookie ale acestui website. Anumite caracteristici ale website-ul www.tsvline.ro nu vor func\u021biona dac\u0103 modulele cookies sunt respinse.\t\t\t\t\t\t<\/div>\n\t\t\t\t<\/div>\n\t\t\t\t<div class=\"elementor-element elementor-element-2f865da elementor-widget__width-inherit elementor-widget elementor-widget-text-editor\" data-id=\"2f865da\" data-element_type=\"widget\" data-widget_type=\"text-editor.default\">\n\t\t\t\t<div class=\"elementor-widget-container\">\n\t\t\t\t\t\t\t5.2 Ne rezerv\u0103m dreptul de a face orice complet\u0103ri sau modific\u0103ri \u00een aceast\u0103 sec\u0163iune. \u00cen acest context, recomand\u0103m utilizatorilor \/ vizitatorilor s\u0103 verifice con\u0163inutul acestei pagini \u00een mod regulat pentru a se informa asupra variantei actualizate a acestei politici.\t\t\t\t\t\t<\/div>\n\t\t\t\t<\/div>\n\t\t\t\t<div class=\"elementor-element elementor-element-d08a1d0 elementor-widget__width-inherit elementor-widget elementor-widget-text-editor\" data-id=\"d08a1d0\" data-element_type=\"widget\" data-widget_type=\"text-editor.default\">\n\t\t\t\t<div class=\"elementor-widget-container\">\n\t\t\t\t\t\t\t5.3 De asemenea, men\u0163ion\u0103m faptul c\u0103 de fiecare dat\u0103 c\u00e2nd vom modifica prezenta sec\u0163iune, vom men\u0163iona \u00een antetul\/subsolul paginii data la care a avut loc ultima actualizare.\t\t\t\t\t\t<\/div>\n\t\t\t\t<\/div>\n\t\t\t\t\t<\/div>\n\t\t<\/div>\n\t\t\t\t\t\t\t<\/div>\n\t\t<\/section>\n\t\t\t\t\t\t\t<\/div>\n\t\t","protected":false},"excerpt":{"rendered":"<p>Politic\u0103 cookies 1. PRELIMINARII 1.1 Aceast\u0103 politic\u0103 se refer\u0103 la cookie-urile utilizate pe website-ul www.tsvline.ro de\u0163inut de PM ALUMINIUM LINE S.R.L. cu sediul social in Str. Corneliu Coposu, Nr.167, Birou 2, Et.2, ClujNapoca, Judet: Cluj, CUI: RO40082972. 2. CE SUNT COOKIE-URILE? 2.1 Site-ul web www.tsvline.ro folose\u0219te module cookie pentru a oferi utilizatorului o experien\u0163\u0103 online [&hellip;]<\/p>\n","protected":false},"author":3,"featured_media":0,"parent":0,"menu_order":0,"comment_status":"closed","ping_status":"closed","template":"","meta":{"footnotes":""},"class_list":["post-2212","page","type-page","status-publish","hentry"],"yoast_head":"<!-- This site is optimized with the Yoast SEO plugin v19.9 - https:\/\/yoast.com\/wordpress\/plugins\/seo\/ -->\n<title>Politic\u0103 cookies | TSV\u00ae<\/title>\n<meta name=\"robots\" content=\"noindex, follow\" \/>\n<meta property=\"og:locale\" content=\"ro_RO\" \/>\n<meta property=\"og:type\" content=\"article\" \/>\n<meta property=\"og:title\" content=\"Politic\u0103 cookies | TSV\u00ae\" \/>\n<meta property=\"og:description\" content=\"Politic\u0103 cookies 1. PRELIMINARII 1.1 Aceast\u0103 politic\u0103 se refer\u0103 la cookie-urile utilizate pe website-ul www.tsvline.ro de\u0163inut de PM ALUMINIUM LINE S.R.L. cu sediul social in Str. Corneliu Coposu, Nr.167, Birou 2, Et.2, ClujNapoca, Judet: Cluj, CUI: RO40082972. 2. CE SUNT COOKIE-URILE? 2.1 Site-ul web www.tsvline.ro folose\u0219te module cookie pentru a oferi utilizatorului o experien\u0163\u0103 online [&hellip;]\" \/>\n<meta property=\"og:url\" content=\"https:\/\/tsvline.com\/ro\/politica-cookies\/\" \/>\n<meta property=\"og:site_name\" content=\"TSV\u00ae\" \/>\n<meta property=\"article:modified_time\" content=\"2022-11-04T21:27:32+00:00\" \/>\n<meta name=\"twitter:card\" content=\"summary_large_image\" \/>\n<meta name=\"twitter:label1\" content=\"Timp estimat pentru citire\" \/>\n\t<meta name=\"twitter:data1\" content=\"3 minute\" \/>\n<script type=\"application\/ld+json\" class=\"yoast-schema-graph\">{\"@context\":\"https:\/\/schema.org\",\"@graph\":[{\"@type\":\"WebPage\",\"@id\":\"https:\/\/tsvline.com\/ro\/politica-cookies\/\",\"url\":\"https:\/\/tsvline.com\/ro\/politica-cookies\/\",\"name\":\"Politic\u0103 cookies | TSV\u00ae\",\"isPartOf\":{\"@id\":\"https:\/\/tsvline.com\/ro\/#website\"},\"datePublished\":\"2022-11-03T03:36:06+00:00\",\"dateModified\":\"2022-11-04T21:27:32+00:00\",\"breadcrumb\":{\"@id\":\"https:\/\/tsvline.com\/ro\/politica-cookies\/#breadcrumb\"},\"inLanguage\":\"ro-RO\",\"potentialAction\":[{\"@type\":\"ReadAction\",\"target\":[\"https:\/\/tsvline.com\/ro\/politica-cookies\/\"]}]},{\"@type\":\"BreadcrumbList\",\"@id\":\"https:\/\/tsvline.com\/ro\/politica-cookies\/#breadcrumb\",\"itemListElement\":[{\"@type\":\"ListItem\",\"position\":1,\"name\":\"Home\",\"item\":\"https:\/\/tsvline.com\/ro\/\"},{\"@type\":\"ListItem\",\"position\":2,\"name\":\"Politic\u0103 cookies\"}]},{\"@type\":\"WebSite\",\"@id\":\"https:\/\/tsvline.com\/ro\/#website\",\"url\":\"https:\/\/tsvline.com\/ro\/\",\"name\":\"TSV Line - Parte din PM Aluminium Line\",\"description\":\"Sistem de Glafuri din Aluminiu\",\"publisher\":{\"@id\":\"https:\/\/tsvline.com\/ro\/#organization\"},\"alternateName\":\"TSV\",\"potentialAction\":[{\"@type\":\"SearchAction\",\"target\":{\"@type\":\"EntryPoint\",\"urlTemplate\":\"https:\/\/tsvline.com\/ro\/?s={search_term_string}\"},\"query-input\":\"required name=search_term_string\"}],\"inLanguage\":\"ro-RO\"},{\"@type\":\"Organization\",\"@id\":\"https:\/\/tsvline.com\/ro\/#organization\",\"name\":\"TSV - PM Aluminium Line\",\"alternateName\":\"TSV\",\"url\":\"https:\/\/tsvline.com\/ro\/\",\"logo\":{\"@type\":\"ImageObject\",\"inLanguage\":\"ro-RO\",\"@id\":\"https:\/\/tsvline.com\/ro\/#\/schema\/logo\/image\/\",\"url\":\"https:\/\/tsvline.ro\/wp-content\/uploads\/2022\/10\/logo-v2.png\",\"contentUrl\":\"https:\/\/tsvline.ro\/wp-content\/uploads\/2022\/10\/logo-v2.png\",\"width\":1668,\"height\":1856,\"caption\":\"TSV - PM Aluminium Line\"},\"image\":{\"@id\":\"https:\/\/tsvline.com\/ro\/#\/schema\/logo\/image\/\"}}]}<\/script>\n<!-- \/ Yoast SEO plugin. -->","yoast_head_json":{"title":"Politic\u0103 cookies | TSV\u00ae","robots":{"index":"noindex","follow":"follow"},"og_locale":"ro_RO","og_type":"article","og_title":"Politic\u0103 cookies | TSV\u00ae","og_description":"Politic\u0103 cookies 1. PRELIMINARII 1.1 Aceast\u0103 politic\u0103 se refer\u0103 la cookie-urile utilizate pe website-ul www.tsvline.ro de\u0163inut de PM ALUMINIUM LINE S.R.L. cu sediul social in Str. Corneliu Coposu, Nr.167, Birou 2, Et.2, ClujNapoca, Judet: Cluj, CUI: RO40082972. 2. CE SUNT COOKIE-URILE? 2.1 Site-ul web www.tsvline.ro folose\u0219te module cookie pentru a oferi utilizatorului o experien\u0163\u0103 online [&hellip;]","og_url":"https:\/\/tsvline.com\/ro\/politica-cookies\/","og_site_name":"TSV\u00ae","article_modified_time":"2022-11-04T21:27:32+00:00","twitter_card":"summary_large_image","twitter_misc":{"Timp estimat pentru citire":"3 minute"},"schema":{"@context":"https:\/\/schema.org","@graph":[{"@type":"WebPage","@id":"https:\/\/tsvline.com\/ro\/politica-cookies\/","url":"https:\/\/tsvline.com\/ro\/politica-cookies\/","name":"Politic\u0103 cookies | TSV\u00ae","isPartOf":{"@id":"https:\/\/tsvline.com\/ro\/#website"},"datePublished":"2022-11-03T03:36:06+00:00","dateModified":"2022-11-04T21:27:32+00:00","breadcrumb":{"@id":"https:\/\/tsvline.com\/ro\/politica-cookies\/#breadcrumb"},"inLanguage":"ro-RO","potentialAction":[{"@type":"ReadAction","target":["https:\/\/tsvline.com\/ro\/politica-cookies\/"]}]},{"@type":"BreadcrumbList","@id":"https:\/\/tsvline.com\/ro\/politica-cookies\/#breadcrumb","itemListElement":[{"@type":"ListItem","position":1,"name":"Home","item":"https:\/\/tsvline.com\/ro\/"},{"@type":"ListItem","position":2,"name":"Politic\u0103 cookies"}]},{"@type":"WebSite","@id":"https:\/\/tsvline.com\/ro\/#website","url":"https:\/\/tsvline.com\/ro\/","name":"TSV Line - Parte din PM Aluminium Line","description":"Sistem de Glafuri din Aluminiu","publisher":{"@id":"https:\/\/tsvline.com\/ro\/#organization"},"alternateName":"TSV","potentialAction":[{"@type":"SearchAction","target":{"@type":"EntryPoint","urlTemplate":"https:\/\/tsvline.com\/ro\/?s={search_term_string}"},"query-input":"required name=search_term_string"}],"inLanguage":"ro-RO"},{"@type":"Organization","@id":"https:\/\/tsvline.com\/ro\/#organization","name":"TSV - PM Aluminium Line","alternateName":"TSV","url":"https:\/\/tsvline.com\/ro\/","logo":{"@type":"ImageObject","inLanguage":"ro-RO","@id":"https:\/\/tsvline.com\/ro\/#\/schema\/logo\/image\/","url":"https:\/\/tsvline.ro\/wp-content\/uploads\/2022\/10\/logo-v2.png","contentUrl":"https:\/\/tsvline.ro\/wp-content\/uploads\/2022\/10\/logo-v2.png","width":1668,"height":1856,"caption":"TSV - PM Aluminium Line"},"image":{"@id":"https:\/\/tsvline.com\/ro\/#\/schema\/logo\/image\/"}}]}},"_links":{"self":[{"href":"https:\/\/tsvline.com\/ro\/wp-json\/wp\/v2\/pages\/2212","targetHints":{"allow":["GET"]}}],"collection":[{"href":"https:\/\/tsvline.com\/ro\/wp-json\/wp\/v2\/pages"}],"about":[{"href":"https:\/\/tsvline.com\/ro\/wp-json\/wp\/v2\/types\/page"}],"author":[{"embeddable":true,"href":"https:\/\/tsvline.com\/ro\/wp-json\/wp\/v2\/users\/3"}],"replies":[{"embeddable":true,"href":"https:\/\/tsvline.com\/ro\/wp-json\/wp\/v2\/comments?post=2212"}],"version-history":[{"count":12,"href":"https:\/\/tsvline.com\/ro\/wp-json\/wp\/v2\/pages\/2212\/revisions"}],"predecessor-version":[{"id":3076,"href":"https:\/\/tsvline.com\/ro\/wp-json\/wp\/v2\/pages\/2212\/revisions\/3076"}],"wp:attachment":[{"href":"https:\/\/tsvline.com\/ro\/wp-json\/wp\/v2\/media?parent=2212"}],"curies":[{"name":"wp","href":"https:\/\/api.w.org\/{rel}","templated":true}]}}