{"id":144,"date":"2023-04-11T16:00:59","date_gmt":"2023-04-11T16:00:59","guid":{"rendered":"https:\/\/tsvline.com\/?page_id=144"},"modified":"2022-04-29T10:18:29","modified_gmt":"2022-04-29T10:18:29","slug":"despre-noi","status":"publish","type":"page","link":"https:\/\/tsvline.com\/ro\/despre-noi\/","title":{"rendered":"Despre Noi"},"content":{"rendered":"\n<style type=\"text\/css\" data-created_by=\"avia_inline_auto\" id=\"style-css-av-94sj4-507bed36fda755ffcfa12bfa61e0fe67\">\n.avia-section.av-94sj4-507bed36fda755ffcfa12bfa61e0fe67 .av-parallax .av-parallax-inner{\nbackground-repeat:no-repeat;\nbackground-image:url(https:\/\/tsvline.com\/wp-content\/uploads\/2022\/01\/2.-Bloc-Culoare-TSV-fara-schita-2-300x225.jpg);\nbackground-position:100% 50%;\nbackground-attachment:scroll;\n}\n.avia-section.av-94sj4-507bed36fda755ffcfa12bfa61e0fe67 .av-section-color-overlay{\nopacity:0.9;\nbackground-color:#0a0a0a;\n}\n<\/style>\n<div id='av_section_1'  class='avia-section av-94sj4-507bed36fda755ffcfa12bfa61e0fe67 alternate_color avia-section-small avia-no-border-styling  avia-builder-el-0  el_before_av_section  avia-builder-el-first  avia-full-stretch av-parallax-section avia-bg-style-parallax av-section-color-overlay-active  av-medium-hide av-small-hide av-mini-hide container_wrap fullsize'  data-section-bg-repeat='stretch'><div class='av-parallax' data-avia-parallax-ratio='0.3' ><div class='av-parallax-inner alternate_color avia-full-stretch'><\/div><\/div><div class='av-section-color-overlay-wrap'><div class=\"av-section-color-overlay\"><\/div><div class='container av-section-cont-open' ><main  role=\"main\" itemprop=\"mainContentOfPage\"  class='template-page content  av-content-full alpha units'><div class='post-entry post-entry-type-page post-entry-144'><div class='entry-content-wrapper clearfix'>\n<\/div><\/div><\/main><!-- close content main element --><\/div><\/div><\/div><div id='av_section_2'  class='avia-section av-2q694w-0c3dcfe8f3e54e9e1f5666f675b8a663 main_color avia-section-default avia-no-border-styling  avia-builder-el-1  el_after_av_section  avia-builder-el-last  avia-bg-style-scroll  container_wrap fullsize'  ><div class='container av-section-cont-open' ><div class='template-page content  av-content-full alpha units'><div class='post-entry post-entry-type-page post-entry-144'><div class='entry-content-wrapper clearfix'>\n<div class='flex_column av-gfbx4-69d8c84164ba5c9e023ad3bca238e73f av_one_fifth  avia-builder-el-2  el_before_av_three_fifth  avia-builder-el-first  first flex_column_div '   ><\/div><div class='flex_column av-2etxag-b244d94f88953806c887bafcc61073e2 av_three_fifth  avia-builder-el-3  el_after_av_one_fifth  el_before_av_one_fifth  flex_column_div '   ><p>\n<style type=\"text\/css\" data-created_by=\"avia_inline_auto\" id=\"style-css-av-27por4-e5f4bf913133135a90c2af25fa96a728\">\n.avia-image-container.av-27por4-e5f4bf913133135a90c2af25fa96a728 .av-image-caption-overlay-center{\ncolor:#ffffff;\n}\n<\/style>\n<div  class='avia-image-container av-27por4-e5f4bf913133135a90c2af25fa96a728 av-styling- avia-align-center  avia-builder-el-4  el_before_av_textblock  avia-builder-el-first  '  itemprop=\"image\" itemscope=\"itemscope\" itemtype=\"https:\/\/schema.org\/ImageObject\" ><div class=\"avia-image-container-inner\"><div class=\"avia-image-overlay-wrap\"><img decoding=\"async\" class='wp-image-2953 avia-img-lazy-loading-not-2953 avia_image' src=\"https:\/\/tsvline.com\/wp-content\/uploads\/2022\/02\/COPERTA-2-FINAL-TSV-1030x579.jpg\" alt='' title='COPERTA (2) FINAL TSV'  height=\"579\" width=\"1030\"  itemprop=\"thumbnailUrl\" srcset=\"https:\/\/tsvline.com\/wp-content\/uploads\/2022\/02\/COPERTA-2-FINAL-TSV-1030x579.jpg 1030w, https:\/\/tsvline.com\/wp-content\/uploads\/2022\/02\/COPERTA-2-FINAL-TSV-300x169.jpg 300w, https:\/\/tsvline.com\/wp-content\/uploads\/2022\/02\/COPERTA-2-FINAL-TSV-768x432.jpg 768w, https:\/\/tsvline.com\/wp-content\/uploads\/2022\/02\/COPERTA-2-FINAL-TSV-1536x864.jpg 1536w, https:\/\/tsvline.com\/wp-content\/uploads\/2022\/02\/COPERTA-2-FINAL-TSV-2048x1152.jpg 2048w, https:\/\/tsvline.com\/wp-content\/uploads\/2022\/02\/COPERTA-2-FINAL-TSV-1500x844.jpg 1500w, https:\/\/tsvline.com\/wp-content\/uploads\/2022\/02\/COPERTA-2-FINAL-TSV-705x397.jpg 705w\" sizes=\"(max-width: 1030px) 100vw, 1030px\" \/><\/div><\/div><\/div><br \/>\n<section  class='av_textblock_section av-22rfbc-75f5ebc51c54becc8a3e3c5a45bd9da5 '  itemscope=\"itemscope\" itemtype=\"https:\/\/schema.org\/CreativeWork\" ><div class='avia_textblock '  itemprop=\"text\" ><p><strong>T<\/strong>ran<strong>-S<\/strong>ill<strong>-V<\/strong>ania<\/p>\n<p>Din totdeauna ne-am dedicat dezvolt\u0103rii de produse sigure \u0219i de cea mai \u00eenalt\u0103 calitate care s\u0103 satisfac\u0103 toate exigen\u021bele, nevoile \u0219i gusturile clien\u021bilor.<\/p>\n<p>Prin lansarea brandului\u00a0<strong>TSV\u00a0<\/strong>membr\u0103 PM am realizat un pas ambi\u021bios, care se constituie \u00eentr-o parte esen\u021bial\u0103 a\u00a0strategiei proprii de cre\u015ftere sustenabil\u0103.<\/p>\n<p>Cel mai important aspect legat de noul brand este dat de faptul c\u0103 reprezint\u0103 un concept complet \u015fi perfect integrat, distribuit prin intermediul diviziei <strong>PM Aluminium Line<\/strong> din cadrul holdingului, a c\u0103rei ofert\u0103 se adreseaz\u0103 \u00een principal dealerilor de t\u00e2mpl\u0103rie termoizolant\u0103, companiilor specializate \u00een montaj, depozitelor de materiale de construc\u0163ii \u015fi centrelor de bricolaj.<\/p>\n<p><strong>Ne ax\u0103m permanent pe inova\u021bie<\/strong><\/p>\n<p>Integritate, responsabilitate, pasiune sunt c\u00e2teva dintre elementele definitorii care stau la baza dezvolt\u0103rii brandului <strong>TSV<\/strong>.<\/p>\n<p>Toate acestea, al\u0103turi de profesionalismul angaja\u0163ilor, garan\u0163ia calit\u0103\u0163ii produselor promovate \u015fi inova\u0163ia permanent\u0103 ce asigur\u0103 dinamismul portofoliului de produse creeaz\u0103 imaginea unui furnizor complet, ce activeaz\u0103 pe pia\u0163a autohton\u0103 de t\u00e2mpl\u0103rie termoizolant\u0103.<\/p>\n<p><strong>Ne propunem ca TSV s\u0103 devin\u0103 un element de referin\u021b\u0103 pentru operatorii profesioni\u0219ti, specializa\u0163i \u00een livrarea de produse \u0219i servicii de consultan\u021b\u0103 pentru finisajul deschiderii ferestrei \u0219i instalarea acesteia. <\/strong><\/p>\n<\/div><\/section><\/p><\/div><div class='flex_column av-3axs-78c5eb14a3b2dcad96322f1877603919 av_one_fifth  avia-builder-el-6  el_after_av_three_fifth  el_before_av_one_fifth  flex_column_div '   ><\/div><div class='flex_column av-e08w0-bbdfcdea06416e44fd83347e5e42ee1c av_one_fifth  avia-builder-el-7  el_after_av_one_fifth  el_before_av_three_fifth  first flex_column_div column-top-margin'   ><\/div><div class='flex_column av-1j7um0-9f5c27711c61b7944461b5917e610fb2 av_three_fifth  avia-builder-el-8  el_after_av_one_fifth  el_before_av_one_fifth  flex_column_div column-top-margin'   ><p>\n<style type=\"text\/css\" data-created_by=\"avia_inline_auto\" id=\"style-css-av-1frzi8-23278cdc907849e0173c9a9e3e288661\">\n.avia-image-container.av-1frzi8-23278cdc907849e0173c9a9e3e288661 .av-image-caption-overlay-center{\ncolor:#ffffff;\n}\n<\/style>\n<div  class='avia-image-container av-1frzi8-23278cdc907849e0173c9a9e3e288661 av-styling- avia-align-center  avia-builder-el-9  el_before_av_textblock  avia-builder-el-first  '  itemprop=\"image\" itemscope=\"itemscope\" itemtype=\"https:\/\/schema.org\/ImageObject\" ><div class=\"avia-image-container-inner\"><div class=\"avia-image-overlay-wrap\"><img decoding=\"async\" class='wp-image-2769 avia-img-lazy-loading-not-2769 avia_image' src=\"https:\/\/tsvline.com\/wp-content\/uploads\/2022\/01\/1.-Bloc-Culoare-TSV-Schitat-1-1335x630.jpg\" alt='' title='1. Bloc Culoare TSV Schitat (1)'  height=\"630\" width=\"1335\"  itemprop=\"thumbnailUrl\"  \/><\/div><\/div><\/div><br \/>\n<section  class='av_textblock_section av-11kl0g-6a899dd0f05bab3c980bf83efa3158b2 '  itemscope=\"itemscope\" itemtype=\"https:\/\/schema.org\/CreativeWork\" ><div class='avia_textblock '  itemprop=\"text\" ><p>Un rol esen\u0163ial \u00een conturarea \u015fi implementarea strategiei de dezvoltare <strong>TSV<\/strong> l-a avut \u015fi echipa managerial\u0103 performant\u0103, a c\u0103rei activitate a fost sus\u0163inut\u0103 de to\u0163i exper\u0163ii tehnici \u015fi de v\u00e2nz\u0103ri ai companiei.<\/p>\n<p><strong>Trecere la nivelul urm\u0103tor de calitate \u015fi performan\u0163\u0103 prin TSV.<\/strong><\/p>\n<\/div><\/section><\/p><\/div><div class='flex_column av-7ud8g-4d8bc691e197820c772710f8792c4eaf av_one_fifth  avia-builder-el-11  el_after_av_three_fifth  el_before_av_one_fifth  flex_column_div column-top-margin'   ><\/div><div class='flex_column av-gakmg-97b6a8dce83e2669e54eae38608f3f5e av_one_fifth  avia-builder-el-12  el_after_av_one_fifth  el_before_av_three_fifth  first flex_column_div column-top-margin'   ><\/div><div class='flex_column av-1dgz4-612c5362e527773999f6544c7080f3d1 av_three_fifth  avia-builder-el-13  el_after_av_one_fifth  el_before_av_one_fifth  flex_column_div column-top-margin'   ><p>\n<style type=\"text\/css\" data-created_by=\"avia_inline_auto\" id=\"style-css-av-8admg-f83fb9e29f7d2f4dd8012c67604f4815\">\n.avia-image-container.av-8admg-f83fb9e29f7d2f4dd8012c67604f4815 .av-image-caption-overlay-center{\ncolor:#ffffff;\n}\n<\/style>\n<div  class='avia-image-container av-8admg-f83fb9e29f7d2f4dd8012c67604f4815 av-styling- avia-align-center  avia-builder-el-14  el_before_av_textblock  avia-builder-el-first  '  itemprop=\"image\" itemscope=\"itemscope\" itemtype=\"https:\/\/schema.org\/ImageObject\" ><div class=\"avia-image-container-inner\"><div class=\"avia-image-overlay-wrap\"><img decoding=\"async\" class='wp-image-2945 avia-img-lazy-loading-not-2945 avia_image' src=\"https:\/\/tsvline.com\/wp-content\/uploads\/2022\/01\/TSV-Diversity-Colors-1500x844.jpg\" alt='' title='TSV Diversity Colors'  height=\"844\" width=\"1500\"  itemprop=\"thumbnailUrl\" srcset=\"https:\/\/tsvline.com\/wp-content\/uploads\/2022\/01\/TSV-Diversity-Colors-1500x844.jpg 1500w, https:\/\/tsvline.com\/wp-content\/uploads\/2022\/01\/TSV-Diversity-Colors-300x169.jpg 300w, https:\/\/tsvline.com\/wp-content\/uploads\/2022\/01\/TSV-Diversity-Colors-1030x579.jpg 1030w, https:\/\/tsvline.com\/wp-content\/uploads\/2022\/01\/TSV-Diversity-Colors-768x432.jpg 768w, https:\/\/tsvline.com\/wp-content\/uploads\/2022\/01\/TSV-Diversity-Colors-1536x864.jpg 1536w, https:\/\/tsvline.com\/wp-content\/uploads\/2022\/01\/TSV-Diversity-Colors-2048x1152.jpg 2048w, https:\/\/tsvline.com\/wp-content\/uploads\/2022\/01\/TSV-Diversity-Colors-705x397.jpg 705w\" sizes=\"(max-width: 1500px) 100vw, 1500px\" \/><\/div><\/div><\/div><br \/>\n<section  class='av_textblock_section av-j5cgw-7c414f8191b700a464c3342f1b4a8026 '  itemscope=\"itemscope\" itemtype=\"https:\/\/schema.org\/CreativeWork\" ><div class='avia_textblock '  itemprop=\"text\" ><p><span class=\"Apple-converted-space\" style=\"color: #000000;\">\u00a0<\/span><b><span style=\"color: #000000;\">\u201eS\u0103 model\u0103m \u00eempreun\u0103 viitorul, \u00eentr-un mod activ!\u201d<\/span><span class=\"Apple-converted-space\">\u00a0<\/span><\/b><\/p>\n<p>Diversitatea gamei de culori, accesorii \u0219i solu\u021biile complementare constituie adev\u0103ratul element de noutate care trebuie plasat \u00een centrul comunic\u0103rii.<\/p>\n<p>De asemenea, aten\u021bia la protec\u0163ia mediului \u00eenconjur\u0103tor cu tot ce \u00eenseamn\u0103 aceasta (economie de energie, reciclare, produse cu impact redus asupra mediului) reprezint\u0103 o valoare central\u0103 a ac\u021biunilor noastre consecvente de informare.<\/p>\n<p>\u00cen plus, alte elemente importante care trebuie transmise sunt, cu siguran\u021b\u0103, punctualitatea, precizia, transparen\u021ba \u00een rela\u021biile de afaceri, care formeaz\u0103 baza unei colabor\u0103ri serioase \u0219i de durat\u0103.<\/p>\n<p>\u00cen conceperea unei strategii digitale eficiente de comunicare, mai \u00eent\u00e2i decidem ce s\u0103 comunic\u0103m, apoi, pe baza informa\u0163iei respective, stabilim instrumentele cele mai potrivite pentru a disemina obiectul comunic\u0103rii.<span class=\"Apple-converted-space\">\u00a0<\/span><\/p>\n<\/div><\/section><\/p><\/div><div class='flex_column av-afa54-51749212c5e261000bc77acf71fe70bc av_one_fifth  avia-builder-el-16  el_after_av_three_fifth  avia-builder-el-last  flex_column_div column-top-margin'   ><\/div>\n","protected":false},"excerpt":{"rendered":"","protected":false},"author":2,"featured_media":0,"parent":0,"menu_order":0,"comment_status":"closed","ping_status":"closed","template":"","meta":{"footnotes":""},"class_list":["post-144","page","type-page","status-publish","hentry"],"yoast_head":"<!-- This site is optimized with the Yoast SEO plugin v19.9 - https:\/\/yoast.com\/wordpress\/plugins\/seo\/ -->\n<title>Despre Noi | TSV\u00ae<\/title>\n<meta name=\"robots\" content=\"index, follow, max-snippet:-1, max-image-preview:large, max-video-preview:-1\" \/>\n<link rel=\"canonical\" href=\"https:\/\/tsvline.com\/ro\/despre-noi\/\" \/>\n<meta property=\"og:locale\" content=\"ro_RO\" \/>\n<meta property=\"og:type\" content=\"article\" \/>\n<meta property=\"og:title\" content=\"Despre Noi | TSV\u00ae\" \/>\n<meta property=\"og:url\" content=\"https:\/\/tsvline.com\/ro\/despre-noi\/\" \/>\n<meta property=\"og:site_name\" content=\"TSV\u00ae\" \/>\n<meta property=\"article:modified_time\" content=\"2022-04-29T10:18:29+00:00\" \/>\n<meta name=\"twitter:card\" content=\"summary_large_image\" \/>\n<meta name=\"twitter:label1\" content=\"Timp estimat pentru citire\" \/>\n\t<meta name=\"twitter:data1\" content=\"18 minute\" \/>\n<script type=\"application\/ld+json\" class=\"yoast-schema-graph\">{\"@context\":\"https:\/\/schema.org\",\"@graph\":[{\"@type\":\"WebPage\",\"@id\":\"https:\/\/tsvline.com\/ro\/despre-noi\/\",\"url\":\"https:\/\/tsvline.com\/ro\/despre-noi\/\",\"name\":\"Despre Noi | TSV\u00ae\",\"isPartOf\":{\"@id\":\"https:\/\/tsvline.com\/ro\/#website\"},\"datePublished\":\"2023-04-11T16:00:59+00:00\",\"dateModified\":\"2022-04-29T10:18:29+00:00\",\"breadcrumb\":{\"@id\":\"https:\/\/tsvline.com\/ro\/despre-noi\/#breadcrumb\"},\"inLanguage\":\"ro-RO\",\"potentialAction\":[{\"@type\":\"ReadAction\",\"target\":[\"https:\/\/tsvline.com\/ro\/despre-noi\/\"]}]},{\"@type\":\"BreadcrumbList\",\"@id\":\"https:\/\/tsvline.com\/ro\/despre-noi\/#breadcrumb\",\"itemListElement\":[{\"@type\":\"ListItem\",\"position\":1,\"name\":\"Home\",\"item\":\"https:\/\/tsvline.com\/ro\/\"},{\"@type\":\"ListItem\",\"position\":2,\"name\":\"Despre Noi\"}]},{\"@type\":\"WebSite\",\"@id\":\"https:\/\/tsvline.com\/ro\/#website\",\"url\":\"https:\/\/tsvline.com\/ro\/\",\"name\":\"TSV Line - Parte din PM Aluminium Line\",\"description\":\"Sistem de Glafuri din Aluminiu\",\"publisher\":{\"@id\":\"https:\/\/tsvline.com\/ro\/#organization\"},\"alternateName\":\"TSV\",\"potentialAction\":[{\"@type\":\"SearchAction\",\"target\":{\"@type\":\"EntryPoint\",\"urlTemplate\":\"https:\/\/tsvline.com\/ro\/?s={search_term_string}\"},\"query-input\":\"required name=search_term_string\"}],\"inLanguage\":\"ro-RO\"},{\"@type\":\"Organization\",\"@id\":\"https:\/\/tsvline.com\/ro\/#organization\",\"name\":\"TSV - PM Aluminium Line\",\"alternateName\":\"TSV\",\"url\":\"https:\/\/tsvline.com\/ro\/\",\"logo\":{\"@type\":\"ImageObject\",\"inLanguage\":\"ro-RO\",\"@id\":\"https:\/\/tsvline.com\/ro\/#\/schema\/logo\/image\/\",\"url\":\"https:\/\/tsvline.ro\/wp-content\/uploads\/2022\/10\/logo-v2.png\",\"contentUrl\":\"https:\/\/tsvline.ro\/wp-content\/uploads\/2022\/10\/logo-v2.png\",\"width\":1668,\"height\":1856,\"caption\":\"TSV - PM Aluminium Line\"},\"image\":{\"@id\":\"https:\/\/tsvline.com\/ro\/#\/schema\/logo\/image\/\"}}]}<\/script>\n<!-- \/ Yoast SEO plugin. -->","yoast_head_json":{"title":"Despre Noi | TSV\u00ae","robots":{"index":"index","follow":"follow","max-snippet":"max-snippet:-1","max-image-preview":"max-image-preview:large","max-video-preview":"max-video-preview:-1"},"canonical":"https:\/\/tsvline.com\/ro\/despre-noi\/","og_locale":"ro_RO","og_type":"article","og_title":"Despre Noi | TSV\u00ae","og_url":"https:\/\/tsvline.com\/ro\/despre-noi\/","og_site_name":"TSV\u00ae","article_modified_time":"2022-04-29T10:18:29+00:00","twitter_card":"summary_large_image","twitter_misc":{"Timp estimat pentru citire":"18 minute"},"schema":{"@context":"https:\/\/schema.org","@graph":[{"@type":"WebPage","@id":"https:\/\/tsvline.com\/ro\/despre-noi\/","url":"https:\/\/tsvline.com\/ro\/despre-noi\/","name":"Despre Noi | TSV\u00ae","isPartOf":{"@id":"https:\/\/tsvline.com\/ro\/#website"},"datePublished":"2023-04-11T16:00:59+00:00","dateModified":"2022-04-29T10:18:29+00:00","breadcrumb":{"@id":"https:\/\/tsvline.com\/ro\/despre-noi\/#breadcrumb"},"inLanguage":"ro-RO","potentialAction":[{"@type":"ReadAction","target":["https:\/\/tsvline.com\/ro\/despre-noi\/"]}]},{"@type":"BreadcrumbList","@id":"https:\/\/tsvline.com\/ro\/despre-noi\/#breadcrumb","itemListElement":[{"@type":"ListItem","position":1,"name":"Home","item":"https:\/\/tsvline.com\/ro\/"},{"@type":"ListItem","position":2,"name":"Despre Noi"}]},{"@type":"WebSite","@id":"https:\/\/tsvline.com\/ro\/#website","url":"https:\/\/tsvline.com\/ro\/","name":"TSV Line - Parte din PM Aluminium Line","description":"Sistem de Glafuri din Aluminiu","publisher":{"@id":"https:\/\/tsvline.com\/ro\/#organization"},"alternateName":"TSV","potentialAction":[{"@type":"SearchAction","target":{"@type":"EntryPoint","urlTemplate":"https:\/\/tsvline.com\/ro\/?s={search_term_string}"},"query-input":"required name=search_term_string"}],"inLanguage":"ro-RO"},{"@type":"Organization","@id":"https:\/\/tsvline.com\/ro\/#organization","name":"TSV - PM Aluminium Line","alternateName":"TSV","url":"https:\/\/tsvline.com\/ro\/","logo":{"@type":"ImageObject","inLanguage":"ro-RO","@id":"https:\/\/tsvline.com\/ro\/#\/schema\/logo\/image\/","url":"https:\/\/tsvline.ro\/wp-content\/uploads\/2022\/10\/logo-v2.png","contentUrl":"https:\/\/tsvline.ro\/wp-content\/uploads\/2022\/10\/logo-v2.png","width":1668,"height":1856,"caption":"TSV - PM Aluminium Line"},"image":{"@id":"https:\/\/tsvline.com\/ro\/#\/schema\/logo\/image\/"}}]}},"_links":{"self":[{"href":"https:\/\/tsvline.com\/ro\/wp-json\/wp\/v2\/pages\/144","targetHints":{"allow":["GET"]}}],"collection":[{"href":"https:\/\/tsvline.com\/ro\/wp-json\/wp\/v2\/pages"}],"about":[{"href":"https:\/\/tsvline.com\/ro\/wp-json\/wp\/v2\/types\/page"}],"author":[{"embeddable":true,"href":"https:\/\/tsvline.com\/ro\/wp-json\/wp\/v2\/users\/2"}],"replies":[{"embeddable":true,"href":"https:\/\/tsvline.com\/ro\/wp-json\/wp\/v2\/comments?post=144"}],"version-history":[{"count":41,"href":"https:\/\/tsvline.com\/ro\/wp-json\/wp\/v2\/pages\/144\/revisions"}],"predecessor-version":[{"id":3064,"href":"https:\/\/tsvline.com\/ro\/wp-json\/wp\/v2\/pages\/144\/revisions\/3064"}],"wp:attachment":[{"href":"https:\/\/tsvline.com\/ro\/wp-json\/wp\/v2\/media?parent=144"}],"curies":[{"name":"wp","href":"https:\/\/api.w.org\/{rel}","templated":true}]}}