{"id":9092,"date":"2022-11-03T03:36:06","date_gmt":"2022-11-03T03:36:06","guid":{"rendered":"https:\/\/tsvline.com\/?page_id=9092"},"modified":"2024-08-25T06:31:35","modified_gmt":"2024-08-25T06:31:35","slug":"informativa-moduli-cookie","status":"publish","type":"page","link":"https:\/\/tsvline.com\/it\/informativa-moduli-cookie\/","title":{"rendered":"Informativa moduli cookie"},"content":{"rendered":"\t\t<div data-elementor-type=\"wp-page\" data-elementor-id=\"9092\" class=\"elementor elementor-9092 elementor-2212\">\n\t\t\t\t\t\t\t\t\t<section class=\"elementor-section elementor-top-section elementor-element elementor-element-db51ccb elementor-section-boxed elementor-section-height-default elementor-section-height-default\" data-id=\"db51ccb\" data-element_type=\"section\">\n\t\t\t\t\t\t<div class=\"elementor-container elementor-column-gap-default\">\n\t\t\t\t\t<div class=\"elementor-column elementor-col-100 elementor-top-column elementor-element elementor-element-549d324\" data-id=\"549d324\" data-element_type=\"column\">\n\t\t\t<div class=\"elementor-widget-wrap elementor-element-populated\">\n\t\t\t\t\t\t\t\t<div class=\"elementor-element elementor-element-7e6d241 elementor-widget__width-inherit elementor-widget elementor-widget-heading\" data-id=\"7e6d241\" data-element_type=\"widget\" data-widget_type=\"heading.default\">\n\t\t\t\t<div class=\"elementor-widget-container\">\n\t\t\t<style>\/*! elementor - v3.11.5 - 14-03-2023 *\/\n.elementor-heading-title{padding:0;margin:0;line-height:1}.elementor-widget-heading .elementor-heading-title[class*=elementor-size-]>a{color:inherit;font-size:inherit;line-height:inherit}.elementor-widget-heading .elementor-heading-title.elementor-size-small{font-size:15px}.elementor-widget-heading .elementor-heading-title.elementor-size-medium{font-size:19px}.elementor-widget-heading .elementor-heading-title.elementor-size-large{font-size:29px}.elementor-widget-heading .elementor-heading-title.elementor-size-xl{font-size:39px}.elementor-widget-heading .elementor-heading-title.elementor-size-xxl{font-size:59px}<\/style><div class=\"elementor-heading-title elementor-size-default\">Informativa moduli cookie<\/div>\t\t<\/div>\n\t\t\t\t<\/div>\n\t\t\t\t<div class=\"elementor-element elementor-element-fe177b3 elementor-widget__width-inherit elementor-widget elementor-widget-heading\" data-id=\"fe177b3\" data-element_type=\"widget\" data-widget_type=\"heading.default\">\n\t\t\t\t<div class=\"elementor-widget-container\">\n\t\t\t<p class=\"elementor-heading-title elementor-size-default\">1. PRELIMINARI<\/p>\t\t<\/div>\n\t\t\t\t<\/div>\n\t\t\t\t<div class=\"elementor-element elementor-element-59cfeee elementor-widget__width-inherit elementor-widget elementor-widget-text-editor\" data-id=\"59cfeee\" data-element_type=\"widget\" data-widget_type=\"text-editor.default\">\n\t\t\t\t<div class=\"elementor-widget-container\">\n\t\t\t<style>\/*! elementor - v3.11.5 - 14-03-2023 *\/\n.elementor-widget-text-editor.elementor-drop-cap-view-stacked .elementor-drop-cap{background-color:#818a91;color:#fff}.elementor-widget-text-editor.elementor-drop-cap-view-framed .elementor-drop-cap{color:#818a91;border:3px solid;background-color:transparent}.elementor-widget-text-editor:not(.elementor-drop-cap-view-default) .elementor-drop-cap{margin-top:8px}.elementor-widget-text-editor:not(.elementor-drop-cap-view-default) .elementor-drop-cap-letter{width:1em;height:1em}.elementor-widget-text-editor .elementor-drop-cap{float:left;text-align:center;line-height:1;font-size:50px}.elementor-widget-text-editor .elementor-drop-cap-letter{display:inline-block}<\/style>\t\t\t\t1.1 La presente policy si riferisce ai cookie utilizzati sul sito web www.tsvline.com di propriet\u00e0 di PM ALUMINIUM LINE S.R.L. con sede legale in Str. Corneliu Coposu, No. 167, Birou 2, Piano 2, ClujNapoca, Provincia: Cluj, CUI: RO40082972.\t\t\t\t\t\t<\/div>\n\t\t\t\t<\/div>\n\t\t\t\t<div class=\"elementor-element elementor-element-cd9ea8a elementor-widget__width-inherit elementor-widget elementor-widget-heading\" data-id=\"cd9ea8a\" data-element_type=\"widget\" data-widget_type=\"heading.default\">\n\t\t\t\t<div class=\"elementor-widget-container\">\n\t\t\t<p class=\"elementor-heading-title elementor-size-default\">2. COSA SONO I COOKIE?<\/p>\t\t<\/div>\n\t\t\t\t<\/div>\n\t\t\t\t<div class=\"elementor-element elementor-element-e4d6371 elementor-widget__width-inherit elementor-widget elementor-widget-text-editor\" data-id=\"e4d6371\" data-element_type=\"widget\" data-widget_type=\"text-editor.default\">\n\t\t\t\t<div class=\"elementor-widget-container\">\n\t\t\t\t\t\t\t2.1 Il sito Web www.tsvline.com utilizza i cookie per offrire all&#8217;utente un&#8217;esperienza online intuitiva e interattiva adattata alle sue esigenze e necessit\u00e0.\t\t\t\t\t\t<\/div>\n\t\t\t\t<\/div>\n\t\t\t\t<div class=\"elementor-element elementor-element-176eabe elementor-widget__width-inherit elementor-widget elementor-widget-text-editor\" data-id=\"176eabe\" data-element_type=\"widget\" data-widget_type=\"text-editor.default\">\n\t\t\t\t<div class=\"elementor-widget-container\">\n\t\t\t\t\t\t\t2.2 I cookie sono frammenti di testo inseriti nel dispositivo da cui si accede al sito web www.tsvline.com. Questa tecnologia di archiviazione automatica dei dati \u00e8 molto diffusa e viene utilizzata per raccogliere informazioni quali tipo di browser e sistema operativo, pagina di origine, nome del dominio da cui il visitatore si \u00e8 collegato a www.tsvline.com, ecc., al fine di comprendere come i visitatori utilizzano questo sito web. I moduli Cookies ci aiutano ad adattare il contenuto del sito Web in base alle esigenze degli utenti e ci aiutano a mantenere il sito Web funzionale.\t\t\t\t\t\t<\/div>\n\t\t\t\t<\/div>\n\t\t\t\t<div class=\"elementor-element elementor-element-25a0958 elementor-widget__width-inherit elementor-widget elementor-widget-text-editor\" data-id=\"25a0958\" data-element_type=\"widget\" data-widget_type=\"text-editor.default\">\n\t\t\t\t<div class=\"elementor-widget-container\">\n\t\t\t\t\t\t\t2.3 Un modulo cookie non contiene e non \u00e8 costituito da frammenti di codice. Il cookie non pu\u00f2 essere replicato o duplicato e non pu\u00f2 produrre alcuna modifica nel dispositivo su cui \u00e8 memorizzato, motivo per cui non pu\u00f2 costituire una minaccia per la sicurezza delle informazioni memorizzate nel dispositivo dell&#8217;utente.\t\t\t\t\t\t<\/div>\n\t\t\t\t<\/div>\n\t\t\t\t<div class=\"elementor-element elementor-element-71f90e2 elementor-widget__width-inherit elementor-widget elementor-widget-heading\" data-id=\"71f90e2\" data-element_type=\"widget\" data-widget_type=\"heading.default\">\n\t\t\t\t<div class=\"elementor-widget-container\">\n\t\t\t<p class=\"elementor-heading-title elementor-size-default\">3. A COSA SERVONO I COOKIE?<\/p>\t\t<\/div>\n\t\t\t\t<\/div>\n\t\t\t\t<div class=\"elementor-element elementor-element-811e2b2 elementor-widget__width-inherit elementor-widget elementor-widget-text-editor\" data-id=\"811e2b2\" data-element_type=\"widget\" data-widget_type=\"text-editor.default\">\n\t\t\t\t<div class=\"elementor-widget-container\">\n\t\t\t\t\t\t\t3.1 La maggior parte dei browser Web, smartphone e altri dispositivi adattati alla navigazione in Internet sono normalmente impostati per accettare i cookie.\t\t\t\t\t\t<\/div>\n\t\t\t\t<\/div>\n\t\t\t\t<div class=\"elementor-element elementor-element-37395ba elementor-widget__width-inherit elementor-widget elementor-widget-text-editor\" data-id=\"37395ba\" data-element_type=\"widget\" data-widget_type=\"text-editor.default\">\n\t\t\t\t<div class=\"elementor-widget-container\">\n\t\t\t\t\t\t\t3.2 I cookies utilizzati dal sito web www.tsvline.com non richiedono informazioni personali n\u00e9 identificano personalmente gli utenti di Internet. I dati raccolti attraverso i cookie hanno un carattere puramente statistico e oggettivo, il loro scopo \u00e8 quello di migliorare l&#8217;esperienza dell&#8217;utente sul nostro sito web.\t\t\t\t\t\t<\/div>\n\t\t\t\t<\/div>\n\t\t\t\t<div class=\"elementor-element elementor-element-ee9a343 elementor-widget__width-inherit elementor-widget elementor-widget-text-editor\" data-id=\"ee9a343\" data-element_type=\"widget\" data-widget_type=\"text-editor.default\">\n\t\t\t\t<div class=\"elementor-widget-container\">\n\t\t\t\t\t\t\t3.3 L&#8217;utente dispone di diverse opzioni per la gestione dei cookie memorizzati sul dispositivo dal quale accede a un sito web. Le impostazioni del browser possono essere modificate in modo che non accettino i cookie o, a seconda del browser utilizzato, l&#8217;utente pu\u00f2 essere avvisato se un sito Web tenta di inserire un cookie.\t\t\t\t\t\t<\/div>\n\t\t\t\t<\/div>\n\t\t\t\t<div class=\"elementor-element elementor-element-b64e872 elementor-widget__width-inherit elementor-widget elementor-widget-heading\" data-id=\"b64e872\" data-element_type=\"widget\" data-widget_type=\"heading.default\">\n\t\t\t\t<div class=\"elementor-widget-container\">\n\t\t\t<p class=\"elementor-heading-title elementor-size-default\">4. QUALI COOKIE UTILIZZIAMO?<\/p>\t\t<\/div>\n\t\t\t\t<\/div>\n\t\t\t\t<div class=\"elementor-element elementor-element-fd36422 elementor-widget__width-inherit elementor-widget elementor-widget-text-editor\" data-id=\"fd36422\" data-element_type=\"widget\" data-widget_type=\"text-editor.default\">\n\t\t\t\t<div class=\"elementor-widget-container\">\n\t\t\t\t\t\t\t4.1 Sul sito www.tsvline.com vengono utilizzati i seguenti tipi di cookie:\t\t\t\t\t\t<\/div>\n\t\t\t\t<\/div>\n\t\t\t\t<div class=\"elementor-element elementor-element-254f2e5 elementor-widget__width-inherit elementor-widget elementor-widget-text-editor\" data-id=\"254f2e5\" data-element_type=\"widget\" data-widget_type=\"text-editor.default\">\n\t\t\t\t<div class=\"elementor-widget-container\">\n\t\t\t\t\t\t\tA. per il funzionamento del sito in pi\u00f9 lingue (multilingua), per l&#8217;ultima lingua utilizzata dall&#8217;utente\t\t\t\t\t\t<\/div>\n\t\t\t\t<\/div>\n\t\t\t\t<div class=\"elementor-element elementor-element-a05c0e0 elementor-widget__width-inherit elementor-widget elementor-widget-text-editor\" data-id=\"a05c0e0\" data-element_type=\"widget\" data-widget_type=\"text-editor.default\">\n\t\t\t\t<div class=\"elementor-widget-container\">\n\t\t\t\t\t\t\tB. Cookie di Google Analytics che consentono a PM LINE di archiviare statistiche sull&#8217;utilizzo del sito da parte degli utenti.\t\t\t\t\t\t<\/div>\n\t\t\t\t<\/div>\n\t\t\t\t<div class=\"elementor-element elementor-element-793b6ee elementor-widget__width-inherit elementor-widget elementor-widget-heading\" data-id=\"793b6ee\" data-element_type=\"widget\" data-widget_type=\"heading.default\">\n\t\t\t\t<div class=\"elementor-widget-container\">\n\t\t\t<p class=\"elementor-heading-title elementor-size-default\">5. LA NOSTRA RACCOMANDAZIONE<\/p>\t\t<\/div>\n\t\t\t\t<\/div>\n\t\t\t\t<div class=\"elementor-element elementor-element-7f64b49 elementor-widget__width-inherit elementor-widget elementor-widget-text-editor\" data-id=\"7f64b49\" data-element_type=\"widget\" data-widget_type=\"text-editor.default\">\n\t\t\t\t<div class=\"elementor-widget-container\">\n\t\t\t\t\t\t\t5.1 Affinch\u00e9 il sito Web www.tsvline.com funzioni a pieno regime, \u00e8 necessario consentire l&#8217;uso \/ la memorizzazione dei moduli cookie di questo sito Web. Alcune funzionalit\u00e0 del sito Web www.tsvline.com non funzioneranno se i cookie vengono rifiutati.\t\t\t\t\t\t<\/div>\n\t\t\t\t<\/div>\n\t\t\t\t<div class=\"elementor-element elementor-element-2f865da elementor-widget__width-inherit elementor-widget elementor-widget-text-editor\" data-id=\"2f865da\" data-element_type=\"widget\" data-widget_type=\"text-editor.default\">\n\t\t\t\t<div class=\"elementor-widget-container\">\n\t\t\t\t\t\t\t5.2 Ci riserviamo il diritto di apportare qualsiasi aggiunta o modifica a questa sezione. In tale contesto, si consiglia agli utenti\/visitatori di controllare con regolarit\u00e0 il contenuto di questa pagina per informarsi sulla versione aggiornata della presente policy.\t\t\t\t\t\t<\/div>\n\t\t\t\t<\/div>\n\t\t\t\t<div class=\"elementor-element elementor-element-d08a1d0 elementor-widget__width-inherit elementor-widget elementor-widget-text-editor\" data-id=\"d08a1d0\" data-element_type=\"widget\" data-widget_type=\"text-editor.default\">\n\t\t\t\t<div class=\"elementor-widget-container\">\n\t\t\t\t\t\t\t5.3 Notiamo inoltre che ogni volta che modifichiamo questa sezione, menzioneremo nell&#8217;intestazione\/pi\u00e8 di pagina della pagina la data dell&#8217;ultimo aggiornamento.\t\t\t\t\t\t<\/div>\n\t\t\t\t<\/div>\n\t\t\t\t\t<\/div>\n\t\t<\/div>\n\t\t\t\t\t\t\t<\/div>\n\t\t<\/section>\n\t\t\t\t\t\t\t<\/div>\n\t\t","protected":false},"excerpt":{"rendered":"<p>Informativa moduli cookie 1. PRELIMINARI 1.1 La presente policy si riferisce ai cookie utilizzati sul sito web www.tsvline.com di propriet\u00e0 di PM ALUMINIUM LINE S.R.L. con sede legale in Str. Corneliu Coposu, No. 167, Birou 2, Piano 2, ClujNapoca, Provincia: Cluj, CUI: RO40082972. 2. COSA SONO I COOKIE? 2.1 Il sito Web www.tsvline.com utilizza i [&hellip;]<\/p>\n","protected":false},"author":3,"featured_media":0,"parent":0,"menu_order":0,"comment_status":"closed","ping_status":"closed","template":"","meta":{"footnotes":""},"class_list":["post-9092","page","type-page","status-publish","hentry"],"yoast_head":"<!-- This site is optimized with the Yoast SEO plugin v19.9 - https:\/\/yoast.com\/wordpress\/plugins\/seo\/ -->\n<title>Informativa moduli cookie | TSV\u00ae<\/title>\n<meta name=\"robots\" content=\"index, follow, max-snippet:-1, max-image-preview:large, max-video-preview:-1\" \/>\n<link rel=\"canonical\" href=\"https:\/\/tsvline.com\/it\/informativa-moduli-cookie\/\" \/>\n<meta property=\"og:locale\" content=\"it_IT\" \/>\n<meta property=\"og:type\" content=\"article\" \/>\n<meta property=\"og:title\" content=\"Informativa moduli cookie | TSV\u00ae\" \/>\n<meta property=\"og:description\" content=\"Informativa moduli cookie 1. PRELIMINARI 1.1 La presente policy si riferisce ai cookie utilizzati sul sito web www.tsvline.com di propriet\u00e0 di PM ALUMINIUM LINE S.R.L. con sede legale in Str. Corneliu Coposu, No. 167, Birou 2, Piano 2, ClujNapoca, Provincia: Cluj, CUI: RO40082972. 2. COSA SONO I COOKIE? 2.1 Il sito Web www.tsvline.com utilizza i [&hellip;]\" \/>\n<meta property=\"og:url\" content=\"https:\/\/tsvline.com\/it\/informativa-moduli-cookie\/\" \/>\n<meta property=\"og:site_name\" content=\"TSV\u00ae\" \/>\n<meta property=\"article:modified_time\" content=\"2024-08-25T06:31:35+00:00\" \/>\n<meta name=\"twitter:card\" content=\"summary_large_image\" \/>\n<meta name=\"twitter:label1\" content=\"Tempo di lettura stimato\" \/>\n\t<meta name=\"twitter:data1\" content=\"3 minuti\" \/>\n<script type=\"application\/ld+json\" class=\"yoast-schema-graph\">{\"@context\":\"https:\/\/schema.org\",\"@graph\":[{\"@type\":\"WebPage\",\"@id\":\"https:\/\/tsvline.com\/it\/informativa-moduli-cookie\/\",\"url\":\"https:\/\/tsvline.com\/it\/informativa-moduli-cookie\/\",\"name\":\"Informativa moduli cookie | TSV\u00ae\",\"isPartOf\":{\"@id\":\"https:\/\/tsvline.com\/it\/#website\"},\"datePublished\":\"2022-11-03T03:36:06+00:00\",\"dateModified\":\"2024-08-25T06:31:35+00:00\",\"breadcrumb\":{\"@id\":\"https:\/\/tsvline.com\/it\/informativa-moduli-cookie\/#breadcrumb\"},\"inLanguage\":\"it-IT\",\"potentialAction\":[{\"@type\":\"ReadAction\",\"target\":[\"https:\/\/tsvline.com\/it\/informativa-moduli-cookie\/\"]}]},{\"@type\":\"BreadcrumbList\",\"@id\":\"https:\/\/tsvline.com\/it\/informativa-moduli-cookie\/#breadcrumb\",\"itemListElement\":[{\"@type\":\"ListItem\",\"position\":1,\"name\":\"Home\",\"item\":\"https:\/\/tsvline.com\/it\/\"},{\"@type\":\"ListItem\",\"position\":2,\"name\":\"Informativa moduli cookie\"}]},{\"@type\":\"WebSite\",\"@id\":\"https:\/\/tsvline.com\/it\/#website\",\"url\":\"https:\/\/tsvline.com\/it\/\",\"name\":\"TSV Line - Parte din PM Aluminium Line\",\"description\":\"Sistem de Glafuri din Aluminiu\",\"publisher\":{\"@id\":\"https:\/\/tsvline.com\/it\/#organization\"},\"alternateName\":\"TSV\",\"potentialAction\":[{\"@type\":\"SearchAction\",\"target\":{\"@type\":\"EntryPoint\",\"urlTemplate\":\"https:\/\/tsvline.com\/it\/?s={search_term_string}\"},\"query-input\":\"required name=search_term_string\"}],\"inLanguage\":\"it-IT\"},{\"@type\":\"Organization\",\"@id\":\"https:\/\/tsvline.com\/it\/#organization\",\"name\":\"TSV - PM Aluminium Line\",\"alternateName\":\"TSV\",\"url\":\"https:\/\/tsvline.com\/it\/\",\"logo\":{\"@type\":\"ImageObject\",\"inLanguage\":\"it-IT\",\"@id\":\"https:\/\/tsvline.com\/it\/#\/schema\/logo\/image\/\",\"url\":\"https:\/\/tsvline.ro\/wp-content\/uploads\/2022\/10\/logo-v2.png\",\"contentUrl\":\"https:\/\/tsvline.ro\/wp-content\/uploads\/2022\/10\/logo-v2.png\",\"width\":1668,\"height\":1856,\"caption\":\"TSV - PM Aluminium Line\"},\"image\":{\"@id\":\"https:\/\/tsvline.com\/it\/#\/schema\/logo\/image\/\"}}]}<\/script>\n<!-- \/ Yoast SEO plugin. -->","yoast_head_json":{"title":"Informativa moduli cookie | TSV\u00ae","robots":{"index":"index","follow":"follow","max-snippet":"max-snippet:-1","max-image-preview":"max-image-preview:large","max-video-preview":"max-video-preview:-1"},"canonical":"https:\/\/tsvline.com\/it\/informativa-moduli-cookie\/","og_locale":"it_IT","og_type":"article","og_title":"Informativa moduli cookie | TSV\u00ae","og_description":"Informativa moduli cookie 1. PRELIMINARI 1.1 La presente policy si riferisce ai cookie utilizzati sul sito web www.tsvline.com di propriet\u00e0 di PM ALUMINIUM LINE S.R.L. con sede legale in Str. Corneliu Coposu, No. 167, Birou 2, Piano 2, ClujNapoca, Provincia: Cluj, CUI: RO40082972. 2. COSA SONO I COOKIE? 2.1 Il sito Web www.tsvline.com utilizza i [&hellip;]","og_url":"https:\/\/tsvline.com\/it\/informativa-moduli-cookie\/","og_site_name":"TSV\u00ae","article_modified_time":"2024-08-25T06:31:35+00:00","twitter_card":"summary_large_image","twitter_misc":{"Tempo di lettura stimato":"3 minuti"},"schema":{"@context":"https:\/\/schema.org","@graph":[{"@type":"WebPage","@id":"https:\/\/tsvline.com\/it\/informativa-moduli-cookie\/","url":"https:\/\/tsvline.com\/it\/informativa-moduli-cookie\/","name":"Informativa moduli cookie | TSV\u00ae","isPartOf":{"@id":"https:\/\/tsvline.com\/it\/#website"},"datePublished":"2022-11-03T03:36:06+00:00","dateModified":"2024-08-25T06:31:35+00:00","breadcrumb":{"@id":"https:\/\/tsvline.com\/it\/informativa-moduli-cookie\/#breadcrumb"},"inLanguage":"it-IT","potentialAction":[{"@type":"ReadAction","target":["https:\/\/tsvline.com\/it\/informativa-moduli-cookie\/"]}]},{"@type":"BreadcrumbList","@id":"https:\/\/tsvline.com\/it\/informativa-moduli-cookie\/#breadcrumb","itemListElement":[{"@type":"ListItem","position":1,"name":"Home","item":"https:\/\/tsvline.com\/it\/"},{"@type":"ListItem","position":2,"name":"Informativa moduli cookie"}]},{"@type":"WebSite","@id":"https:\/\/tsvline.com\/it\/#website","url":"https:\/\/tsvline.com\/it\/","name":"TSV Line - Parte din PM Aluminium Line","description":"Sistem de Glafuri din Aluminiu","publisher":{"@id":"https:\/\/tsvline.com\/it\/#organization"},"alternateName":"TSV","potentialAction":[{"@type":"SearchAction","target":{"@type":"EntryPoint","urlTemplate":"https:\/\/tsvline.com\/it\/?s={search_term_string}"},"query-input":"required name=search_term_string"}],"inLanguage":"it-IT"},{"@type":"Organization","@id":"https:\/\/tsvline.com\/it\/#organization","name":"TSV - PM Aluminium Line","alternateName":"TSV","url":"https:\/\/tsvline.com\/it\/","logo":{"@type":"ImageObject","inLanguage":"it-IT","@id":"https:\/\/tsvline.com\/it\/#\/schema\/logo\/image\/","url":"https:\/\/tsvline.ro\/wp-content\/uploads\/2022\/10\/logo-v2.png","contentUrl":"https:\/\/tsvline.ro\/wp-content\/uploads\/2022\/10\/logo-v2.png","width":1668,"height":1856,"caption":"TSV - PM Aluminium Line"},"image":{"@id":"https:\/\/tsvline.com\/it\/#\/schema\/logo\/image\/"}}]}},"_links":{"self":[{"href":"https:\/\/tsvline.com\/it\/wp-json\/wp\/v2\/pages\/9092","targetHints":{"allow":["GET"]}}],"collection":[{"href":"https:\/\/tsvline.com\/it\/wp-json\/wp\/v2\/pages"}],"about":[{"href":"https:\/\/tsvline.com\/it\/wp-json\/wp\/v2\/types\/page"}],"author":[{"embeddable":true,"href":"https:\/\/tsvline.com\/it\/wp-json\/wp\/v2\/users\/3"}],"replies":[{"embeddable":true,"href":"https:\/\/tsvline.com\/it\/wp-json\/wp\/v2\/comments?post=9092"}],"version-history":[{"count":7,"href":"https:\/\/tsvline.com\/it\/wp-json\/wp\/v2\/pages\/9092\/revisions"}],"predecessor-version":[{"id":9113,"href":"https:\/\/tsvline.com\/it\/wp-json\/wp\/v2\/pages\/9092\/revisions\/9113"}],"wp:attachment":[{"href":"https:\/\/tsvline.com\/it\/wp-json\/wp\/v2\/media?parent=9092"}],"curies":[{"name":"wp","href":"https:\/\/api.w.org\/{rel}","templated":true}]}}