{"id":9083,"date":"2022-11-03T03:42:13","date_gmt":"2022-11-03T03:42:13","guid":{"rendered":"https:\/\/tsvline.com\/?page_id=9083"},"modified":"2024-08-25T06:33:35","modified_gmt":"2024-08-25T06:33:35","slug":"termini-e-condizioni-del-sito-we","status":"publish","type":"page","link":"https:\/\/tsvline.com\/it\/termini-e-condizioni-del-sito-we\/","title":{"rendered":"Termini e condizioni del sito we"},"content":{"rendered":"\t\t<div data-elementor-type=\"wp-page\" data-elementor-id=\"9083\" class=\"elementor elementor-9083 elementor-2218\">\n\t\t\t\t\t\t\t\t\t<section class=\"elementor-section elementor-top-section elementor-element elementor-element-e4aa4f1 elementor-section-boxed elementor-section-height-default elementor-section-height-default\" data-id=\"e4aa4f1\" data-element_type=\"section\">\n\t\t\t\t\t\t<div class=\"elementor-container elementor-column-gap-default\">\n\t\t\t\t\t<div class=\"elementor-column elementor-col-100 elementor-top-column elementor-element elementor-element-68f2975\" data-id=\"68f2975\" data-element_type=\"column\">\n\t\t\t<div class=\"elementor-widget-wrap elementor-element-populated\">\n\t\t\t\t\t\t\t\t<div class=\"elementor-element elementor-element-11c3213 elementor-widget__width-inherit elementor-widget elementor-widget-heading\" data-id=\"11c3213\" data-element_type=\"widget\" data-widget_type=\"heading.default\">\n\t\t\t\t<div class=\"elementor-widget-container\">\n\t\t\t<style>\/*! elementor - v3.11.5 - 14-03-2023 *\/\n.elementor-heading-title{padding:0;margin:0;line-height:1}.elementor-widget-heading .elementor-heading-title[class*=elementor-size-]>a{color:inherit;font-size:inherit;line-height:inherit}.elementor-widget-heading .elementor-heading-title.elementor-size-small{font-size:15px}.elementor-widget-heading .elementor-heading-title.elementor-size-medium{font-size:19px}.elementor-widget-heading .elementor-heading-title.elementor-size-large{font-size:29px}.elementor-widget-heading .elementor-heading-title.elementor-size-xl{font-size:39px}.elementor-widget-heading .elementor-heading-title.elementor-size-xxl{font-size:59px}<\/style><div class=\"elementor-heading-title elementor-size-default\">Termini e condizioni del sito web<\/div>\t\t<\/div>\n\t\t\t\t<\/div>\n\t\t\t\t<div class=\"elementor-element elementor-element-2dab44a elementor-widget__width-inherit elementor-widget elementor-widget-heading\" data-id=\"2dab44a\" data-element_type=\"widget\" data-widget_type=\"heading.default\">\n\t\t\t\t<div class=\"elementor-widget-container\">\n\t\t\t<p class=\"elementor-heading-title elementor-size-default\">1. CONSIDERAZIONI PRELIMINARI<\/p>\t\t<\/div>\n\t\t\t\t<\/div>\n\t\t\t\t<div class=\"elementor-element elementor-element-86bd097 elementor-widget__width-inherit elementor-widget elementor-widget-text-editor\" data-id=\"86bd097\" data-element_type=\"widget\" data-widget_type=\"text-editor.default\">\n\t\t\t\t<div class=\"elementor-widget-container\">\n\t\t\t<style>\/*! elementor - v3.11.5 - 14-03-2023 *\/\n.elementor-widget-text-editor.elementor-drop-cap-view-stacked .elementor-drop-cap{background-color:#818a91;color:#fff}.elementor-widget-text-editor.elementor-drop-cap-view-framed .elementor-drop-cap{color:#818a91;border:3px solid;background-color:transparent}.elementor-widget-text-editor:not(.elementor-drop-cap-view-default) .elementor-drop-cap{margin-top:8px}.elementor-widget-text-editor:not(.elementor-drop-cap-view-default) .elementor-drop-cap-letter{width:1em;height:1em}.elementor-widget-text-editor .elementor-drop-cap{float:left;text-align:center;line-height:1;font-size:50px}.elementor-widget-text-editor .elementor-drop-cap-letter{display:inline-block}<\/style>\t\t\t\t1.1 Accedendo e utilizzando il sito Web www.tsvline.com, accetti queste condizioni, senza limitazioni o qualifiche, e riconosci che qualsiasi accordo tra te e PM ALUMINIUM LINE (di seguito, PM Line) \u00e8 pienamente soggetto a questi Termini e Condizioni.\t\t\t\t\t\t<\/div>\n\t\t\t\t<\/div>\n\t\t\t\t<div class=\"elementor-element elementor-element-f39a148 elementor-widget__width-inherit elementor-widget elementor-widget-text-editor\" data-id=\"f39a148\" data-element_type=\"widget\" data-widget_type=\"text-editor.default\">\n\t\t\t\t<div class=\"elementor-widget-container\">\n\t\t\t\t\t\t\t1.2 PM ei suoi partner detengono i diritti di propriet\u00e0 intellettuale (inclusi i diritti sui database) relativi ai loghi e a tutti gli altri materiali presentati su questo sito Web, nonch\u00e9 in qualsiasi sottocategoria o sezione distinta del sito Web.\t\t\t\t\t\t<\/div>\n\t\t\t\t<\/div>\n\t\t\t\t<div class=\"elementor-element elementor-element-ae862d4 elementor-widget__width-inherit elementor-widget elementor-widget-text-editor\" data-id=\"ae862d4\" data-element_type=\"widget\" data-widget_type=\"text-editor.default\">\n\t\t\t\t<div class=\"elementor-widget-container\">\n\t\t\t\t\t\t\t1.3 I termini e le condizioni possono essere modificati in qualsiasi momento senza preavviso. Le modifiche e le informazioni relative alla loro validit\u00e0 saranno pubblicate su questo sito, al fine di informare tutte le persone interessate (inclusi, ma non limitati a: utenti del sito, persone selezionate in vari bandi organizzati sul sito, partecipanti a una determinata campagna). Pertanto, si raccomanda di fare riferimento regolarmente a questa politica per verificarne il contenuto aggiornato.\t\t\t\t\t\t<\/div>\n\t\t\t\t<\/div>\n\t\t\t\t<div class=\"elementor-element elementor-element-9fc824a elementor-widget__width-inherit elementor-widget elementor-widget-text-editor\" data-id=\"9fc824a\" data-element_type=\"widget\" data-widget_type=\"text-editor.default\">\n\t\t\t\t<div class=\"elementor-widget-container\">\n\t\t\t\t\t\t\t1.4 Il presente Documento si completa con le altre Politiche contenute nel sito www.tsvline.com, nonch\u00e9 con la normativa applicabile in materia.\t\t\t\t\t\t<\/div>\n\t\t\t\t<\/div>\n\t\t\t\t<div class=\"elementor-element elementor-element-86a6d85 elementor-widget__width-inherit elementor-widget elementor-widget-heading\" data-id=\"86a6d85\" data-element_type=\"widget\" data-widget_type=\"heading.default\">\n\t\t\t\t<div class=\"elementor-widget-container\">\n\t\t\t<p class=\"elementor-heading-title elementor-size-default\">2. DEFINIZIONE DI ALCUNI TERMINI<\/p>\t\t<\/div>\n\t\t\t\t<\/div>\n\t\t\t\t<div class=\"elementor-element elementor-element-2f73f85 elementor-widget__width-inherit elementor-widget elementor-widget-text-editor\" data-id=\"2f73f85\" data-element_type=\"widget\" data-widget_type=\"text-editor.default\">\n\t\t\t\t<div class=\"elementor-widget-container\">\n\t\t\t\t\t\t\t2.1 PM Line \u2013 si riferisce a PM ALUMINIUM LINE S.R.L. con sede legale in Str. Corneliu Coposu, No. 167, Bureau 2, Floor 2, ClujNapoca, Provincia: Cluj, CUI: RO40082972;\t\t\t\t\t\t<\/div>\n\t\t\t\t<\/div>\n\t\t\t\t<div class=\"elementor-element elementor-element-2c43748 elementor-widget__width-inherit elementor-widget elementor-widget-text-editor\" data-id=\"2c43748\" data-element_type=\"widget\" data-widget_type=\"text-editor.default\">\n\t\t\t\t<div class=\"elementor-widget-container\">\n\t\t\t\t\t\t\t2.2 Documento \u2013 \u200b\u200bquesta Politica di Termini e Condizioni, che regoler\u00e0 il rapporto tra tutte le persone che accedono o utilizzano il sito (o qualsiasi sottocategoria del sito) e che sar\u00e0 interpretata in conformit\u00e0 con la legge rumena. L&#8217;eventuale non conformit\u00e0 o invalidit\u00e0 di una parte o di clausole del presente Documento con altre disposizioni di legge applicabili non pregiudica la validit\u00e0 e legalit\u00e0 delle altre disposizioni del presente Documento;\t\t\t\t\t\t<\/div>\n\t\t\t\t<\/div>\n\t\t\t\t<div class=\"elementor-element elementor-element-f747da1 elementor-widget__width-inherit elementor-widget elementor-widget-text-editor\" data-id=\"f747da1\" data-element_type=\"widget\" data-widget_type=\"text-editor.default\">\n\t\t\t\t<div class=\"elementor-widget-container\">\n\t\t\t\t\t\t\t2.3 Campagna \u2013 rappresenta il nome generico con cui ci riferiamo a qualsiasi progetto\/azione che PM ALUMINIUM LINE sviluppa attraverso o con l&#8217;ausilio del sito web www.tsvline.com\t\t\t\t\t\t<\/div>\n\t\t\t\t<\/div>\n\t\t\t\t<div class=\"elementor-element elementor-element-f687bb6 elementor-widget__width-inherit elementor-widget elementor-widget-text-editor\" data-id=\"f687bb6\" data-element_type=\"widget\" data-widget_type=\"text-editor.default\">\n\t\t\t\t<div class=\"elementor-widget-container\">\n\t\t\t\t\t\t\t2.4 Trattamento dei dati personali &#8211; si veda la Policy relativa al trattamento dei dati personali\t\t\t\t\t\t<\/div>\n\t\t\t\t<\/div>\n\t\t\t\t<div class=\"elementor-element elementor-element-b6870e7 elementor-widget__width-inherit elementor-widget elementor-widget-text-editor\" data-id=\"b6870e7\" data-element_type=\"widget\" data-widget_type=\"text-editor.default\">\n\t\t\t\t<div class=\"elementor-widget-container\">\n\t\t\t\t\t\t\t2.5 Utente\/visitatore \u2013 la persona che accede al sito web www.tsvline.com\t\t\t\t\t\t<\/div>\n\t\t\t\t<\/div>\n\t\t\t\t<div class=\"elementor-element elementor-element-4831c2f elementor-widget__width-inherit elementor-widget elementor-widget-text-editor\" data-id=\"4831c2f\" data-element_type=\"widget\" data-widget_type=\"text-editor.default\">\n\t\t\t\t<div class=\"elementor-widget-container\">\n\t\t\t\t\t\t\t2.6 Partner\/Partner \u2013 rappresentano le aziende partner di PM Line\t\t\t\t\t\t<\/div>\n\t\t\t\t<\/div>\n\t\t\t\t<div class=\"elementor-element elementor-element-836f127 elementor-widget__width-inherit elementor-widget elementor-widget-text-editor\" data-id=\"836f127\" data-element_type=\"widget\" data-widget_type=\"text-editor.default\">\n\t\t\t\t<div class=\"elementor-widget-container\">\n\t\t\t\t\t\t\t2.7 Sottocategoria \u2013 qualsiasi elemento o sottomenu che fa parte della struttura del sito web www.tsvline.com.\t\t\t\t\t\t<\/div>\n\t\t\t\t<\/div>\n\t\t\t\t<div class=\"elementor-element elementor-element-13eb10d elementor-widget__width-inherit elementor-widget elementor-widget-heading\" data-id=\"13eb10d\" data-element_type=\"widget\" data-widget_type=\"heading.default\">\n\t\t\t\t<div class=\"elementor-widget-container\">\n\t\t\t<p class=\"elementor-heading-title elementor-size-default\">3. CONDIZIONI DI UTILIZZO<\/p>\t\t<\/div>\n\t\t\t\t<\/div>\n\t\t\t\t<div class=\"elementor-element elementor-element-1375b20 elementor-widget__width-inherit elementor-widget elementor-widget-text-editor\" data-id=\"1375b20\" data-element_type=\"widget\" data-widget_type=\"text-editor.default\">\n\t\t\t\t<div class=\"elementor-widget-container\">\n\t\t\t\t\t\t\t3.1 PM ALUMINIUM LINE non garantisce che le informazioni che appaiono su questo sito web non contengano errori. PM ALUMINIUM LINE ei suoi partner non possono essere ritenuti responsabili per qualsiasi tipo di danno causato all&#8217;utente del sito Web per qualsiasi errore materiale o editoriale che possa apparire sull&#8217;interfaccia del sito Web.\t\t\t\t\t\t<\/div>\n\t\t\t\t<\/div>\n\t\t\t\t<div class=\"elementor-element elementor-element-47231de elementor-widget__width-inherit elementor-widget elementor-widget-text-editor\" data-id=\"47231de\" data-element_type=\"widget\" data-widget_type=\"text-editor.default\">\n\t\t\t\t<div class=\"elementor-widget-container\">\n\t\t\t\t\t\t\t3.2 Altri servizi che saranno implementati, nel tempo, all&#8217;interno del sito sono soggetti a questi termini e condizioni, a meno che non abbiano termini d&#8217;uso chiaramente formulati o non siano stati menzionati in una categoria separata di questo documento.\t\t\t\t\t\t<\/div>\n\t\t\t\t<\/div>\n\t\t\t\t<div class=\"elementor-element elementor-element-5630b5f elementor-widget__width-inherit elementor-widget elementor-widget-text-editor\" data-id=\"5630b5f\" data-element_type=\"widget\" data-widget_type=\"text-editor.default\">\n\t\t\t\t<div class=\"elementor-widget-container\">\n\t\t\t\t\t\t\t3.3 CCC si riserva il diritto di interrompere l&#8217;erogazione del sito (in tutto o in parte), in qualsiasi momento, senza obbligo di preavviso.\t\t\t\t\t\t<\/div>\n\t\t\t\t<\/div>\n\t\t\t\t<div class=\"elementor-element elementor-element-08995b0 elementor-widget__width-inherit elementor-widget elementor-widget-heading\" data-id=\"08995b0\" data-element_type=\"widget\" data-widget_type=\"heading.default\">\n\t\t\t\t<div class=\"elementor-widget-container\">\n\t\t\t<p class=\"elementor-heading-title elementor-size-default\">4. DIRITTO D'AUTORE<\/p>\t\t<\/div>\n\t\t\t\t<\/div>\n\t\t\t\t<div class=\"elementor-element elementor-element-ca2f2b4 elementor-widget__width-inherit elementor-widget elementor-widget-text-editor\" data-id=\"ca2f2b4\" data-element_type=\"widget\" data-widget_type=\"text-editor.default\">\n\t\t\t\t<div class=\"elementor-widget-container\">\n\t\t\t\t\t\t\t4.1 \u00c8 vietato riprodurre, distribuire o pubblicare in qualsiasi forma il contenuto dei materiali presentati in questo sito da qualsiasi persona senza il consenso scritto di PM ALUMINIUM LINE\t\t\t\t\t\t<\/div>\n\t\t\t\t<\/div>\n\t\t\t\t<div class=\"elementor-element elementor-element-60e6c21 elementor-widget__width-inherit elementor-widget elementor-widget-text-editor\" data-id=\"60e6c21\" data-element_type=\"widget\" data-widget_type=\"text-editor.default\">\n\t\t\t\t<div class=\"elementor-widget-container\">\n\t\t\t\t\t\t\t4.2 PM ALUMINIUM LINE \u00e8 titolare della piena e completa titolarit\u00e0 dei file, delle immagini e dei materiali pubblicati nel sito, nonch\u00e9 di tutti i diritti di propriet\u00e0 intellettuale da essi derivanti. Non \u00e8 consentito vendere, ridistribuire o riprodurre questi materiali, n\u00e9 decompilare o modificare la loro struttura senza il preventivo consenso scritto di PM LINE.\t\t\t\t\t\t<\/div>\n\t\t\t\t<\/div>\n\t\t\t\t<div class=\"elementor-element elementor-element-702670b elementor-widget__width-inherit elementor-widget elementor-widget-heading\" data-id=\"702670b\" data-element_type=\"widget\" data-widget_type=\"heading.default\">\n\t\t\t\t<div class=\"elementor-widget-container\">\n\t\t\t<p class=\"elementor-heading-title elementor-size-default\">5. RISERVATEZZA<\/p>\t\t<\/div>\n\t\t\t\t<\/div>\n\t\t\t\t<div class=\"elementor-element elementor-element-e2b02f0 elementor-widget__width-inherit elementor-widget elementor-widget-text-editor\" data-id=\"e2b02f0\" data-element_type=\"widget\" data-widget_type=\"text-editor.default\">\n\t\t\t\t<div class=\"elementor-widget-container\">\n\t\t\t\t\t\t\t5.1 PM LINE manterr\u00e0 la riservatezza delle informazioni di qualsiasi natura che gli utenti\/visitatori forniranno utilizzando il sito web www.tsvline.com. La divulgazione delle informazioni fornite sar\u00e0 possibile solo alle rigorose condizioni previste dalla Politica sul trattamento dei dati personali.\t\t\t\t\t\t<\/div>\n\t\t\t\t<\/div>\n\t\t\t\t<div class=\"elementor-element elementor-element-8dec7ef elementor-widget__width-inherit elementor-widget elementor-widget-text-editor\" data-id=\"8dec7ef\" data-element_type=\"widget\" data-widget_type=\"text-editor.default\">\n\t\t\t\t<div class=\"elementor-widget-container\">\n\t\t\t\t\t\t\t5.2 Maggiori dettagli sulla riservatezza dei dati, nonch\u00e9 sul trattamento dei dati personali sono disponibili qui.\t\t\t\t\t\t<\/div>\n\t\t\t\t<\/div>\n\t\t\t\t<div class=\"elementor-element elementor-element-9834a97 elementor-widget__width-inherit elementor-widget elementor-widget-heading\" data-id=\"9834a97\" data-element_type=\"widget\" data-widget_type=\"heading.default\">\n\t\t\t\t<div class=\"elementor-widget-container\">\n\t\t\t<p class=\"elementor-heading-title elementor-size-default\">6. LEGGE APPLICABILE E FORO COMPETENTE<\/p>\t\t<\/div>\n\t\t\t\t<\/div>\n\t\t\t\t<div class=\"elementor-element elementor-element-8c71c67 elementor-widget__width-inherit elementor-widget elementor-widget-text-editor\" data-id=\"8c71c67\" data-element_type=\"widget\" data-widget_type=\"text-editor.default\">\n\t\t\t\t<div class=\"elementor-widget-container\">\n\t\t\t\t\t\t\t6.1 Questi Termini e Condizioni, cos\u00ec come l&#8217;uso del sito Web www.tsvline.com, sono regolati dalle leggi in vigore in Romania. In caso di comparsa di qualsiasi controversia relativa al rapporto contrattuale o derivante da o in connessione con la sua conclusione, interpretazione, esecuzione o cessazione, essa sar\u00e0 risolta o attraverso richieste rivolte ai tribunali materialmente competenti, o attraverso l&#8217;arbitrato del Tribunale Arbitrale annesso alla Camera di Commercio e Industria Cluj, secondo la sua procedura e da un arbitro unico. Ad ogni parte \u00e8 concessa la possibilit\u00e0 di scegliere una delle due modalit\u00e0 di risoluzione delle controversie.\t\t\t\t\t\t<\/div>\n\t\t\t\t<\/div>\n\t\t\t\t\t<\/div>\n\t\t<\/div>\n\t\t\t\t\t\t\t<\/div>\n\t\t<\/section>\n\t\t\t\t\t\t\t<\/div>\n\t\t","protected":false},"excerpt":{"rendered":"<p>Termini e condizioni del sito web 1. CONSIDERAZIONI PRELIMINARI 1.1 Accedendo e utilizzando il sito Web www.tsvline.com, accetti queste condizioni, senza limitazioni o qualifiche, e riconosci che qualsiasi accordo tra te e PM ALUMINIUM LINE (di seguito, PM Line) \u00e8 pienamente soggetto a questi Termini e Condizioni.1.2 PM ei suoi partner detengono i diritti di [&hellip;]<\/p>\n","protected":false},"author":3,"featured_media":0,"parent":0,"menu_order":0,"comment_status":"closed","ping_status":"closed","template":"","meta":{"footnotes":""},"class_list":["post-9083","page","type-page","status-publish","hentry"],"yoast_head":"<!-- This site is optimized with the Yoast SEO plugin v19.9 - https:\/\/yoast.com\/wordpress\/plugins\/seo\/ -->\n<title>Termini e condizioni del sito we | TSV\u00ae<\/title>\n<meta name=\"robots\" content=\"index, follow, max-snippet:-1, max-image-preview:large, max-video-preview:-1\" \/>\n<link rel=\"canonical\" href=\"https:\/\/tsvline.com\/it\/termini-e-condizioni-del-sito-we\/\" \/>\n<meta property=\"og:locale\" content=\"it_IT\" \/>\n<meta property=\"og:type\" content=\"article\" \/>\n<meta property=\"og:title\" content=\"Termini e condizioni del sito we | TSV\u00ae\" \/>\n<meta property=\"og:description\" content=\"Termini e condizioni del sito web 1. CONSIDERAZIONI PRELIMINARI 1.1 Accedendo e utilizzando il sito Web www.tsvline.com, accetti queste condizioni, senza limitazioni o qualifiche, e riconosci che qualsiasi accordo tra te e PM ALUMINIUM LINE (di seguito, PM Line) \u00e8 pienamente soggetto a questi Termini e Condizioni.1.2 PM ei suoi partner detengono i diritti di [&hellip;]\" \/>\n<meta property=\"og:url\" content=\"https:\/\/tsvline.com\/it\/termini-e-condizioni-del-sito-we\/\" \/>\n<meta property=\"og:site_name\" content=\"TSV\u00ae\" \/>\n<meta property=\"article:modified_time\" content=\"2024-08-25T06:33:35+00:00\" \/>\n<meta name=\"twitter:card\" content=\"summary_large_image\" \/>\n<meta name=\"twitter:label1\" content=\"Tempo di lettura stimato\" \/>\n\t<meta name=\"twitter:data1\" content=\"4 minuti\" \/>\n<script type=\"application\/ld+json\" class=\"yoast-schema-graph\">{\"@context\":\"https:\/\/schema.org\",\"@graph\":[{\"@type\":\"WebPage\",\"@id\":\"https:\/\/tsvline.com\/it\/termini-e-condizioni-del-sito-we\/\",\"url\":\"https:\/\/tsvline.com\/it\/termini-e-condizioni-del-sito-we\/\",\"name\":\"Termini e condizioni del sito we | TSV\u00ae\",\"isPartOf\":{\"@id\":\"https:\/\/tsvline.com\/it\/#website\"},\"datePublished\":\"2022-11-03T03:42:13+00:00\",\"dateModified\":\"2024-08-25T06:33:35+00:00\",\"breadcrumb\":{\"@id\":\"https:\/\/tsvline.com\/it\/termini-e-condizioni-del-sito-we\/#breadcrumb\"},\"inLanguage\":\"it-IT\",\"potentialAction\":[{\"@type\":\"ReadAction\",\"target\":[\"https:\/\/tsvline.com\/it\/termini-e-condizioni-del-sito-we\/\"]}]},{\"@type\":\"BreadcrumbList\",\"@id\":\"https:\/\/tsvline.com\/it\/termini-e-condizioni-del-sito-we\/#breadcrumb\",\"itemListElement\":[{\"@type\":\"ListItem\",\"position\":1,\"name\":\"Home\",\"item\":\"https:\/\/tsvline.com\/it\/\"},{\"@type\":\"ListItem\",\"position\":2,\"name\":\"Termini e condizioni del sito we\"}]},{\"@type\":\"WebSite\",\"@id\":\"https:\/\/tsvline.com\/it\/#website\",\"url\":\"https:\/\/tsvline.com\/it\/\",\"name\":\"TSV Line - Parte din PM Aluminium Line\",\"description\":\"Sistem de Glafuri din Aluminiu\",\"publisher\":{\"@id\":\"https:\/\/tsvline.com\/it\/#organization\"},\"alternateName\":\"TSV\",\"potentialAction\":[{\"@type\":\"SearchAction\",\"target\":{\"@type\":\"EntryPoint\",\"urlTemplate\":\"https:\/\/tsvline.com\/it\/?s={search_term_string}\"},\"query-input\":\"required name=search_term_string\"}],\"inLanguage\":\"it-IT\"},{\"@type\":\"Organization\",\"@id\":\"https:\/\/tsvline.com\/it\/#organization\",\"name\":\"TSV - PM Aluminium Line\",\"alternateName\":\"TSV\",\"url\":\"https:\/\/tsvline.com\/it\/\",\"logo\":{\"@type\":\"ImageObject\",\"inLanguage\":\"it-IT\",\"@id\":\"https:\/\/tsvline.com\/it\/#\/schema\/logo\/image\/\",\"url\":\"https:\/\/tsvline.ro\/wp-content\/uploads\/2022\/10\/logo-v2.png\",\"contentUrl\":\"https:\/\/tsvline.ro\/wp-content\/uploads\/2022\/10\/logo-v2.png\",\"width\":1668,\"height\":1856,\"caption\":\"TSV - PM Aluminium Line\"},\"image\":{\"@id\":\"https:\/\/tsvline.com\/it\/#\/schema\/logo\/image\/\"}}]}<\/script>\n<!-- \/ Yoast SEO plugin. -->","yoast_head_json":{"title":"Termini e condizioni del sito we | TSV\u00ae","robots":{"index":"index","follow":"follow","max-snippet":"max-snippet:-1","max-image-preview":"max-image-preview:large","max-video-preview":"max-video-preview:-1"},"canonical":"https:\/\/tsvline.com\/it\/termini-e-condizioni-del-sito-we\/","og_locale":"it_IT","og_type":"article","og_title":"Termini e condizioni del sito we | TSV\u00ae","og_description":"Termini e condizioni del sito web 1. CONSIDERAZIONI PRELIMINARI 1.1 Accedendo e utilizzando il sito Web www.tsvline.com, accetti queste condizioni, senza limitazioni o qualifiche, e riconosci che qualsiasi accordo tra te e PM ALUMINIUM LINE (di seguito, PM Line) \u00e8 pienamente soggetto a questi Termini e Condizioni.1.2 PM ei suoi partner detengono i diritti di [&hellip;]","og_url":"https:\/\/tsvline.com\/it\/termini-e-condizioni-del-sito-we\/","og_site_name":"TSV\u00ae","article_modified_time":"2024-08-25T06:33:35+00:00","twitter_card":"summary_large_image","twitter_misc":{"Tempo di lettura stimato":"4 minuti"},"schema":{"@context":"https:\/\/schema.org","@graph":[{"@type":"WebPage","@id":"https:\/\/tsvline.com\/it\/termini-e-condizioni-del-sito-we\/","url":"https:\/\/tsvline.com\/it\/termini-e-condizioni-del-sito-we\/","name":"Termini e condizioni del sito we | TSV\u00ae","isPartOf":{"@id":"https:\/\/tsvline.com\/it\/#website"},"datePublished":"2022-11-03T03:42:13+00:00","dateModified":"2024-08-25T06:33:35+00:00","breadcrumb":{"@id":"https:\/\/tsvline.com\/it\/termini-e-condizioni-del-sito-we\/#breadcrumb"},"inLanguage":"it-IT","potentialAction":[{"@type":"ReadAction","target":["https:\/\/tsvline.com\/it\/termini-e-condizioni-del-sito-we\/"]}]},{"@type":"BreadcrumbList","@id":"https:\/\/tsvline.com\/it\/termini-e-condizioni-del-sito-we\/#breadcrumb","itemListElement":[{"@type":"ListItem","position":1,"name":"Home","item":"https:\/\/tsvline.com\/it\/"},{"@type":"ListItem","position":2,"name":"Termini e condizioni del sito we"}]},{"@type":"WebSite","@id":"https:\/\/tsvline.com\/it\/#website","url":"https:\/\/tsvline.com\/it\/","name":"TSV Line - Parte din PM Aluminium Line","description":"Sistem de Glafuri din Aluminiu","publisher":{"@id":"https:\/\/tsvline.com\/it\/#organization"},"alternateName":"TSV","potentialAction":[{"@type":"SearchAction","target":{"@type":"EntryPoint","urlTemplate":"https:\/\/tsvline.com\/it\/?s={search_term_string}"},"query-input":"required name=search_term_string"}],"inLanguage":"it-IT"},{"@type":"Organization","@id":"https:\/\/tsvline.com\/it\/#organization","name":"TSV - PM Aluminium Line","alternateName":"TSV","url":"https:\/\/tsvline.com\/it\/","logo":{"@type":"ImageObject","inLanguage":"it-IT","@id":"https:\/\/tsvline.com\/it\/#\/schema\/logo\/image\/","url":"https:\/\/tsvline.ro\/wp-content\/uploads\/2022\/10\/logo-v2.png","contentUrl":"https:\/\/tsvline.ro\/wp-content\/uploads\/2022\/10\/logo-v2.png","width":1668,"height":1856,"caption":"TSV - PM Aluminium Line"},"image":{"@id":"https:\/\/tsvline.com\/it\/#\/schema\/logo\/image\/"}}]}},"_links":{"self":[{"href":"https:\/\/tsvline.com\/it\/wp-json\/wp\/v2\/pages\/9083","targetHints":{"allow":["GET"]}}],"collection":[{"href":"https:\/\/tsvline.com\/it\/wp-json\/wp\/v2\/pages"}],"about":[{"href":"https:\/\/tsvline.com\/it\/wp-json\/wp\/v2\/types\/page"}],"author":[{"embeddable":true,"href":"https:\/\/tsvline.com\/it\/wp-json\/wp\/v2\/users\/3"}],"replies":[{"embeddable":true,"href":"https:\/\/tsvline.com\/it\/wp-json\/wp\/v2\/comments?post=9083"}],"version-history":[{"count":10,"href":"https:\/\/tsvline.com\/it\/wp-json\/wp\/v2\/pages\/9083\/revisions"}],"predecessor-version":[{"id":9119,"href":"https:\/\/tsvline.com\/it\/wp-json\/wp\/v2\/pages\/9083\/revisions\/9119"}],"wp:attachment":[{"href":"https:\/\/tsvline.com\/it\/wp-json\/wp\/v2\/media?parent=9083"}],"curies":[{"name":"wp","href":"https:\/\/api.w.org\/{rel}","templated":true}]}}