{"id":4485,"date":"2023-04-11T16:00:59","date_gmt":"2023-04-11T16:00:59","guid":{"rendered":"https:\/\/tsvline.com\/?page_id=4485"},"modified":"2023-04-25T12:33:00","modified_gmt":"2023-04-25T12:33:00","slug":"rolunk","status":"publish","type":"page","link":"https:\/\/tsvline.com\/hu\/rolunk\/","title":{"rendered":"R\u00f3lunk"},"content":{"rendered":"<p>\n<style type=\"text\/css\" data-created_by=\"avia_inline_auto\" id=\"style-css-av-94sj4-bc6327c3953cee490929062fc9a8ce1b\">\n.avia-section.av-94sj4-bc6327c3953cee490929062fc9a8ce1b .av-parallax .av-parallax-inner{\nbackground-repeat:no-repeat;\nbackground-image:url(https:\/\/tsvline.com\/wp-content\/uploads\/2022\/01\/2.-Bloc-Culoare-TSV-fara-schita-2-300x225.jpg);\nbackground-position:100% 50%;\nbackground-attachment:scroll;\n}\n.avia-section.av-94sj4-bc6327c3953cee490929062fc9a8ce1b .av-section-color-overlay{\nopacity:0.9;\nbackground-color:#0a0a0a;\n}\n<\/style>\n<div id='av_section_1'  class='avia-section av-94sj4-bc6327c3953cee490929062fc9a8ce1b alternate_color avia-section-small avia-no-border-styling  avia-builder-el-0  el_before_av_section  avia-builder-el-first  avia-full-stretch av-parallax-section avia-bg-style-parallax av-section-color-overlay-active  av-medium-hide av-small-hide av-mini-hide container_wrap fullsize'  data-section-bg-repeat='stretch'><div class='av-parallax' data-avia-parallax-ratio='0.3' ><div class='av-parallax-inner alternate_color avia-full-stretch'><\/div><\/div><div class='av-section-color-overlay-wrap'><div class=\"av-section-color-overlay\"><\/div><div class='container av-section-cont-open' ><main  role=\"main\" itemprop=\"mainContentOfPage\"  class='template-page content  av-content-full alpha units'><div class='post-entry post-entry-type-page post-entry-4485'><div class='entry-content-wrapper clearfix'> <\/div><\/div><\/main><!-- close content main element --><\/div><\/div><\/div><div id='av_section_2'  class='avia-section av-2q694w-0c3dcfe8f3e54e9e1f5666f675b8a663 main_color avia-section-default avia-no-border-styling  avia-builder-el-1  el_after_av_section  avia-builder-el-last  avia-bg-style-scroll  container_wrap fullsize'  ><div class='container av-section-cont-open' ><div class='template-page content  av-content-full alpha units'><div class='post-entry post-entry-type-page post-entry-4485'><div class='entry-content-wrapper clearfix'> <div class='flex_column av-gfbx4-69d8c84164ba5c9e023ad3bca238e73f av_one_fifth  avia-builder-el-2  el_before_av_three_fifth  avia-builder-el-first  first flex_column_div '   ><\/div><div class='flex_column av-2etxag-b244d94f88953806c887bafcc61073e2 av_three_fifth  avia-builder-el-3  el_after_av_one_fifth  el_before_av_one_fifth  flex_column_div '   ><p> \n<style type=\"text\/css\" data-created_by=\"avia_inline_auto\" id=\"style-css-av-27por4-e87dfb7afc6bdf75ba71d033a2aa44f1\">\n.avia-image-container.av-27por4-e87dfb7afc6bdf75ba71d033a2aa44f1 .av-image-caption-overlay-center{\ncolor:#ffffff;\n}\n<\/style>\n<div  class='avia-image-container av-27por4-e87dfb7afc6bdf75ba71d033a2aa44f1 av-styling- avia-align-center  avia-builder-el-4  el_before_av_textblock  avia-builder-el-first  '  itemprop=\"image\" itemscope=\"itemscope\" itemtype=\"https:\/\/schema.org\/ImageObject\" ><div class=\"avia-image-container-inner\"><div class=\"avia-image-overlay-wrap\"><img decoding=\"async\" class='wp-image-3902 avia-img-lazy-loading-not-3902 avia_image' src=\"https:\/\/tsvline.com\/wp-content\/uploads\/2022\/02\/COPERTA-2-FINAL-TSV-1030x579.jpg\" alt='' title='COPERTA (2) FINAL TSV'  height=\"579\" width=\"1030\"  itemprop=\"thumbnailUrl\" srcset=\"https:\/\/tsvline.com\/wp-content\/uploads\/2022\/02\/COPERTA-2-FINAL-TSV-1030x579.jpg 1030w, https:\/\/tsvline.com\/wp-content\/uploads\/2022\/02\/COPERTA-2-FINAL-TSV-300x169.jpg 300w, https:\/\/tsvline.com\/wp-content\/uploads\/2022\/02\/COPERTA-2-FINAL-TSV-768x432.jpg 768w, https:\/\/tsvline.com\/wp-content\/uploads\/2022\/02\/COPERTA-2-FINAL-TSV-1536x864.jpg 1536w, https:\/\/tsvline.com\/wp-content\/uploads\/2022\/02\/COPERTA-2-FINAL-TSV-2048x1152.jpg 2048w, https:\/\/tsvline.com\/wp-content\/uploads\/2022\/02\/COPERTA-2-FINAL-TSV-1500x844.jpg 1500w, https:\/\/tsvline.com\/wp-content\/uploads\/2022\/02\/COPERTA-2-FINAL-TSV-705x397.jpg 705w\" sizes=\"(max-width: 1030px) 100vw, 1030px\" \/><\/div><\/div><\/div> <section  class='av_textblock_section av-22rfbc-75f5ebc51c54becc8a3e3c5a45bd9da5 '  itemscope=\"itemscope\" itemtype=\"https:\/\/schema.org\/CreativeWork\" ><div class='avia_textblock '  itemprop=\"text\" ><p> \u00daj\u00edt\u00f3 term\u00e9keket fejleszt\u00fcnk, melyek megfelelnek a folyamatosan v\u00e1ltoz\u00f3 k\u00f6vetelm\u00e9nyeknek. Olyan technol\u00f3gi\u00e1t haszn\u00e1lunk, mely seg\u00edt v\u00e1laszt adni a jelen probl\u00e9m\u00e1ira, de megfelel a j\u00f6v\u0151 elv\u00e1r\u00e1sainak is. Minden er\u0151nket \u00e9s \u00f6tlet\u00fcnket egy c\u00e9l vez\u00e9rli a min\u0151s\u00e9gi szolg\u00e1ltat\u00e1s. \u00cdg\u00e9ret\u00fcnknek megfelel\u0151en azon dolgozunk, hogy szakembereink seg\u00edts\u00e9g\u00e9vel cs\u00f6kkents\u00fck a k\u00e9szletez\u00e9sb\u0151l illetve sz\u00e1ll\u00edt\u00e1skor felmer\u00fcl\u0151 probl\u00e9m\u00e1kat. Elk\u00f6telezettek vagyunk abban, hogy \u00faj utakat nyissunk, melyek seg\u00edtik c\u00e9g\u00fck fejl\u0151d\u00e9s\u00e9t \u00e9s fellend\u00fcl\u00e9s\u00e9t.<\/p>\n<hr \/>\n<h5 class=\"section-subtitle\"><strong>TELJESS\u00c9G<\/strong><\/h5>\n<p style=\"text-align: left;\">Figyelembe vessz\u00fck v\u00e1s\u00e1rl\u00f3ink ig\u00e9nyeit \u00e9s arra t\u00f6reksz\u00fcnk, hogy csapatunk kompetenci\u00e1j\u00e1val \u00e9s pozit\u00edv hozz\u00e1\u00e1ll\u00e1s\u00e1val el\u00e9rj\u00e9k c\u00e9ljaikat, ami elvezeti \u0151ket a sikerhez!<\/p>\n<hr \/>\n<h5 class=\"section-subtitle\"><strong>FELEL\u0150SS\u00c9G<\/strong><\/h5>\n<p style=\"text-align: left;\">Felel\u0151ss\u00e9get v\u00e1llalunk tetteink\u00e9rt \u00e9s arra \u00f6sszpontos\u00edtunk, hogy mindig tal\u00e1ljunk megold\u00e1st. Folyamatosan fejleszt\u00fcnk annak \u00e9rdek\u00e9ben, hogy teljes\u00edts\u00fck az \u00fcgyfeleinknek tett \u00edg\u00e9reteket \u00e9s a k\u00f6telezetts\u00e9gek kiszolg\u00e1l\u00e1s\u00e1ra a lehet\u0151 legjobb d\u00f6nt\u00e9seket hozzuk.<\/p>\n<hr \/>\n<h5 class=\"section-subtitle\"><strong>FOLYAMATOS FEJL\u0150D\u00c9S<\/strong><\/h5>\n<p>Meg\u00e9rtj\u00fck v\u00e1gyait ez\u00e9rt igyeksz\u00fcnk kiszolg\u00e1lni azokat, \u00faj term\u00e9kekkel \u00e9s szolg\u00e1ltat\u00e1sok fejleszt\u00e9s\u00e9vel. <\/p>\n<\/div><\/section> <\/p><\/div><div class='flex_column av-3axs-78c5eb14a3b2dcad96322f1877603919 av_one_fifth  avia-builder-el-6  el_after_av_three_fifth  el_before_av_one_fifth  flex_column_div '   ><\/div><div class='flex_column av-e08w0-bbdfcdea06416e44fd83347e5e42ee1c av_one_fifth  avia-builder-el-7  el_after_av_one_fifth  el_before_av_three_fifth  first flex_column_div column-top-margin'   ><\/div><div class='flex_column av-1j7um0-9f5c27711c61b7944461b5917e610fb2 av_three_fifth  avia-builder-el-8  el_after_av_one_fifth  el_before_av_one_fifth  flex_column_div column-top-margin'   ><p> \n<style type=\"text\/css\" data-created_by=\"avia_inline_auto\" id=\"style-css-av-1frzi8-eaeb3b6bf37e66b0274f64a7c7a898d7\">\n.avia-image-container.av-1frzi8-eaeb3b6bf37e66b0274f64a7c7a898d7 .av-image-caption-overlay-center{\ncolor:#ffffff;\n}\n<\/style>\n<div  class='avia-image-container av-1frzi8-eaeb3b6bf37e66b0274f64a7c7a898d7 av-styling- avia-align-center  avia-builder-el-9  el_before_av_textblock  avia-builder-el-first  '  itemprop=\"image\" itemscope=\"itemscope\" itemtype=\"https:\/\/schema.org\/ImageObject\" ><div class=\"avia-image-container-inner\"><div class=\"avia-image-overlay-wrap\"><img decoding=\"async\" class='wp-image-3714 avia-img-lazy-loading-not-3714 avia_image' src=\"https:\/\/tsvline.com\/wp-content\/uploads\/2022\/01\/1.-Bloc-Culoare-TSV-Schitat-1-1335x630.jpg\" alt='' title='1. Bloc Culoare TSV Schitat (1)'  height=\"630\" width=\"1335\"  itemprop=\"thumbnailUrl\"  \/><\/div><\/div><\/div> <section  class='av_textblock_section av-11kl0g-6a899dd0f05bab3c980bf83efa3158b2 '  itemscope=\"itemscope\" itemtype=\"https:\/\/schema.org\/CreativeWork\" ><div class='avia_textblock '  itemprop=\"text\" ><p> Az a legfontosabb \u00edg\u00e9ret, hogy b\u00e1rmikor sz\u00e1m\u00edthatnak r\u00e1nk. Az\u00e9rt dolgozunk, hogy a biztons\u00e1gos \u00e9s j\u00f3 min\u0151s\u00e9g\u0171 term\u00e9kek megfeleljenek az \u00fcgyfelek minden ig\u00e9ny\u00e9nek \u00e9s \u00edzl\u00e9s\u00e9nek.<\/p>\n<hr \/>\n<\/div><\/section> <\/p><\/div><div class='flex_column av-7ud8g-4d8bc691e197820c772710f8792c4eaf av_one_fifth  avia-builder-el-11  el_after_av_three_fifth  el_before_av_one_fifth  flex_column_div column-top-margin'   ><\/div><div class='flex_column av-gakmg-97b6a8dce83e2669e54eae38608f3f5e av_one_fifth  avia-builder-el-12  el_after_av_one_fifth  el_before_av_three_fifth  first flex_column_div column-top-margin'   ><\/div><div class='flex_column av-1dgz4-612c5362e527773999f6544c7080f3d1 av_three_fifth  avia-builder-el-13  el_after_av_one_fifth  el_before_av_one_fifth  flex_column_div column-top-margin'   ><p> \n<style type=\"text\/css\" data-created_by=\"avia_inline_auto\" id=\"style-css-av-8admg-23998a64cb6471d0b5e2a10ddab1c6a1\">\n.avia-image-container.av-8admg-23998a64cb6471d0b5e2a10ddab1c6a1 .av-image-caption-overlay-center{\ncolor:#ffffff;\n}\n<\/style>\n<div  class='avia-image-container av-8admg-23998a64cb6471d0b5e2a10ddab1c6a1 av-styling- avia-align-center  avia-builder-el-14  el_before_av_textblock  avia-builder-el-first  '  itemprop=\"image\" itemscope=\"itemscope\" itemtype=\"https:\/\/schema.org\/ImageObject\" ><div class=\"avia-image-container-inner\"><div class=\"avia-image-overlay-wrap\"><img decoding=\"async\" class='wp-image-3894 avia-img-lazy-loading-not-3894 avia_image' src=\"https:\/\/tsvline.com\/wp-content\/uploads\/2022\/01\/TSV-Diversity-Colors-1500x844.jpg\" alt='' title='TSV Diversity Colors'  height=\"844\" width=\"1500\"  itemprop=\"thumbnailUrl\" srcset=\"https:\/\/tsvline.com\/wp-content\/uploads\/2022\/01\/TSV-Diversity-Colors-1500x844.jpg 1500w, https:\/\/tsvline.com\/wp-content\/uploads\/2022\/01\/TSV-Diversity-Colors-300x169.jpg 300w, https:\/\/tsvline.com\/wp-content\/uploads\/2022\/01\/TSV-Diversity-Colors-1030x579.jpg 1030w, https:\/\/tsvline.com\/wp-content\/uploads\/2022\/01\/TSV-Diversity-Colors-768x432.jpg 768w, https:\/\/tsvline.com\/wp-content\/uploads\/2022\/01\/TSV-Diversity-Colors-1536x864.jpg 1536w, https:\/\/tsvline.com\/wp-content\/uploads\/2022\/01\/TSV-Diversity-Colors-2048x1152.jpg 2048w, https:\/\/tsvline.com\/wp-content\/uploads\/2022\/01\/TSV-Diversity-Colors-705x397.jpg 705w\" sizes=\"(max-width: 1500px) 100vw, 1500px\" \/><\/div><\/div><\/div> <section  class='av_textblock_section av-j5cgw-7c414f8191b700a464c3342f1b4a8026 '  itemscope=\"itemscope\" itemtype=\"https:\/\/schema.org\/CreativeWork\" ><div class='avia_textblock '  itemprop=\"text\" ><h4>&#8222;FORM\u00c1LJUK EGY\u00dcTT A J\u00d6V\u0150T!\u201d<\/h4>\n<p>A TSV term\u00e9kek k\u00f6z\u00e9ppontj\u00e1ban a legmodernebb m\u0171szaki \u00e9s eszt\u00e9tikai megold\u00e1sok ker\u00fclnek el\u0151t\u00e9rbe, amelyek egy\u00fcttesen hozz\u00e1j\u00e1rulnak az \u00e9p\u00edt\u00e9szeti elk\u00e9pzel\u00e9sek, fel\u00faj\u00edt\u00e1si projektek megval\u00f3s\u00edt\u00e1s\u00e1hoz.<span class=\"Apple-converted-space\">\u00a0<\/span> Minden er\u0151forr\u00e1sunk \u00e9s \u00f6tlet\u00fcnk egy c\u00e9lt szolg\u00e1l: a legmagasabb min\u0151s\u00e9g\u0171 term\u00e9kek \u00e9s szolg\u00e1ltat\u00e1sok el\u00e9r\u00e9s\u00e9t, n\u00e9pszer\u0171s\u00edt\u00e9s\u00e9t.<\/p>\n<hr \/>\n<\/div><\/section> <\/p><\/div><div class='flex_column av-afa54-51749212c5e261000bc77acf71fe70bc av_one_fifth  avia-builder-el-16  el_after_av_three_fifth  avia-builder-el-last  flex_column_div column-top-margin'   ><\/div><\/p>\n","protected":false},"excerpt":{"rendered":"","protected":false},"author":3,"featured_media":0,"parent":0,"menu_order":0,"comment_status":"closed","ping_status":"closed","template":"","meta":{"footnotes":""},"class_list":["post-4485","page","type-page","status-publish","hentry"],"yoast_head":"<!-- This site is optimized with the Yoast SEO plugin v19.9 - https:\/\/yoast.com\/wordpress\/plugins\/seo\/ -->\n<title>R\u00f3lunk | TSV\u00ae<\/title>\n<meta name=\"robots\" content=\"index, follow, max-snippet:-1, max-image-preview:large, max-video-preview:-1\" \/>\n<link rel=\"canonical\" href=\"https:\/\/tsvline.com\/hu\/rolunk\/\" \/>\n<meta property=\"og:locale\" content=\"hu_HU\" \/>\n<meta property=\"og:type\" content=\"article\" \/>\n<meta property=\"og:title\" content=\"R\u00f3lunk | TSV\u00ae\" \/>\n<meta property=\"og:url\" content=\"https:\/\/tsvline.com\/hu\/rolunk\/\" \/>\n<meta property=\"og:site_name\" content=\"TSV\u00ae\" \/>\n<meta property=\"article:modified_time\" content=\"2023-04-25T12:33:00+00:00\" \/>\n<meta name=\"twitter:card\" content=\"summary_large_image\" \/>\n<meta name=\"twitter:label1\" content=\"Becs\u00fclt olvas\u00e1si id\u0151\" \/>\n\t<meta name=\"twitter:data1\" content=\"18 perc\" \/>\n<script type=\"application\/ld+json\" class=\"yoast-schema-graph\">{\"@context\":\"https:\/\/schema.org\",\"@graph\":[{\"@type\":\"WebPage\",\"@id\":\"https:\/\/tsvline.com\/hu\/rolunk\/\",\"url\":\"https:\/\/tsvline.com\/hu\/rolunk\/\",\"name\":\"R\u00f3lunk | TSV\u00ae\",\"isPartOf\":{\"@id\":\"https:\/\/tsvline.com\/hu\/#website\"},\"datePublished\":\"2023-04-11T16:00:59+00:00\",\"dateModified\":\"2023-04-25T12:33:00+00:00\",\"breadcrumb\":{\"@id\":\"https:\/\/tsvline.com\/hu\/rolunk\/#breadcrumb\"},\"inLanguage\":\"hu\",\"potentialAction\":[{\"@type\":\"ReadAction\",\"target\":[\"https:\/\/tsvline.com\/hu\/rolunk\/\"]}]},{\"@type\":\"BreadcrumbList\",\"@id\":\"https:\/\/tsvline.com\/hu\/rolunk\/#breadcrumb\",\"itemListElement\":[{\"@type\":\"ListItem\",\"position\":1,\"name\":\"Home\",\"item\":\"https:\/\/tsvline.com\/hu\/\"},{\"@type\":\"ListItem\",\"position\":2,\"name\":\"R\u00f3lunk\"}]},{\"@type\":\"WebSite\",\"@id\":\"https:\/\/tsvline.com\/hu\/#website\",\"url\":\"https:\/\/tsvline.com\/hu\/\",\"name\":\"TSV Line - Parte din PM Aluminium Line\",\"description\":\"Sistem de Glafuri din Aluminiu\",\"publisher\":{\"@id\":\"https:\/\/tsvline.com\/hu\/#organization\"},\"alternateName\":\"TSV\",\"potentialAction\":[{\"@type\":\"SearchAction\",\"target\":{\"@type\":\"EntryPoint\",\"urlTemplate\":\"https:\/\/tsvline.com\/hu\/?s={search_term_string}\"},\"query-input\":\"required name=search_term_string\"}],\"inLanguage\":\"hu\"},{\"@type\":\"Organization\",\"@id\":\"https:\/\/tsvline.com\/hu\/#organization\",\"name\":\"TSV - PM Aluminium Line\",\"alternateName\":\"TSV\",\"url\":\"https:\/\/tsvline.com\/hu\/\",\"logo\":{\"@type\":\"ImageObject\",\"inLanguage\":\"hu\",\"@id\":\"https:\/\/tsvline.com\/hu\/#\/schema\/logo\/image\/\",\"url\":\"https:\/\/tsvline.ro\/wp-content\/uploads\/2022\/10\/logo-v2.png\",\"contentUrl\":\"https:\/\/tsvline.ro\/wp-content\/uploads\/2022\/10\/logo-v2.png\",\"width\":1668,\"height\":1856,\"caption\":\"TSV - PM Aluminium Line\"},\"image\":{\"@id\":\"https:\/\/tsvline.com\/hu\/#\/schema\/logo\/image\/\"}}]}<\/script>\n<!-- \/ Yoast SEO plugin. -->","yoast_head_json":{"title":"R\u00f3lunk | TSV\u00ae","robots":{"index":"index","follow":"follow","max-snippet":"max-snippet:-1","max-image-preview":"max-image-preview:large","max-video-preview":"max-video-preview:-1"},"canonical":"https:\/\/tsvline.com\/hu\/rolunk\/","og_locale":"hu_HU","og_type":"article","og_title":"R\u00f3lunk | TSV\u00ae","og_url":"https:\/\/tsvline.com\/hu\/rolunk\/","og_site_name":"TSV\u00ae","article_modified_time":"2023-04-25T12:33:00+00:00","twitter_card":"summary_large_image","twitter_misc":{"Becs\u00fclt olvas\u00e1si id\u0151":"18 perc"},"schema":{"@context":"https:\/\/schema.org","@graph":[{"@type":"WebPage","@id":"https:\/\/tsvline.com\/hu\/rolunk\/","url":"https:\/\/tsvline.com\/hu\/rolunk\/","name":"R\u00f3lunk | TSV\u00ae","isPartOf":{"@id":"https:\/\/tsvline.com\/hu\/#website"},"datePublished":"2023-04-11T16:00:59+00:00","dateModified":"2023-04-25T12:33:00+00:00","breadcrumb":{"@id":"https:\/\/tsvline.com\/hu\/rolunk\/#breadcrumb"},"inLanguage":"hu","potentialAction":[{"@type":"ReadAction","target":["https:\/\/tsvline.com\/hu\/rolunk\/"]}]},{"@type":"BreadcrumbList","@id":"https:\/\/tsvline.com\/hu\/rolunk\/#breadcrumb","itemListElement":[{"@type":"ListItem","position":1,"name":"Home","item":"https:\/\/tsvline.com\/hu\/"},{"@type":"ListItem","position":2,"name":"R\u00f3lunk"}]},{"@type":"WebSite","@id":"https:\/\/tsvline.com\/hu\/#website","url":"https:\/\/tsvline.com\/hu\/","name":"TSV Line - Parte din PM Aluminium Line","description":"Sistem de Glafuri din Aluminiu","publisher":{"@id":"https:\/\/tsvline.com\/hu\/#organization"},"alternateName":"TSV","potentialAction":[{"@type":"SearchAction","target":{"@type":"EntryPoint","urlTemplate":"https:\/\/tsvline.com\/hu\/?s={search_term_string}"},"query-input":"required name=search_term_string"}],"inLanguage":"hu"},{"@type":"Organization","@id":"https:\/\/tsvline.com\/hu\/#organization","name":"TSV - PM Aluminium Line","alternateName":"TSV","url":"https:\/\/tsvline.com\/hu\/","logo":{"@type":"ImageObject","inLanguage":"hu","@id":"https:\/\/tsvline.com\/hu\/#\/schema\/logo\/image\/","url":"https:\/\/tsvline.ro\/wp-content\/uploads\/2022\/10\/logo-v2.png","contentUrl":"https:\/\/tsvline.ro\/wp-content\/uploads\/2022\/10\/logo-v2.png","width":1668,"height":1856,"caption":"TSV - PM Aluminium Line"},"image":{"@id":"https:\/\/tsvline.com\/hu\/#\/schema\/logo\/image\/"}}]}},"_links":{"self":[{"href":"https:\/\/tsvline.com\/hu\/wp-json\/wp\/v2\/pages\/4485","targetHints":{"allow":["GET"]}}],"collection":[{"href":"https:\/\/tsvline.com\/hu\/wp-json\/wp\/v2\/pages"}],"about":[{"href":"https:\/\/tsvline.com\/hu\/wp-json\/wp\/v2\/types\/page"}],"author":[{"embeddable":true,"href":"https:\/\/tsvline.com\/hu\/wp-json\/wp\/v2\/users\/3"}],"replies":[{"embeddable":true,"href":"https:\/\/tsvline.com\/hu\/wp-json\/wp\/v2\/comments?post=4485"}],"version-history":[{"count":3,"href":"https:\/\/tsvline.com\/hu\/wp-json\/wp\/v2\/pages\/4485\/revisions"}],"predecessor-version":[{"id":4487,"href":"https:\/\/tsvline.com\/hu\/wp-json\/wp\/v2\/pages\/4485\/revisions\/4487"}],"wp:attachment":[{"href":"https:\/\/tsvline.com\/hu\/wp-json\/wp\/v2\/media?parent=4485"}],"curies":[{"name":"wp","href":"https:\/\/api.w.org\/{rel}","templated":true}]}}