{"id":4482,"date":"2023-04-11T16:08:50","date_gmt":"2023-04-11T16:08:50","guid":{"rendered":"https:\/\/tsvline.com\/?page_id=4482"},"modified":"2023-04-25T12:33:45","modified_gmt":"2023-04-25T12:33:45","slug":"hasznos-informaciok","status":"publish","type":"page","link":"https:\/\/tsvline.com\/hu\/hasznos-informaciok\/","title":{"rendered":"Hasznos inform\u00e1ci\u00f3k"},"content":{"rendered":"<p>\n<style type=\"text\/css\" data-created_by=\"avia_inline_auto\" id=\"style-css-av-71lvm-e037616e4f4fbf8054cfd8fb51784054\">\n.avia-section.av-71lvm-e037616e4f4fbf8054cfd8fb51784054 .av-parallax .av-parallax-inner{\nbackground-repeat:no-repeat;\nbackground-image:url(https:\/\/tsvline.com\/wp-content\/uploads\/2022\/01\/2.-Bloc-Culoare-TSV-fara-schita-2-300x225.jpg);\nbackground-position:100% 50%;\nbackground-attachment:scroll;\n}\n.avia-section.av-71lvm-e037616e4f4fbf8054cfd8fb51784054 .av-section-color-overlay{\nopacity:0.9;\nbackground-color:#0a0a0a;\n}\n<\/style>\n<div id='av_section_1'  class='avia-section av-71lvm-e037616e4f4fbf8054cfd8fb51784054 alternate_color avia-section-small avia-no-border-styling  avia-builder-el-0  el_before_av_section  avia-builder-el-first  avia-full-stretch av-parallax-section avia-bg-style-parallax av-section-color-overlay-active  av-medium-hide av-small-hide av-mini-hide container_wrap fullsize'  data-section-bg-repeat='stretch'><div class='av-parallax' data-avia-parallax-ratio='0.3' ><div class='av-parallax-inner alternate_color avia-full-stretch'><\/div><\/div><div class='av-section-color-overlay-wrap'><div class=\"av-section-color-overlay\"><\/div><div class='container av-section-cont-open' ><main  role=\"main\" itemprop=\"mainContentOfPage\"  class='template-page content  av-content-full alpha units'><div class='post-entry post-entry-type-page post-entry-4482'><div class='entry-content-wrapper clearfix'> <\/div><\/div><\/main><!-- close content main element --><\/div><\/div><\/div><div id='av_section_2'  class='avia-section av-2jub96-0e744cd0635ec3f44a05efa420f87a9e main_color avia-section-default avia-no-border-styling  avia-builder-el-1  el_after_av_section  el_before_av_section  avia-bg-style-scroll  container_wrap fullsize'  ><div class='container av-section-cont-open' ><div class='template-page content  av-content-full alpha units'><div class='post-entry post-entry-type-page post-entry-4482'><div class='entry-content-wrapper clearfix'> <div class='flex_column av-8x2w2-8bde62b3e6162dd57e4b8e6c085e8f10 av_one_fifth  avia-builder-el-2  el_before_av_three_fifth  avia-builder-el-first  first flex_column_div '   ><\/div><div class='flex_column av-27sube-83a35b56ddae469d7ff10b6b152f5e2e av_three_fifth  avia-builder-el-3  el_after_av_one_fifth  el_before_av_one_fifth  flex_column_div '   ><p> \n<style type=\"text\/css\" data-created_by=\"avia_inline_auto\" id=\"style-css-av-kz2eeq7p-07ec508967715311505686c306c87e36\">\n.avia-image-container.av-kz2eeq7p-07ec508967715311505686c306c87e36 .av-image-caption-overlay-center{\ncolor:#ffffff;\n}\n<\/style>\n<div  class='avia-image-container av-kz2eeq7p-07ec508967715311505686c306c87e36 av-styling- avia-align-center  avia-builder-el-4  el_before_av_button  avia-builder-el-first  '  itemprop=\"image\" itemscope=\"itemscope\" itemtype=\"https:\/\/schema.org\/ImageObject\" ><div class=\"avia-image-container-inner\"><div class=\"avia-image-overlay-wrap\"><img decoding=\"async\" class='wp-image-3899 avia-img-lazy-loading-not-3899 avia_image' src=\"https:\/\/tsvline.com\/wp-content\/uploads\/2022\/01\/Instructiuni-de-Intretinere-1.1-1500x630.jpg\" alt='' title='Instructiuni de Intretinere (1.1)'  height=\"630\" width=\"1500\"  itemprop=\"thumbnailUrl\"  \/><\/div><\/div><\/div> <div  class='avia-button-wrap avia-button-left  avia-builder-el-5  el_after_av_image  el_before_av_textblock ' ><a href=''  class='avia-button av-kz2eicb5-e89a32b9468f4eb46d854de42bac912e avia-icon_select-yes-right-icon avia-size-medium avia-position-left av-icon-on-hover avia-color-theme-color ' ><span class='avia_iconbox_title' >\u29bf Karbantart\u00e1si \u00fatmutat\u00f3<\/span><span class='avia_button_icon avia_button_icon_right' aria-hidden='true' data-av_icon='\ue87d' data-av_iconfont='entypo-fontello'><\/span><\/a><\/div> <section  class='av_textblock_section av-23wdzm-688ca54dea156e1bf3afe56f1f55a63a '  itemscope=\"itemscope\" itemtype=\"https:\/\/schema.org\/CreativeWork\" ><div class='avia_textblock '  itemprop=\"text\" ><p> <span class=\"Apple-converted-space\"><strong>Hogyan tartsuk karban?\u00a0<\/strong><\/span> A <strong>TSV<\/strong> alum\u00ednium p\u00e1rk\u00e1ny rendszer egy \u00e9letre sz\u00f3l\u00f3 befektet\u00e9s,legyen az \u00faj \u00e9p\u00edt\u00e9s vagy fel\u00faj\u00edt\u00e1s<span class=\"Apple-converted-space\">\u00a0.\u00a0<\/span> Ahhoz, hogy a p\u00e1rk\u00e1nyrendszer\u00fcnk mindig t\u00f6k\u00e9letes \u00e1llapotban legyen, rendszeres karbantart\u00e1s sz\u00fcks\u00e9ges.<span class=\"Apple-converted-space\">\u00a0<\/span> A jellegzetes f\u00e9nyess\u00e9g megtart\u00e1sa \u00e9rdek\u00e9ben javasoljuk a p\u00e1rk\u00e1nyok \u00e9s v\u00e9gz\u00e1r\u00f3k rendszeres tiszt\u00edt\u00e1s\u00e1t.<span class=\"Apple-converted-space\">\u00a0<\/span> A szennyez\u0151d\u00e9sek elt\u00e1vol\u00edt\u00e1sa sz\u00fcks\u00e9ges , mert a lerak\u00f3dott szennyez\u0151d\u00e9s rontja a csapad\u00e9k elvezet\u00e9s\u00e9t.<span class=\"Apple-converted-space\">\u00a0<\/span> Tiszt\u00edt\u00e1s\u00e1t v\u00edzzel \u00e9s puha t\u00f6rl\u0151kend\u0151vel javasoljuk, ablaktiszt\u00edt\u00f3 folyad\u00e9k probl\u00e9ma n\u00e9lk\u00fcl haszn\u00e1lhat\u00f3<span class=\"Apple-converted-space\">\u00a0.<\/span> <\/p>\n<\/div><\/section> \n<style type=\"text\/css\" data-created_by=\"avia_inline_auto\" id=\"style-css-av-1fiuxu-17d71e3f6df9c4fa855b673f43e4d929\">\n.avia-image-container.av-1fiuxu-17d71e3f6df9c4fa855b673f43e4d929 .av-image-caption-overlay-center{\ncolor:#ffffff;\n}\n<\/style>\n<div  class='avia-image-container av-1fiuxu-17d71e3f6df9c4fa855b673f43e4d929 av-styling- avia-align-center  avia-builder-el-7  el_after_av_textblock  el_before_av_textblock  '  itemprop=\"image\" itemscope=\"itemscope\" itemtype=\"https:\/\/schema.org\/ImageObject\" ><div class=\"avia-image-container-inner\"><div class=\"avia-image-overlay-wrap\"><img decoding=\"async\" class='wp-image-3897 avia-img-lazy-loading-not-3897 avia_image' src=\"https:\/\/tsvline.com\/wp-content\/uploads\/2022\/01\/Instructiuni-de-Intretinere-2-1500x844.jpg\" alt='' title='Instructiuni de Intretinere (2)'  height=\"844\" width=\"1500\"  itemprop=\"thumbnailUrl\" srcset=\"https:\/\/tsvline.com\/wp-content\/uploads\/2022\/01\/Instructiuni-de-Intretinere-2-1500x844.jpg 1500w, https:\/\/tsvline.com\/wp-content\/uploads\/2022\/01\/Instructiuni-de-Intretinere-2-300x169.jpg 300w, https:\/\/tsvline.com\/wp-content\/uploads\/2022\/01\/Instructiuni-de-Intretinere-2-1030x580.jpg 1030w, https:\/\/tsvline.com\/wp-content\/uploads\/2022\/01\/Instructiuni-de-Intretinere-2-768x432.jpg 768w, https:\/\/tsvline.com\/wp-content\/uploads\/2022\/01\/Instructiuni-de-Intretinere-2-1536x864.jpg 1536w, https:\/\/tsvline.com\/wp-content\/uploads\/2022\/01\/Instructiuni-de-Intretinere-2-2048x1152.jpg 2048w, https:\/\/tsvline.com\/wp-content\/uploads\/2022\/01\/Instructiuni-de-Intretinere-2-705x397.jpg 705w\" sizes=\"(max-width: 1500px) 100vw, 1500px\" \/><\/div><\/div><\/div> <section  class='av_textblock_section av-15levu-3783081253643ece45de49a72c9bc446 '  itemscope=\"itemscope\" itemtype=\"https:\/\/schema.org\/CreativeWork\" ><div class='avia_textblock '  itemprop=\"text\" ><p> <strong>Fontos inform\u00e1ci\u00f3k!<\/strong> A <strong>TSV<\/strong> alum\u00ednium ablakp\u00e1rk\u00e1nyok \u00e9s v\u00e9gz\u00e1r\u00f3k ellen\u00e1llnak a gipsznek, m\u00e9sz-kloridnak \u00e9s cementnek<span class=\"Apple-converted-space\">\u00a0<\/span> A k\u00f6vetkez\u0151 anyagokkal <strong>TILOS<\/strong> a tiszt\u00edt\u00e1sa: <i>Lakk, nitro h\u00edg\u00edt\u00f3k, lakk h\u00edg\u00edt\u00f3k \u00e9s old\u00f3szerek (aceton, etil-acet\u00e1t, benzol, kl\u00f3r,toluol, xilol, metanol,dikl\u00f3r-met\u00e1n, fenolok, alkohol, adal\u00e9kanyagok)<span class=\"Apple-converted-space\">\u00a0<\/span><\/i> <\/p>\n<\/div><\/section> \n<style type=\"text\/css\" data-created_by=\"avia_inline_auto\" id=\"style-css-av-93cyy-87bfce165884afe8b3ad270d19f9e488\">\n.avia-image-container.av-93cyy-87bfce165884afe8b3ad270d19f9e488 .av-image-caption-overlay-center{\ncolor:#ffffff;\n}\n<\/style>\n<div  class='avia-image-container av-93cyy-87bfce165884afe8b3ad270d19f9e488 av-styling- avia-align-center  avia-builder-el-9  el_after_av_textblock  el_before_av_button  '  itemprop=\"image\" itemscope=\"itemscope\" itemtype=\"https:\/\/schema.org\/ImageObject\" ><div class=\"avia-image-container-inner\"><div class=\"avia-image-overlay-wrap\"><img decoding=\"async\" class='wp-image- avia-img-lazy-loading-not- avia_image' src=\"http:\/\/tsvline.hu\/wp-content\/uploads\/2022\/03\/Asistenta-Tehnica-HU.png\" alt='' title=''   itemprop=\"thumbnailUrl\"  \/><\/div><\/div><\/div> <div  class='avia-button-wrap avia-button-left  avia-builder-el-10  el_after_av_image  el_before_av_textblock ' ><a href=''  class='avia-button av-kz2eor5n-f778588d7c7faec682e370d1738381fd avia-icon_select-yes-right-icon avia-size-medium avia-position-left av-icon-on-hover avia-color-theme-color ' ><span class='avia_iconbox_title' >\u29bf \u00c1ltal\u00e1nos aj\u00e1nl\u00e1sok<\/span><span class='avia_button_icon avia_button_icon_right' aria-hidden='true' data-av_icon='\ue87d' data-av_iconfont='entypo-fontello'><\/span><\/a><\/div> <section  class='av_textblock_section av-jepsq-fa2d775b8df7a540addfd7185efa1fac '  itemscope=\"itemscope\" itemtype=\"https:\/\/schema.org\/CreativeWork\" ><div class='avia_textblock '  itemprop=\"text\" ><p> A <strong>TSV<\/strong> alum\u00ednium ablakp\u00e1rk\u00e1ny rendszer t\u00f6k\u00e9letes m\u0171k\u00f6d\u00e9s\u00e9hez a k\u00f6vetkez\u0151 elj\u00e1r\u00e1sok betart\u00e1s\u00e1t javasoljuk:<span class=\"Apple-converted-space\">\u00a0<\/span> <span style=\"color: #993300;\"><strong>x\u00a0<\/strong><\/span>A p\u00e1rk\u00e1ny d\u0151l\u00e9si sz\u00f6ge kevesebb legyen mint 5\u00b0;<span class=\"Apple-converted-space\">\u00a0<\/span> <span style=\"color: #993300;\"><strong>x\u00a0<\/strong><\/span>A k\u00e9sz homlokzathoz k\u00e9pest az alum\u00ednium ablakp\u00e1rk\u00e1ny \u00e9lt\u00e1vols\u00e1ga 30-40 mm kell legyen;<span class=\"Apple-converted-space\">\u00a0<\/span> <span style=\"color: #993300;\"><strong>x\u00a0<\/strong><\/span>A p\u00e1rk\u00e1nyrendszer t\u00f6m\u00edtetts\u00e9g\u00e9hez sz\u00fcks\u00e9ges a megfelel\u0151 kieg\u00e9sz\u00edt\u0151k haszn\u00e1lata, a p\u00e1rk\u00e1nyfogad\u00f3, a gumit\u00f6m\u00edt\u00e9sek, a rozsdamentes csavarok \u00e9s csavartakar\u00f3k;<span class=\"Apple-converted-space\">\u00a0<\/span> <span style=\"color: #993300;\"><strong>x\u00a0<\/strong><\/span>A csapad\u00e9k okozta zajhat\u00e1sok ellen haszn\u00e1ljuk a hangszigetel\u0151 t\u00f6m\u00edt\u0151szalagot.Javasoljuk az alum\u00ednium p\u00e1rk\u00e1ny fel\u00fclet\u00e9nek legal\u00e1bb 50%-os lefed\u00e9s\u00e9t;<span class=\"Apple-converted-space\">\u00a0<\/span> <span style=\"color: #993300;\"><strong>x\u00a0<\/strong><\/span>A 3000 mm-n\u00e9l hosszabb alum\u00ednium p\u00e1rk\u00e1nyok haszn\u00e1lata eset\u00e9n javasoljuk a 180\u00b0 hossztold\u00f3k haszn\u00e1lat\u00e1t, a h\u0151hat\u00e1sok \u00e1ltali m\u00e9retv\u00e1ltoz\u00e1s miatt.<span class=\"Apple-converted-space\">\u00a0<\/span><\/p>\n<hr \/>\n<\/div><\/section> <\/p><\/div><div class='flex_column av-1ys61m-61001238a4d828dfe9c9c120deda2bbe av_one_fifth  avia-builder-el-12  el_after_av_three_fifth  avia-builder-el-last  flex_column_div '   ><\/div><\/div><\/div><\/div><!-- close content main div --><\/div><\/div><div id='av_section_3'  class='avia-section av-19nyci-9da07f73201948b33cf0bf01da3dd167 main_color avia-section-default avia-no-border-styling  avia-builder-el-13  el_after_av_section  avia-builder-el-last  avia-bg-style-scroll  container_wrap fullsize'  ><div class='container av-section-cont-open' ><div class='template-page content  av-content-full alpha units'><div class='post-entry post-entry-type-page post-entry-4482'><div class='entry-content-wrapper clearfix'> <div class='flex_column av-13bwgy-3bcb8ef87c6d7122e7834241d59f82dc av_one_fifth  avia-builder-el-14  el_before_av_three_fifth  avia-builder-el-first  first flex_column_div '   ><\/div><div class='flex_column av-uf2be-14771d9c2fd82d6adef22da7a6b76b22 av_three_fifth  avia-builder-el-15  el_after_av_one_fifth  el_before_av_one_fifth  flex_column_div '   ><p> <div  class='avia-button-wrap avia-button-left  avia-builder-el-16  el_before_av_image  avia-builder-el-first ' ><a href=''  class='avia-button av-kzpep6n6-04ff23b98b500b5185c641bbe743e237 avia-icon_select-yes-left-icon avia-size-medium avia-position-left av-icon-on-hover avia-color-theme-color ' ><span class='avia_button_icon avia_button_icon_left' aria-hidden='true' data-av_icon='\ue87d' data-av_iconfont='entypo-fontello'><\/span><span class='avia_iconbox_title' >\u29bf Min\u0151s\u00e9gi tan\u00fas\u00edtv\u00e1ny<\/span><\/a><\/div> \n<style type=\"text\/css\" data-created_by=\"avia_inline_auto\" id=\"style-css-av-kzpdwcxl-89bd46919e0b65c73ce3b3ff56483b52\">\n.avia-image-container.av-kzpdwcxl-89bd46919e0b65c73ce3b3ff56483b52 .av-image-caption-overlay-center{\ncolor:#ffffff;\n}\n<\/style>\n<div  class='avia-image-container av-kzpdwcxl-89bd46919e0b65c73ce3b3ff56483b52 av-styling- avia-align-center  avia-builder-el-17  el_after_av_button  avia-builder-el-last  '  itemprop=\"image\" itemscope=\"itemscope\" itemtype=\"https:\/\/schema.org\/ImageObject\" ><div class=\"avia-image-container-inner\"><div class=\"avia-image-overlay-wrap\"><img decoding=\"async\" class='wp-image-3907 avia-img-lazy-loading-not-3907 avia_image' src=\"https:\/\/tsvline.com\/wp-content\/uploads\/2022\/02\/Qualicoat-Seaside_ING_2022-728x1030.jpg\" alt='' title='Coating Applicator Certificate'  height=\"1030\" width=\"728\"  itemprop=\"thumbnailUrl\" srcset=\"https:\/\/tsvline.com\/wp-content\/uploads\/2022\/02\/Qualicoat-Seaside_ING_2022-728x1030.jpg 728w, https:\/\/tsvline.com\/wp-content\/uploads\/2022\/02\/Qualicoat-Seaside_ING_2022-212x300.jpg 212w, https:\/\/tsvline.com\/wp-content\/uploads\/2022\/02\/Qualicoat-Seaside_ING_2022-768x1086.jpg 768w, https:\/\/tsvline.com\/wp-content\/uploads\/2022\/02\/Qualicoat-Seaside_ING_2022-1086x1536.jpg 1086w, https:\/\/tsvline.com\/wp-content\/uploads\/2022\/02\/Qualicoat-Seaside_ING_2022-1448x2048.jpg 1448w, https:\/\/tsvline.com\/wp-content\/uploads\/2022\/02\/Qualicoat-Seaside_ING_2022-1061x1500.jpg 1061w, https:\/\/tsvline.com\/wp-content\/uploads\/2022\/02\/Qualicoat-Seaside_ING_2022-499x705.jpg 499w, https:\/\/tsvline.com\/wp-content\/uploads\/2022\/02\/Qualicoat-Seaside_ING_2022-scaled.jpg 1810w\" sizes=\"(max-width: 728px) 100vw, 728px\" \/><\/div><\/div><\/div> <\/p><\/div><div class='flex_column av-sjhg2-cb93d22986928d14a04f25331c1b2557 av_one_fifth  avia-builder-el-18  el_after_av_three_fifth  el_before_av_one_fifth  flex_column_div '   ><\/div><div class='flex_column av-k4lwa-7596cbf8569d907a721e0839c73dba9d av_one_fifth  avia-builder-el-19  el_after_av_one_fifth  el_before_av_three_fifth  first flex_column_div column-top-margin'   ><\/div><div class='flex_column av-d81le-83a1f64686d4f2a9762902f44ba82cb3 av_three_fifth  avia-builder-el-20  el_after_av_one_fifth  el_before_av_one_fifth  flex_column_div column-top-margin'   ><style type=\"text\/css\" data-created_by=\"avia_inline_auto\" id=\"style-css-av-kzpdx7dt-bbb8b162ca2386c1ab8976a242148be2\">\n.avia-image-container.av-kzpdx7dt-bbb8b162ca2386c1ab8976a242148be2 .av-image-caption-overlay-center{\ncolor:#ffffff;\n}\n<\/style>\n<div  class='avia-image-container av-kzpdx7dt-bbb8b162ca2386c1ab8976a242148be2 av-styling- avia-align-center  avia-builder-el-21  avia-builder-el-no-sibling  '  itemprop=\"image\" itemscope=\"itemscope\" itemtype=\"https:\/\/schema.org\/ImageObject\" ><div class=\"avia-image-container-inner\"><div class=\"avia-image-overlay-wrap\"><img decoding=\"async\" class='wp-image-3906 avia-img-lazy-loading-not-3906 avia_image' src=\"https:\/\/tsvline.com\/wp-content\/uploads\/2022\/02\/QUALANOD_2022_ING-726x1030.jpg\" alt='' title='Elox Applicator Certificate'  height=\"1030\" width=\"726\"  itemprop=\"thumbnailUrl\" srcset=\"https:\/\/tsvline.com\/wp-content\/uploads\/2022\/02\/QUALANOD_2022_ING-726x1030.jpg 726w, https:\/\/tsvline.com\/wp-content\/uploads\/2022\/02\/QUALANOD_2022_ING-211x300.jpg 211w, https:\/\/tsvline.com\/wp-content\/uploads\/2022\/02\/QUALANOD_2022_ING-768x1090.jpg 768w, https:\/\/tsvline.com\/wp-content\/uploads\/2022\/02\/QUALANOD_2022_ING-1083x1536.jpg 1083w, https:\/\/tsvline.com\/wp-content\/uploads\/2022\/02\/QUALANOD_2022_ING-1444x2048.jpg 1444w, https:\/\/tsvline.com\/wp-content\/uploads\/2022\/02\/QUALANOD_2022_ING-1057x1500.jpg 1057w, https:\/\/tsvline.com\/wp-content\/uploads\/2022\/02\/QUALANOD_2022_ING-497x705.jpg 497w, https:\/\/tsvline.com\/wp-content\/uploads\/2022\/02\/QUALANOD_2022_ING.jpg 1748w\" sizes=\"(max-width: 726px) 100vw, 726px\" \/><\/div><\/div><\/div><\/div><div class='flex_column av-7sz7u-f94823e1a9af543bce6c74604f85924c av_one_fifth  avia-builder-el-22  el_after_av_three_fifth  avia-builder-el-last  flex_column_div column-top-margin'   ><\/div> <\/p>\n","protected":false},"excerpt":{"rendered":"","protected":false},"author":3,"featured_media":0,"parent":0,"menu_order":0,"comment_status":"closed","ping_status":"closed","template":"","meta":{"footnotes":""},"class_list":["post-4482","page","type-page","status-publish","hentry"],"yoast_head":"<!-- This site is optimized with the Yoast SEO plugin v19.9 - https:\/\/yoast.com\/wordpress\/plugins\/seo\/ -->\n<title>Hasznos inform\u00e1ci\u00f3k | TSV\u00ae<\/title>\n<meta name=\"robots\" content=\"index, follow, max-snippet:-1, max-image-preview:large, max-video-preview:-1\" \/>\n<link rel=\"canonical\" href=\"https:\/\/tsvline.com\/hu\/hasznos-informaciok\/\" \/>\n<meta property=\"og:locale\" content=\"hu_HU\" \/>\n<meta property=\"og:type\" content=\"article\" \/>\n<meta property=\"og:title\" content=\"Hasznos inform\u00e1ci\u00f3k | TSV\u00ae\" \/>\n<meta property=\"og:url\" content=\"https:\/\/tsvline.com\/hu\/hasznos-informaciok\/\" \/>\n<meta property=\"og:site_name\" content=\"TSV\u00ae\" \/>\n<meta property=\"article:modified_time\" content=\"2023-04-25T12:33:45+00:00\" \/>\n<meta name=\"twitter:card\" content=\"summary_large_image\" \/>\n<meta name=\"twitter:label1\" content=\"Becs\u00fclt olvas\u00e1si id\u0151\" \/>\n\t<meta name=\"twitter:data1\" content=\"23 perc\" \/>\n<script type=\"application\/ld+json\" class=\"yoast-schema-graph\">{\"@context\":\"https:\/\/schema.org\",\"@graph\":[{\"@type\":\"WebPage\",\"@id\":\"https:\/\/tsvline.com\/hu\/hasznos-informaciok\/\",\"url\":\"https:\/\/tsvline.com\/hu\/hasznos-informaciok\/\",\"name\":\"Hasznos inform\u00e1ci\u00f3k | TSV\u00ae\",\"isPartOf\":{\"@id\":\"https:\/\/tsvline.com\/hu\/#website\"},\"datePublished\":\"2023-04-11T16:08:50+00:00\",\"dateModified\":\"2023-04-25T12:33:45+00:00\",\"breadcrumb\":{\"@id\":\"https:\/\/tsvline.com\/hu\/hasznos-informaciok\/#breadcrumb\"},\"inLanguage\":\"hu\",\"potentialAction\":[{\"@type\":\"ReadAction\",\"target\":[\"https:\/\/tsvline.com\/hu\/hasznos-informaciok\/\"]}]},{\"@type\":\"BreadcrumbList\",\"@id\":\"https:\/\/tsvline.com\/hu\/hasznos-informaciok\/#breadcrumb\",\"itemListElement\":[{\"@type\":\"ListItem\",\"position\":1,\"name\":\"Home\",\"item\":\"https:\/\/tsvline.com\/hu\/\"},{\"@type\":\"ListItem\",\"position\":2,\"name\":\"Hasznos inform\u00e1ci\u00f3k\"}]},{\"@type\":\"WebSite\",\"@id\":\"https:\/\/tsvline.com\/hu\/#website\",\"url\":\"https:\/\/tsvline.com\/hu\/\",\"name\":\"TSV Line - Parte din PM Aluminium Line\",\"description\":\"Sistem de Glafuri din Aluminiu\",\"publisher\":{\"@id\":\"https:\/\/tsvline.com\/hu\/#organization\"},\"alternateName\":\"TSV\",\"potentialAction\":[{\"@type\":\"SearchAction\",\"target\":{\"@type\":\"EntryPoint\",\"urlTemplate\":\"https:\/\/tsvline.com\/hu\/?s={search_term_string}\"},\"query-input\":\"required name=search_term_string\"}],\"inLanguage\":\"hu\"},{\"@type\":\"Organization\",\"@id\":\"https:\/\/tsvline.com\/hu\/#organization\",\"name\":\"TSV - PM Aluminium Line\",\"alternateName\":\"TSV\",\"url\":\"https:\/\/tsvline.com\/hu\/\",\"logo\":{\"@type\":\"ImageObject\",\"inLanguage\":\"hu\",\"@id\":\"https:\/\/tsvline.com\/hu\/#\/schema\/logo\/image\/\",\"url\":\"https:\/\/tsvline.ro\/wp-content\/uploads\/2022\/10\/logo-v2.png\",\"contentUrl\":\"https:\/\/tsvline.ro\/wp-content\/uploads\/2022\/10\/logo-v2.png\",\"width\":1668,\"height\":1856,\"caption\":\"TSV - PM Aluminium Line\"},\"image\":{\"@id\":\"https:\/\/tsvline.com\/hu\/#\/schema\/logo\/image\/\"}}]}<\/script>\n<!-- \/ Yoast SEO plugin. -->","yoast_head_json":{"title":"Hasznos inform\u00e1ci\u00f3k | TSV\u00ae","robots":{"index":"index","follow":"follow","max-snippet":"max-snippet:-1","max-image-preview":"max-image-preview:large","max-video-preview":"max-video-preview:-1"},"canonical":"https:\/\/tsvline.com\/hu\/hasznos-informaciok\/","og_locale":"hu_HU","og_type":"article","og_title":"Hasznos inform\u00e1ci\u00f3k | TSV\u00ae","og_url":"https:\/\/tsvline.com\/hu\/hasznos-informaciok\/","og_site_name":"TSV\u00ae","article_modified_time":"2023-04-25T12:33:45+00:00","twitter_card":"summary_large_image","twitter_misc":{"Becs\u00fclt olvas\u00e1si id\u0151":"23 perc"},"schema":{"@context":"https:\/\/schema.org","@graph":[{"@type":"WebPage","@id":"https:\/\/tsvline.com\/hu\/hasznos-informaciok\/","url":"https:\/\/tsvline.com\/hu\/hasznos-informaciok\/","name":"Hasznos inform\u00e1ci\u00f3k | TSV\u00ae","isPartOf":{"@id":"https:\/\/tsvline.com\/hu\/#website"},"datePublished":"2023-04-11T16:08:50+00:00","dateModified":"2023-04-25T12:33:45+00:00","breadcrumb":{"@id":"https:\/\/tsvline.com\/hu\/hasznos-informaciok\/#breadcrumb"},"inLanguage":"hu","potentialAction":[{"@type":"ReadAction","target":["https:\/\/tsvline.com\/hu\/hasznos-informaciok\/"]}]},{"@type":"BreadcrumbList","@id":"https:\/\/tsvline.com\/hu\/hasznos-informaciok\/#breadcrumb","itemListElement":[{"@type":"ListItem","position":1,"name":"Home","item":"https:\/\/tsvline.com\/hu\/"},{"@type":"ListItem","position":2,"name":"Hasznos inform\u00e1ci\u00f3k"}]},{"@type":"WebSite","@id":"https:\/\/tsvline.com\/hu\/#website","url":"https:\/\/tsvline.com\/hu\/","name":"TSV Line - Parte din PM Aluminium Line","description":"Sistem de Glafuri din Aluminiu","publisher":{"@id":"https:\/\/tsvline.com\/hu\/#organization"},"alternateName":"TSV","potentialAction":[{"@type":"SearchAction","target":{"@type":"EntryPoint","urlTemplate":"https:\/\/tsvline.com\/hu\/?s={search_term_string}"},"query-input":"required name=search_term_string"}],"inLanguage":"hu"},{"@type":"Organization","@id":"https:\/\/tsvline.com\/hu\/#organization","name":"TSV - PM Aluminium Line","alternateName":"TSV","url":"https:\/\/tsvline.com\/hu\/","logo":{"@type":"ImageObject","inLanguage":"hu","@id":"https:\/\/tsvline.com\/hu\/#\/schema\/logo\/image\/","url":"https:\/\/tsvline.ro\/wp-content\/uploads\/2022\/10\/logo-v2.png","contentUrl":"https:\/\/tsvline.ro\/wp-content\/uploads\/2022\/10\/logo-v2.png","width":1668,"height":1856,"caption":"TSV - PM Aluminium Line"},"image":{"@id":"https:\/\/tsvline.com\/hu\/#\/schema\/logo\/image\/"}}]}},"_links":{"self":[{"href":"https:\/\/tsvline.com\/hu\/wp-json\/wp\/v2\/pages\/4482","targetHints":{"allow":["GET"]}}],"collection":[{"href":"https:\/\/tsvline.com\/hu\/wp-json\/wp\/v2\/pages"}],"about":[{"href":"https:\/\/tsvline.com\/hu\/wp-json\/wp\/v2\/types\/page"}],"author":[{"embeddable":true,"href":"https:\/\/tsvline.com\/hu\/wp-json\/wp\/v2\/users\/3"}],"replies":[{"embeddable":true,"href":"https:\/\/tsvline.com\/hu\/wp-json\/wp\/v2\/comments?post=4482"}],"version-history":[{"count":3,"href":"https:\/\/tsvline.com\/hu\/wp-json\/wp\/v2\/pages\/4482\/revisions"}],"predecessor-version":[{"id":4484,"href":"https:\/\/tsvline.com\/hu\/wp-json\/wp\/v2\/pages\/4482\/revisions\/4484"}],"wp:attachment":[{"href":"https:\/\/tsvline.com\/hu\/wp-json\/wp\/v2\/media?parent=4482"}],"curies":[{"name":"wp","href":"https:\/\/api.w.org\/{rel}","templated":true}]}}