{"id":4405,"date":"2023-04-11T16:08:50","date_gmt":"2023-04-11T16:08:50","guid":{"rendered":"https:\/\/tsvline.com\/?page_id=4405"},"modified":"2023-04-16T14:43:41","modified_gmt":"2023-04-16T14:43:41","slug":"nuetzliche-informationen","status":"publish","type":"page","link":"https:\/\/tsvline.com\/de\/nuetzliche-informationen\/","title":{"rendered":"N\u00fctzliche Informationen"},"content":{"rendered":"<p>\n<style type=\"text\/css\" data-created_by=\"avia_inline_auto\" id=\"style-css-av-71lvm-277a582a8c2ef8c7234b7fbda98bd7b2\">\n.avia-section.av-71lvm-277a582a8c2ef8c7234b7fbda98bd7b2 .av-parallax .av-parallax-inner{\nbackground-repeat:no-repeat;\nbackground-image:url(https:\/\/tsvline.com\/wp-content\/uploads\/2022\/01\/2.-Bloc-Culoare-TSV-fara-schita-2-300x225.jpg);\nbackground-position:100% 50%;\nbackground-attachment:scroll;\n}\n.avia-section.av-71lvm-277a582a8c2ef8c7234b7fbda98bd7b2 .av-section-color-overlay{\nopacity:0.9;\nbackground-color:#0a0a0a;\n}\n<\/style>\n<div id='av_section_1'  class='avia-section av-71lvm-277a582a8c2ef8c7234b7fbda98bd7b2 alternate_color avia-section-small avia-no-border-styling  avia-builder-el-0  el_before_av_section  avia-builder-el-first  avia-full-stretch av-parallax-section avia-bg-style-parallax av-section-color-overlay-active  av-medium-hide av-small-hide av-mini-hide container_wrap fullsize'  data-section-bg-repeat='stretch'><div class='av-parallax' data-avia-parallax-ratio='0.3' ><div class='av-parallax-inner alternate_color avia-full-stretch'><\/div><\/div><div class='av-section-color-overlay-wrap'><div class=\"av-section-color-overlay\"><\/div><div class='container av-section-cont-open' ><main  role=\"main\" itemprop=\"mainContentOfPage\"  class='template-page content  av-content-full alpha units'><div class='post-entry post-entry-type-page post-entry-4405'><div class='entry-content-wrapper clearfix'> <\/div><\/div><\/main><!-- close content main element --><\/div><\/div><\/div><div id='av_section_2'  class='avia-section av-2jub96-0e744cd0635ec3f44a05efa420f87a9e main_color avia-section-default avia-no-border-styling  avia-builder-el-1  el_after_av_section  el_before_av_section  avia-bg-style-scroll  container_wrap fullsize'  ><div class='container av-section-cont-open' ><div class='template-page content  av-content-full alpha units'><div class='post-entry post-entry-type-page post-entry-4405'><div class='entry-content-wrapper clearfix'> <div class='flex_column av-8x2w2-8bde62b3e6162dd57e4b8e6c085e8f10 av_one_fifth  avia-builder-el-2  el_before_av_three_fifth  avia-builder-el-first  first flex_column_div '   ><\/div><div class='flex_column av-27sube-83a35b56ddae469d7ff10b6b152f5e2e av_three_fifth  avia-builder-el-3  el_after_av_one_fifth  el_before_av_one_fifth  flex_column_div '   ><p> \n<style type=\"text\/css\" data-created_by=\"avia_inline_auto\" id=\"style-css-av-kz2eeq7p-705a7337aa19cdb193be0218ebcbcca3\">\n.avia-image-container.av-kz2eeq7p-705a7337aa19cdb193be0218ebcbcca3 .av-image-caption-overlay-center{\ncolor:#ffffff;\n}\n<\/style>\n<div  class='avia-image-container av-kz2eeq7p-705a7337aa19cdb193be0218ebcbcca3 av-styling- avia-align-center  avia-builder-el-4  el_before_av_button  avia-builder-el-first  '  itemprop=\"image\" itemscope=\"itemscope\" itemtype=\"https:\/\/schema.org\/ImageObject\" ><div class=\"avia-image-container-inner\"><div class=\"avia-image-overlay-wrap\"><img decoding=\"async\" class='wp-image-4227 avia-img-lazy-loading-not-4227 avia_image' src=\"https:\/\/tsvline.com\/wp-content\/uploads\/2022\/01\/Instructiuni-de-Intretinere-1.1-1500x630.jpg\" alt='' title='Instructiuni de Intretinere (1.1)'  height=\"630\" width=\"1500\"  itemprop=\"thumbnailUrl\"  \/><\/div><\/div><\/div> <div  class='avia-button-wrap avia-button-left  avia-builder-el-5  el_after_av_image  el_before_av_textblock ' ><a href=''  class='avia-button av-kz2eicb5-3f5c816758cee3f9021a265908bf8368 avia-icon_select-yes-right-icon avia-size-medium avia-position-left av-icon-on-hover avia-color-theme-color ' ><span class='avia_iconbox_title' >\u29bf Anweisungen Instandhaltung<\/span><span class='avia_button_icon avia_button_icon_right' aria-hidden='true' data-av_icon='\ue87d' data-av_iconfont='entypo-fontello'><\/span><\/a><\/div> <section  class='av_textblock_section av-23wdzm-688ca54dea156e1bf3afe56f1f55a63a '  itemscope=\"itemscope\" itemtype=\"https:\/\/schema.org\/CreativeWork\" ><div class='avia_textblock '  itemprop=\"text\" ><p> <strong>Instandhaltung!<\/strong> &#8211; Aluminium-Fensterb\u00e4nken unterliegen im Au\u00dfenbereich je nach \u00f6rtlichen Gegebenheiten Schmutz- und Staubablagerungen. &#8211; F\u00fcr die Reinigung der Aluminium-Fl\u00e4chen verwenden Sie lauwarmes Wasser und weiche Putzt\u00fccher. Au\u00dfenfensterb\u00e4nke werden oft von V\u00f6geln verschmutzt. Auf Vogelkotflecken legen Sie einen nassen Lappen und lassen die Feuchtigkeit einwirken. Mit warmem Wasser und einem Putztuch k\u00f6nnen Sie die Verschmutzung anschlie\u00dfend ganz einfach entfernen Auch L\u00f6sungen zur Fensterreinigung k\u00f6nnen ohne Probleme eingesetztwerden. <\/p>\n<\/div><\/section> \n<style type=\"text\/css\" data-created_by=\"avia_inline_auto\" id=\"style-css-av-1fiuxu-6798ce660ae8ab621a31505fcb57bcf2\">\n.avia-image-container.av-1fiuxu-6798ce660ae8ab621a31505fcb57bcf2 .av-image-caption-overlay-center{\ncolor:#ffffff;\n}\n<\/style>\n<div  class='avia-image-container av-1fiuxu-6798ce660ae8ab621a31505fcb57bcf2 av-styling- avia-align-center  avia-builder-el-7  el_after_av_textblock  el_before_av_textblock  '  itemprop=\"image\" itemscope=\"itemscope\" itemtype=\"https:\/\/schema.org\/ImageObject\" ><div class=\"avia-image-container-inner\"><div class=\"avia-image-overlay-wrap\"><img decoding=\"async\" class='wp-image-4225 avia-img-lazy-loading-not-4225 avia_image' src=\"https:\/\/tsvline.com\/wp-content\/uploads\/2022\/01\/Instructiuni-de-Intretinere-2-1500x844.jpg\" alt='' title='Instructiuni de Intretinere (2)'  height=\"844\" width=\"1500\"  itemprop=\"thumbnailUrl\" srcset=\"https:\/\/tsvline.com\/wp-content\/uploads\/2022\/01\/Instructiuni-de-Intretinere-2-1500x844.jpg 1500w, https:\/\/tsvline.com\/wp-content\/uploads\/2022\/01\/Instructiuni-de-Intretinere-2-300x169.jpg 300w, https:\/\/tsvline.com\/wp-content\/uploads\/2022\/01\/Instructiuni-de-Intretinere-2-1030x580.jpg 1030w, https:\/\/tsvline.com\/wp-content\/uploads\/2022\/01\/Instructiuni-de-Intretinere-2-768x432.jpg 768w, https:\/\/tsvline.com\/wp-content\/uploads\/2022\/01\/Instructiuni-de-Intretinere-2-1536x864.jpg 1536w, https:\/\/tsvline.com\/wp-content\/uploads\/2022\/01\/Instructiuni-de-Intretinere-2-2048x1152.jpg 2048w, https:\/\/tsvline.com\/wp-content\/uploads\/2022\/01\/Instructiuni-de-Intretinere-2-705x397.jpg 705w\" sizes=\"(max-width: 1500px) 100vw, 1500px\" \/><\/div><\/div><\/div> <section  class='av_textblock_section av-15levu-3783081253643ece45de49a72c9bc446 '  itemscope=\"itemscope\" itemtype=\"https:\/\/schema.org\/CreativeWork\" ><div class='avia_textblock '  itemprop=\"text\" ><p> <strong>MERKEN!<\/strong> <strong>&#8211; TSV<\/strong>-Aluminium Au\u00dfen Fensterbank System ist Pulver beschichtet oder eloxiert und mit eine selbstklebende Schutzfolie versehen. &#8211; Die selbstklebende\u00a0Schutzfolie\u00a0muss\u00a0nach Fertigstellung der Fassade-jedoch sp\u00e4testens\u00a03 Monate nach Einbau &#8211;\u00a0entfernt werden. Sie sch\u00fctzt beim Einbau vor mechanischer\u00a0Beanspruchung (Kratzer) sowie Kalk, Putz oder M\u00f6rtel. &#8211;\u00a0<strong>TSV<\/strong>-Aluminium Au\u00dfen Fensterbank System ist Pulver beschichtet oder eloxiert und daher bestens gesch\u00fctzt gegen \u00e4u\u00dferen Witterung Einfl\u00fcssen. Es ist aber nicht erlaubt das System mit weichmachenden Substanzen (Aceton, Verd\u00fcnnungsmitteln, L\u00f6sungsmitteln, Benzolen) zu behandeln oder zu s\u00e4ubern. <\/p>\n<\/div><\/section> \n<style type=\"text\/css\" data-created_by=\"avia_inline_auto\" id=\"style-css-av-93cyy-baf5a2cd8627050481a69fd42b76097c\">\n.avia-image-container.av-93cyy-baf5a2cd8627050481a69fd42b76097c .av-image-caption-overlay-center{\ncolor:#ffffff;\n}\n<\/style>\n<div  class='avia-image-container av-93cyy-baf5a2cd8627050481a69fd42b76097c av-styling- avia-align-center  avia-builder-el-9  el_after_av_textblock  el_before_av_button  '  itemprop=\"image\" itemscope=\"itemscope\" itemtype=\"https:\/\/schema.org\/ImageObject\" ><div class=\"avia-image-container-inner\"><div class=\"avia-image-overlay-wrap\"><img decoding=\"async\" class='wp-image- avia-img-lazy-loading-not- avia_image' src=\"http:\/\/tsvline.de\/wp-content\/uploads\/2022\/04\/DE-TECHNICAL-SUPPORT-1030x415.jpg\" alt='' title=''   itemprop=\"thumbnailUrl\"  \/><\/div><\/div><\/div> <div  class='avia-button-wrap avia-button-left  avia-builder-el-10  el_after_av_image  el_before_av_textblock ' ><a href=''  class='avia-button av-kz2eor5n-80e3d7451add2e1f92ee9dda088b111e avia-icon_select-yes-right-icon avia-size-medium avia-position-left av-icon-on-hover avia-color-theme-color ' ><span class='avia_iconbox_title' >\u29bf Allgemeine Empfehlungen<\/span><span class='avia_button_icon avia_button_icon_right' aria-hidden='true' data-av_icon='\ue87d' data-av_iconfont='entypo-fontello'><\/span><\/a><\/div> <section  class='av_textblock_section av-jepsq-fa2d775b8df7a540addfd7185efa1fac '  itemscope=\"itemscope\" itemtype=\"https:\/\/schema.org\/CreativeWork\" ><div class='avia_textblock '  itemprop=\"text\" ><p> <strong>TSV <\/strong>empfiehlt, eine Fachgerechte Montage durchzuf\u00fchren, das hei\u00dft, dass bei der Montage der Aluminium-Au\u00dfen Fensterbank System die folgenden einfachen Regeln eingehalten werden m\u00fcssen: <strong><span lang=\"de\">x<\/span><\/strong> Die Neigung der Fensterbank darf nicht weniger als 5\u00b0 betragen; <strong>x<\/strong> <span lang=\"de\">Der<\/span><span lang=\"de\"> Abstand zwischen Abtropfkante der Fensterbank bis zu der fertigen Fassade sollte mindestens ca. 30 &#8211; 40 mm betragen;<\/span> <strong>x<\/strong> <span lang=\"de\">Die Abdichtung des Aluminium Au\u00dfen Fensterbank System vermag eine ordnungsgem\u00e4\u00dfe Befestigung am Unterbauprofil unter der Verwendung <\/span><span lang=\"de\">von EPDM Dichtung an der Anschraubkante, Edelstahlschrauben und Abdeckkappen;<\/span> <strong>x<\/strong> <span lang=\"DE\">Zur Ger\u00e4uschd\u00e4mmung<\/span><span lang=\"DE\">\u00a0bei Niederschlag empfehlen wir den Einsatz von selbstklebenden<\/span><span lang=\"DE\"> Antidr\u00f6hn Band unter der Fensterbank. Um eine optimale Schalld\u00e4mmung zu erzielen, muss mindestens ein Drittel der Fensterbankunterseite mit Antidr\u00f6hn Band versehen sein.<\/span> <strong>x<\/strong> <span lang=\"de\">Bei der Montage<\/span><span lang=\"de\"> von Fensterb\u00e4nken mit einer Gesamtl\u00e4nge von mehr als 3000 mm wird empfohlen,<\/span> <span lang=\"DE\">wegen der<\/span><span lang=\"de\">L\u00e4ngenausdehnung bei einem Temperaturunterschied von 50\u00b0C, dies zu teilen und mit ein 180\u00b0 Fensterbankverbinder zusammen zu f\u00fcgen. <\/span> <\/p>\n<\/div><\/section> <\/p><\/div><div class='flex_column av-1ys61m-61001238a4d828dfe9c9c120deda2bbe av_one_fifth  avia-builder-el-12  el_after_av_three_fifth  avia-builder-el-last  flex_column_div '   ><\/div><\/div><\/div><\/div><!-- close content main div --><\/div><\/div><div id='av_section_3'  class='avia-section av-19nyci-9da07f73201948b33cf0bf01da3dd167 main_color avia-section-default avia-no-border-styling  avia-builder-el-13  el_after_av_section  avia-builder-el-last  avia-bg-style-scroll  container_wrap fullsize'  ><div class='container av-section-cont-open' ><div class='template-page content  av-content-full alpha units'><div class='post-entry post-entry-type-page post-entry-4405'><div class='entry-content-wrapper clearfix'> <div class='flex_column av-13bwgy-3bcb8ef87c6d7122e7834241d59f82dc av_one_fifth  avia-builder-el-14  el_before_av_three_fifth  avia-builder-el-first  first flex_column_div '   ><\/div><div class='flex_column av-uf2be-14771d9c2fd82d6adef22da7a6b76b22 av_three_fifth  avia-builder-el-15  el_after_av_one_fifth  el_before_av_one_fifth  flex_column_div '   ><p> <div  class='avia-button-wrap avia-button-left  avia-builder-el-16  el_before_av_image  avia-builder-el-first ' ><a href=''  class='avia-button av-kzpep6n6-86ddf8a349055c115a772ccd7d31815c avia-icon_select-yes-left-icon avia-size-medium avia-position-left av-icon-on-hover avia-color-theme-color ' ><span class='avia_button_icon avia_button_icon_left' aria-hidden='true' data-av_icon='\ue87d' data-av_iconfont='entypo-fontello'><\/span><span class='avia_iconbox_title' >\u29bf QUALIT\u00c4TSZERTIFIKAT<\/span><\/a><\/div> \n<style type=\"text\/css\" data-created_by=\"avia_inline_auto\" id=\"style-css-av-kzpdwcxl-95d39d8a5c288dd639bdb1bf152892fd\">\n.avia-image-container.av-kzpdwcxl-95d39d8a5c288dd639bdb1bf152892fd .av-image-caption-overlay-center{\ncolor:#ffffff;\n}\n<\/style>\n<div  class='avia-image-container av-kzpdwcxl-95d39d8a5c288dd639bdb1bf152892fd av-styling- avia-align-center  avia-builder-el-17  el_after_av_button  avia-builder-el-last  '  itemprop=\"image\" itemscope=\"itemscope\" itemtype=\"https:\/\/schema.org\/ImageObject\" ><div class=\"avia-image-container-inner\"><div class=\"avia-image-overlay-wrap\"><img decoding=\"async\" class='wp-image-4235 avia-img-lazy-loading-not-4235 avia_image' src=\"https:\/\/tsvline.com\/wp-content\/uploads\/2022\/02\/Qualicoat-Seaside_ING_2022-728x1030.jpg\" alt='' title='Coating Applicator Certificate'  height=\"1030\" width=\"728\"  itemprop=\"thumbnailUrl\" srcset=\"https:\/\/tsvline.com\/wp-content\/uploads\/2022\/02\/Qualicoat-Seaside_ING_2022-728x1030.jpg 728w, https:\/\/tsvline.com\/wp-content\/uploads\/2022\/02\/Qualicoat-Seaside_ING_2022-212x300.jpg 212w, https:\/\/tsvline.com\/wp-content\/uploads\/2022\/02\/Qualicoat-Seaside_ING_2022-768x1086.jpg 768w, https:\/\/tsvline.com\/wp-content\/uploads\/2022\/02\/Qualicoat-Seaside_ING_2022-1086x1536.jpg 1086w, https:\/\/tsvline.com\/wp-content\/uploads\/2022\/02\/Qualicoat-Seaside_ING_2022-1448x2048.jpg 1448w, https:\/\/tsvline.com\/wp-content\/uploads\/2022\/02\/Qualicoat-Seaside_ING_2022-1061x1500.jpg 1061w, https:\/\/tsvline.com\/wp-content\/uploads\/2022\/02\/Qualicoat-Seaside_ING_2022-499x705.jpg 499w, https:\/\/tsvline.com\/wp-content\/uploads\/2022\/02\/Qualicoat-Seaside_ING_2022-scaled.jpg 1810w\" sizes=\"(max-width: 728px) 100vw, 728px\" \/><\/div><\/div><\/div> <\/p><\/div><div class='flex_column av-sjhg2-cb93d22986928d14a04f25331c1b2557 av_one_fifth  avia-builder-el-18  el_after_av_three_fifth  el_before_av_one_fifth  flex_column_div '   ><\/div><div class='flex_column av-k4lwa-7596cbf8569d907a721e0839c73dba9d av_one_fifth  avia-builder-el-19  el_after_av_one_fifth  el_before_av_three_fifth  first flex_column_div column-top-margin'   ><\/div><div class='flex_column av-d81le-83a1f64686d4f2a9762902f44ba82cb3 av_three_fifth  avia-builder-el-20  el_after_av_one_fifth  el_before_av_one_fifth  flex_column_div column-top-margin'   ><style type=\"text\/css\" data-created_by=\"avia_inline_auto\" id=\"style-css-av-kzpdx7dt-a9c06f26442ed2fa398a4b6e755c9498\">\n.avia-image-container.av-kzpdx7dt-a9c06f26442ed2fa398a4b6e755c9498 .av-image-caption-overlay-center{\ncolor:#ffffff;\n}\n<\/style>\n<div  class='avia-image-container av-kzpdx7dt-a9c06f26442ed2fa398a4b6e755c9498 av-styling- avia-align-center  avia-builder-el-21  avia-builder-el-no-sibling  '  itemprop=\"image\" itemscope=\"itemscope\" itemtype=\"https:\/\/schema.org\/ImageObject\" ><div class=\"avia-image-container-inner\"><div class=\"avia-image-overlay-wrap\"><img decoding=\"async\" class='wp-image-4234 avia-img-lazy-loading-not-4234 avia_image' src=\"https:\/\/tsvline.com\/wp-content\/uploads\/2022\/02\/QUALANOD_2022_ING-726x1030.jpg\" alt='' title='Elox Applicator Certificate'  height=\"1030\" width=\"726\"  itemprop=\"thumbnailUrl\" srcset=\"https:\/\/tsvline.com\/wp-content\/uploads\/2022\/02\/QUALANOD_2022_ING-726x1030.jpg 726w, https:\/\/tsvline.com\/wp-content\/uploads\/2022\/02\/QUALANOD_2022_ING-211x300.jpg 211w, https:\/\/tsvline.com\/wp-content\/uploads\/2022\/02\/QUALANOD_2022_ING-768x1090.jpg 768w, https:\/\/tsvline.com\/wp-content\/uploads\/2022\/02\/QUALANOD_2022_ING-1083x1536.jpg 1083w, https:\/\/tsvline.com\/wp-content\/uploads\/2022\/02\/QUALANOD_2022_ING-1444x2048.jpg 1444w, https:\/\/tsvline.com\/wp-content\/uploads\/2022\/02\/QUALANOD_2022_ING-1057x1500.jpg 1057w, https:\/\/tsvline.com\/wp-content\/uploads\/2022\/02\/QUALANOD_2022_ING-497x705.jpg 497w, https:\/\/tsvline.com\/wp-content\/uploads\/2022\/02\/QUALANOD_2022_ING.jpg 1748w\" sizes=\"(max-width: 726px) 100vw, 726px\" \/><\/div><\/div><\/div><\/div><div class='flex_column av-7sz7u-f94823e1a9af543bce6c74604f85924c av_one_fifth  avia-builder-el-22  el_after_av_three_fifth  avia-builder-el-last  flex_column_div column-top-margin'   ><\/div> <\/p>\n","protected":false},"excerpt":{"rendered":"","protected":false},"author":3,"featured_media":0,"parent":0,"menu_order":0,"comment_status":"closed","ping_status":"closed","template":"","meta":{"footnotes":""},"class_list":["post-4405","page","type-page","status-publish","hentry"],"yoast_head":"<!-- This site is optimized with the Yoast SEO plugin v19.9 - https:\/\/yoast.com\/wordpress\/plugins\/seo\/ -->\n<title>N\u00fctzliche Informationen | TSV\u00ae<\/title>\n<meta name=\"robots\" content=\"index, follow, max-snippet:-1, max-image-preview:large, max-video-preview:-1\" \/>\n<link rel=\"canonical\" href=\"https:\/\/tsvline.com\/de\/nuetzliche-informationen\/\" \/>\n<meta property=\"og:locale\" content=\"de_DE\" \/>\n<meta property=\"og:type\" content=\"article\" \/>\n<meta property=\"og:title\" content=\"N\u00fctzliche Informationen | TSV\u00ae\" \/>\n<meta property=\"og:url\" content=\"https:\/\/tsvline.com\/de\/nuetzliche-informationen\/\" \/>\n<meta property=\"og:site_name\" content=\"TSV\u00ae\" \/>\n<meta property=\"article:modified_time\" content=\"2023-04-16T14:43:41+00:00\" \/>\n<meta name=\"twitter:card\" content=\"summary_large_image\" \/>\n<meta name=\"twitter:label1\" content=\"Gesch\u00e4tzte Lesezeit\" \/>\n\t<meta name=\"twitter:data1\" content=\"23\u00a0Minuten\" \/>\n<script type=\"application\/ld+json\" class=\"yoast-schema-graph\">{\"@context\":\"https:\/\/schema.org\",\"@graph\":[{\"@type\":\"WebPage\",\"@id\":\"https:\/\/tsvline.com\/de\/nuetzliche-informationen\/\",\"url\":\"https:\/\/tsvline.com\/de\/nuetzliche-informationen\/\",\"name\":\"N\u00fctzliche Informationen | TSV\u00ae\",\"isPartOf\":{\"@id\":\"https:\/\/tsvline.com\/de\/#website\"},\"datePublished\":\"2023-04-11T16:08:50+00:00\",\"dateModified\":\"2023-04-16T14:43:41+00:00\",\"breadcrumb\":{\"@id\":\"https:\/\/tsvline.com\/de\/nuetzliche-informationen\/#breadcrumb\"},\"inLanguage\":\"de\",\"potentialAction\":[{\"@type\":\"ReadAction\",\"target\":[\"https:\/\/tsvline.com\/de\/nuetzliche-informationen\/\"]}]},{\"@type\":\"BreadcrumbList\",\"@id\":\"https:\/\/tsvline.com\/de\/nuetzliche-informationen\/#breadcrumb\",\"itemListElement\":[{\"@type\":\"ListItem\",\"position\":1,\"name\":\"Home\",\"item\":\"https:\/\/tsvline.com\/de\/\"},{\"@type\":\"ListItem\",\"position\":2,\"name\":\"N\u00fctzliche Informationen\"}]},{\"@type\":\"WebSite\",\"@id\":\"https:\/\/tsvline.com\/de\/#website\",\"url\":\"https:\/\/tsvline.com\/de\/\",\"name\":\"TSV Line - Parte din PM Aluminium Line\",\"description\":\"Sistem de Glafuri din Aluminiu\",\"publisher\":{\"@id\":\"https:\/\/tsvline.com\/de\/#organization\"},\"alternateName\":\"TSV\",\"potentialAction\":[{\"@type\":\"SearchAction\",\"target\":{\"@type\":\"EntryPoint\",\"urlTemplate\":\"https:\/\/tsvline.com\/de\/?s={search_term_string}\"},\"query-input\":\"required name=search_term_string\"}],\"inLanguage\":\"de\"},{\"@type\":\"Organization\",\"@id\":\"https:\/\/tsvline.com\/de\/#organization\",\"name\":\"TSV - PM Aluminium Line\",\"alternateName\":\"TSV\",\"url\":\"https:\/\/tsvline.com\/de\/\",\"logo\":{\"@type\":\"ImageObject\",\"inLanguage\":\"de\",\"@id\":\"https:\/\/tsvline.com\/de\/#\/schema\/logo\/image\/\",\"url\":\"https:\/\/tsvline.ro\/wp-content\/uploads\/2022\/10\/logo-v2.png\",\"contentUrl\":\"https:\/\/tsvline.ro\/wp-content\/uploads\/2022\/10\/logo-v2.png\",\"width\":1668,\"height\":1856,\"caption\":\"TSV - PM Aluminium Line\"},\"image\":{\"@id\":\"https:\/\/tsvline.com\/de\/#\/schema\/logo\/image\/\"}}]}<\/script>\n<!-- \/ Yoast SEO plugin. -->","yoast_head_json":{"title":"N\u00fctzliche Informationen | TSV\u00ae","robots":{"index":"index","follow":"follow","max-snippet":"max-snippet:-1","max-image-preview":"max-image-preview:large","max-video-preview":"max-video-preview:-1"},"canonical":"https:\/\/tsvline.com\/de\/nuetzliche-informationen\/","og_locale":"de_DE","og_type":"article","og_title":"N\u00fctzliche Informationen | TSV\u00ae","og_url":"https:\/\/tsvline.com\/de\/nuetzliche-informationen\/","og_site_name":"TSV\u00ae","article_modified_time":"2023-04-16T14:43:41+00:00","twitter_card":"summary_large_image","twitter_misc":{"Gesch\u00e4tzte Lesezeit":"23\u00a0Minuten"},"schema":{"@context":"https:\/\/schema.org","@graph":[{"@type":"WebPage","@id":"https:\/\/tsvline.com\/de\/nuetzliche-informationen\/","url":"https:\/\/tsvline.com\/de\/nuetzliche-informationen\/","name":"N\u00fctzliche Informationen | TSV\u00ae","isPartOf":{"@id":"https:\/\/tsvline.com\/de\/#website"},"datePublished":"2023-04-11T16:08:50+00:00","dateModified":"2023-04-16T14:43:41+00:00","breadcrumb":{"@id":"https:\/\/tsvline.com\/de\/nuetzliche-informationen\/#breadcrumb"},"inLanguage":"de","potentialAction":[{"@type":"ReadAction","target":["https:\/\/tsvline.com\/de\/nuetzliche-informationen\/"]}]},{"@type":"BreadcrumbList","@id":"https:\/\/tsvline.com\/de\/nuetzliche-informationen\/#breadcrumb","itemListElement":[{"@type":"ListItem","position":1,"name":"Home","item":"https:\/\/tsvline.com\/de\/"},{"@type":"ListItem","position":2,"name":"N\u00fctzliche Informationen"}]},{"@type":"WebSite","@id":"https:\/\/tsvline.com\/de\/#website","url":"https:\/\/tsvline.com\/de\/","name":"TSV Line - Parte din PM Aluminium Line","description":"Sistem de Glafuri din Aluminiu","publisher":{"@id":"https:\/\/tsvline.com\/de\/#organization"},"alternateName":"TSV","potentialAction":[{"@type":"SearchAction","target":{"@type":"EntryPoint","urlTemplate":"https:\/\/tsvline.com\/de\/?s={search_term_string}"},"query-input":"required name=search_term_string"}],"inLanguage":"de"},{"@type":"Organization","@id":"https:\/\/tsvline.com\/de\/#organization","name":"TSV - PM Aluminium Line","alternateName":"TSV","url":"https:\/\/tsvline.com\/de\/","logo":{"@type":"ImageObject","inLanguage":"de","@id":"https:\/\/tsvline.com\/de\/#\/schema\/logo\/image\/","url":"https:\/\/tsvline.ro\/wp-content\/uploads\/2022\/10\/logo-v2.png","contentUrl":"https:\/\/tsvline.ro\/wp-content\/uploads\/2022\/10\/logo-v2.png","width":1668,"height":1856,"caption":"TSV - PM Aluminium Line"},"image":{"@id":"https:\/\/tsvline.com\/de\/#\/schema\/logo\/image\/"}}]}},"_links":{"self":[{"href":"https:\/\/tsvline.com\/de\/wp-json\/wp\/v2\/pages\/4405","targetHints":{"allow":["GET"]}}],"collection":[{"href":"https:\/\/tsvline.com\/de\/wp-json\/wp\/v2\/pages"}],"about":[{"href":"https:\/\/tsvline.com\/de\/wp-json\/wp\/v2\/types\/page"}],"author":[{"embeddable":true,"href":"https:\/\/tsvline.com\/de\/wp-json\/wp\/v2\/users\/3"}],"replies":[{"embeddable":true,"href":"https:\/\/tsvline.com\/de\/wp-json\/wp\/v2\/comments?post=4405"}],"version-history":[{"count":3,"href":"https:\/\/tsvline.com\/de\/wp-json\/wp\/v2\/pages\/4405\/revisions"}],"predecessor-version":[{"id":4407,"href":"https:\/\/tsvline.com\/de\/wp-json\/wp\/v2\/pages\/4405\/revisions\/4407"}],"wp:attachment":[{"href":"https:\/\/tsvline.com\/de\/wp-json\/wp\/v2\/media?parent=4405"}],"curies":[{"name":"wp","href":"https:\/\/api.w.org\/{rel}","templated":true}]}}