{"id":4400,"date":"2023-04-11T16:00:59","date_gmt":"2023-04-11T16:00:59","guid":{"rendered":"https:\/\/tsvline.com\/?page_id=4400"},"modified":"2023-04-17T10:08:03","modified_gmt":"2023-04-17T10:08:03","slug":"ueber-uns","status":"publish","type":"page","link":"https:\/\/tsvline.com\/de\/ueber-uns\/","title":{"rendered":"\u00dcber uns"},"content":{"rendered":"<p>\n<style type=\"text\/css\" data-created_by=\"avia_inline_auto\" id=\"style-css-av-94sj4-44b3f65c55d9ad54f62fd979e3c6be47\">\n.avia-section.av-94sj4-44b3f65c55d9ad54f62fd979e3c6be47 .av-parallax .av-parallax-inner{\nbackground-repeat:no-repeat;\nbackground-image:url(https:\/\/tsvline.com\/wp-content\/uploads\/2022\/01\/2.-Bloc-Culoare-TSV-fara-schita-2-300x225.jpg);\nbackground-position:100% 50%;\nbackground-attachment:scroll;\n}\n.avia-section.av-94sj4-44b3f65c55d9ad54f62fd979e3c6be47 .av-section-color-overlay{\nopacity:0.9;\nbackground-color:#0a0a0a;\n}\n<\/style>\n<div id='av_section_1'  class='avia-section av-94sj4-44b3f65c55d9ad54f62fd979e3c6be47 alternate_color avia-section-small avia-no-border-styling  avia-builder-el-0  el_before_av_section  avia-builder-el-first  avia-full-stretch av-parallax-section avia-bg-style-parallax av-section-color-overlay-active  av-medium-hide av-small-hide av-mini-hide container_wrap fullsize'  data-section-bg-repeat='stretch'><div class='av-parallax' data-avia-parallax-ratio='0.3' ><div class='av-parallax-inner alternate_color avia-full-stretch'><\/div><\/div><div class='av-section-color-overlay-wrap'><div class=\"av-section-color-overlay\"><\/div><div class='container av-section-cont-open' ><main  role=\"main\" itemprop=\"mainContentOfPage\"  class='template-page content  av-content-full alpha units'><div class='post-entry post-entry-type-page post-entry-4400'><div class='entry-content-wrapper clearfix'> <\/div><\/div><\/main><!-- close content main element --><\/div><\/div><\/div><div id='av_section_2'  class='avia-section av-2q694w-0c3dcfe8f3e54e9e1f5666f675b8a663 main_color avia-section-default avia-no-border-styling  avia-builder-el-1  el_after_av_section  avia-builder-el-last  avia-bg-style-scroll  container_wrap fullsize'  ><div class='container av-section-cont-open' ><div class='template-page content  av-content-full alpha units'><div class='post-entry post-entry-type-page post-entry-4400'><div class='entry-content-wrapper clearfix'> <div class='flex_column av-gfbx4-69d8c84164ba5c9e023ad3bca238e73f av_one_fifth  avia-builder-el-2  el_before_av_three_fifth  avia-builder-el-first  first flex_column_div '   ><\/div><div class='flex_column av-2etxag-b244d94f88953806c887bafcc61073e2 av_three_fifth  avia-builder-el-3  el_after_av_one_fifth  el_before_av_one_fifth  flex_column_div '   ><p> \n<style type=\"text\/css\" data-created_by=\"avia_inline_auto\" id=\"style-css-av-27por4-d60c29f422a69a6cb0bef5fa4dfb83f6\">\n.avia-image-container.av-27por4-d60c29f422a69a6cb0bef5fa4dfb83f6 .av-image-caption-overlay-center{\ncolor:#ffffff;\n}\n<\/style>\n<div  class='avia-image-container av-27por4-d60c29f422a69a6cb0bef5fa4dfb83f6 av-styling- avia-align-center  avia-builder-el-4  el_before_av_textblock  avia-builder-el-first  '  itemprop=\"image\" itemscope=\"itemscope\" itemtype=\"https:\/\/schema.org\/ImageObject\" ><div class=\"avia-image-container-inner\"><div class=\"avia-image-overlay-wrap\"><img decoding=\"async\" class='wp-image-4230 avia-img-lazy-loading-not-4230 avia_image' src=\"https:\/\/tsvline.com\/wp-content\/uploads\/2022\/02\/COPERTA-2-FINAL-TSV-1030x579.jpg\" alt='' title='COPERTA (2) FINAL TSV'  height=\"579\" width=\"1030\"  itemprop=\"thumbnailUrl\" srcset=\"https:\/\/tsvline.com\/wp-content\/uploads\/2022\/02\/COPERTA-2-FINAL-TSV-1030x579.jpg 1030w, https:\/\/tsvline.com\/wp-content\/uploads\/2022\/02\/COPERTA-2-FINAL-TSV-300x169.jpg 300w, https:\/\/tsvline.com\/wp-content\/uploads\/2022\/02\/COPERTA-2-FINAL-TSV-768x432.jpg 768w, https:\/\/tsvline.com\/wp-content\/uploads\/2022\/02\/COPERTA-2-FINAL-TSV-1536x864.jpg 1536w, https:\/\/tsvline.com\/wp-content\/uploads\/2022\/02\/COPERTA-2-FINAL-TSV-2048x1152.jpg 2048w, https:\/\/tsvline.com\/wp-content\/uploads\/2022\/02\/COPERTA-2-FINAL-TSV-1500x844.jpg 1500w, https:\/\/tsvline.com\/wp-content\/uploads\/2022\/02\/COPERTA-2-FINAL-TSV-705x397.jpg 705w\" sizes=\"(max-width: 1030px) 100vw, 1030px\" \/><\/div><\/div><\/div> <section  class='av_textblock_section av-22rfbc-75f5ebc51c54becc8a3e3c5a45bd9da5 '  itemscope=\"itemscope\" itemtype=\"https:\/\/schema.org\/CreativeWork\" ><div class='avia_textblock '  itemprop=\"text\" ><p> Tran-<strong>Sill<\/strong>-Vania Wir haben uns immer der Entwicklung sicherer Produkte und von h\u00f6chster Qualit\u00e4t gewidmet, die alle Anforderungen und Bed\u00fcrfnisse unserer Kunden erf\u00fcllen. Mit der Einf\u00fchrung der Mitgliedsmarke <strong>TSV<\/strong> PM haben wir einen ehrgeizigen Schritt erreicht, der ein wesentlicher Bestandteil unserer eigenen nachhaltigen Wachstumsstrategie ist. Der wichtigste Aspekt im Zusammenhang mit der neuen Marke ist die Tatsache, dass es sich um ein komplettes und perfekt integriertes Konzept handelt, das \u00fcber die Abteilung <strong>PM Aluminium Line<\/strong> innerhalb der Holding vertrieben wird. Unser Produkt Palette richtet sich haupts\u00e4chlich an Montage und Dienstleistung Unternehmer, Lagergro\u00dfhandel f\u00fcr Baubeschl\u00e4ge und Baum\u00e4rkte. <strong>Wir sind st\u00e4ndig auf Innovation ausgerichtet.<\/strong> Integrit\u00e4t, Verantwortung, Leidenschaft sind einige der bestimmenden Elemente, die der Entwicklung der PM-Technic Gruppe zugrunde liegen. All dies, gepaart mit der Professionalit\u00e4t der Mitarbeiter, die Qualit\u00e4t unseren Produkten und die permanente Innovation, die der Dynamik der Produktpalette sicherstellt, schafft das Image eines Komplettanbieters, der auf dem modernen Fensterbau Sektor agiert. <\/p>\n<\/div><\/section> <\/p><\/div><div class='flex_column av-3axs-78c5eb14a3b2dcad96322f1877603919 av_one_fifth  avia-builder-el-6  el_after_av_three_fifth  el_before_av_one_fifth  flex_column_div '   ><\/div><div class='flex_column av-e08w0-bbdfcdea06416e44fd83347e5e42ee1c av_one_fifth  avia-builder-el-7  el_after_av_one_fifth  el_before_av_three_fifth  first flex_column_div column-top-margin'   ><\/div><div class='flex_column av-1j7um0-9f5c27711c61b7944461b5917e610fb2 av_three_fifth  avia-builder-el-8  el_after_av_one_fifth  el_before_av_one_fifth  flex_column_div column-top-margin'   ><p> \n<style type=\"text\/css\" data-created_by=\"avia_inline_auto\" id=\"style-css-av-1frzi8-c36a43912b052418b0c2c7fcbb558f72\">\n.avia-image-container.av-1frzi8-c36a43912b052418b0c2c7fcbb558f72 .av-image-caption-overlay-center{\ncolor:#ffffff;\n}\n<\/style>\n<div  class='avia-image-container av-1frzi8-c36a43912b052418b0c2c7fcbb558f72 av-styling- avia-align-center  avia-builder-el-9  el_before_av_textblock  avia-builder-el-first  '  itemprop=\"image\" itemscope=\"itemscope\" itemtype=\"https:\/\/schema.org\/ImageObject\" ><div class=\"avia-image-container-inner\"><div class=\"avia-image-overlay-wrap\"><img decoding=\"async\" class='wp-image-4045 avia-img-lazy-loading-not-4045 avia_image' src=\"https:\/\/tsvline.com\/wp-content\/uploads\/2022\/01\/1.-Bloc-Culoare-TSV-Schitat-1-1335x630.jpg\" alt='' title='1. Bloc Culoare TSV Schitat (1)'  height=\"630\" width=\"1335\"  itemprop=\"thumbnailUrl\"  \/><\/div><\/div><\/div> <section  class='av_textblock_section av-11kl0g-6a899dd0f05bab3c980bf83efa3158b2 '  itemscope=\"itemscope\" itemtype=\"https:\/\/schema.org\/CreativeWork\" ><div class='avia_textblock '  itemprop=\"text\" ><p> Unser Ziel ist es, dass <strong>TSV<\/strong> zu einem Referenzelement wird, f\u00fcr professionelle Bau Beschl\u00e4ge Gro\u00dfhandel sowie Montage und Dienstleistung Unternehmer, die im Sektor Fensterbau und Montage t\u00e4tig sind. Eine wesentliche Rolle bei der Gestaltung und Umsetzung der <strong>TSV<\/strong>-Entwicklungsstrategie spielte das leistungsstarke Managementteam, dessen T\u00e4tigkeit wurde erg\u00e4nzt und unterst\u00fctzt von einem Technikerexperten Team und dem Vertrieb der Firma. <strong>Auf der n\u00e4chsten Stufe von Qualit\u00e4t und Leistung durch TSV.<\/strong> <\/p>\n<\/div><\/section> <\/p><\/div><div class='flex_column av-7ud8g-4d8bc691e197820c772710f8792c4eaf av_one_fifth  avia-builder-el-11  el_after_av_three_fifth  el_before_av_one_fifth  flex_column_div column-top-margin'   ><\/div><div class='flex_column av-gakmg-97b6a8dce83e2669e54eae38608f3f5e av_one_fifth  avia-builder-el-12  el_after_av_one_fifth  el_before_av_three_fifth  first flex_column_div column-top-margin'   ><\/div><div class='flex_column av-1dgz4-612c5362e527773999f6544c7080f3d1 av_three_fifth  avia-builder-el-13  el_after_av_one_fifth  el_before_av_one_fifth  flex_column_div column-top-margin'   ><p> \n<style type=\"text\/css\" data-created_by=\"avia_inline_auto\" id=\"style-css-av-8admg-0c3eec60a1240210a8ea7d00a99f020c\">\n.avia-image-container.av-8admg-0c3eec60a1240210a8ea7d00a99f020c .av-image-caption-overlay-center{\ncolor:#ffffff;\n}\n<\/style>\n<div  class='avia-image-container av-8admg-0c3eec60a1240210a8ea7d00a99f020c av-styling- avia-align-center  avia-builder-el-14  el_before_av_textblock  avia-builder-el-first  '  itemprop=\"image\" itemscope=\"itemscope\" itemtype=\"https:\/\/schema.org\/ImageObject\" ><div class=\"avia-image-container-inner\"><div class=\"avia-image-overlay-wrap\"><img decoding=\"async\" class='wp-image-4222 avia-img-lazy-loading-not-4222 avia_image' src=\"https:\/\/tsvline.com\/wp-content\/uploads\/2022\/01\/TSV-Diversity-Colors-1500x844.jpg\" alt='' title='TSV Diversity Colors'  height=\"844\" width=\"1500\"  itemprop=\"thumbnailUrl\" srcset=\"https:\/\/tsvline.com\/wp-content\/uploads\/2022\/01\/TSV-Diversity-Colors-1500x844.jpg 1500w, https:\/\/tsvline.com\/wp-content\/uploads\/2022\/01\/TSV-Diversity-Colors-300x169.jpg 300w, https:\/\/tsvline.com\/wp-content\/uploads\/2022\/01\/TSV-Diversity-Colors-1030x579.jpg 1030w, https:\/\/tsvline.com\/wp-content\/uploads\/2022\/01\/TSV-Diversity-Colors-768x432.jpg 768w, https:\/\/tsvline.com\/wp-content\/uploads\/2022\/01\/TSV-Diversity-Colors-1536x864.jpg 1536w, https:\/\/tsvline.com\/wp-content\/uploads\/2022\/01\/TSV-Diversity-Colors-2048x1152.jpg 2048w, https:\/\/tsvline.com\/wp-content\/uploads\/2022\/01\/TSV-Diversity-Colors-705x397.jpg 705w\" sizes=\"(max-width: 1500px) 100vw, 1500px\" \/><\/div><\/div><\/div> <section  class='av_textblock_section av-j5cgw-7c414f8191b700a464c3342f1b4a8026 '  itemscope=\"itemscope\" itemtype=\"https:\/\/schema.org\/CreativeWork\" ><div class='avia_textblock '  itemprop=\"text\" ><p> <strong>&#8222;Lasst uns gemeinsam die Zukunft gestalten, aktiv!&#8220;<\/strong> Die Vielfalt der Farbpalette, des Zubeh\u00f6rs und der komplement\u00e4ren L\u00f6sungen ist das eigentliche Element der Neuheit, das in den Mittelpunkt der Kommunikation gestellt werden muss. Auch die Aufmerksamkeit f\u00fcr den Schutz der Umwelt mit allem, was sie beinhaltet (Energieeinsparung, Recycling, Produkte mit geringen Auswirkungen auf die Umwelt), stellt einen zentralen Wert unseres konsequenten Informationshandelns dar. Dar\u00fcber hinaus sind auch andere wichtige Elemente, die vermittelt werden m\u00fcssen sowie P\u00fcnktlichkeit, Pr\u00e4zision, Transparenz in Gesch\u00e4ftsbeziehungen, die den Rahmenbedingungen f\u00fcr eine ernsthafte und dauerhafte Zusammenarbeit schaffen. Bei der Entwicklung einer effektiven digitalen Kommunikationsstrategie entscheiden wir zun\u00e4chst, \u00fcber was kommuniziert werden soll, und legen dann auf der Grundlage dieser Informationen die an den besten geeigneten Werkzeugen fest, um das Kommunikationsobjekt zu verbreiten. Unsere Kunden haben oberste Priorit\u00e4t f\u00fcr uns. Durch unsere Produkte arbeiten wir hart daran, langfristige und vertrauensvolle Beziehungen zu ihnen aufzubauen. <\/p>\n<\/div><\/section> <\/p><\/div><div class='flex_column av-afa54-51749212c5e261000bc77acf71fe70bc av_one_fifth  avia-builder-el-16  el_after_av_three_fifth  avia-builder-el-last  flex_column_div column-top-margin'   ><\/div><\/p>\n","protected":false},"excerpt":{"rendered":"","protected":false},"author":3,"featured_media":0,"parent":0,"menu_order":0,"comment_status":"closed","ping_status":"closed","template":"","meta":{"footnotes":""},"class_list":["post-4400","page","type-page","status-publish","hentry"],"yoast_head":"<!-- This site is optimized with the Yoast SEO plugin v19.9 - https:\/\/yoast.com\/wordpress\/plugins\/seo\/ -->\n<title>\u00dcber uns | TSV\u00ae<\/title>\n<meta name=\"robots\" content=\"index, follow, max-snippet:-1, max-image-preview:large, max-video-preview:-1\" \/>\n<link rel=\"canonical\" href=\"https:\/\/tsvline.com\/de\/ueber-uns\/\" \/>\n<meta property=\"og:locale\" content=\"de_DE\" \/>\n<meta property=\"og:type\" content=\"article\" \/>\n<meta property=\"og:title\" content=\"\u00dcber uns | TSV\u00ae\" \/>\n<meta property=\"og:url\" content=\"https:\/\/tsvline.com\/de\/ueber-uns\/\" \/>\n<meta property=\"og:site_name\" content=\"TSV\u00ae\" \/>\n<meta property=\"article:modified_time\" content=\"2023-04-17T10:08:03+00:00\" \/>\n<meta name=\"twitter:card\" content=\"summary_large_image\" \/>\n<meta name=\"twitter:label1\" content=\"Gesch\u00e4tzte Lesezeit\" \/>\n\t<meta name=\"twitter:data1\" content=\"18\u00a0Minuten\" \/>\n<script type=\"application\/ld+json\" class=\"yoast-schema-graph\">{\"@context\":\"https:\/\/schema.org\",\"@graph\":[{\"@type\":\"WebPage\",\"@id\":\"https:\/\/tsvline.com\/de\/ueber-uns\/\",\"url\":\"https:\/\/tsvline.com\/de\/ueber-uns\/\",\"name\":\"\u00dcber uns | TSV\u00ae\",\"isPartOf\":{\"@id\":\"https:\/\/tsvline.com\/de\/#website\"},\"datePublished\":\"2023-04-11T16:00:59+00:00\",\"dateModified\":\"2023-04-17T10:08:03+00:00\",\"breadcrumb\":{\"@id\":\"https:\/\/tsvline.com\/de\/ueber-uns\/#breadcrumb\"},\"inLanguage\":\"de\",\"potentialAction\":[{\"@type\":\"ReadAction\",\"target\":[\"https:\/\/tsvline.com\/de\/ueber-uns\/\"]}]},{\"@type\":\"BreadcrumbList\",\"@id\":\"https:\/\/tsvline.com\/de\/ueber-uns\/#breadcrumb\",\"itemListElement\":[{\"@type\":\"ListItem\",\"position\":1,\"name\":\"Home\",\"item\":\"https:\/\/tsvline.com\/de\/\"},{\"@type\":\"ListItem\",\"position\":2,\"name\":\"\u00dcber uns\"}]},{\"@type\":\"WebSite\",\"@id\":\"https:\/\/tsvline.com\/de\/#website\",\"url\":\"https:\/\/tsvline.com\/de\/\",\"name\":\"TSV Line - Parte din PM Aluminium Line\",\"description\":\"Sistem de Glafuri din Aluminiu\",\"publisher\":{\"@id\":\"https:\/\/tsvline.com\/de\/#organization\"},\"alternateName\":\"TSV\",\"potentialAction\":[{\"@type\":\"SearchAction\",\"target\":{\"@type\":\"EntryPoint\",\"urlTemplate\":\"https:\/\/tsvline.com\/de\/?s={search_term_string}\"},\"query-input\":\"required name=search_term_string\"}],\"inLanguage\":\"de\"},{\"@type\":\"Organization\",\"@id\":\"https:\/\/tsvline.com\/de\/#organization\",\"name\":\"TSV - PM Aluminium Line\",\"alternateName\":\"TSV\",\"url\":\"https:\/\/tsvline.com\/de\/\",\"logo\":{\"@type\":\"ImageObject\",\"inLanguage\":\"de\",\"@id\":\"https:\/\/tsvline.com\/de\/#\/schema\/logo\/image\/\",\"url\":\"https:\/\/tsvline.ro\/wp-content\/uploads\/2022\/10\/logo-v2.png\",\"contentUrl\":\"https:\/\/tsvline.ro\/wp-content\/uploads\/2022\/10\/logo-v2.png\",\"width\":1668,\"height\":1856,\"caption\":\"TSV - PM Aluminium Line\"},\"image\":{\"@id\":\"https:\/\/tsvline.com\/de\/#\/schema\/logo\/image\/\"}}]}<\/script>\n<!-- \/ Yoast SEO plugin. -->","yoast_head_json":{"title":"\u00dcber uns | TSV\u00ae","robots":{"index":"index","follow":"follow","max-snippet":"max-snippet:-1","max-image-preview":"max-image-preview:large","max-video-preview":"max-video-preview:-1"},"canonical":"https:\/\/tsvline.com\/de\/ueber-uns\/","og_locale":"de_DE","og_type":"article","og_title":"\u00dcber uns | TSV\u00ae","og_url":"https:\/\/tsvline.com\/de\/ueber-uns\/","og_site_name":"TSV\u00ae","article_modified_time":"2023-04-17T10:08:03+00:00","twitter_card":"summary_large_image","twitter_misc":{"Gesch\u00e4tzte Lesezeit":"18\u00a0Minuten"},"schema":{"@context":"https:\/\/schema.org","@graph":[{"@type":"WebPage","@id":"https:\/\/tsvline.com\/de\/ueber-uns\/","url":"https:\/\/tsvline.com\/de\/ueber-uns\/","name":"\u00dcber uns | TSV\u00ae","isPartOf":{"@id":"https:\/\/tsvline.com\/de\/#website"},"datePublished":"2023-04-11T16:00:59+00:00","dateModified":"2023-04-17T10:08:03+00:00","breadcrumb":{"@id":"https:\/\/tsvline.com\/de\/ueber-uns\/#breadcrumb"},"inLanguage":"de","potentialAction":[{"@type":"ReadAction","target":["https:\/\/tsvline.com\/de\/ueber-uns\/"]}]},{"@type":"BreadcrumbList","@id":"https:\/\/tsvline.com\/de\/ueber-uns\/#breadcrumb","itemListElement":[{"@type":"ListItem","position":1,"name":"Home","item":"https:\/\/tsvline.com\/de\/"},{"@type":"ListItem","position":2,"name":"\u00dcber uns"}]},{"@type":"WebSite","@id":"https:\/\/tsvline.com\/de\/#website","url":"https:\/\/tsvline.com\/de\/","name":"TSV Line - Parte din PM Aluminium Line","description":"Sistem de Glafuri din Aluminiu","publisher":{"@id":"https:\/\/tsvline.com\/de\/#organization"},"alternateName":"TSV","potentialAction":[{"@type":"SearchAction","target":{"@type":"EntryPoint","urlTemplate":"https:\/\/tsvline.com\/de\/?s={search_term_string}"},"query-input":"required name=search_term_string"}],"inLanguage":"de"},{"@type":"Organization","@id":"https:\/\/tsvline.com\/de\/#organization","name":"TSV - PM Aluminium Line","alternateName":"TSV","url":"https:\/\/tsvline.com\/de\/","logo":{"@type":"ImageObject","inLanguage":"de","@id":"https:\/\/tsvline.com\/de\/#\/schema\/logo\/image\/","url":"https:\/\/tsvline.ro\/wp-content\/uploads\/2022\/10\/logo-v2.png","contentUrl":"https:\/\/tsvline.ro\/wp-content\/uploads\/2022\/10\/logo-v2.png","width":1668,"height":1856,"caption":"TSV - PM Aluminium Line"},"image":{"@id":"https:\/\/tsvline.com\/de\/#\/schema\/logo\/image\/"}}]}},"_links":{"self":[{"href":"https:\/\/tsvline.com\/de\/wp-json\/wp\/v2\/pages\/4400","targetHints":{"allow":["GET"]}}],"collection":[{"href":"https:\/\/tsvline.com\/de\/wp-json\/wp\/v2\/pages"}],"about":[{"href":"https:\/\/tsvline.com\/de\/wp-json\/wp\/v2\/types\/page"}],"author":[{"embeddable":true,"href":"https:\/\/tsvline.com\/de\/wp-json\/wp\/v2\/users\/3"}],"replies":[{"embeddable":true,"href":"https:\/\/tsvline.com\/de\/wp-json\/wp\/v2\/comments?post=4400"}],"version-history":[{"count":3,"href":"https:\/\/tsvline.com\/de\/wp-json\/wp\/v2\/pages\/4400\/revisions"}],"predecessor-version":[{"id":4488,"href":"https:\/\/tsvline.com\/de\/wp-json\/wp\/v2\/pages\/4400\/revisions\/4488"}],"wp:attachment":[{"href":"https:\/\/tsvline.com\/de\/wp-json\/wp\/v2\/media?parent=4400"}],"curies":[{"name":"wp","href":"https:\/\/api.w.org\/{rel}","templated":true}]}}