{"id":11268,"date":"2025-07-30T14:38:05","date_gmt":"2025-07-30T14:38:05","guid":{"rendered":"https:\/\/tsvline.com\/?page_id=11268"},"modified":"2025-07-30T21:19:37","modified_gmt":"2025-07-30T21:19:37","slug":"nutzungsbedingungen","status":"publish","type":"page","link":"https:\/\/tsvline.com\/de\/nutzungsbedingungen\/","title":{"rendered":"Terms and conditions (DE)"},"content":{"rendered":"\t\t<div data-elementor-type=\"wp-page\" data-elementor-id=\"11268\" class=\"elementor elementor-11268\">\n\t\t\t\t\t\t\t\t\t<section class=\"elementor-section elementor-top-section elementor-element elementor-element-7acebc8 elementor-section-boxed elementor-section-height-default elementor-section-height-default\" data-id=\"7acebc8\" data-element_type=\"section\">\n\t\t\t\t\t\t<div class=\"elementor-container elementor-column-gap-default\">\n\t\t\t\t\t<div class=\"elementor-column elementor-col-100 elementor-top-column elementor-element elementor-element-bf134d5\" data-id=\"bf134d5\" data-element_type=\"column\">\n\t\t\t<div class=\"elementor-widget-wrap elementor-element-populated\">\n\t\t\t\t\t\t\t\t<div class=\"elementor-element elementor-element-033e874 elementor-widget__width-inherit elementor-widget elementor-widget-heading\" data-id=\"033e874\" data-element_type=\"widget\" data-widget_type=\"heading.default\">\n\t\t\t\t<div class=\"elementor-widget-container\">\n\t\t\t<style>\/*! elementor - v3.11.5 - 14-03-2023 *\/\n.elementor-heading-title{padding:0;margin:0;line-height:1}.elementor-widget-heading .elementor-heading-title[class*=elementor-size-]>a{color:inherit;font-size:inherit;line-height:inherit}.elementor-widget-heading .elementor-heading-title.elementor-size-small{font-size:15px}.elementor-widget-heading .elementor-heading-title.elementor-size-medium{font-size:19px}.elementor-widget-heading .elementor-heading-title.elementor-size-large{font-size:29px}.elementor-widget-heading .elementor-heading-title.elementor-size-xl{font-size:39px}.elementor-widget-heading .elementor-heading-title.elementor-size-xxl{font-size:59px}<\/style><div class=\"elementor-heading-title elementor-size-default\">NUTZUNGSBEDINGUNGEN F\u00dcR DIE WEBSITE WWW.TSVLINE.RO PM ALUMINIUM LINE S.R.L.<\/div>\t\t<\/div>\n\t\t\t\t<\/div>\n\t\t\t\t<div class=\"elementor-element elementor-element-f06fd17 elementor-widget__width-inherit elementor-widget elementor-widget-heading\" data-id=\"f06fd17\" data-element_type=\"widget\" data-widget_type=\"heading.default\">\n\t\t\t\t<div class=\"elementor-widget-container\">\n\t\t\t<p class=\"elementor-heading-title elementor-size-default\">1. VORL\u00c4UFIGE HINWEISE<\/p>\t\t<\/div>\n\t\t\t\t<\/div>\n\t\t\t\t<div class=\"elementor-element elementor-element-9cfee1f elementor-widget__width-inherit elementor-widget elementor-widget-text-editor\" data-id=\"9cfee1f\" data-element_type=\"widget\" data-widget_type=\"text-editor.default\">\n\t\t\t\t<div class=\"elementor-widget-container\">\n\t\t\t<style>\/*! elementor - v3.11.5 - 14-03-2023 *\/\n.elementor-widget-text-editor.elementor-drop-cap-view-stacked .elementor-drop-cap{background-color:#818a91;color:#fff}.elementor-widget-text-editor.elementor-drop-cap-view-framed .elementor-drop-cap{color:#818a91;border:3px solid;background-color:transparent}.elementor-widget-text-editor:not(.elementor-drop-cap-view-default) .elementor-drop-cap{margin-top:8px}.elementor-widget-text-editor:not(.elementor-drop-cap-view-default) .elementor-drop-cap-letter{width:1em;height:1em}.elementor-widget-text-editor .elementor-drop-cap{float:left;text-align:center;line-height:1;font-size:50px}.elementor-widget-text-editor .elementor-drop-cap-letter{display:inline-block}<\/style>\t\t\t\t<p>1.1 Durch den Zugriff auf und die Nutzung der Website www.tsvline.ro erkl\u00e4ren Sie sich mit diesen Nutzungsbedingungen uneingeschr\u00e4nkt einverstanden. S\u00e4mtliche Vereinbarungen zwischen Ihnen und PM ALUMINIUM LINE (nachfolgend \u201ePM Line\u201c) unterliegen ausschlie\u00dflich diesen Bedingungen.<\/p><p>1.2 PM Line und seine Partner sind Inhaber s\u00e4mtlicher geistiger Eigentumsrechte (einschlie\u00dflich Datenbankrechten) an Logos, Inhalten und allen anderen auf dieser Website ver\u00f6ffentlichten Materialien, einschlie\u00dflich der Unterkategorien und separaten Bereiche der Website.<\/p><p>1.3 PM Line beh\u00e4lt sich das Recht vor, diese Bedingungen jederzeit ohne vorherige Ank\u00fcndigung zu \u00e4ndern. \u00c4nderungen treten mit ihrer Ver\u00f6ffentlichung auf dieser Website in Kraft. Es wird empfohlen, diese Seite regelm\u00e4\u00dfig zu \u00fcberpr\u00fcfen, um \u00fcber die aktuelle Version informiert zu bleiben.<\/p><p>1.4 Dieses Dokument erg\u00e4nzt alle anderen auf der Website www.tsvline.ro ver\u00f6ffentlichten Richtlinien sowie die anwendbaren gesetzlichen Bestimmungen.<\/p>\t\t\t\t\t\t<\/div>\n\t\t\t\t<\/div>\n\t\t\t\t<div class=\"elementor-element elementor-element-e5efe22 elementor-widget__width-inherit elementor-widget elementor-widget-heading\" data-id=\"e5efe22\" data-element_type=\"widget\" data-widget_type=\"heading.default\">\n\t\t\t\t<div class=\"elementor-widget-container\">\n\t\t\t<p class=\"elementor-heading-title elementor-size-default\">2. BEGRIFFSBESTIMMUNGEN<\/p>\t\t<\/div>\n\t\t\t\t<\/div>\n\t\t\t\t<div class=\"elementor-element elementor-element-47a52bf elementor-widget__width-inherit elementor-widget elementor-widget-text-editor\" data-id=\"47a52bf\" data-element_type=\"widget\" data-widget_type=\"text-editor.default\">\n\t\t\t\t<div class=\"elementor-widget-container\">\n\t\t\t\t\t\t\t<p>2.1 PM Line \u2013 bezeichnet PM ALUMINIUM LINE S.R.L., mit Sitz in Str. Corneliu Coposu Nr. 167, B\u00fcro 2, Etage 2, Cluj-Napoca, Kreis Cluj, USt-ID: RO40082972.<\/p><p>2.2 Dokument \u2013 diese Nutzungsbedingungen, die das Verh\u00e4ltnis zwischen den Nutzern der Website regeln und nach rum\u00e4nischem Recht auszulegen sind. Die Unwirksamkeit einzelner Klauseln ber\u00fchrt nicht die G\u00fcltigkeit der \u00fcbrigen Bestimmungen.<\/p><p>2.3 Kampagne \u2013 jede von PM Line \u00fcber www.tsvline.ro organisierte Aktion oder jedes Projekt.<\/p><p>2.4 Verarbeitung personenbezogener Daten \u2013 erfolgt gem\u00e4\u00df der Datenschutzerkl\u00e4rung.<\/p><p>2.5 Nutzer\/Besucher \u2013 jede Person, die auf die Website zugreift.<\/p><p>2.6 Partner \u2013 Gesch\u00e4ftspartner von PM Line.<\/p><p>2.7 Unterkategorie \u2013 jedes Element oder Untermen\u00fc, das Teil der Struktur der Website ist.<\/p>\t\t\t\t\t\t<\/div>\n\t\t\t\t<\/div>\n\t\t\t\t<div class=\"elementor-element elementor-element-178944b elementor-widget__width-inherit elementor-widget elementor-widget-heading\" data-id=\"178944b\" data-element_type=\"widget\" data-widget_type=\"heading.default\">\n\t\t\t\t<div class=\"elementor-widget-container\">\n\t\t\t<p class=\"elementor-heading-title elementor-size-default\">3. NUTZUNGSBEDINGUNGEN<\/p>\t\t<\/div>\n\t\t\t\t<\/div>\n\t\t\t\t<div class=\"elementor-element elementor-element-d05f703 elementor-widget__width-inherit elementor-widget elementor-widget-text-editor\" data-id=\"d05f703\" data-element_type=\"widget\" data-widget_type=\"text-editor.default\">\n\t\t\t\t<div class=\"elementor-widget-container\">\n\t\t\t\t\t\t\t<p>3.1 PM Line \u00fcbernimmt keine Garantie f\u00fcr die Richtigkeit oder Vollst\u00e4ndigkeit der auf dieser Website ver\u00f6ffentlichten Informationen. Weder PM Line noch seine Partner haften f\u00fcr Sch\u00e4den, die aus sachlichen oder redaktionellen Fehlern entstehen.<\/p><p>3.2 Alle \u00fcber die Website angebotenen Dienste unterliegen ebenfalls diesen Bedingungen, sofern f\u00fcr sie nicht ausdr\u00fccklich gesonderte Nutzungsbedingungen gelten.<\/p><p>3.3 PM Line beh\u00e4lt sich das Recht vor, die Bereitstellung der Website ganz oder teilweise jederzeit und ohne vorherige Ank\u00fcndigung einzustellen.<\/p>\t\t\t\t\t\t<\/div>\n\t\t\t\t<\/div>\n\t\t\t\t<div class=\"elementor-element elementor-element-dd0ab4d elementor-widget__width-inherit elementor-widget elementor-widget-heading\" data-id=\"dd0ab4d\" data-element_type=\"widget\" data-widget_type=\"heading.default\">\n\t\t\t\t<div class=\"elementor-widget-container\">\n\t\t\t<p class=\"elementor-heading-title elementor-size-default\">4. URHEBERRECHT<\/p>\t\t<\/div>\n\t\t\t\t<\/div>\n\t\t\t\t<div class=\"elementor-element elementor-element-2b242c9 elementor-widget__width-inherit elementor-widget elementor-widget-text-editor\" data-id=\"2b242c9\" data-element_type=\"widget\" data-widget_type=\"text-editor.default\">\n\t\t\t\t<div class=\"elementor-widget-container\">\n\t\t\t\t\t\t\t<p>4.1 Die Vervielf\u00e4ltigung, Verbreitung oder Ver\u00f6ffentlichung von Inhalten dieser Website ist ohne vorherige schriftliche Zustimmung von PM Line untersagt.<\/p><p>4.2 PM Line ist Inhaber s\u00e4mtlicher Urheber- und Nutzungsrechte an den auf der Website ver\u00f6ffentlichten Materialien (einschlie\u00dflich Dateien, Bilder und Texte). Eine kommerzielle Nutzung, Weitergabe, Reproduktion oder Modifikation dieser Materialien ist ohne schriftliche Genehmigung nicht gestattet.<\/p>\t\t\t\t\t\t<\/div>\n\t\t\t\t<\/div>\n\t\t\t\t<div class=\"elementor-element elementor-element-5ff1cfa elementor-widget__width-inherit elementor-widget elementor-widget-heading\" data-id=\"5ff1cfa\" data-element_type=\"widget\" data-widget_type=\"heading.default\">\n\t\t\t\t<div class=\"elementor-widget-container\">\n\t\t\t<p class=\"elementor-heading-title elementor-size-default\">5. VERTRAULICHKEIT<\/p>\t\t<\/div>\n\t\t\t\t<\/div>\n\t\t\t\t<div class=\"elementor-element elementor-element-dee3c57 elementor-widget__width-inherit elementor-widget elementor-widget-text-editor\" data-id=\"dee3c57\" data-element_type=\"widget\" data-widget_type=\"text-editor.default\">\n\t\t\t\t<div class=\"elementor-widget-container\">\n\t\t\t\t\t\t\t<p>5.1 Alle \u00fcber die Website www.tsvline.ro \u00fcbermittelten Informationen werden von PM Line vertraulich behandelt. Eine Weitergabe erfolgt ausschlie\u00dflich unter den in der Datenschutzerkl\u00e4rung genannten Bedingungen.<\/p><p>5.2 Ausf\u00fchrliche Informationen zur Verarbeitung personenbezogener Daten finden Sie in unserer Datenschutzerkl\u00e4rung.<\/p>\t\t\t\t\t\t<\/div>\n\t\t\t\t<\/div>\n\t\t\t\t<div class=\"elementor-element elementor-element-851809a elementor-widget__width-inherit elementor-widget elementor-widget-heading\" data-id=\"851809a\" data-element_type=\"widget\" data-widget_type=\"heading.default\">\n\t\t\t\t<div class=\"elementor-widget-container\">\n\t\t\t<p class=\"elementor-heading-title elementor-size-default\">6. ANWENDBARES RECHT UND GERICHTSSTAND<\/p>\t\t<\/div>\n\t\t\t\t<\/div>\n\t\t\t\t<div class=\"elementor-element elementor-element-3840358 elementor-widget__width-inherit elementor-widget elementor-widget-text-editor\" data-id=\"3840358\" data-element_type=\"widget\" data-widget_type=\"text-editor.default\">\n\t\t\t\t<div class=\"elementor-widget-container\">\n\t\t\t\t\t\t\t<p>6.1 Diese Nutzungsbedingungen sowie die Nutzung der Website unterliegen rum\u00e4nischem Recht.<\/p><p>6.2 Streitigkeiten im Zusammenhang mit diesen Bedingungen oder der Nutzung der Website werden entweder:<\/p><ul><li>vor den zust\u00e4ndigen rum\u00e4nischen Gerichten, oder<\/li><li>durch Schiedsgerichtsbarkeit bei der Handels- und Industriekammer Cluj (ein Einzelschiedsrichter, gem\u00e4\u00df deren Verfahren) entschieden.<\/li><\/ul><p>6.3 Jede Partei hat das Recht, eine der beiden M\u00f6glichkeiten zu w\u00e4hlen.<\/p>\t\t\t\t\t\t<\/div>\n\t\t\t\t<\/div>\n\t\t\t\t\t<\/div>\n\t\t<\/div>\n\t\t\t\t\t\t\t<\/div>\n\t\t<\/section>\n\t\t\t\t\t\t\t<\/div>\n\t\t","protected":false},"excerpt":{"rendered":"<p>NUTZUNGSBEDINGUNGEN F\u00dcR DIE WEBSITE WWW.TSVLINE.RO PM ALUMINIUM LINE S.R.L. 1. VORL\u00c4UFIGE HINWEISE 1.1 Durch den Zugriff auf und die Nutzung der Website www.tsvline.ro erkl\u00e4ren Sie sich mit diesen Nutzungsbedingungen uneingeschr\u00e4nkt einverstanden. S\u00e4mtliche Vereinbarungen zwischen Ihnen und PM ALUMINIUM LINE (nachfolgend \u201ePM Line\u201c) unterliegen ausschlie\u00dflich diesen Bedingungen. 1.2 PM Line und seine Partner sind Inhaber s\u00e4mtlicher [&hellip;]<\/p>\n","protected":false},"author":3,"featured_media":0,"parent":0,"menu_order":0,"comment_status":"closed","ping_status":"closed","template":"","meta":{"footnotes":""},"class_list":["post-11268","page","type-page","status-publish","hentry"],"yoast_head":"<!-- This site is optimized with the Yoast SEO plugin v19.9 - https:\/\/yoast.com\/wordpress\/plugins\/seo\/ -->\n<title>Terms and conditions (DE) | TSV\u00ae<\/title>\n<meta name=\"robots\" content=\"index, follow, max-snippet:-1, max-image-preview:large, max-video-preview:-1\" \/>\n<link rel=\"canonical\" href=\"https:\/\/tsvline.com\/de\/nutzungsbedingungen\/\" \/>\n<meta property=\"og:locale\" content=\"de_DE\" \/>\n<meta property=\"og:type\" content=\"article\" \/>\n<meta property=\"og:title\" content=\"Terms and conditions (DE) | TSV\u00ae\" \/>\n<meta property=\"og:description\" content=\"NUTZUNGSBEDINGUNGEN F\u00dcR DIE WEBSITE WWW.TSVLINE.RO PM ALUMINIUM LINE S.R.L. 1. VORL\u00c4UFIGE HINWEISE 1.1 Durch den Zugriff auf und die Nutzung der Website www.tsvline.ro erkl\u00e4ren Sie sich mit diesen Nutzungsbedingungen uneingeschr\u00e4nkt einverstanden. S\u00e4mtliche Vereinbarungen zwischen Ihnen und PM ALUMINIUM LINE (nachfolgend \u201ePM Line\u201c) unterliegen ausschlie\u00dflich diesen Bedingungen. 1.2 PM Line und seine Partner sind Inhaber s\u00e4mtlicher [&hellip;]\" \/>\n<meta property=\"og:url\" content=\"https:\/\/tsvline.com\/de\/nutzungsbedingungen\/\" \/>\n<meta property=\"og:site_name\" content=\"TSV\u00ae\" \/>\n<meta property=\"article:modified_time\" content=\"2025-07-30T21:19:37+00:00\" \/>\n<meta name=\"twitter:card\" content=\"summary_large_image\" \/>\n<meta name=\"twitter:label1\" content=\"Gesch\u00e4tzte Lesezeit\" \/>\n\t<meta name=\"twitter:data1\" content=\"3\u00a0Minuten\" \/>\n<script type=\"application\/ld+json\" class=\"yoast-schema-graph\">{\"@context\":\"https:\/\/schema.org\",\"@graph\":[{\"@type\":\"WebPage\",\"@id\":\"https:\/\/tsvline.com\/de\/nutzungsbedingungen\/\",\"url\":\"https:\/\/tsvline.com\/de\/nutzungsbedingungen\/\",\"name\":\"Terms and conditions (DE) | TSV\u00ae\",\"isPartOf\":{\"@id\":\"https:\/\/tsvline.com\/de\/#website\"},\"datePublished\":\"2025-07-30T14:38:05+00:00\",\"dateModified\":\"2025-07-30T21:19:37+00:00\",\"breadcrumb\":{\"@id\":\"https:\/\/tsvline.com\/de\/nutzungsbedingungen\/#breadcrumb\"},\"inLanguage\":\"de\",\"potentialAction\":[{\"@type\":\"ReadAction\",\"target\":[\"https:\/\/tsvline.com\/de\/nutzungsbedingungen\/\"]}]},{\"@type\":\"BreadcrumbList\",\"@id\":\"https:\/\/tsvline.com\/de\/nutzungsbedingungen\/#breadcrumb\",\"itemListElement\":[{\"@type\":\"ListItem\",\"position\":1,\"name\":\"Home\",\"item\":\"https:\/\/tsvline.com\/de\/\"},{\"@type\":\"ListItem\",\"position\":2,\"name\":\"Terms and conditions (DE)\"}]},{\"@type\":\"WebSite\",\"@id\":\"https:\/\/tsvline.com\/de\/#website\",\"url\":\"https:\/\/tsvline.com\/de\/\",\"name\":\"TSV Line - Parte din PM Aluminium Line\",\"description\":\"Sistem de Glafuri din Aluminiu\",\"publisher\":{\"@id\":\"https:\/\/tsvline.com\/de\/#organization\"},\"alternateName\":\"TSV\",\"potentialAction\":[{\"@type\":\"SearchAction\",\"target\":{\"@type\":\"EntryPoint\",\"urlTemplate\":\"https:\/\/tsvline.com\/de\/?s={search_term_string}\"},\"query-input\":\"required name=search_term_string\"}],\"inLanguage\":\"de\"},{\"@type\":\"Organization\",\"@id\":\"https:\/\/tsvline.com\/de\/#organization\",\"name\":\"TSV - PM Aluminium Line\",\"alternateName\":\"TSV\",\"url\":\"https:\/\/tsvline.com\/de\/\",\"logo\":{\"@type\":\"ImageObject\",\"inLanguage\":\"de\",\"@id\":\"https:\/\/tsvline.com\/de\/#\/schema\/logo\/image\/\",\"url\":\"https:\/\/tsvline.ro\/wp-content\/uploads\/2022\/10\/logo-v2.png\",\"contentUrl\":\"https:\/\/tsvline.ro\/wp-content\/uploads\/2022\/10\/logo-v2.png\",\"width\":1668,\"height\":1856,\"caption\":\"TSV - PM Aluminium Line\"},\"image\":{\"@id\":\"https:\/\/tsvline.com\/de\/#\/schema\/logo\/image\/\"}}]}<\/script>\n<!-- \/ Yoast SEO plugin. -->","yoast_head_json":{"title":"Terms and conditions (DE) | TSV\u00ae","robots":{"index":"index","follow":"follow","max-snippet":"max-snippet:-1","max-image-preview":"max-image-preview:large","max-video-preview":"max-video-preview:-1"},"canonical":"https:\/\/tsvline.com\/de\/nutzungsbedingungen\/","og_locale":"de_DE","og_type":"article","og_title":"Terms and conditions (DE) | TSV\u00ae","og_description":"NUTZUNGSBEDINGUNGEN F\u00dcR DIE WEBSITE WWW.TSVLINE.RO PM ALUMINIUM LINE S.R.L. 1. VORL\u00c4UFIGE HINWEISE 1.1 Durch den Zugriff auf und die Nutzung der Website www.tsvline.ro erkl\u00e4ren Sie sich mit diesen Nutzungsbedingungen uneingeschr\u00e4nkt einverstanden. S\u00e4mtliche Vereinbarungen zwischen Ihnen und PM ALUMINIUM LINE (nachfolgend \u201ePM Line\u201c) unterliegen ausschlie\u00dflich diesen Bedingungen. 1.2 PM Line und seine Partner sind Inhaber s\u00e4mtlicher [&hellip;]","og_url":"https:\/\/tsvline.com\/de\/nutzungsbedingungen\/","og_site_name":"TSV\u00ae","article_modified_time":"2025-07-30T21:19:37+00:00","twitter_card":"summary_large_image","twitter_misc":{"Gesch\u00e4tzte Lesezeit":"3\u00a0Minuten"},"schema":{"@context":"https:\/\/schema.org","@graph":[{"@type":"WebPage","@id":"https:\/\/tsvline.com\/de\/nutzungsbedingungen\/","url":"https:\/\/tsvline.com\/de\/nutzungsbedingungen\/","name":"Terms and conditions (DE) | TSV\u00ae","isPartOf":{"@id":"https:\/\/tsvline.com\/de\/#website"},"datePublished":"2025-07-30T14:38:05+00:00","dateModified":"2025-07-30T21:19:37+00:00","breadcrumb":{"@id":"https:\/\/tsvline.com\/de\/nutzungsbedingungen\/#breadcrumb"},"inLanguage":"de","potentialAction":[{"@type":"ReadAction","target":["https:\/\/tsvline.com\/de\/nutzungsbedingungen\/"]}]},{"@type":"BreadcrumbList","@id":"https:\/\/tsvline.com\/de\/nutzungsbedingungen\/#breadcrumb","itemListElement":[{"@type":"ListItem","position":1,"name":"Home","item":"https:\/\/tsvline.com\/de\/"},{"@type":"ListItem","position":2,"name":"Terms and conditions (DE)"}]},{"@type":"WebSite","@id":"https:\/\/tsvline.com\/de\/#website","url":"https:\/\/tsvline.com\/de\/","name":"TSV Line - Parte din PM Aluminium Line","description":"Sistem de Glafuri din Aluminiu","publisher":{"@id":"https:\/\/tsvline.com\/de\/#organization"},"alternateName":"TSV","potentialAction":[{"@type":"SearchAction","target":{"@type":"EntryPoint","urlTemplate":"https:\/\/tsvline.com\/de\/?s={search_term_string}"},"query-input":"required name=search_term_string"}],"inLanguage":"de"},{"@type":"Organization","@id":"https:\/\/tsvline.com\/de\/#organization","name":"TSV - PM Aluminium Line","alternateName":"TSV","url":"https:\/\/tsvline.com\/de\/","logo":{"@type":"ImageObject","inLanguage":"de","@id":"https:\/\/tsvline.com\/de\/#\/schema\/logo\/image\/","url":"https:\/\/tsvline.ro\/wp-content\/uploads\/2022\/10\/logo-v2.png","contentUrl":"https:\/\/tsvline.ro\/wp-content\/uploads\/2022\/10\/logo-v2.png","width":1668,"height":1856,"caption":"TSV - PM Aluminium Line"},"image":{"@id":"https:\/\/tsvline.com\/de\/#\/schema\/logo\/image\/"}}]}},"_links":{"self":[{"href":"https:\/\/tsvline.com\/de\/wp-json\/wp\/v2\/pages\/11268","targetHints":{"allow":["GET"]}}],"collection":[{"href":"https:\/\/tsvline.com\/de\/wp-json\/wp\/v2\/pages"}],"about":[{"href":"https:\/\/tsvline.com\/de\/wp-json\/wp\/v2\/types\/page"}],"author":[{"embeddable":true,"href":"https:\/\/tsvline.com\/de\/wp-json\/wp\/v2\/users\/3"}],"replies":[{"embeddable":true,"href":"https:\/\/tsvline.com\/de\/wp-json\/wp\/v2\/comments?post=11268"}],"version-history":[{"count":1,"href":"https:\/\/tsvline.com\/de\/wp-json\/wp\/v2\/pages\/11268\/revisions"}],"predecessor-version":[{"id":11269,"href":"https:\/\/tsvline.com\/de\/wp-json\/wp\/v2\/pages\/11268\/revisions\/11269"}],"wp:attachment":[{"href":"https:\/\/tsvline.com\/de\/wp-json\/wp\/v2\/media?parent=11268"}],"curies":[{"name":"wp","href":"https:\/\/api.w.org\/{rel}","templated":true}]}}