{"id":11259,"date":"2025-07-30T14:19:36","date_gmt":"2025-07-30T14:19:36","guid":{"rendered":"https:\/\/tsvline.com\/?page_id=11259"},"modified":"2025-07-30T21:18:53","modified_gmt":"2025-07-30T21:18:53","slug":"cookie-richtlinie","status":"publish","type":"page","link":"https:\/\/tsvline.com\/de\/cookie-richtlinie\/","title":{"rendered":"Cookies Policy (DE)"},"content":{"rendered":"\t\t<div data-elementor-type=\"wp-page\" data-elementor-id=\"11259\" class=\"elementor elementor-11259\">\n\t\t\t\t\t\t\t\t\t<section class=\"elementor-section elementor-top-section elementor-element elementor-element-7acebc8 elementor-section-boxed elementor-section-height-default elementor-section-height-default\" data-id=\"7acebc8\" data-element_type=\"section\">\n\t\t\t\t\t\t<div class=\"elementor-container elementor-column-gap-default\">\n\t\t\t\t\t<div class=\"elementor-column elementor-col-100 elementor-top-column elementor-element elementor-element-bf134d5\" data-id=\"bf134d5\" data-element_type=\"column\">\n\t\t\t<div class=\"elementor-widget-wrap elementor-element-populated\">\n\t\t\t\t\t\t\t\t<div class=\"elementor-element elementor-element-033e874 elementor-widget__width-inherit elementor-widget elementor-widget-heading\" data-id=\"033e874\" data-element_type=\"widget\" data-widget_type=\"heading.default\">\n\t\t\t\t<div class=\"elementor-widget-container\">\n\t\t\t<style>\/*! elementor - v3.11.5 - 14-03-2023 *\/\n.elementor-heading-title{padding:0;margin:0;line-height:1}.elementor-widget-heading .elementor-heading-title[class*=elementor-size-]>a{color:inherit;font-size:inherit;line-height:inherit}.elementor-widget-heading .elementor-heading-title.elementor-size-small{font-size:15px}.elementor-widget-heading .elementor-heading-title.elementor-size-medium{font-size:19px}.elementor-widget-heading .elementor-heading-title.elementor-size-large{font-size:29px}.elementor-widget-heading .elementor-heading-title.elementor-size-xl{font-size:39px}.elementor-widget-heading .elementor-heading-title.elementor-size-xxl{font-size:59px}<\/style><div class=\"elementor-heading-title elementor-size-default\">COOKIE-RICHTLINIE PM ALUMINIUM LINE S.R.L.<\/div>\t\t<\/div>\n\t\t\t\t<\/div>\n\t\t\t\t<div class=\"elementor-element elementor-element-f06fd17 elementor-widget__width-inherit elementor-widget elementor-widget-heading\" data-id=\"f06fd17\" data-element_type=\"widget\" data-widget_type=\"heading.default\">\n\t\t\t\t<div class=\"elementor-widget-container\">\n\t\t\t<p class=\"elementor-heading-title elementor-size-default\">1. EINLEITUNG<\/p>\t\t<\/div>\n\t\t\t\t<\/div>\n\t\t\t\t<div class=\"elementor-element elementor-element-9cfee1f elementor-widget__width-inherit elementor-widget elementor-widget-text-editor\" data-id=\"9cfee1f\" data-element_type=\"widget\" data-widget_type=\"text-editor.default\">\n\t\t\t\t<div class=\"elementor-widget-container\">\n\t\t\t<style>\/*! elementor - v3.11.5 - 14-03-2023 *\/\n.elementor-widget-text-editor.elementor-drop-cap-view-stacked .elementor-drop-cap{background-color:#818a91;color:#fff}.elementor-widget-text-editor.elementor-drop-cap-view-framed .elementor-drop-cap{color:#818a91;border:3px solid;background-color:transparent}.elementor-widget-text-editor:not(.elementor-drop-cap-view-default) .elementor-drop-cap{margin-top:8px}.elementor-widget-text-editor:not(.elementor-drop-cap-view-default) .elementor-drop-cap-letter{width:1em;height:1em}.elementor-widget-text-editor .elementor-drop-cap{float:left;text-align:center;line-height:1;font-size:50px}.elementor-widget-text-editor .elementor-drop-cap-letter{display:inline-block}<\/style>\t\t\t\t<p>1.1 Diese Richtlinie betrifft die Verwendung von Cookies auf der Website www.tsvline.ro, die im Besitz von PM ALUMINIUM LINE S.R.L. ist, mit Sitz in Str. Corneliu Coposu Nr. 167, B\u00fcro 2, Etage 2, Cluj-Napoca, Kreis Cluj, USt-ID: RO40082972.<\/p>\t\t\t\t\t\t<\/div>\n\t\t\t\t<\/div>\n\t\t\t\t<div class=\"elementor-element elementor-element-e5efe22 elementor-widget__width-inherit elementor-widget elementor-widget-heading\" data-id=\"e5efe22\" data-element_type=\"widget\" data-widget_type=\"heading.default\">\n\t\t\t\t<div class=\"elementor-widget-container\">\n\t\t\t<p class=\"elementor-heading-title elementor-size-default\">2. WAS SIND COOKIES?<\/p>\t\t<\/div>\n\t\t\t\t<\/div>\n\t\t\t\t<div class=\"elementor-element elementor-element-47a52bf elementor-widget__width-inherit elementor-widget elementor-widget-text-editor\" data-id=\"47a52bf\" data-element_type=\"widget\" data-widget_type=\"text-editor.default\">\n\t\t\t\t<div class=\"elementor-widget-container\">\n\t\t\t\t\t\t\t<p>2.1 Die Website www.tsvline.ro verwendet Cookies, um dem Nutzer eine intuitive, interaktive und an seine Bed\u00fcrfnisse angepasste Online-Erfahrung zu bieten.<\/p><p>2.2 Cookies sind kleine Textdateien, die auf dem Ger\u00e4t gespeichert werden, mit dem die Website aufgerufen wird. Diese g\u00e4ngige Technologie wird eingesetzt, um Informationen wie Browsertyp, Betriebssystem, verweisende Seite oder Domainnamen zu erfassen und so zu verstehen, wie Besucher die Website nutzen. Dadurch k\u00f6nnen Inhalte benutzerorientiert angepasst und die Funktionalit\u00e4t der Website sichergestellt werden.<\/p><p>2.3 Cookies enthalten keinen ausf\u00fchrbaren Code, k\u00f6nnen nicht kopiert oder dupliziert werden und ver\u00e4ndern das Ger\u00e4t, auf dem sie gespeichert sind, nicht. Sie stellen daher kein Sicherheitsrisiko f\u00fcr die auf dem Ger\u00e4t gespeicherten Daten dar<\/p>\t\t\t\t\t\t<\/div>\n\t\t\t\t<\/div>\n\t\t\t\t<div class=\"elementor-element elementor-element-178944b elementor-widget__width-inherit elementor-widget elementor-widget-heading\" data-id=\"178944b\" data-element_type=\"widget\" data-widget_type=\"heading.default\">\n\t\t\t\t<div class=\"elementor-widget-container\">\n\t\t\t<p class=\"elementor-heading-title elementor-size-default\">3. WOF\u00dcR WERDEN COOKIES VERWENDET?<\/p>\t\t<\/div>\n\t\t\t\t<\/div>\n\t\t\t\t<div class=\"elementor-element elementor-element-d05f703 elementor-widget__width-inherit elementor-widget elementor-widget-text-editor\" data-id=\"d05f703\" data-element_type=\"widget\" data-widget_type=\"text-editor.default\">\n\t\t\t\t<div class=\"elementor-widget-container\">\n\t\t\t\t\t\t\t<p>3.1 Die meisten Webbrowser, Smartphones und andere internetf\u00e4hige Ger\u00e4te sind standardm\u00e4\u00dfig so eingestellt, dass sie Cookies akzeptieren.<\/p><p>3.2 Die auf www.tsvline.ro verwendeten Cookies erfassen keine personenbezogenen Daten und identifizieren Internetnutzer nicht pers\u00f6nlich. Die erhobenen Informationen dienen ausschlie\u00dflich statistischen und analytischen Zwecken, um die Benutzererfahrung zu verbessern<\/p><p>3.3 Nutzer k\u00f6nnen die Verwaltung der Cookies in den Einstellungen ihres Browsers anpassen \u2013 entweder alle Cookies blockieren oder sich benachrichtigen lassen, wenn eine Website Cookies setzen m\u00f6chte<\/p>\t\t\t\t\t\t<\/div>\n\t\t\t\t<\/div>\n\t\t\t\t<div class=\"elementor-element elementor-element-dd0ab4d elementor-widget__width-inherit elementor-widget elementor-widget-heading\" data-id=\"dd0ab4d\" data-element_type=\"widget\" data-widget_type=\"heading.default\">\n\t\t\t\t<div class=\"elementor-widget-container\">\n\t\t\t<p class=\"elementor-heading-title elementor-size-default\">4. WELCHE COOKIES VERWENDEN WIR?<\/p>\t\t<\/div>\n\t\t\t\t<\/div>\n\t\t\t\t<div class=\"elementor-element elementor-element-2b242c9 elementor-widget__width-inherit elementor-widget elementor-widget-text-editor\" data-id=\"2b242c9\" data-element_type=\"widget\" data-widget_type=\"text-editor.default\">\n\t\t\t\t<div class=\"elementor-widget-container\">\n\t\t\t\t\t\t\t<p>4.1 Auf www.tsvline.ro werden folgende Arten von Cookies verwendet:<\/p><p>A. Funktions-Cookies \u2013 zur Unterst\u00fctzung der mehrsprachigen Funktionalit\u00e4t, indem sie sich die zuletzt verwendete Sprache des Nutzers merken.<\/p><p>B. Analyse-Cookies (Google Analytics) \u2013 zur Erfassung statistischer Daten \u00fcber die Nutzung der Website durch Besucher, um die Leistung und Inhalte zu optimieren.<\/p>\t\t\t\t\t\t<\/div>\n\t\t\t\t<\/div>\n\t\t\t\t<div class=\"elementor-element elementor-element-5ff1cfa elementor-widget__width-inherit elementor-widget elementor-widget-heading\" data-id=\"5ff1cfa\" data-element_type=\"widget\" data-widget_type=\"heading.default\">\n\t\t\t\t<div class=\"elementor-widget-container\">\n\t\t\t<p class=\"elementor-heading-title elementor-size-default\">5. UNSERE EMPFEHLUNG<\/p>\t\t<\/div>\n\t\t\t\t<\/div>\n\t\t\t\t<div class=\"elementor-element elementor-element-dee3c57 elementor-widget__width-inherit elementor-widget elementor-widget-text-editor\" data-id=\"dee3c57\" data-element_type=\"widget\" data-widget_type=\"text-editor.default\">\n\t\t\t\t<div class=\"elementor-widget-container\">\n\t\t\t\t\t\t\t<p>5.1 Damit www.tsvline.ro optimal funktioniert, empfehlen wir, die Verwendung und Speicherung unserer Cookies zuzulassen. Einige Funktionen der Website k\u00f6nnen eingeschr\u00e4nkt oder nicht korrekt angezeigt werden, wenn Cookies deaktiviert werden.<\/p><p>5.2 Wir behalten uns das Recht vor, diese Cookie-Richtlinie jederzeit zu \u00e4ndern oder zu erg\u00e4nzen. Wir empfehlen daher, diese Seite regelm\u00e4\u00dfig zu besuchen, um stets die aktuelle Version einzusehen.<\/p><p>5.3 Bei jeder Aktualisierung dieser Richtlinie wird das Datum der letzten \u00c4nderung im Seitenkopf oder Fu\u00dfbereich angegeben.<\/p>\t\t\t\t\t\t<\/div>\n\t\t\t\t<\/div>\n\t\t\t\t\t<\/div>\n\t\t<\/div>\n\t\t\t\t\t\t\t<\/div>\n\t\t<\/section>\n\t\t\t\t\t\t\t<\/div>\n\t\t","protected":false},"excerpt":{"rendered":"<p>COOKIE-RICHTLINIE PM ALUMINIUM LINE S.R.L. 1. EINLEITUNG 1.1 Diese Richtlinie betrifft die Verwendung von Cookies auf der Website www.tsvline.ro, die im Besitz von PM ALUMINIUM LINE S.R.L. ist, mit Sitz in Str. Corneliu Coposu Nr. 167, B\u00fcro 2, Etage 2, Cluj-Napoca, Kreis Cluj, USt-ID: RO40082972. 2. WAS SIND COOKIES? 2.1 Die Website www.tsvline.ro verwendet Cookies, [&hellip;]<\/p>\n","protected":false},"author":3,"featured_media":0,"parent":0,"menu_order":0,"comment_status":"closed","ping_status":"closed","template":"","meta":{"footnotes":""},"class_list":["post-11259","page","type-page","status-publish","hentry"],"yoast_head":"<!-- This site is optimized with the Yoast SEO plugin v19.9 - https:\/\/yoast.com\/wordpress\/plugins\/seo\/ -->\n<title>Cookies Policy (DE) | TSV\u00ae<\/title>\n<meta name=\"robots\" content=\"index, follow, max-snippet:-1, max-image-preview:large, max-video-preview:-1\" \/>\n<link rel=\"canonical\" href=\"https:\/\/tsvline.com\/de\/cookie-richtlinie\/\" \/>\n<meta property=\"og:locale\" content=\"de_DE\" \/>\n<meta property=\"og:type\" content=\"article\" \/>\n<meta property=\"og:title\" content=\"Cookies Policy (DE) | TSV\u00ae\" \/>\n<meta property=\"og:description\" content=\"COOKIE-RICHTLINIE PM ALUMINIUM LINE S.R.L. 1. EINLEITUNG 1.1 Diese Richtlinie betrifft die Verwendung von Cookies auf der Website www.tsvline.ro, die im Besitz von PM ALUMINIUM LINE S.R.L. ist, mit Sitz in Str. Corneliu Coposu Nr. 167, B\u00fcro 2, Etage 2, Cluj-Napoca, Kreis Cluj, USt-ID: RO40082972. 2. WAS SIND COOKIES? 2.1 Die Website www.tsvline.ro verwendet Cookies, [&hellip;]\" \/>\n<meta property=\"og:url\" content=\"https:\/\/tsvline.com\/de\/cookie-richtlinie\/\" \/>\n<meta property=\"og:site_name\" content=\"TSV\u00ae\" \/>\n<meta property=\"article:modified_time\" content=\"2025-07-30T21:18:53+00:00\" \/>\n<meta name=\"twitter:card\" content=\"summary_large_image\" \/>\n<meta name=\"twitter:label1\" content=\"Gesch\u00e4tzte Lesezeit\" \/>\n\t<meta name=\"twitter:data1\" content=\"3\u00a0Minuten\" \/>\n<script type=\"application\/ld+json\" class=\"yoast-schema-graph\">{\"@context\":\"https:\/\/schema.org\",\"@graph\":[{\"@type\":\"WebPage\",\"@id\":\"https:\/\/tsvline.com\/de\/cookie-richtlinie\/\",\"url\":\"https:\/\/tsvline.com\/de\/cookie-richtlinie\/\",\"name\":\"Cookies Policy (DE) | TSV\u00ae\",\"isPartOf\":{\"@id\":\"https:\/\/tsvline.com\/de\/#website\"},\"datePublished\":\"2025-07-30T14:19:36+00:00\",\"dateModified\":\"2025-07-30T21:18:53+00:00\",\"breadcrumb\":{\"@id\":\"https:\/\/tsvline.com\/de\/cookie-richtlinie\/#breadcrumb\"},\"inLanguage\":\"de\",\"potentialAction\":[{\"@type\":\"ReadAction\",\"target\":[\"https:\/\/tsvline.com\/de\/cookie-richtlinie\/\"]}]},{\"@type\":\"BreadcrumbList\",\"@id\":\"https:\/\/tsvline.com\/de\/cookie-richtlinie\/#breadcrumb\",\"itemListElement\":[{\"@type\":\"ListItem\",\"position\":1,\"name\":\"Home\",\"item\":\"https:\/\/tsvline.com\/de\/\"},{\"@type\":\"ListItem\",\"position\":2,\"name\":\"Cookies Policy (DE)\"}]},{\"@type\":\"WebSite\",\"@id\":\"https:\/\/tsvline.com\/de\/#website\",\"url\":\"https:\/\/tsvline.com\/de\/\",\"name\":\"TSV Line - Parte din PM Aluminium Line\",\"description\":\"Sistem de Glafuri din Aluminiu\",\"publisher\":{\"@id\":\"https:\/\/tsvline.com\/de\/#organization\"},\"alternateName\":\"TSV\",\"potentialAction\":[{\"@type\":\"SearchAction\",\"target\":{\"@type\":\"EntryPoint\",\"urlTemplate\":\"https:\/\/tsvline.com\/de\/?s={search_term_string}\"},\"query-input\":\"required name=search_term_string\"}],\"inLanguage\":\"de\"},{\"@type\":\"Organization\",\"@id\":\"https:\/\/tsvline.com\/de\/#organization\",\"name\":\"TSV - PM Aluminium Line\",\"alternateName\":\"TSV\",\"url\":\"https:\/\/tsvline.com\/de\/\",\"logo\":{\"@type\":\"ImageObject\",\"inLanguage\":\"de\",\"@id\":\"https:\/\/tsvline.com\/de\/#\/schema\/logo\/image\/\",\"url\":\"https:\/\/tsvline.ro\/wp-content\/uploads\/2022\/10\/logo-v2.png\",\"contentUrl\":\"https:\/\/tsvline.ro\/wp-content\/uploads\/2022\/10\/logo-v2.png\",\"width\":1668,\"height\":1856,\"caption\":\"TSV - PM Aluminium Line\"},\"image\":{\"@id\":\"https:\/\/tsvline.com\/de\/#\/schema\/logo\/image\/\"}}]}<\/script>\n<!-- \/ Yoast SEO plugin. -->","yoast_head_json":{"title":"Cookies Policy (DE) | TSV\u00ae","robots":{"index":"index","follow":"follow","max-snippet":"max-snippet:-1","max-image-preview":"max-image-preview:large","max-video-preview":"max-video-preview:-1"},"canonical":"https:\/\/tsvline.com\/de\/cookie-richtlinie\/","og_locale":"de_DE","og_type":"article","og_title":"Cookies Policy (DE) | TSV\u00ae","og_description":"COOKIE-RICHTLINIE PM ALUMINIUM LINE S.R.L. 1. EINLEITUNG 1.1 Diese Richtlinie betrifft die Verwendung von Cookies auf der Website www.tsvline.ro, die im Besitz von PM ALUMINIUM LINE S.R.L. ist, mit Sitz in Str. Corneliu Coposu Nr. 167, B\u00fcro 2, Etage 2, Cluj-Napoca, Kreis Cluj, USt-ID: RO40082972. 2. WAS SIND COOKIES? 2.1 Die Website www.tsvline.ro verwendet Cookies, [&hellip;]","og_url":"https:\/\/tsvline.com\/de\/cookie-richtlinie\/","og_site_name":"TSV\u00ae","article_modified_time":"2025-07-30T21:18:53+00:00","twitter_card":"summary_large_image","twitter_misc":{"Gesch\u00e4tzte Lesezeit":"3\u00a0Minuten"},"schema":{"@context":"https:\/\/schema.org","@graph":[{"@type":"WebPage","@id":"https:\/\/tsvline.com\/de\/cookie-richtlinie\/","url":"https:\/\/tsvline.com\/de\/cookie-richtlinie\/","name":"Cookies Policy (DE) | TSV\u00ae","isPartOf":{"@id":"https:\/\/tsvline.com\/de\/#website"},"datePublished":"2025-07-30T14:19:36+00:00","dateModified":"2025-07-30T21:18:53+00:00","breadcrumb":{"@id":"https:\/\/tsvline.com\/de\/cookie-richtlinie\/#breadcrumb"},"inLanguage":"de","potentialAction":[{"@type":"ReadAction","target":["https:\/\/tsvline.com\/de\/cookie-richtlinie\/"]}]},{"@type":"BreadcrumbList","@id":"https:\/\/tsvline.com\/de\/cookie-richtlinie\/#breadcrumb","itemListElement":[{"@type":"ListItem","position":1,"name":"Home","item":"https:\/\/tsvline.com\/de\/"},{"@type":"ListItem","position":2,"name":"Cookies Policy (DE)"}]},{"@type":"WebSite","@id":"https:\/\/tsvline.com\/de\/#website","url":"https:\/\/tsvline.com\/de\/","name":"TSV Line - Parte din PM Aluminium Line","description":"Sistem de Glafuri din Aluminiu","publisher":{"@id":"https:\/\/tsvline.com\/de\/#organization"},"alternateName":"TSV","potentialAction":[{"@type":"SearchAction","target":{"@type":"EntryPoint","urlTemplate":"https:\/\/tsvline.com\/de\/?s={search_term_string}"},"query-input":"required name=search_term_string"}],"inLanguage":"de"},{"@type":"Organization","@id":"https:\/\/tsvline.com\/de\/#organization","name":"TSV - PM Aluminium Line","alternateName":"TSV","url":"https:\/\/tsvline.com\/de\/","logo":{"@type":"ImageObject","inLanguage":"de","@id":"https:\/\/tsvline.com\/de\/#\/schema\/logo\/image\/","url":"https:\/\/tsvline.ro\/wp-content\/uploads\/2022\/10\/logo-v2.png","contentUrl":"https:\/\/tsvline.ro\/wp-content\/uploads\/2022\/10\/logo-v2.png","width":1668,"height":1856,"caption":"TSV - PM Aluminium Line"},"image":{"@id":"https:\/\/tsvline.com\/de\/#\/schema\/logo\/image\/"}}]}},"_links":{"self":[{"href":"https:\/\/tsvline.com\/de\/wp-json\/wp\/v2\/pages\/11259","targetHints":{"allow":["GET"]}}],"collection":[{"href":"https:\/\/tsvline.com\/de\/wp-json\/wp\/v2\/pages"}],"about":[{"href":"https:\/\/tsvline.com\/de\/wp-json\/wp\/v2\/types\/page"}],"author":[{"embeddable":true,"href":"https:\/\/tsvline.com\/de\/wp-json\/wp\/v2\/users\/3"}],"replies":[{"embeddable":true,"href":"https:\/\/tsvline.com\/de\/wp-json\/wp\/v2\/comments?post=11259"}],"version-history":[{"count":10,"href":"https:\/\/tsvline.com\/de\/wp-json\/wp\/v2\/pages\/11259\/revisions"}],"predecessor-version":[{"id":11272,"href":"https:\/\/tsvline.com\/de\/wp-json\/wp\/v2\/pages\/11259\/revisions\/11272"}],"wp:attachment":[{"href":"https:\/\/tsvline.com\/de\/wp-json\/wp\/v2\/media?parent=11259"}],"curies":[{"name":"wp","href":"https:\/\/api.w.org\/{rel}","templated":true}]}}