{"id":11151,"date":"2025-07-27T08:17:09","date_gmt":"2025-07-27T08:17:09","guid":{"rendered":"https:\/\/tsvline.com\/?page_id=11151"},"modified":"2025-07-30T21:18:32","modified_gmt":"2025-07-30T21:18:32","slug":"gdpr","status":"publish","type":"page","link":"https:\/\/tsvline.com\/de\/gdpr\/","title":{"rendered":"GDPR (DE)"},"content":{"rendered":"\t\t<div data-elementor-type=\"wp-page\" data-elementor-id=\"11151\" class=\"elementor elementor-11151\">\n\t\t\t\t\t\t\t\t\t<section class=\"elementor-section elementor-top-section elementor-element elementor-element-7acebc8 elementor-section-boxed elementor-section-height-default elementor-section-height-default\" data-id=\"7acebc8\" data-element_type=\"section\">\n\t\t\t\t\t\t<div class=\"elementor-container elementor-column-gap-default\">\n\t\t\t\t\t<div class=\"elementor-column elementor-col-100 elementor-top-column elementor-element elementor-element-bf134d5\" data-id=\"bf134d5\" data-element_type=\"column\">\n\t\t\t<div class=\"elementor-widget-wrap elementor-element-populated\">\n\t\t\t\t\t\t\t\t<div class=\"elementor-element elementor-element-033e874 elementor-widget__width-inherit elementor-widget elementor-widget-heading\" data-id=\"033e874\" data-element_type=\"widget\" data-widget_type=\"heading.default\">\n\t\t\t\t<div class=\"elementor-widget-container\">\n\t\t\t<style>\/*! elementor - v3.11.5 - 14-03-2023 *\/\n.elementor-heading-title{padding:0;margin:0;line-height:1}.elementor-widget-heading .elementor-heading-title[class*=elementor-size-]>a{color:inherit;font-size:inherit;line-height:inherit}.elementor-widget-heading .elementor-heading-title.elementor-size-small{font-size:15px}.elementor-widget-heading .elementor-heading-title.elementor-size-medium{font-size:19px}.elementor-widget-heading .elementor-heading-title.elementor-size-large{font-size:29px}.elementor-widget-heading .elementor-heading-title.elementor-size-xl{font-size:39px}.elementor-widget-heading .elementor-heading-title.elementor-size-xxl{font-size:59px}<\/style><div class=\"elementor-heading-title elementor-size-default\">DATENSCHUTZERKL\u00c4RUNG (RICHTLINIE ZUR VERARBEITUNG PERSONENBEZOGENER DATEN) PM ALUMINIUM LINE SRL<\/div>\t\t<\/div>\n\t\t\t\t<\/div>\n\t\t\t\t<div class=\"elementor-element elementor-element-f06fd17 elementor-widget__width-inherit elementor-widget elementor-widget-heading\" data-id=\"f06fd17\" data-element_type=\"widget\" data-widget_type=\"heading.default\">\n\t\t\t\t<div class=\"elementor-widget-container\">\n\t\t\t<p class=\"elementor-heading-title elementor-size-default\">1. RECHTSGRUNDLAGE DER VERARBEITUNG<\/p>\t\t<\/div>\n\t\t\t\t<\/div>\n\t\t\t\t<div class=\"elementor-element elementor-element-9cfee1f elementor-widget__width-inherit elementor-widget elementor-widget-text-editor\" data-id=\"9cfee1f\" data-element_type=\"widget\" data-widget_type=\"text-editor.default\">\n\t\t\t\t<div class=\"elementor-widget-container\">\n\t\t\t<style>\/*! elementor - v3.11.5 - 14-03-2023 *\/\n.elementor-widget-text-editor.elementor-drop-cap-view-stacked .elementor-drop-cap{background-color:#818a91;color:#fff}.elementor-widget-text-editor.elementor-drop-cap-view-framed .elementor-drop-cap{color:#818a91;border:3px solid;background-color:transparent}.elementor-widget-text-editor:not(.elementor-drop-cap-view-default) .elementor-drop-cap{margin-top:8px}.elementor-widget-text-editor:not(.elementor-drop-cap-view-default) .elementor-drop-cap-letter{width:1em;height:1em}.elementor-widget-text-editor .elementor-drop-cap{float:left;text-align:center;line-height:1;font-size:50px}.elementor-widget-text-editor .elementor-drop-cap-letter{display:inline-block}<\/style>\t\t\t\t<p>1.1 Gem\u00e4\u00df der Verordnung (EU) 2016\/679 des Europ\u00e4ischen Parlaments und des Rates vom 27. April 2016 zum Schutz nat\u00fcrlicher Personen bei der Verarbeitung personenbezogener Daten sowie zum freien Datenverkehr (Datenschutz-Grundverordnung \u2013 DSGVO) ist PM ALUMINIUM LINE SRL verpflichtet, die \u00fcber die Plattform www.tsvline.ro erhobenen personenbezogenen Daten sicher und ausschlie\u00dflich zu den nachstehend genannten Zwecken zu verarbeiten.<\/p>\t\t\t\t\t\t<\/div>\n\t\t\t\t<\/div>\n\t\t\t\t<div class=\"elementor-element elementor-element-e5efe22 elementor-widget__width-inherit elementor-widget elementor-widget-heading\" data-id=\"e5efe22\" data-element_type=\"widget\" data-widget_type=\"heading.default\">\n\t\t\t\t<div class=\"elementor-widget-container\">\n\t\t\t<p class=\"elementor-heading-title elementor-size-default\">2. ZWECK DER DATENVERARBEITUNG<\/p>\t\t<\/div>\n\t\t\t\t<\/div>\n\t\t\t\t<div class=\"elementor-element elementor-element-47a52bf elementor-widget__width-inherit elementor-widget elementor-widget-text-editor\" data-id=\"47a52bf\" data-element_type=\"widget\" data-widget_type=\"text-editor.default\">\n\t\t\t\t<div class=\"elementor-widget-container\">\n\t\t\t\t\t\t\t<p>2.1 PM ALUMINIUM LINE verarbeitet personenbezogene Daten, die direkt von Nutzern\/Besuchern auf automatisierte Weise erhoben werden.<\/p><p>2.2 Die personenbezogenen Daten werden zu folgenden Zwecken verarbeitet: \u00b7 Zur Erfassung der f\u00fcr die Anmeldung von Bewerbern an verschiedenen Kampagnen erforderlichen Informationen, die PM ALUMINIUM LINE \u00fcber www.tsvline.ro durchf\u00fchrt, pr\u00e4sentiert oder bewirbt; \u00b7 F\u00fcr Mitteilungen per E-Mail oder Telefon zu administrativen Zwecken sowie f\u00fcr Informationen \u00fcber Produkte und Werbeaktionen von PM ALUMINIUM LINE; \u00b7 Zur \u00dcberpr\u00fcfung der Richtigkeit und G\u00fcltigkeit der in den Formularen eingegebenen Daten.<\/p><ul><li>Zur Erfassung der f\u00fcr die Anmeldung von Bewerbern an verschiedenen Kampagnen erforderlichen Informationen, die PM ALUMINIUM LINE \u00fcber www.tsvline.ro durchf\u00fchrt, pr\u00e4sentiert oder bewirbt;<\/li><li>F\u00fcr Mitteilungen per E-Mail oder Telefon zu administrativen Zwecken sowie f\u00fcr Informationen \u00fcber Produkte und Werbeaktionen von PM ALUMINIUM LINE;<\/li><li>Zur \u00dcberpr\u00fcfung der Richtigkeit und G\u00fcltigkeit der in den Formularen eingegebenen Daten.<\/li><\/ul>\t\t\t\t\t\t<\/div>\n\t\t\t\t<\/div>\n\t\t\t\t<div class=\"elementor-element elementor-element-178944b elementor-widget__width-inherit elementor-widget elementor-widget-heading\" data-id=\"178944b\" data-element_type=\"widget\" data-widget_type=\"heading.default\">\n\t\t\t\t<div class=\"elementor-widget-container\">\n\t\t\t<p class=\"elementor-heading-title elementor-size-default\">3. VERARBEITETE DATEN<\/p>\t\t<\/div>\n\t\t\t\t<\/div>\n\t\t\t\t<div class=\"elementor-element elementor-element-d05f703 elementor-widget__width-inherit elementor-widget elementor-widget-text-editor\" data-id=\"d05f703\" data-element_type=\"widget\" data-widget_type=\"text-editor.default\">\n\t\t\t\t<div class=\"elementor-widget-container\">\n\t\t\t\t\t\t\t<p>3.1 Beim Besuch der Website www.tsvline.ro sendet das verwendete Ger\u00e4t automatisch Informationen an den Server der Plattform. Dabei k\u00f6nnen folgende personenbezogene Daten automatisch erfasst werden:<\/p><ul><li>IP-Adresse des zugreifenden Ger\u00e4ts;<\/li><li>Datum und Uhrzeit des Zugriffs;<\/li><li>Referrer-URL (die Website, von der der Zugriff auf www.tsvline.ro erfolgte);<\/li><li>Verwendeter Browser, Betriebssystem und Internetanbieter.<\/li><\/ul><p>3.2 Personenbezogene Daten k\u00f6nnen auch direkt vom Nutzer erhoben werden \u2013 etwa \u00fcber Kontakt- oder Anmeldeformulare innerhalb von Kampagnen. Dabei k\u00f6nnen folgende Daten erfasst werden:<\/p><ul><li>Vor- und Nachname;<\/li><li>E-Mail-Adresse;<\/li><li>Telefonnummer;<\/li><li>Adresse;<\/li><li>Angaben zur beruflichen Erfahrung, Ideen, Dienstleistungen, Produkte, verbundene Personen usw.;<\/li><li>Links zu professionellen Profilen (z.\u202fB. Facebook, LinkedIn), die ebenfalls als personenbezogene Daten gelten.<\/li><\/ul>\t\t\t\t\t\t<\/div>\n\t\t\t\t<\/div>\n\t\t\t\t<div class=\"elementor-element elementor-element-dd0ab4d elementor-widget__width-inherit elementor-widget elementor-widget-heading\" data-id=\"dd0ab4d\" data-element_type=\"widget\" data-widget_type=\"heading.default\">\n\t\t\t\t<div class=\"elementor-widget-container\">\n\t\t\t<p class=\"elementor-heading-title elementor-size-default\">4. WEITERGABE PERSONENBEZOGENER DATEN<\/p>\t\t<\/div>\n\t\t\t\t<\/div>\n\t\t\t\t<div class=\"elementor-element elementor-element-2b242c9 elementor-widget__width-inherit elementor-widget elementor-widget-text-editor\" data-id=\"2b242c9\" data-element_type=\"widget\" data-widget_type=\"text-editor.default\">\n\t\t\t\t<div class=\"elementor-widget-container\">\n\t\t\t\t\t\t\t<p>4.1 Die auf die oben beschriebene Weise verarbeiteten Informationen sind ausschlie\u00dflich f\u00fcr die in Abschnitt 2 genannten Zwecke bestimmt und k\u00f6nnen weitergegeben werden an:<\/p><ul><li>\u00d6ffentliche oder private Stellen, die mit der \u00dcberwachung oder Kontrolle der Unternehmensaktivit\u00e4ten betraut sind, soweit dies gesetzlich vorgeschrieben ist;<\/li><li>Partner von PM ALUMINIUM LINE, die an den auf der Website beworbenen Aktionen beteiligt sind;<\/li><li>IT-Dienstleister, die den technischen Betrieb von www.tsvline.ro sicherstellen;<\/li><li>Empf\u00e4nger, f\u00fcr die Sie ausdr\u00fccklich Ihre Zustimmung gem\u00e4\u00df Art. 6 Abs. 1 lit. a DSGVO erteilt haben;<\/li><li>Wenn dies zur Erf\u00fcllung gesetzlicher Pflichten durch PM ALUMINIUM LINE erforderlich ist;<\/li><li>Wenn dies zur Wahrung berechtigter Interessen von PM ALUMINIUM LINE erforderlich ist \u2013 es sei denn, Ihre Grundrechte und Grundfreiheiten \u00fcberwiegen (insbesondere im Falle minderj\u00e4hriger Personen).<\/li><\/ul>\t\t\t\t\t\t<\/div>\n\t\t\t\t<\/div>\n\t\t\t\t<div class=\"elementor-element elementor-element-5ff1cfa elementor-widget__width-inherit elementor-widget elementor-widget-heading\" data-id=\"5ff1cfa\" data-element_type=\"widget\" data-widget_type=\"heading.default\">\n\t\t\t\t<div class=\"elementor-widget-container\">\n\t\t\t<p class=\"elementor-heading-title elementor-size-default\">5. BETROFFENENRECHTE<\/p>\t\t<\/div>\n\t\t\t\t<\/div>\n\t\t\t\t<div class=\"elementor-element elementor-element-dee3c57 elementor-widget__width-inherit elementor-widget elementor-widget-text-editor\" data-id=\"dee3c57\" data-element_type=\"widget\" data-widget_type=\"text-editor.default\">\n\t\t\t\t<div class=\"elementor-widget-container\">\n\t\t\t\t\t\t\t<p>Gem\u00e4\u00df der DSGVO haben Sie folgende Rechte bez\u00fcglich Ihrer personenbezogenen Daten:<\/p><ul><li>Auskunftsrecht \u2013 Sie k\u00f6nnen Informationen \u00fcber die Verarbeitung und Empf\u00e4nger Ihrer Daten anfordern;<\/li><li>Recht auf Berichtigung \u2013 unrichtige oder unvollst\u00e4ndige Daten k\u00f6nnen berichtigt werden;<\/li><li>Recht auf L\u00f6schung \u2013 Ihre Daten k\u00f6nnen gel\u00f6scht werden, wenn sie unrechtm\u00e4\u00dfig verarbeitet wurden oder andere gesetzliche Gr\u00fcnde vorliegen;<\/li><li>Recht auf Einschr\u00e4nkung der Verarbeitung \u2013 z.\u202fB. bei laufenden Datenstreitigkeiten;<\/li><li>Widerspruchsrecht \u2013 gegen Verarbeitungen, die auf berechtigtem Interesse beruhen;<\/li><li>Recht auf Daten\u00fcbertragbarkeit \u2013 Sie k\u00f6nnen Ihre Daten in einem g\u00e4ngigen Format anfordern oder an einen anderen Anbieter \u00fcbermitteln lassen;<\/li><li>Recht auf Beschwerde \u2013 bei der zust\u00e4ndigen Datenschutzbeh\u00f6rde oder vor Gericht;<\/li><li>Widerrufsrecht \u2013 eine einmal erteilte Einwilligung kann jederzeit mit Wirkung f\u00fcr die Zukunft widerrufen werden;<\/li><li>Recht, keiner automatisierten Entscheidungsfindung unterworfen zu werden \u2013 einschlie\u00dflich Profiling, mit Anspruch auf menschliche \u00dcberpr\u00fcfung.<\/li><\/ul>\t\t\t\t\t\t<\/div>\n\t\t\t\t<\/div>\n\t\t\t\t<div class=\"elementor-element elementor-element-5b3f991 elementor-widget__width-inherit elementor-widget elementor-widget-heading\" data-id=\"5b3f991\" data-element_type=\"widget\" data-widget_type=\"heading.default\">\n\t\t\t\t<div class=\"elementor-widget-container\">\n\t\t\t<p class=\"elementor-heading-title elementor-size-default\">6. SCHLUSSBESTIMMUNGEN<\/p>\t\t<\/div>\n\t\t\t\t<\/div>\n\t\t\t\t<div class=\"elementor-element elementor-element-45146aa elementor-widget__width-inherit elementor-widget elementor-widget-text-editor\" data-id=\"45146aa\" data-element_type=\"widget\" data-widget_type=\"text-editor.default\">\n\t\t\t\t<div class=\"elementor-widget-container\">\n\t\t\t\t\t\t\t<p>6.1 Der Zugriff auf personenbezogene Daten ist nur autorisiertem Personal gestattet und erfolgt ausschlie\u00dflich zur Erf\u00fcllung der in dieser Erkl\u00e4rung genannten Zwecke unter Wahrung der Vertraulichkeit.<\/p><p>6.2 PM ALUMINIUM LINE sowie der Betreiber des Webservers von www.tsvline.ro setzen technische, physische und administrative Ma\u00dfnahmen ein, um personenbezogene Daten zu sch\u00fctzen \u2013 z.\u202fB. Passwortschutz, SSL-Zertifikate, Schutz vor Brute-Force-Angriffen und Verwendung starker Passw\u00f6rter.<\/p><p>6.3 Im Falle eines Datenschutzversto\u00dfes verpflichtet sich PM ALUMINIUM LINE, die zust\u00e4ndige Aufsichtsbeh\u00f6rde sowie die betroffenen Personen innerhalb von 72 Stunden zu benachrichtigen \u2013 gem\u00e4\u00df den geltenden DSGVO-Vorgaben.<\/p><p>6.4 F\u00fcr weitere Informationen oder zur Aus\u00fcbung Ihrer Rechte gem\u00e4\u00df Punkt 5 k\u00f6nnen Sie uns kontaktieren: marketing@pmtechnic.ro<\/p>\t\t\t\t\t\t<\/div>\n\t\t\t\t<\/div>\n\t\t\t\t\t<\/div>\n\t\t<\/div>\n\t\t\t\t\t\t\t<\/div>\n\t\t<\/section>\n\t\t\t\t\t\t\t<\/div>\n\t\t","protected":false},"excerpt":{"rendered":"<p>DATENSCHUTZERKL\u00c4RUNG (RICHTLINIE ZUR VERARBEITUNG PERSONENBEZOGENER DATEN) PM ALUMINIUM LINE SRL 1. RECHTSGRUNDLAGE DER VERARBEITUNG 1.1 Gem\u00e4\u00df der Verordnung (EU) 2016\/679 des Europ\u00e4ischen Parlaments und des Rates vom 27. April 2016 zum Schutz nat\u00fcrlicher Personen bei der Verarbeitung personenbezogener Daten sowie zum freien Datenverkehr (Datenschutz-Grundverordnung \u2013 DSGVO) ist PM ALUMINIUM LINE SRL verpflichtet, die \u00fcber die [&hellip;]<\/p>\n","protected":false},"author":3,"featured_media":0,"parent":0,"menu_order":0,"comment_status":"closed","ping_status":"closed","template":"","meta":{"footnotes":""},"class_list":["post-11151","page","type-page","status-publish","hentry"],"yoast_head":"<!-- This site is optimized with the Yoast SEO plugin v19.9 - https:\/\/yoast.com\/wordpress\/plugins\/seo\/ -->\n<title>GDPR (DE) | TSV\u00ae<\/title>\n<meta name=\"robots\" content=\"index, follow, max-snippet:-1, max-image-preview:large, max-video-preview:-1\" \/>\n<link rel=\"canonical\" href=\"https:\/\/tsvline.com\/de\/gdpr\/\" \/>\n<meta property=\"og:locale\" content=\"de_DE\" \/>\n<meta property=\"og:type\" content=\"article\" \/>\n<meta property=\"og:title\" content=\"GDPR (DE) | TSV\u00ae\" \/>\n<meta property=\"og:description\" content=\"DATENSCHUTZERKL\u00c4RUNG (RICHTLINIE ZUR VERARBEITUNG PERSONENBEZOGENER DATEN) PM ALUMINIUM LINE SRL 1. RECHTSGRUNDLAGE DER VERARBEITUNG 1.1 Gem\u00e4\u00df der Verordnung (EU) 2016\/679 des Europ\u00e4ischen Parlaments und des Rates vom 27. April 2016 zum Schutz nat\u00fcrlicher Personen bei der Verarbeitung personenbezogener Daten sowie zum freien Datenverkehr (Datenschutz-Grundverordnung \u2013 DSGVO) ist PM ALUMINIUM LINE SRL verpflichtet, die \u00fcber die [&hellip;]\" \/>\n<meta property=\"og:url\" content=\"https:\/\/tsvline.com\/de\/gdpr\/\" \/>\n<meta property=\"og:site_name\" content=\"TSV\u00ae\" \/>\n<meta property=\"article:modified_time\" content=\"2025-07-30T21:18:32+00:00\" \/>\n<meta name=\"twitter:card\" content=\"summary_large_image\" \/>\n<meta name=\"twitter:label1\" content=\"Gesch\u00e4tzte Lesezeit\" \/>\n\t<meta name=\"twitter:data1\" content=\"4\u00a0Minuten\" \/>\n<script type=\"application\/ld+json\" class=\"yoast-schema-graph\">{\"@context\":\"https:\/\/schema.org\",\"@graph\":[{\"@type\":\"WebPage\",\"@id\":\"https:\/\/tsvline.com\/de\/gdpr\/\",\"url\":\"https:\/\/tsvline.com\/de\/gdpr\/\",\"name\":\"GDPR (DE) | TSV\u00ae\",\"isPartOf\":{\"@id\":\"https:\/\/tsvline.com\/de\/#website\"},\"datePublished\":\"2025-07-27T08:17:09+00:00\",\"dateModified\":\"2025-07-30T21:18:32+00:00\",\"breadcrumb\":{\"@id\":\"https:\/\/tsvline.com\/de\/gdpr\/#breadcrumb\"},\"inLanguage\":\"de\",\"potentialAction\":[{\"@type\":\"ReadAction\",\"target\":[\"https:\/\/tsvline.com\/de\/gdpr\/\"]}]},{\"@type\":\"BreadcrumbList\",\"@id\":\"https:\/\/tsvline.com\/de\/gdpr\/#breadcrumb\",\"itemListElement\":[{\"@type\":\"ListItem\",\"position\":1,\"name\":\"Home\",\"item\":\"https:\/\/tsvline.com\/de\/\"},{\"@type\":\"ListItem\",\"position\":2,\"name\":\"GDPR (DE)\"}]},{\"@type\":\"WebSite\",\"@id\":\"https:\/\/tsvline.com\/de\/#website\",\"url\":\"https:\/\/tsvline.com\/de\/\",\"name\":\"TSV Line - Parte din PM Aluminium Line\",\"description\":\"Sistem de Glafuri din Aluminiu\",\"publisher\":{\"@id\":\"https:\/\/tsvline.com\/de\/#organization\"},\"alternateName\":\"TSV\",\"potentialAction\":[{\"@type\":\"SearchAction\",\"target\":{\"@type\":\"EntryPoint\",\"urlTemplate\":\"https:\/\/tsvline.com\/de\/?s={search_term_string}\"},\"query-input\":\"required name=search_term_string\"}],\"inLanguage\":\"de\"},{\"@type\":\"Organization\",\"@id\":\"https:\/\/tsvline.com\/de\/#organization\",\"name\":\"TSV - PM Aluminium Line\",\"alternateName\":\"TSV\",\"url\":\"https:\/\/tsvline.com\/de\/\",\"logo\":{\"@type\":\"ImageObject\",\"inLanguage\":\"de\",\"@id\":\"https:\/\/tsvline.com\/de\/#\/schema\/logo\/image\/\",\"url\":\"https:\/\/tsvline.ro\/wp-content\/uploads\/2022\/10\/logo-v2.png\",\"contentUrl\":\"https:\/\/tsvline.ro\/wp-content\/uploads\/2022\/10\/logo-v2.png\",\"width\":1668,\"height\":1856,\"caption\":\"TSV - PM Aluminium Line\"},\"image\":{\"@id\":\"https:\/\/tsvline.com\/de\/#\/schema\/logo\/image\/\"}}]}<\/script>\n<!-- \/ Yoast SEO plugin. -->","yoast_head_json":{"title":"GDPR (DE) | TSV\u00ae","robots":{"index":"index","follow":"follow","max-snippet":"max-snippet:-1","max-image-preview":"max-image-preview:large","max-video-preview":"max-video-preview:-1"},"canonical":"https:\/\/tsvline.com\/de\/gdpr\/","og_locale":"de_DE","og_type":"article","og_title":"GDPR (DE) | TSV\u00ae","og_description":"DATENSCHUTZERKL\u00c4RUNG (RICHTLINIE ZUR VERARBEITUNG PERSONENBEZOGENER DATEN) PM ALUMINIUM LINE SRL 1. RECHTSGRUNDLAGE DER VERARBEITUNG 1.1 Gem\u00e4\u00df der Verordnung (EU) 2016\/679 des Europ\u00e4ischen Parlaments und des Rates vom 27. April 2016 zum Schutz nat\u00fcrlicher Personen bei der Verarbeitung personenbezogener Daten sowie zum freien Datenverkehr (Datenschutz-Grundverordnung \u2013 DSGVO) ist PM ALUMINIUM LINE SRL verpflichtet, die \u00fcber die [&hellip;]","og_url":"https:\/\/tsvline.com\/de\/gdpr\/","og_site_name":"TSV\u00ae","article_modified_time":"2025-07-30T21:18:32+00:00","twitter_card":"summary_large_image","twitter_misc":{"Gesch\u00e4tzte Lesezeit":"4\u00a0Minuten"},"schema":{"@context":"https:\/\/schema.org","@graph":[{"@type":"WebPage","@id":"https:\/\/tsvline.com\/de\/gdpr\/","url":"https:\/\/tsvline.com\/de\/gdpr\/","name":"GDPR (DE) | TSV\u00ae","isPartOf":{"@id":"https:\/\/tsvline.com\/de\/#website"},"datePublished":"2025-07-27T08:17:09+00:00","dateModified":"2025-07-30T21:18:32+00:00","breadcrumb":{"@id":"https:\/\/tsvline.com\/de\/gdpr\/#breadcrumb"},"inLanguage":"de","potentialAction":[{"@type":"ReadAction","target":["https:\/\/tsvline.com\/de\/gdpr\/"]}]},{"@type":"BreadcrumbList","@id":"https:\/\/tsvline.com\/de\/gdpr\/#breadcrumb","itemListElement":[{"@type":"ListItem","position":1,"name":"Home","item":"https:\/\/tsvline.com\/de\/"},{"@type":"ListItem","position":2,"name":"GDPR (DE)"}]},{"@type":"WebSite","@id":"https:\/\/tsvline.com\/de\/#website","url":"https:\/\/tsvline.com\/de\/","name":"TSV Line - Parte din PM Aluminium Line","description":"Sistem de Glafuri din Aluminiu","publisher":{"@id":"https:\/\/tsvline.com\/de\/#organization"},"alternateName":"TSV","potentialAction":[{"@type":"SearchAction","target":{"@type":"EntryPoint","urlTemplate":"https:\/\/tsvline.com\/de\/?s={search_term_string}"},"query-input":"required name=search_term_string"}],"inLanguage":"de"},{"@type":"Organization","@id":"https:\/\/tsvline.com\/de\/#organization","name":"TSV - PM Aluminium Line","alternateName":"TSV","url":"https:\/\/tsvline.com\/de\/","logo":{"@type":"ImageObject","inLanguage":"de","@id":"https:\/\/tsvline.com\/de\/#\/schema\/logo\/image\/","url":"https:\/\/tsvline.ro\/wp-content\/uploads\/2022\/10\/logo-v2.png","contentUrl":"https:\/\/tsvline.ro\/wp-content\/uploads\/2022\/10\/logo-v2.png","width":1668,"height":1856,"caption":"TSV - PM Aluminium Line"},"image":{"@id":"https:\/\/tsvline.com\/de\/#\/schema\/logo\/image\/"}}]}},"_links":{"self":[{"href":"https:\/\/tsvline.com\/de\/wp-json\/wp\/v2\/pages\/11151","targetHints":{"allow":["GET"]}}],"collection":[{"href":"https:\/\/tsvline.com\/de\/wp-json\/wp\/v2\/pages"}],"about":[{"href":"https:\/\/tsvline.com\/de\/wp-json\/wp\/v2\/types\/page"}],"author":[{"embeddable":true,"href":"https:\/\/tsvline.com\/de\/wp-json\/wp\/v2\/users\/3"}],"replies":[{"embeddable":true,"href":"https:\/\/tsvline.com\/de\/wp-json\/wp\/v2\/comments?post=11151"}],"version-history":[{"count":7,"href":"https:\/\/tsvline.com\/de\/wp-json\/wp\/v2\/pages\/11151\/revisions"}],"predecessor-version":[{"id":11258,"href":"https:\/\/tsvline.com\/de\/wp-json\/wp\/v2\/pages\/11151\/revisions\/11258"}],"wp:attachment":[{"href":"https:\/\/tsvline.com\/de\/wp-json\/wp\/v2\/media?parent=11151"}],"curies":[{"name":"wp","href":"https:\/\/api.w.org\/{rel}","templated":true}]}}