{"id":11139,"date":"2025-07-27T08:07:29","date_gmt":"2025-07-27T08:07:29","guid":{"rendered":"https:\/\/tsvline.com\/?page_id=11139"},"modified":"2025-07-27T08:16:36","modified_gmt":"2025-07-27T08:16:36","slug":"imprint","status":"publish","type":"page","link":"https:\/\/tsvline.com\/de\/imprint\/","title":{"rendered":"Imprint"},"content":{"rendered":"\t\t<div data-elementor-type=\"wp-page\" data-elementor-id=\"11139\" class=\"elementor elementor-11139\">\n\t\t\t\t\t\t\t\t\t<section class=\"elementor-section elementor-top-section elementor-element elementor-element-a7e9431 elementor-section-boxed elementor-section-height-default elementor-section-height-default\" data-id=\"a7e9431\" data-element_type=\"section\">\n\t\t\t\t\t\t<div class=\"elementor-container elementor-column-gap-default\">\n\t\t\t\t\t<div class=\"elementor-column elementor-col-100 elementor-top-column elementor-element elementor-element-dd17137\" data-id=\"dd17137\" data-element_type=\"column\">\n\t\t\t<div class=\"elementor-widget-wrap elementor-element-populated\">\n\t\t\t\t\t\t\t\t<div class=\"elementor-element elementor-element-eeff2b2 elementor-widget__width-inherit elementor-widget elementor-widget-heading\" data-id=\"eeff2b2\" data-element_type=\"widget\" data-widget_type=\"heading.default\">\n\t\t\t\t<div class=\"elementor-widget-container\">\n\t\t\t<style>\/*! elementor - v3.11.5 - 14-03-2023 *\/\n.elementor-heading-title{padding:0;margin:0;line-height:1}.elementor-widget-heading .elementor-heading-title[class*=elementor-size-]>a{color:inherit;font-size:inherit;line-height:inherit}.elementor-widget-heading .elementor-heading-title.elementor-size-small{font-size:15px}.elementor-widget-heading .elementor-heading-title.elementor-size-medium{font-size:19px}.elementor-widget-heading .elementor-heading-title.elementor-size-large{font-size:29px}.elementor-widget-heading .elementor-heading-title.elementor-size-xl{font-size:39px}.elementor-widget-heading .elementor-heading-title.elementor-size-xxl{font-size:59px}<\/style><div class=\"elementor-heading-title elementor-size-default\">Rechtliche Informationen (Impressum<\/div>\t\t<\/div>\n\t\t\t\t<\/div>\n\t\t\t\t<div class=\"elementor-element elementor-element-117ec44 elementor-widget__width-inherit elementor-widget elementor-widget-heading\" data-id=\"117ec44\" data-element_type=\"widget\" data-widget_type=\"heading.default\">\n\t\t\t\t<div class=\"elementor-widget-container\">\n\t\t\t<p class=\"elementor-heading-title elementor-size-default\">1. Unternehmensinformationen<\/p>\t\t<\/div>\n\t\t\t\t<\/div>\n\t\t\t\t<div class=\"elementor-element elementor-element-3797419 elementor-widget__width-inherit elementor-widget elementor-widget-text-editor\" data-id=\"3797419\" data-element_type=\"widget\" data-widget_type=\"text-editor.default\">\n\t\t\t\t<div class=\"elementor-widget-container\">\n\t\t\t<style>\/*! elementor - v3.11.5 - 14-03-2023 *\/\n.elementor-widget-text-editor.elementor-drop-cap-view-stacked .elementor-drop-cap{background-color:#818a91;color:#fff}.elementor-widget-text-editor.elementor-drop-cap-view-framed .elementor-drop-cap{color:#818a91;border:3px solid;background-color:transparent}.elementor-widget-text-editor:not(.elementor-drop-cap-view-default) .elementor-drop-cap{margin-top:8px}.elementor-widget-text-editor:not(.elementor-drop-cap-view-default) .elementor-drop-cap-letter{width:1em;height:1em}.elementor-widget-text-editor .elementor-drop-cap{float:left;text-align:center;line-height:1;font-size:50px}.elementor-widget-text-editor .elementor-drop-cap-letter{display:inline-block}<\/style>\t\t\t\t<p><b>Firmenname:<\/b> PM Aluminium Line SRL<\/p>\n<p><b>Firmensitz:<\/b> Strada Corneliu Coposu Nr. 167 &#8211; 400000 Cluj-Napoca, Rum\u00e4nien<\/p>\n<p><b>Verwaltungssitz:<\/b> Gollenseifen 5, 57635 Mehren \u2013 Deutschland<\/p>\n<p><b>Kontaktangaben:<\/b> Telefon: +49 1556 9006531 E-Mail: office@tsvline.de<\/p>\t\t\t\t\t\t<\/div>\n\t\t\t\t<\/div>\n\t\t\t\t<div class=\"elementor-element elementor-element-9b65217 elementor-widget__width-inherit elementor-widget elementor-widget-heading\" data-id=\"9b65217\" data-element_type=\"widget\" data-widget_type=\"heading.default\">\n\t\t\t\t<div class=\"elementor-widget-container\">\n\t\t\t<p class=\"elementor-heading-title elementor-size-default\">2. Gesetzliche Vertreter<\/p>\t\t<\/div>\n\t\t\t\t<\/div>\n\t\t\t\t<div class=\"elementor-element elementor-element-8e9c63b elementor-widget__width-inherit elementor-widget elementor-widget-text-editor\" data-id=\"8e9c63b\" data-element_type=\"widget\" data-widget_type=\"text-editor.default\">\n\t\t\t\t<div class=\"elementor-widget-container\">\n\t\t\t\t\t\t\t<p>Simona Urs \u2013 Gesch\u00e4ftsf\u00fchrerin<\/p><p>Alexandru Vaida \u2013 Vertriebsleiter<\/p><p>Marius Dinulescu \u2013 Leiter Gesch\u00e4ftsentwicklung<\/p>\t\t\t\t\t\t<\/div>\n\t\t\t\t<\/div>\n\t\t\t\t<div class=\"elementor-element elementor-element-a533cad elementor-widget__width-inherit elementor-widget elementor-widget-heading\" data-id=\"a533cad\" data-element_type=\"widget\" data-widget_type=\"heading.default\">\n\t\t\t\t<div class=\"elementor-widget-container\">\n\t\t\t<p class=\"elementor-heading-title elementor-size-default\">3. Rechtsform und Registrierung<\/p>\t\t<\/div>\n\t\t\t\t<\/div>\n\t\t\t\t<div class=\"elementor-element elementor-element-b22465d elementor-widget__width-inherit elementor-widget elementor-widget-text-editor\" data-id=\"b22465d\" data-element_type=\"widget\" data-widget_type=\"text-editor.default\">\n\t\t\t\t<div class=\"elementor-widget-container\">\n\t\t\t\t\t\t\t<p><strong>Rechtsform<\/strong>: Gesellschaft mit beschr\u00e4nkter Haftung (SRL)<\/p><p><strong>Handelsregister<\/strong>: J12\/4924\/2018<\/p><p><strong>Steuernummer<\/strong>: RO40082972<\/p>\t\t\t\t\t\t<\/div>\n\t\t\t\t<\/div>\n\t\t\t\t<div class=\"elementor-element elementor-element-d5914f4 elementor-widget__width-inherit elementor-widget elementor-widget-heading\" data-id=\"d5914f4\" data-element_type=\"widget\" data-widget_type=\"heading.default\">\n\t\t\t\t<div class=\"elementor-widget-container\">\n\t\t\t<p class=\"elementor-heading-title elementor-size-default\">4. T\u00e4tigkeitsbereich<\/p>\t\t<\/div>\n\t\t\t\t<\/div>\n\t\t\t\t<div class=\"elementor-element elementor-element-e4eb8fd elementor-widget__width-inherit elementor-widget elementor-widget-text-editor\" data-id=\"e4eb8fd\" data-element_type=\"widget\" data-widget_type=\"text-editor.default\">\n\t\t\t\t<div class=\"elementor-widget-container\">\n\t\t\t\t\t\t\t<p>Die PM Group ist ein weltweit f\u00fchrender Anbieter von Zubeh\u00f6r f\u00fcr Fenster- und T\u00fcrsysteme. Das Unternehmen bietet \u00fcber 2.000 innovative Produkte f\u00fcr 5.000 Kunden in 7 L\u00e4ndern an und ist auf die Entwicklung, Herstellung und Vermarktung innovativer und nachhaltiger L\u00f6sungen spezialisiert. Zum Produktsortiment geh\u00f6ren zertifizierte Au\u00dfenfensterb\u00e4nke aus stranggepresstem Aluminium (ift-Rosenheim), W\u00e4rmed\u00e4mmstoffe aus 100 % recyceltem PET mit Zertifizierung vom Passivhaus Institut Deutschland sowie extrudierte Aluminiumschwellenl\u00f6sungen.<\/p>\t\t\t\t\t\t<\/div>\n\t\t\t\t<\/div>\n\t\t\t\t<div class=\"elementor-element elementor-element-fa42a7d elementor-widget__width-inherit elementor-widget elementor-widget-heading\" data-id=\"fa42a7d\" data-element_type=\"widget\" data-widget_type=\"heading.default\">\n\t\t\t\t<div class=\"elementor-widget-container\">\n\t\t\t<p class=\"elementor-heading-title elementor-size-default\">5. Zertifizierungen<\/p>\t\t<\/div>\n\t\t\t\t<\/div>\n\t\t\t\t<div class=\"elementor-element elementor-element-980e678 elementor-widget__width-inherit elementor-widget elementor-widget-text-editor\" data-id=\"980e678\" data-element_type=\"widget\" data-widget_type=\"text-editor.default\">\n\t\t\t\t<div class=\"elementor-widget-container\">\n\t\t\t\t\t\t\t<p>PM Aluminium Line SRL ist ift-Rosenheim-zertifiziert f\u00fcr ihr Aluminium-Fensterbanksystem, was die Einhaltung europ\u00e4ischer Qualit\u00e4ts- und Leistungsstandards im Bauwesen best\u00e4tigt. Zudem ist das Unternehmen vom Passivhaus Institut Deutschland f\u00fcr seine Thermo Green D\u00e4mmmaterialien zur Isolierung rund um die Fenster zertifiziert.<\/p>\t\t\t\t\t\t<\/div>\n\t\t\t\t<\/div>\n\t\t\t\t<div class=\"elementor-element elementor-element-aad7d11 elementor-widget__width-inherit elementor-widget elementor-widget-heading\" data-id=\"aad7d11\" data-element_type=\"widget\" data-widget_type=\"heading.default\">\n\t\t\t\t<div class=\"elementor-widget-container\">\n\t\t\t<p class=\"elementor-heading-title elementor-size-default\">6. Urheberrechte<\/p>\t\t<\/div>\n\t\t\t\t<\/div>\n\t\t\t\t<div class=\"elementor-element elementor-element-304006e elementor-widget__width-inherit elementor-widget elementor-widget-text-editor\" data-id=\"304006e\" data-element_type=\"widget\" data-widget_type=\"text-editor.default\">\n\t\t\t\t<div class=\"elementor-widget-container\">\n\t\t\t\t\t\t\t<p>Alle auf dieser Website dargestellten Inhalte \u2013 einschlie\u00dflich Texte, Bilder, Grafiken, Logos und Multimedia-Inhalte \u2013 sind urheberrechtlich gesch\u00fctzt. Die Nutzung oder Vervielf\u00e4ltigung dieser Inhalte ist nur mit schriftlicher Zustimmung der PM Aluminium Line SRL oder der rechtm\u00e4\u00dfigen Rechteinhaber gestattet.<\/p>\t\t\t\t\t\t<\/div>\n\t\t\t\t<\/div>\n\t\t\t\t<div class=\"elementor-element elementor-element-c2b4884 elementor-widget__width-inherit elementor-widget elementor-widget-heading\" data-id=\"c2b4884\" data-element_type=\"widget\" data-widget_type=\"heading.default\">\n\t\t\t\t<div class=\"elementor-widget-container\">\n\t\t\t<p class=\"elementor-heading-title elementor-size-default\">7. Haftungsausschluss<\/p>\t\t<\/div>\n\t\t\t\t<\/div>\n\t\t\t\t<div class=\"elementor-element elementor-element-75c7642 elementor-widget__width-inherit elementor-widget elementor-widget-text-editor\" data-id=\"75c7642\" data-element_type=\"widget\" data-widget_type=\"text-editor.default\">\n\t\t\t\t<div class=\"elementor-widget-container\">\n\t\t\t\t\t\t\t<p>PM Aluminium Line SRL bem\u00fcht sich, korrekte und aktuelle Informationen bereitzustellen. Dennoch \u00fcbernimmt das Unternehmen keine Haftung f\u00fcr eventuelle Fehler, Auslassungen oder externe Inhalte (Links zu Drittseiten). Die Nutzung der Informationen erfolgt auf eigene Verantwortung des Besuchers.<\/p>\t\t\t\t\t\t<\/div>\n\t\t\t\t<\/div>\n\t\t\t\t<div class=\"elementor-element elementor-element-1aa8da1 elementor-widget__width-inherit elementor-widget elementor-widget-heading\" data-id=\"1aa8da1\" data-element_type=\"widget\" data-widget_type=\"heading.default\">\n\t\t\t\t<div class=\"elementor-widget-container\">\n\t\t\t<p class=\"elementor-heading-title elementor-size-default\">8. Umweltverantwortung<\/p>\t\t<\/div>\n\t\t\t\t<\/div>\n\t\t\t\t<div class=\"elementor-element elementor-element-9806875 elementor-widget__width-inherit elementor-widget elementor-widget-text-editor\" data-id=\"9806875\" data-element_type=\"widget\" data-widget_type=\"text-editor.default\">\n\t\t\t\t<div class=\"elementor-widget-container\">\n\t\t\t\t\t\t\t<p>Das Unternehmen engagiert sich f\u00fcr nachhaltige Praktiken, einschlie\u00dflich effizienter Ressourcennutzung und Aluminiumrecycling, um die Umweltbelastung zu reduzieren und eine verantwortungsvolle Produktionskette zu f\u00f6rdern.<\/p>\t\t\t\t\t\t<\/div>\n\t\t\t\t<\/div>\n\t\t\t\t\t<\/div>\n\t\t<\/div>\n\t\t\t\t\t\t\t<\/div>\n\t\t<\/section>\n\t\t\t\t\t\t\t<\/div>\n\t\t","protected":false},"excerpt":{"rendered":"<p>Rechtliche Informationen (Impressum 1. Unternehmensinformationen Firmenname: PM Aluminium Line SRL Firmensitz: Strada Corneliu Coposu Nr. 167 &#8211; 400000 Cluj-Napoca, Rum\u00e4nien Verwaltungssitz: Gollenseifen 5, 57635 Mehren \u2013 Deutschland Kontaktangaben: Telefon: +49 1556 9006531 E-Mail: office@tsvline.de 2. Gesetzliche Vertreter Simona Urs \u2013 Gesch\u00e4ftsf\u00fchrerin Alexandru Vaida \u2013 Vertriebsleiter Marius Dinulescu \u2013 Leiter Gesch\u00e4ftsentwicklung 3. Rechtsform und Registrierung Rechtsform: [&hellip;]<\/p>\n","protected":false},"author":3,"featured_media":0,"parent":0,"menu_order":0,"comment_status":"closed","ping_status":"closed","template":"","meta":{"footnotes":""},"class_list":["post-11139","page","type-page","status-publish","hentry"],"yoast_head":"<!-- This site is optimized with the Yoast SEO plugin v19.9 - https:\/\/yoast.com\/wordpress\/plugins\/seo\/ -->\n<title>Imprint | TSV\u00ae<\/title>\n<meta name=\"robots\" content=\"index, follow, max-snippet:-1, max-image-preview:large, max-video-preview:-1\" \/>\n<link rel=\"canonical\" href=\"https:\/\/tsvline.com\/de\/imprint\/\" \/>\n<meta property=\"og:locale\" content=\"de_DE\" \/>\n<meta property=\"og:type\" content=\"article\" \/>\n<meta property=\"og:title\" content=\"Imprint | TSV\u00ae\" \/>\n<meta property=\"og:description\" content=\"Rechtliche Informationen (Impressum 1. Unternehmensinformationen Firmenname: PM Aluminium Line SRL Firmensitz: Strada Corneliu Coposu Nr. 167 &#8211; 400000 Cluj-Napoca, Rum\u00e4nien Verwaltungssitz: Gollenseifen 5, 57635 Mehren \u2013 Deutschland Kontaktangaben: Telefon: +49 1556 9006531 E-Mail: office@tsvline.de 2. Gesetzliche Vertreter Simona Urs \u2013 Gesch\u00e4ftsf\u00fchrerin Alexandru Vaida \u2013 Vertriebsleiter Marius Dinulescu \u2013 Leiter Gesch\u00e4ftsentwicklung 3. Rechtsform und Registrierung Rechtsform: [&hellip;]\" \/>\n<meta property=\"og:url\" content=\"https:\/\/tsvline.com\/de\/imprint\/\" \/>\n<meta property=\"og:site_name\" content=\"TSV\u00ae\" \/>\n<meta property=\"article:modified_time\" content=\"2025-07-27T08:16:36+00:00\" \/>\n<meta name=\"twitter:card\" content=\"summary_large_image\" \/>\n<meta name=\"twitter:label1\" content=\"Gesch\u00e4tzte Lesezeit\" \/>\n\t<meta name=\"twitter:data1\" content=\"2\u00a0Minuten\" \/>\n<script type=\"application\/ld+json\" class=\"yoast-schema-graph\">{\"@context\":\"https:\/\/schema.org\",\"@graph\":[{\"@type\":\"WebPage\",\"@id\":\"https:\/\/tsvline.com\/de\/imprint\/\",\"url\":\"https:\/\/tsvline.com\/de\/imprint\/\",\"name\":\"Imprint | TSV\u00ae\",\"isPartOf\":{\"@id\":\"https:\/\/tsvline.com\/de\/#website\"},\"datePublished\":\"2025-07-27T08:07:29+00:00\",\"dateModified\":\"2025-07-27T08:16:36+00:00\",\"breadcrumb\":{\"@id\":\"https:\/\/tsvline.com\/de\/imprint\/#breadcrumb\"},\"inLanguage\":\"de\",\"potentialAction\":[{\"@type\":\"ReadAction\",\"target\":[\"https:\/\/tsvline.com\/de\/imprint\/\"]}]},{\"@type\":\"BreadcrumbList\",\"@id\":\"https:\/\/tsvline.com\/de\/imprint\/#breadcrumb\",\"itemListElement\":[{\"@type\":\"ListItem\",\"position\":1,\"name\":\"Home\",\"item\":\"https:\/\/tsvline.com\/de\/\"},{\"@type\":\"ListItem\",\"position\":2,\"name\":\"Imprint\"}]},{\"@type\":\"WebSite\",\"@id\":\"https:\/\/tsvline.com\/de\/#website\",\"url\":\"https:\/\/tsvline.com\/de\/\",\"name\":\"TSV Line - Parte din PM Aluminium Line\",\"description\":\"Sistem de Glafuri din Aluminiu\",\"publisher\":{\"@id\":\"https:\/\/tsvline.com\/de\/#organization\"},\"alternateName\":\"TSV\",\"potentialAction\":[{\"@type\":\"SearchAction\",\"target\":{\"@type\":\"EntryPoint\",\"urlTemplate\":\"https:\/\/tsvline.com\/de\/?s={search_term_string}\"},\"query-input\":\"required name=search_term_string\"}],\"inLanguage\":\"de\"},{\"@type\":\"Organization\",\"@id\":\"https:\/\/tsvline.com\/de\/#organization\",\"name\":\"TSV - PM Aluminium Line\",\"alternateName\":\"TSV\",\"url\":\"https:\/\/tsvline.com\/de\/\",\"logo\":{\"@type\":\"ImageObject\",\"inLanguage\":\"de\",\"@id\":\"https:\/\/tsvline.com\/de\/#\/schema\/logo\/image\/\",\"url\":\"https:\/\/tsvline.ro\/wp-content\/uploads\/2022\/10\/logo-v2.png\",\"contentUrl\":\"https:\/\/tsvline.ro\/wp-content\/uploads\/2022\/10\/logo-v2.png\",\"width\":1668,\"height\":1856,\"caption\":\"TSV - PM Aluminium Line\"},\"image\":{\"@id\":\"https:\/\/tsvline.com\/de\/#\/schema\/logo\/image\/\"}}]}<\/script>\n<!-- \/ Yoast SEO plugin. -->","yoast_head_json":{"title":"Imprint | TSV\u00ae","robots":{"index":"index","follow":"follow","max-snippet":"max-snippet:-1","max-image-preview":"max-image-preview:large","max-video-preview":"max-video-preview:-1"},"canonical":"https:\/\/tsvline.com\/de\/imprint\/","og_locale":"de_DE","og_type":"article","og_title":"Imprint | TSV\u00ae","og_description":"Rechtliche Informationen (Impressum 1. Unternehmensinformationen Firmenname: PM Aluminium Line SRL Firmensitz: Strada Corneliu Coposu Nr. 167 &#8211; 400000 Cluj-Napoca, Rum\u00e4nien Verwaltungssitz: Gollenseifen 5, 57635 Mehren \u2013 Deutschland Kontaktangaben: Telefon: +49 1556 9006531 E-Mail: office@tsvline.de 2. Gesetzliche Vertreter Simona Urs \u2013 Gesch\u00e4ftsf\u00fchrerin Alexandru Vaida \u2013 Vertriebsleiter Marius Dinulescu \u2013 Leiter Gesch\u00e4ftsentwicklung 3. Rechtsform und Registrierung Rechtsform: [&hellip;]","og_url":"https:\/\/tsvline.com\/de\/imprint\/","og_site_name":"TSV\u00ae","article_modified_time":"2025-07-27T08:16:36+00:00","twitter_card":"summary_large_image","twitter_misc":{"Gesch\u00e4tzte Lesezeit":"2\u00a0Minuten"},"schema":{"@context":"https:\/\/schema.org","@graph":[{"@type":"WebPage","@id":"https:\/\/tsvline.com\/de\/imprint\/","url":"https:\/\/tsvline.com\/de\/imprint\/","name":"Imprint | TSV\u00ae","isPartOf":{"@id":"https:\/\/tsvline.com\/de\/#website"},"datePublished":"2025-07-27T08:07:29+00:00","dateModified":"2025-07-27T08:16:36+00:00","breadcrumb":{"@id":"https:\/\/tsvline.com\/de\/imprint\/#breadcrumb"},"inLanguage":"de","potentialAction":[{"@type":"ReadAction","target":["https:\/\/tsvline.com\/de\/imprint\/"]}]},{"@type":"BreadcrumbList","@id":"https:\/\/tsvline.com\/de\/imprint\/#breadcrumb","itemListElement":[{"@type":"ListItem","position":1,"name":"Home","item":"https:\/\/tsvline.com\/de\/"},{"@type":"ListItem","position":2,"name":"Imprint"}]},{"@type":"WebSite","@id":"https:\/\/tsvline.com\/de\/#website","url":"https:\/\/tsvline.com\/de\/","name":"TSV Line - Parte din PM Aluminium Line","description":"Sistem de Glafuri din Aluminiu","publisher":{"@id":"https:\/\/tsvline.com\/de\/#organization"},"alternateName":"TSV","potentialAction":[{"@type":"SearchAction","target":{"@type":"EntryPoint","urlTemplate":"https:\/\/tsvline.com\/de\/?s={search_term_string}"},"query-input":"required name=search_term_string"}],"inLanguage":"de"},{"@type":"Organization","@id":"https:\/\/tsvline.com\/de\/#organization","name":"TSV - PM Aluminium Line","alternateName":"TSV","url":"https:\/\/tsvline.com\/de\/","logo":{"@type":"ImageObject","inLanguage":"de","@id":"https:\/\/tsvline.com\/de\/#\/schema\/logo\/image\/","url":"https:\/\/tsvline.ro\/wp-content\/uploads\/2022\/10\/logo-v2.png","contentUrl":"https:\/\/tsvline.ro\/wp-content\/uploads\/2022\/10\/logo-v2.png","width":1668,"height":1856,"caption":"TSV - PM Aluminium Line"},"image":{"@id":"https:\/\/tsvline.com\/de\/#\/schema\/logo\/image\/"}}]}},"_links":{"self":[{"href":"https:\/\/tsvline.com\/de\/wp-json\/wp\/v2\/pages\/11139","targetHints":{"allow":["GET"]}}],"collection":[{"href":"https:\/\/tsvline.com\/de\/wp-json\/wp\/v2\/pages"}],"about":[{"href":"https:\/\/tsvline.com\/de\/wp-json\/wp\/v2\/types\/page"}],"author":[{"embeddable":true,"href":"https:\/\/tsvline.com\/de\/wp-json\/wp\/v2\/users\/3"}],"replies":[{"embeddable":true,"href":"https:\/\/tsvline.com\/de\/wp-json\/wp\/v2\/comments?post=11139"}],"version-history":[{"count":10,"href":"https:\/\/tsvline.com\/de\/wp-json\/wp\/v2\/pages\/11139\/revisions"}],"predecessor-version":[{"id":11150,"href":"https:\/\/tsvline.com\/de\/wp-json\/wp\/v2\/pages\/11139\/revisions\/11150"}],"wp:attachment":[{"href":"https:\/\/tsvline.com\/de\/wp-json\/wp\/v2\/media?parent=11139"}],"curies":[{"name":"wp","href":"https:\/\/api.w.org\/{rel}","templated":true}]}}