{"id":10260,"date":"2025-02-24T17:28:46","date_gmt":"2025-02-24T17:28:46","guid":{"rendered":"https:\/\/tsvline.com\/?page_id=10260"},"modified":"2025-12-03T20:58:24","modified_gmt":"2025-12-03T20:58:24","slug":"zertifikate","status":"publish","type":"page","link":"https:\/\/tsvline.com\/de\/zertifikate\/","title":{"rendered":"Zertifikate"},"content":{"rendered":"\t\t<div data-elementor-type=\"wp-page\" data-elementor-id=\"10260\" class=\"elementor elementor-10260 elementor-10142\">\n\t\t\t\t\t\t\t\t\t<section class=\"elementor-section elementor-top-section elementor-element elementor-element-c368234 elementor-section-boxed elementor-section-height-default elementor-section-height-default\" data-id=\"c368234\" data-element_type=\"section\">\n\t\t\t\t\t\t<div class=\"elementor-container elementor-column-gap-default\">\n\t\t\t\t\t<div class=\"elementor-column elementor-col-50 elementor-top-column elementor-element elementor-element-7228f24\" data-id=\"7228f24\" data-element_type=\"column\">\n\t\t\t<div class=\"elementor-widget-wrap elementor-element-populated\">\n\t\t\t\t\t\t\t\t<div class=\"elementor-element elementor-element-6d86f0e elementor-widget__width-initial elementor-hidden-desktop elementor-widget elementor-widget-image\" data-id=\"6d86f0e\" data-element_type=\"widget\" data-widget_type=\"image.default\">\n\t\t\t\t<div class=\"elementor-widget-container\">\n\t\t\t<style>\/*! elementor - v3.11.5 - 14-03-2023 *\/\n.elementor-widget-image{text-align:center}.elementor-widget-image a{display:inline-block}.elementor-widget-image a img[src$=\".svg\"]{width:48px}.elementor-widget-image img{vertical-align:middle;display:inline-block}<\/style>\t\t\t\t\t\t\t\t\t\t\t\t<img loading=\"lazy\" decoding=\"async\" width=\"128\" height=\"128\" src=\"https:\/\/tsvline.com\/wp-content\/uploads\/2025\/02\/folders.png\" class=\"attachment-full size-full wp-image-10153\" alt=\"\" srcset=\"https:\/\/tsvline.com\/wp-content\/uploads\/2025\/02\/folders.png 128w, https:\/\/tsvline.com\/wp-content\/uploads\/2025\/02\/folders-80x80.png 80w, https:\/\/tsvline.com\/wp-content\/uploads\/2025\/02\/folders-36x36.png 36w\" sizes=\"auto, (max-width: 128px) 100vw, 128px\" \/>\t\t\t\t\t\t\t\t\t\t\t\t\t\t\t<\/div>\n\t\t\t\t<\/div>\n\t\t\t\t<div class=\"elementor-element elementor-element-69c8d33 elementor-widget__width-inherit elementor-widget elementor-widget-heading\" data-id=\"69c8d33\" data-element_type=\"widget\" data-widget_type=\"heading.default\">\n\t\t\t\t<div class=\"elementor-widget-container\">\n\t\t\t<style>\/*! elementor - v3.11.5 - 14-03-2023 *\/\n.elementor-heading-title{padding:0;margin:0;line-height:1}.elementor-widget-heading .elementor-heading-title[class*=elementor-size-]>a{color:inherit;font-size:inherit;line-height:inherit}.elementor-widget-heading .elementor-heading-title.elementor-size-small{font-size:15px}.elementor-widget-heading .elementor-heading-title.elementor-size-medium{font-size:19px}.elementor-widget-heading .elementor-heading-title.elementor-size-large{font-size:29px}.elementor-widget-heading .elementor-heading-title.elementor-size-xl{font-size:39px}.elementor-widget-heading .elementor-heading-title.elementor-size-xxl{font-size:59px}<\/style><div class=\"elementor-heading-title elementor-size-default\">Zertifikate<\/div>\t\t<\/div>\n\t\t\t\t<\/div>\n\t\t\t\t<div class=\"elementor-element elementor-element-c48e0e0 elementor-widget__width-initial elementor-widget elementor-widget-text-editor\" data-id=\"c48e0e0\" data-element_type=\"widget\" data-widget_type=\"text-editor.default\">\n\t\t\t\t<div class=\"elementor-widget-container\">\n\t\t\t<style>\/*! elementor - v3.11.5 - 14-03-2023 *\/\n.elementor-widget-text-editor.elementor-drop-cap-view-stacked .elementor-drop-cap{background-color:#818a91;color:#fff}.elementor-widget-text-editor.elementor-drop-cap-view-framed .elementor-drop-cap{color:#818a91;border:3px solid;background-color:transparent}.elementor-widget-text-editor:not(.elementor-drop-cap-view-default) .elementor-drop-cap{margin-top:8px}.elementor-widget-text-editor:not(.elementor-drop-cap-view-default) .elementor-drop-cap-letter{width:1em;height:1em}.elementor-widget-text-editor .elementor-drop-cap{float:left;text-align:center;line-height:1;font-size:50px}.elementor-widget-text-editor .elementor-drop-cap-letter{display:inline-block}<\/style>\t\t\t\tDie Produkte der Marke TSV wurden getestet und zertifiziert, wobei die Einhaltung der h\u00f6chsten europ\u00e4ischen Standards in Bezug auf Qualit\u00e4t, Sicherheit und Langlebigkeit best\u00e4tigt wurde. Dies unterstreicht unser kontinuierliches Engagement, innovative und nachhaltige L\u00f6sungen f\u00fcr die Bauindustrie anzubieten. Ein weiterer Vertrauensbeweis daf\u00fcr, dass TSV-Produkte die strengsten technischen und leistungsbezogenen Anforderungen erf\u00fcllen.\t\t\t\t\t\t<\/div>\n\t\t\t\t<\/div>\n\t\t\t\t\t<\/div>\n\t\t<\/div>\n\t\t\t\t<div class=\"elementor-column elementor-col-50 elementor-top-column elementor-element elementor-element-dbf2921 elementor-hidden-mobile\" data-id=\"dbf2921\" data-element_type=\"column\">\n\t\t\t<div class=\"elementor-widget-wrap elementor-element-populated\">\n\t\t\t\t\t\t\t\t<div class=\"elementor-element elementor-element-68589ac elementor-widget__width-initial elementor-absolute elementor-hidden-mobile elementor-widget elementor-widget-image\" data-id=\"68589ac\" data-element_type=\"widget\" data-settings=\"{&quot;_position&quot;:&quot;absolute&quot;}\" data-widget_type=\"image.default\">\n\t\t\t\t<div class=\"elementor-widget-container\">\n\t\t\t\t\t\t\t\t\t\t\t\t\t\t\t<img loading=\"lazy\" decoding=\"async\" width=\"128\" height=\"128\" src=\"https:\/\/tsvline.com\/wp-content\/uploads\/2025\/02\/folders.png\" class=\"attachment-full size-full wp-image-10153\" alt=\"\" srcset=\"https:\/\/tsvline.com\/wp-content\/uploads\/2025\/02\/folders.png 128w, https:\/\/tsvline.com\/wp-content\/uploads\/2025\/02\/folders-80x80.png 80w, https:\/\/tsvline.com\/wp-content\/uploads\/2025\/02\/folders-36x36.png 36w\" sizes=\"auto, (max-width: 128px) 100vw, 128px\" \/>\t\t\t\t\t\t\t\t\t\t\t\t\t\t\t<\/div>\n\t\t\t\t<\/div>\n\t\t\t\t\t<\/div>\n\t\t<\/div>\n\t\t\t\t\t\t\t<\/div>\n\t\t<\/section>\n\t\t\t\t<section class=\"elementor-section elementor-top-section elementor-element elementor-element-0d12af1 elementor-section-boxed elementor-section-height-default elementor-section-height-default\" data-id=\"0d12af1\" data-element_type=\"section\">\n\t\t\t\t\t\t<div class=\"elementor-container elementor-column-gap-default\">\n\t\t\t\t\t<div class=\"elementor-column elementor-col-100 elementor-top-column elementor-element elementor-element-b50583e\" data-id=\"b50583e\" data-element_type=\"column\">\n\t\t\t<div class=\"elementor-widget-wrap elementor-element-populated\">\n\t\t\t\t\t\t\t\t<div class=\"elementor-element elementor-element-8221a10 elementor-widget-divider--view-line elementor-widget elementor-widget-divider\" data-id=\"8221a10\" data-element_type=\"widget\" data-widget_type=\"divider.default\">\n\t\t\t\t<div class=\"elementor-widget-container\">\n\t\t\t<style>\/*! elementor - v3.11.5 - 14-03-2023 *\/\n.elementor-widget-divider{--divider-border-style:none;--divider-border-width:1px;--divider-color:#2c2c2c;--divider-icon-size:20px;--divider-element-spacing:10px;--divider-pattern-height:24px;--divider-pattern-size:20px;--divider-pattern-url:none;--divider-pattern-repeat:repeat-x}.elementor-widget-divider .elementor-divider{display:flex}.elementor-widget-divider .elementor-divider__text{font-size:15px;line-height:1;max-width:95%}.elementor-widget-divider .elementor-divider__element{margin:0 var(--divider-element-spacing);flex-shrink:0}.elementor-widget-divider .elementor-icon{font-size:var(--divider-icon-size)}.elementor-widget-divider .elementor-divider-separator{display:flex;margin:0;direction:ltr}.elementor-widget-divider--view-line_icon .elementor-divider-separator,.elementor-widget-divider--view-line_text .elementor-divider-separator{align-items:center}.elementor-widget-divider--view-line_icon .elementor-divider-separator:after,.elementor-widget-divider--view-line_icon .elementor-divider-separator:before,.elementor-widget-divider--view-line_text .elementor-divider-separator:after,.elementor-widget-divider--view-line_text .elementor-divider-separator:before{display:block;content:\"\";border-bottom:0;flex-grow:1;border-top:var(--divider-border-width) var(--divider-border-style) var(--divider-color)}.elementor-widget-divider--element-align-left .elementor-divider .elementor-divider-separator>.elementor-divider__svg:first-of-type{flex-grow:0;flex-shrink:100}.elementor-widget-divider--element-align-left .elementor-divider-separator:before{content:none}.elementor-widget-divider--element-align-left .elementor-divider__element{margin-left:0}.elementor-widget-divider--element-align-right .elementor-divider .elementor-divider-separator>.elementor-divider__svg:last-of-type{flex-grow:0;flex-shrink:100}.elementor-widget-divider--element-align-right .elementor-divider-separator:after{content:none}.elementor-widget-divider--element-align-right .elementor-divider__element{margin-right:0}.elementor-widget-divider:not(.elementor-widget-divider--view-line_text):not(.elementor-widget-divider--view-line_icon) .elementor-divider-separator{border-top:var(--divider-border-width) var(--divider-border-style) var(--divider-color)}.elementor-widget-divider--separator-type-pattern{--divider-border-style:none}.elementor-widget-divider--separator-type-pattern.elementor-widget-divider--view-line .elementor-divider-separator,.elementor-widget-divider--separator-type-pattern:not(.elementor-widget-divider--view-line) .elementor-divider-separator:after,.elementor-widget-divider--separator-type-pattern:not(.elementor-widget-divider--view-line) .elementor-divider-separator:before,.elementor-widget-divider--separator-type-pattern:not([class*=elementor-widget-divider--view]) .elementor-divider-separator{width:100%;min-height:var(--divider-pattern-height);-webkit-mask-size:var(--divider-pattern-size) 100%;mask-size:var(--divider-pattern-size) 100%;-webkit-mask-repeat:var(--divider-pattern-repeat);mask-repeat:var(--divider-pattern-repeat);background-color:var(--divider-color);-webkit-mask-image:var(--divider-pattern-url);mask-image:var(--divider-pattern-url)}.elementor-widget-divider--no-spacing{--divider-pattern-size:auto}.elementor-widget-divider--bg-round{--divider-pattern-repeat:round}.rtl .elementor-widget-divider .elementor-divider__text{direction:rtl}.e-con-inner>.elementor-widget-divider,.e-con>.elementor-widget-divider{width:var(--container-widget-width,100%);--flex-grow:var(--container-widget-flex-grow)}<\/style>\t\t<div class=\"elementor-divider\">\n\t\t\t<span class=\"elementor-divider-separator\">\n\t\t\t\t\t\t<\/span>\n\t\t<\/div>\n\t\t\t\t<\/div>\n\t\t\t\t<\/div>\n\t\t\t\t\t<\/div>\n\t\t<\/div>\n\t\t\t\t\t\t\t<\/div>\n\t\t<\/section>\n\t\t\t\t<section class=\"elementor-section elementor-top-section elementor-element elementor-element-ab9f550 elementor-section-boxed elementor-section-height-default elementor-section-height-default\" data-id=\"ab9f550\" data-element_type=\"section\">\n\t\t\t\t\t\t<div class=\"elementor-container elementor-column-gap-default\">\n\t\t\t\t\t<div class=\"elementor-column elementor-col-100 elementor-top-column elementor-element elementor-element-a4c20f1\" data-id=\"a4c20f1\" data-element_type=\"column\">\n\t\t\t<div class=\"elementor-widget-wrap elementor-element-populated\">\n\t\t\t\t\t\t\t\t<div class=\"elementor-element elementor-element-4f24e6d elementor-widget elementor-widget-html\" data-id=\"4f24e6d\" data-element_type=\"widget\" data-widget_type=\"html.default\">\n\t\t\t\t<div class=\"elementor-widget-container\">\n\t\t\t<div id=\"certificates\">\n    <div>\n        <a href=\"https:\/\/tsvline.com\/wp-content\/uploads\/2025\/03\/pm-technic-elements_tsv-thermo-green.pdf\" target=\"_blank\"><img decoding=\"async\" src=\"https:\/\/tsvline.com\/wp-content\/uploads\/2025\/03\/pm-technic-elements_tsv-thermo-green-pages_page-0001-1.jpg\" \/><\/a>\n        <p>Zertifikat f\u00fcr thermische Effizienz von TSV Thermo Green<\/p>\n    <\/div>\n    <div>\n        <a href=\"https:\/\/tsvline.com\/wp-content\/uploads\/2025\/03\/Rosenheim-pages_page-0001.jpg\" target=\"_blank\"><img decoding=\"async\" src=\"https:\/\/tsvline.com\/wp-content\/uploads\/2025\/03\/Rosenheim-pages_page-0001.jpg\" \/><\/a>\n        <p>Qualit\u00e4tszertifikat f\u00fcr das TSV-Fensterbanksystem - Premium-Kappe Typ C<\/p>\n    <\/div>\n    <div>\n        <a href=\"https:\/\/tsvline.com\/wp-content\/uploads\/2025\/07\/Certificat-Elemente-Rosenheim.jpg\" target=\"_blank\"><img decoding=\"async\" src=\"https:\/\/tsvline.com\/wp-content\/uploads\/2025\/07\/Certificat-Elemente-Rosenheim.jpg\" \/><\/a>\n        <p>Qualit\u00e4tszertifikat f\u00fcr das TSV-Fensterbanksystem - Premium-Kappe Typ L, 180\u00b0-Verbindungselement und Standard-Kappe Typ C<\/p>\n    <\/div>\n    <div>\n        <a href=\"https:\/\/tsvline.com\/wp-content\/uploads\/2025\/08\/Rosenheim-90.png\" target=\"_blank\"><img decoding=\"async\" src=\"https:\/\/tsvline.com\/wp-content\/uploads\/2025\/08\/Rosenheim-90.png\" \/><\/a>\n        <p>Qualit\u00e4tszertifikat f\u00fcr das TSV-Fensterbanksystem \u2013 Standardabdeckung Typ L, 90\u00b0 Innen-\/Au\u00dfeneckverbinder<\/p>\n    <\/div>\n    <div>\n        <a href=\"https:\/\/tsvline.com\/wp-content\/uploads\/2025\/12\/CertificareTSV-135.png\" target=\"_blank\"><img decoding=\"async\" src=\"https:\/\/tsvline.com\/wp-content\/uploads\/2025\/12\/CertificareTSV-135.png\" \/><\/a>\n        <p>Qualit\u00e4tszertifikat f\u00fcr das TSV-Fensterbank system \u2013 135\u00b0 Innen-\/Au\u00dfeneck verbindungselemente<\/p>\n    <\/div>\n    <div>\n        <a href=\"https:\/\/tsvline.com\/wp-content\/uploads\/2025\/02\/QUALANOD_2025-1.jpg\" target=\"_blank\"><img decoding=\"async\" src=\"https:\/\/tsvline.com\/wp-content\/uploads\/2025\/02\/QUALANOD_2025-1.jpg\" \/><\/a>\n        <p>Zertifikat f\u00fcr anodisierte Beschichtung<\/p>\n    <\/div>\n    <div>\n        <a href=\"https:\/\/tsvline.com\/wp-content\/uploads\/2025\/02\/Qualicoat-Seaside_ING_2025.jpg\" target=\"_blank\"><img decoding=\"async\" src=\"https:\/\/tsvline.com\/wp-content\/uploads\/2025\/02\/Qualicoat-Seaside_ING_2025.jpg\" \/><\/a>\n        <p>Qualit\u00e4tszertifikat f\u00fcr Beschichtung<\/p>\n    <\/div>\n<\/div>\n<style>\n    @media screen and (min-width: 851px) {\n        #certificates {\n            display: grid;\n            grid-template-columns: 33.3% 33.3% 33.3%;\n            grid-gap: 60px;\n            width: calc(100% - 120px);\n        }\n        \n        #certificates img {\n            width: 100%;\n            border: 2px solid #DADE58;\n            border-radius: 0px;\n            padding: 15px;\n            height: 300px;\n            object-fit: contain;\n            margin: display: block;\n        }\n        \n        #certificates p {\n            margin: 0;\n            font-weight: 600;\n            font-size: 18px;\n            line-height: 1.2;\n        }\n    }\n    \n    @media screen and (max-width: 850px) and (min-width: 700px) {\n        #certificates {\n            display: grid;\n            grid-template-columns: 33.3% 33.3% 33.3%;\n            grid-gap: 60px;\n            width: calc(100% - 120px);\n        }\n        \n        #certificates img {\n            width: 100%;\n            border: 2px solid #DADE58;\n            border-radius: 0px;\n            padding: 15px;\n            height: 220px;\n            object-fit: contain;\n            margin: display: block;\n        }\n        \n        #certificates p {\n            margin: 0;\n            font-weight: 600;\n            font-size: 18px;\n            line-height: 1.2;\n        }\n    }\n    \n    @media screen and (max-width: 699px) and (min-width: 450px){\n        #certificates {\n            display: grid;\n            grid-template-columns: 50% 50%;\n            grid-gap: 40px;\n            width: calc(100% - 40px);\n        }\n        \n        #certificates img {\n            width: 100%;\n            border: 2px solid #DADE58;\n            border-radius: 0px;\n            padding: 15px;\n            height: 200px;\n            object-fit: contain;\n            margin: display: block;\n        }\n        \n        #certificates p {\n            margin: 0;\n            font-weight: 600;\n            font-size: 15px;\n            line-height: 1.2;\n        }\n    }\n    \n    @media screen and (max-width: 449px) {\n        #certificates {\n            display: grid;\n            grid-template-columns: 50% 50%;\n            grid-gap: 20px;\n            width: calc(100% - 20px);\n        }\n        \n        #certificates img {\n            width: 100%;\n            border: 2px solid #DADE58;\n            border-radius: 0px;\n            padding: 15px;\n            height: 200px;\n            object-fit: contain;\n            margin: display: block;\n        }\n        \n        #certificates p {\n            margin: 0;\n            font-weight: 600;\n            font-size: 15px;\n            line-height: 1.2;\n        }\n    }\n<\/style>\t\t<\/div>\n\t\t\t\t<\/div>\n\t\t\t\t\t<\/div>\n\t\t<\/div>\n\t\t\t\t\t\t\t<\/div>\n\t\t<\/section>\n\t\t\t\t\t\t\t<\/div>\n\t\t","protected":false},"excerpt":{"rendered":"<p>Zertifikate Die Produkte der Marke TSV wurden getestet und zertifiziert, wobei die Einhaltung der h\u00f6chsten europ\u00e4ischen Standards in Bezug auf Qualit\u00e4t, Sicherheit und Langlebigkeit best\u00e4tigt wurde. Dies unterstreicht unser kontinuierliches Engagement, innovative und nachhaltige L\u00f6sungen f\u00fcr die Bauindustrie anzubieten. Ein weiterer Vertrauensbeweis daf\u00fcr, dass TSV-Produkte die strengsten technischen und leistungsbezogenen Anforderungen erf\u00fcllen. Zertifikat f\u00fcr thermische [&hellip;]<\/p>\n","protected":false},"author":3,"featured_media":0,"parent":0,"menu_order":0,"comment_status":"closed","ping_status":"closed","template":"","meta":{"footnotes":""},"class_list":["post-10260","page","type-page","status-publish","hentry"],"yoast_head":"<!-- This site is optimized with the Yoast SEO plugin v19.9 - https:\/\/yoast.com\/wordpress\/plugins\/seo\/ -->\n<title>Zertifikate | TSV\u00ae<\/title>\n<meta name=\"robots\" content=\"index, follow, max-snippet:-1, max-image-preview:large, max-video-preview:-1\" \/>\n<link rel=\"canonical\" href=\"https:\/\/tsvline.com\/de\/zertifikate\/\" \/>\n<meta property=\"og:locale\" content=\"de_DE\" \/>\n<meta property=\"og:type\" content=\"article\" \/>\n<meta property=\"og:title\" content=\"Zertifikate | TSV\u00ae\" \/>\n<meta property=\"og:description\" content=\"Zertifikate Die Produkte der Marke TSV wurden getestet und zertifiziert, wobei die Einhaltung der h\u00f6chsten europ\u00e4ischen Standards in Bezug auf Qualit\u00e4t, Sicherheit und Langlebigkeit best\u00e4tigt wurde. Dies unterstreicht unser kontinuierliches Engagement, innovative und nachhaltige L\u00f6sungen f\u00fcr die Bauindustrie anzubieten. Ein weiterer Vertrauensbeweis daf\u00fcr, dass TSV-Produkte die strengsten technischen und leistungsbezogenen Anforderungen erf\u00fcllen. Zertifikat f\u00fcr thermische [&hellip;]\" \/>\n<meta property=\"og:url\" content=\"https:\/\/tsvline.com\/de\/zertifikate\/\" \/>\n<meta property=\"og:site_name\" content=\"TSV\u00ae\" \/>\n<meta property=\"article:modified_time\" content=\"2025-12-03T20:58:24+00:00\" \/>\n<meta property=\"og:image\" content=\"https:\/\/tsvline.com\/wp-content\/uploads\/2025\/02\/folders.png\" \/>\n<meta name=\"twitter:card\" content=\"summary_large_image\" \/>\n<meta name=\"twitter:label1\" content=\"Gesch\u00e4tzte Lesezeit\" \/>\n\t<meta name=\"twitter:data1\" content=\"4\u00a0Minuten\" \/>\n<script type=\"application\/ld+json\" class=\"yoast-schema-graph\">{\"@context\":\"https:\/\/schema.org\",\"@graph\":[{\"@type\":\"WebPage\",\"@id\":\"https:\/\/tsvline.com\/de\/zertifikate\/\",\"url\":\"https:\/\/tsvline.com\/de\/zertifikate\/\",\"name\":\"Zertifikate | TSV\u00ae\",\"isPartOf\":{\"@id\":\"https:\/\/tsvline.com\/de\/#website\"},\"datePublished\":\"2025-02-24T17:28:46+00:00\",\"dateModified\":\"2025-12-03T20:58:24+00:00\",\"breadcrumb\":{\"@id\":\"https:\/\/tsvline.com\/de\/zertifikate\/#breadcrumb\"},\"inLanguage\":\"de\",\"potentialAction\":[{\"@type\":\"ReadAction\",\"target\":[\"https:\/\/tsvline.com\/de\/zertifikate\/\"]}]},{\"@type\":\"BreadcrumbList\",\"@id\":\"https:\/\/tsvline.com\/de\/zertifikate\/#breadcrumb\",\"itemListElement\":[{\"@type\":\"ListItem\",\"position\":1,\"name\":\"Home\",\"item\":\"https:\/\/tsvline.com\/de\/\"},{\"@type\":\"ListItem\",\"position\":2,\"name\":\"Zertifikate\"}]},{\"@type\":\"WebSite\",\"@id\":\"https:\/\/tsvline.com\/de\/#website\",\"url\":\"https:\/\/tsvline.com\/de\/\",\"name\":\"TSV Line - Parte din PM Aluminium Line\",\"description\":\"Sistem de Glafuri din Aluminiu\",\"publisher\":{\"@id\":\"https:\/\/tsvline.com\/de\/#organization\"},\"alternateName\":\"TSV\",\"potentialAction\":[{\"@type\":\"SearchAction\",\"target\":{\"@type\":\"EntryPoint\",\"urlTemplate\":\"https:\/\/tsvline.com\/de\/?s={search_term_string}\"},\"query-input\":\"required name=search_term_string\"}],\"inLanguage\":\"de\"},{\"@type\":\"Organization\",\"@id\":\"https:\/\/tsvline.com\/de\/#organization\",\"name\":\"TSV - PM Aluminium Line\",\"alternateName\":\"TSV\",\"url\":\"https:\/\/tsvline.com\/de\/\",\"logo\":{\"@type\":\"ImageObject\",\"inLanguage\":\"de\",\"@id\":\"https:\/\/tsvline.com\/de\/#\/schema\/logo\/image\/\",\"url\":\"https:\/\/tsvline.ro\/wp-content\/uploads\/2022\/10\/logo-v2.png\",\"contentUrl\":\"https:\/\/tsvline.ro\/wp-content\/uploads\/2022\/10\/logo-v2.png\",\"width\":1668,\"height\":1856,\"caption\":\"TSV - PM Aluminium Line\"},\"image\":{\"@id\":\"https:\/\/tsvline.com\/de\/#\/schema\/logo\/image\/\"}}]}<\/script>\n<!-- \/ Yoast SEO plugin. -->","yoast_head_json":{"title":"Zertifikate | TSV\u00ae","robots":{"index":"index","follow":"follow","max-snippet":"max-snippet:-1","max-image-preview":"max-image-preview:large","max-video-preview":"max-video-preview:-1"},"canonical":"https:\/\/tsvline.com\/de\/zertifikate\/","og_locale":"de_DE","og_type":"article","og_title":"Zertifikate | TSV\u00ae","og_description":"Zertifikate Die Produkte der Marke TSV wurden getestet und zertifiziert, wobei die Einhaltung der h\u00f6chsten europ\u00e4ischen Standards in Bezug auf Qualit\u00e4t, Sicherheit und Langlebigkeit best\u00e4tigt wurde. Dies unterstreicht unser kontinuierliches Engagement, innovative und nachhaltige L\u00f6sungen f\u00fcr die Bauindustrie anzubieten. Ein weiterer Vertrauensbeweis daf\u00fcr, dass TSV-Produkte die strengsten technischen und leistungsbezogenen Anforderungen erf\u00fcllen. Zertifikat f\u00fcr thermische [&hellip;]","og_url":"https:\/\/tsvline.com\/de\/zertifikate\/","og_site_name":"TSV\u00ae","article_modified_time":"2025-12-03T20:58:24+00:00","og_image":[{"url":"https:\/\/tsvline.com\/wp-content\/uploads\/2025\/02\/folders.png"}],"twitter_card":"summary_large_image","twitter_misc":{"Gesch\u00e4tzte Lesezeit":"4\u00a0Minuten"},"schema":{"@context":"https:\/\/schema.org","@graph":[{"@type":"WebPage","@id":"https:\/\/tsvline.com\/de\/zertifikate\/","url":"https:\/\/tsvline.com\/de\/zertifikate\/","name":"Zertifikate | TSV\u00ae","isPartOf":{"@id":"https:\/\/tsvline.com\/de\/#website"},"datePublished":"2025-02-24T17:28:46+00:00","dateModified":"2025-12-03T20:58:24+00:00","breadcrumb":{"@id":"https:\/\/tsvline.com\/de\/zertifikate\/#breadcrumb"},"inLanguage":"de","potentialAction":[{"@type":"ReadAction","target":["https:\/\/tsvline.com\/de\/zertifikate\/"]}]},{"@type":"BreadcrumbList","@id":"https:\/\/tsvline.com\/de\/zertifikate\/#breadcrumb","itemListElement":[{"@type":"ListItem","position":1,"name":"Home","item":"https:\/\/tsvline.com\/de\/"},{"@type":"ListItem","position":2,"name":"Zertifikate"}]},{"@type":"WebSite","@id":"https:\/\/tsvline.com\/de\/#website","url":"https:\/\/tsvline.com\/de\/","name":"TSV Line - Parte din PM Aluminium Line","description":"Sistem de Glafuri din Aluminiu","publisher":{"@id":"https:\/\/tsvline.com\/de\/#organization"},"alternateName":"TSV","potentialAction":[{"@type":"SearchAction","target":{"@type":"EntryPoint","urlTemplate":"https:\/\/tsvline.com\/de\/?s={search_term_string}"},"query-input":"required name=search_term_string"}],"inLanguage":"de"},{"@type":"Organization","@id":"https:\/\/tsvline.com\/de\/#organization","name":"TSV - PM Aluminium Line","alternateName":"TSV","url":"https:\/\/tsvline.com\/de\/","logo":{"@type":"ImageObject","inLanguage":"de","@id":"https:\/\/tsvline.com\/de\/#\/schema\/logo\/image\/","url":"https:\/\/tsvline.ro\/wp-content\/uploads\/2022\/10\/logo-v2.png","contentUrl":"https:\/\/tsvline.ro\/wp-content\/uploads\/2022\/10\/logo-v2.png","width":1668,"height":1856,"caption":"TSV - PM Aluminium Line"},"image":{"@id":"https:\/\/tsvline.com\/de\/#\/schema\/logo\/image\/"}}]}},"_links":{"self":[{"href":"https:\/\/tsvline.com\/de\/wp-json\/wp\/v2\/pages\/10260","targetHints":{"allow":["GET"]}}],"collection":[{"href":"https:\/\/tsvline.com\/de\/wp-json\/wp\/v2\/pages"}],"about":[{"href":"https:\/\/tsvline.com\/de\/wp-json\/wp\/v2\/types\/page"}],"author":[{"embeddable":true,"href":"https:\/\/tsvline.com\/de\/wp-json\/wp\/v2\/users\/3"}],"replies":[{"embeddable":true,"href":"https:\/\/tsvline.com\/de\/wp-json\/wp\/v2\/comments?post=10260"}],"version-history":[{"count":19,"href":"https:\/\/tsvline.com\/de\/wp-json\/wp\/v2\/pages\/10260\/revisions"}],"predecessor-version":[{"id":11719,"href":"https:\/\/tsvline.com\/de\/wp-json\/wp\/v2\/pages\/10260\/revisions\/11719"}],"wp:attachment":[{"href":"https:\/\/tsvline.com\/de\/wp-json\/wp\/v2\/media?parent=10260"}],"curies":[{"name":"wp","href":"https:\/\/api.w.org\/{rel}","templated":true}]}}